{"id":19389,"date":"2024-08-23T07:45:21","date_gmt":"2024-08-23T05:45:21","guid":{"rendered":"https:\/\/comunitamagnificat.org\/curacion\/"},"modified":"2025-01-22T17:47:30","modified_gmt":"2025-01-22T16:47:30","slug":"curacion","status":"publish","type":"page","link":"https:\/\/comunitamagnificat.org\/es\/curacion\/","title":{"rendered":"Curaci\u00f3n"},"content":{"rendered":"\n<div style=\"height:30px\" aria-hidden=\"true\" class=\"wp-block-spacer\"><\/div>\n\n<blockquote class=\"wp-block-quote is-layout-flow wp-block-quote-is-layout-flow\">\n<p><strong><em>&#8230; me has enviado a dar buenas nuevas a los pobres, a proclamar la liberaci\u00f3n a los cautivos y la vista a los ciegos, a poner en libertad a los oprimidos, a proclamar el a\u00f1o de gracia del Se\u00f1or.<\/em><\/strong><\/p>\n<cite><em>Lucas <\/em>4:18-19<\/cite><\/blockquote>\n\n<div style=\"height:30px\" aria-hidden=\"true\" class=\"wp-block-spacer\"><\/div>\n\n<p>Desde los primeros a\u00f1os de su historia, la Comunidad ha ejercido carismas de curaci\u00f3n, especialmente de curaci\u00f3n interior y espiritual.<\/p>\n\n<div style=\"height:30px\" aria-hidden=\"true\" class=\"wp-block-spacer\"><\/div>\n\n<p>Muchos hermanos y hermanas que sufren por motivos f\u00edsicos y espirituales se han acercado a la Comunidad para buscar -antes que cualquier otra cosa- escucha y comprensi\u00f3n. Reconociendo en ellos a esos<em>\u00abhermanos y hermanas peque\u00f1os<\/em>\u00ab<em>(Mateo<\/em> 25:31-45) con los que Jes\u00fas dijo identificarse, la Comunidad puso en marcha el <em>Servicio de Consolaci\u00f3n<\/em>, tambi\u00e9n conocido como <em>Servicio de Sanaci\u00f3n y Liberaci\u00f3n.<\/em> Tanto en la disponibilidad semanal ofrecida como en los seminarios residenciales de sanaci\u00f3n organizados por la Comunidad, un gran n\u00famero de personas pudieron encontrarse con Jes\u00fas, vivo, que, entrando en su historia personal, obr\u00f3 la sanaci\u00f3n, la liberaci\u00f3n, la conversi\u00f3n. Quienes donan su tiempo en esta actividad de servicio se acercan al coraz\u00f3n herido del hombre con respeto y ternura, conscientes de que ellos mismos son un \u00absanador herido\u00bb, recogido por un samaritano en el camino de Jeric\u00f3.   <\/p>\n\n<div style=\"height:50px\" aria-hidden=\"true\" class=\"wp-block-spacer\"><\/div>\n","protected":false},"excerpt":{"rendered":"<p>&#8230; me has enviado a dar buenas nuevas a los pobres, a proclamar la liberaci\u00f3n a los cautivos y la vista a los ciegos, a poner en libertad a los oprimidos, a proclamar el a\u00f1o de gracia del Se\u00f1or. Lucas 4:18-19 Desde los primeros a\u00f1os de su historia, la Comunidad ha ejercido carismas de curaci\u00f3n, [&hellip;]<\/p>\n","protected":false},"author":3,"featured_media":10911,"parent":0,"menu_order":0,"comment_status":"closed","ping_status":"closed","template":"","meta":{"om_disable_all_campaigns":false,"_monsterinsights_skip_tracking":false,"_monsterinsights_sitenote_active":false,"_monsterinsights_sitenote_note":"","_monsterinsights_sitenote_category":0,"_uf_show_specific_survey":0,"_uf_disable_surveys":false,"footnotes":""},"class_list":["post-19389","page","type-page","status-publish","has-post-thumbnail","hentry"],"aioseo_notices":[],"_links":{"self":[{"href":"https:\/\/comunitamagnificat.org\/es\/wp-json\/wp\/v2\/pages\/19389","targetHints":{"allow":["GET"]}}],"collection":[{"href":"https:\/\/comunitamagnificat.org\/es\/wp-json\/wp\/v2\/pages"}],"about":[{"href":"https:\/\/comunitamagnificat.org\/es\/wp-json\/wp\/v2\/types\/page"}],"author":[{"embeddable":true,"href":"https:\/\/comunitamagnificat.org\/es\/wp-json\/wp\/v2\/users\/3"}],"replies":[{"embeddable":true,"href":"https:\/\/comunitamagnificat.org\/es\/wp-json\/wp\/v2\/comments?post=19389"}],"version-history":[{"count":3,"href":"https:\/\/comunitamagnificat.org\/es\/wp-json\/wp\/v2\/pages\/19389\/revisions"}],"predecessor-version":[{"id":22623,"href":"https:\/\/comunitamagnificat.org\/es\/wp-json\/wp\/v2\/pages\/19389\/revisions\/22623"}],"wp:featuredmedia":[{"embeddable":true,"href":"https:\/\/comunitamagnificat.org\/es\/wp-json\/wp\/v2\/media\/10911"}],"wp:attachment":[{"href":"https:\/\/comunitamagnificat.org\/es\/wp-json\/wp\/v2\/media?parent=19389"}],"curies":[{"name":"wp","href":"https:\/\/api.w.org\/{rel}","templated":true}]}}