{"id":19395,"date":"2024-08-23T07:45:34","date_gmt":"2024-08-23T05:45:34","guid":{"rendered":"https:\/\/comunitamagnificat.org\/regla-de-vida\/"},"modified":"2025-01-22T18:14:53","modified_gmt":"2025-01-22T17:14:53","slug":"regla-de-vida","status":"publish","type":"page","link":"https:\/\/comunitamagnificat.org\/es\/regla-de-vida\/","title":{"rendered":"Regla de vida"},"content":{"rendered":"\n<div style=\"height:30px\" aria-hidden=\"true\" class=\"wp-block-spacer\"><\/div>\n\n<blockquote class=\"wp-block-quote is-layout-flow wp-block-quote-is-layout-flow\">\n<p><em><strong>Guarda la ley del Se\u00f1or, tu Dios,<\/strong><\/em><br\/><em><strong>procediendo en sus caminos<\/strong><\/em><br\/><em><strong>y ejecutando sus leyes,<\/strong><\/em><br\/><em><strong>sus \u00f3rdenes,<\/strong><\/em><br\/><em><strong>sus normas e instrucciones,<\/strong><\/em><br\/><em><strong>como est\u00e1 escrito en la ley de Mois\u00e9s,<\/strong><\/em><br\/><em><strong>para que tengas \u00e9xito<\/strong><\/em><br\/><em><strong>en todo lo que haces<\/strong><\/em><br\/><em><strong>y mires donde mires<\/strong><\/em><\/p>\n<cite><em>1er Libro de los Reyes<\/em> 2, 3<\/cite><\/blockquote>\n\n<div style=\"height:30px\" aria-hidden=\"true\" class=\"wp-block-spacer\"><\/div>\n<div class=\"wp-block-image\">\n<figure class=\"aligncenter size-large is-resized\"><picture data-lightbox=\"https:\/\/comunitamagnificat.org\/wp-content\/uploads\/2025\/01\/Copertina.jpg\"><source type='image\/jpeg' srcset='https:\/\/comunitamagnificat.org\/wp-content\/uploads\/2025\/01\/Copertina.jpg 1181w, https:\/\/comunitamagnificat.org\/wp-content\/uploads\/2025\/01\/Copertina-207x300.jpg 207w, https:\/\/comunitamagnificat.org\/wp-content\/uploads\/2025\/01\/Copertina-707x1024.jpg 707w, https:\/\/comunitamagnificat.org\/wp-content\/uploads\/2025\/01\/Copertina-768x1113.jpg 768w, https:\/\/comunitamagnificat.org\/wp-content\/uploads\/2025\/01\/Copertina-1060x1536.jpg 1060w' sizes='(max-width: 1181px) 100vw, 1181px' \/><img loading=\"lazy\" decoding=\"async\" width=\"707\" height=\"1024\" src=\"https:\/\/comunitamagnificat.org\/wp-content\/uploads\/2025\/01\/Copertina-707x1024.jpg\" alt=\"\" class=\"wp-image-22632\" style=\"width:317px;height:450px\"\/><\/picture><\/figure>\n<\/div>\n<div style=\"height:30px\" aria-hidden=\"true\" class=\"wp-block-spacer\"><\/div>\n\n<p>La Comunidad Magnificat encuentra su definici\u00f3n e identifica sus horizontes en una serie de textos que, formados a lo largo de su historia, constituyen su llamada <strong><em>Regla de Vida<\/em><\/strong>:<\/p>\n\n<div style=\"height:30px\" aria-hidden=\"true\" class=\"wp-block-spacer\"><\/div>\n\n<p><strong><em><br\/><br\/><br\/><br\/><br\/><br\/>Antecedentes hist\u00f3ricos Observaciones preliminares Pr\u00f3logo Estatuto Reglas Reglas para las personas consagradas Orientaciones sobre el acompa\u00f1amiento espiritual en la Comunidad<\/em><\/strong><\/p>\n\n<div style=\"height:30px\" aria-hidden=\"true\" class=\"wp-block-spacer\"><\/div>\n\n<p>Desde 1978, a\u00f1o en que naci\u00f3 la Comunidad Magnificat con su <strong>primer reconocimiento eclesi\u00e1stico<\/strong>, a medida que la vida comunitaria se ha ido desarrollando en \u00e1mbitos cada vez m\u00e1s amplios y complejos, ha sido necesario que el Estatuto y los diversos Reglamentos respondieran a las nuevas exigencias surgidas e indicaran las formas m\u00e1s correctas y fecundas de encarnar el \u00absue\u00f1o de Dios\u00bb en la vida concreta de las Fraternidades. Entre los textos de la <em>Regla de<\/em> Vida, el <em>Estatuto<\/em> en particular ha tenido que ser gradualmente perfeccionado y ampliado para responder a las condiciones cambiantes en las que la Comunidad se ha encontrado viviendo. Esta p\u00e1gina da cuenta de los distintos pasajes, desde 1979 hasta la actualidad.  <\/p>\n\n<div style=\"height:30px\" aria-hidden=\"true\" class=\"wp-block-spacer\"><\/div>\n\n<div class=\"wp-block-columns is-layout-flex wp-container-core-columns-is-layout-9d6595d7 wp-block-columns-is-layout-flex\">\n<div class=\"wp-block-column is-layout-flow wp-block-column-is-layout-flow\" style=\"flex-basis:15%\">\n<p class=\"has-text-align-right\"><strong>1979<\/strong><\/p>\n<\/div>\n\n\n\n<div class=\"wp-block-column is-layout-flow wp-block-column-is-layout-flow\" style=\"flex-basis:80%\">\n<p>El <strong>primer Estatuto<\/strong> aprobado por la autoridad eclesi\u00e1stica competente, breve pero ya esencialmente lleno de lo que el Se\u00f1or hab\u00eda mostrado, data de <strong>febrero de 1979<\/strong>, firmado por el arzobispo de Perusa monse\u00f1or Ferdinando Lambruschini.<\/p>\n<\/div>\n<\/div>\n\n<div style=\"height:30px\" aria-hidden=\"true\" class=\"wp-block-spacer\"><\/div>\n\n<div class=\"wp-block-columns is-layout-flex wp-container-core-columns-is-layout-9d6595d7 wp-block-columns-is-layout-flex\">\n<div class=\"wp-block-column is-layout-flow wp-block-column-is-layout-flow\" style=\"flex-basis:15%\">\n<p class=\"has-text-align-right\"><strong>1980s<\/strong><\/p>\n<\/div>\n\n\n\n<div class=\"wp-block-column is-layout-flow wp-block-column-is-layout-flow\" style=\"flex-basis:80%\">\n<p>Despu\u00e9s de ese primer documento, la Comunidad intent\u00f3 dotarse de una <em>regla<\/em> m\u00e1s sustancial, de cuyo trabajo sali\u00f3 un folleto que recog\u00eda la experiencia comunitaria de forma parent\u00e9tica y espiritual, pero no jur\u00eddica. Ese folleto ha quedado en la memoria de la Comunidad como <strong>la <em>Regla Roja<\/em><\/strong>, por el color de su portada, pero, precisamente por el estilo en que estaba escrito, no recibi\u00f3 la aprobaci\u00f3n can\u00f3nica. <\/p>\n<\/div>\n<\/div>\n\n<div style=\"height:30px\" aria-hidden=\"true\" class=\"wp-block-spacer\"><\/div>\n\n<div class=\"wp-block-columns is-layout-flex wp-container-core-columns-is-layout-9d6595d7 wp-block-columns-is-layout-flex\">\n<div class=\"wp-block-column is-layout-flow wp-block-column-is-layout-flow\" style=\"flex-basis:15%\">\n<p class=\"has-text-align-right\"><strong>1995<\/strong><\/p>\n<\/div>\n\n\n\n<div class=\"wp-block-column is-layout-flow wp-block-column-is-layout-flow\" style=\"flex-basis:80%\">\n<p>El arzobispo de Perusa, Ennio Antonelli, poco despu\u00e9s de tomar posesi\u00f3n de su cargo en enero de 1994, pidi\u00f3 y constituy\u00f3 una comisi\u00f3n de miembros de la Comunidad para redactar un Estatuto que pudiera recibir la aprobaci\u00f3n can\u00f3nica y, tras un a\u00f1o y medio de trabajo en el que \u00e9l mismo estuvo implicado, reconoci\u00f3 a la Comunidad Magnificat como <em>asociaci\u00f3n privada de fieles laicos<\/em> y <strong>aprob\u00f3<\/strong> su <strong>Estatuto <em>ad experimentum<\/em> por tres a\u00f1os<\/strong>.<\/p>\n<\/div>\n<\/div>\n\n<div style=\"height:30px\" aria-hidden=\"true\" class=\"wp-block-spacer\"><\/div>\n\n<div class=\"wp-block-columns is-layout-flex wp-container-core-columns-is-layout-9d6595d7 wp-block-columns-is-layout-flex\">\n<div class=\"wp-block-column is-layout-flow wp-block-column-is-layout-flow\" style=\"flex-basis:15%\">\n<p class=\"has-text-align-right\"><strong>2003<\/strong><\/p>\n<\/div>\n\n\n\n<div class=\"wp-block-column is-layout-flow wp-block-column-is-layout-flow\" style=\"flex-basis:80%\">\n<p>En 2003 -en medio de una crisis que estaba provocando una profunda ruptura de la Comunidad con una de las zonas que la compon\u00edan- el arzobispo de Perugia, Giuseppe Chiaretti, cre\u00f3 una nueva comisi\u00f3n para revisar el Estatuto. Precisamente en la fase final de los trabajos de dicha comisi\u00f3n, en oto\u00f1o de 2004, mientras el Cap\u00edtulo de Ancianos se dispon\u00eda a votar el nuevo texto, se produjo la ruptura con casi toda la zona de Foggia, tambi\u00e9n por una cuesti\u00f3n relacionada precisamente con la redacci\u00f3n de la Regla. A instancias del Arzobispo,<strong>el texto fue aprobado<\/strong> <strong>el 24 de diciembre<\/strong> de ese a\u00f1o.  <\/p>\n<\/div>\n<\/div>\n\n<div style=\"height:30px\" aria-hidden=\"true\" class=\"wp-block-spacer\"><\/div>\n\n<div class=\"wp-block-columns is-layout-flex wp-container-core-columns-is-layout-9d6595d7 wp-block-columns-is-layout-flex\">\n<div class=\"wp-block-column is-layout-flow wp-block-column-is-layout-flow\" style=\"flex-basis:15%\">\n<p class=\"has-text-align-right\"><strong>2013-2022<\/strong><\/p>\n<\/div>\n\n\n\n<div class=\"wp-block-column is-layout-flow wp-block-column-is-layout-flow\" style=\"flex-basis:80%\">\n<p>En los a\u00f1os siguientes, la Comunidad experiment\u00f3 un mayor crecimiento, esta vez traspasando las fronteras italianas y empezando a llevar la experiencia comunitaria a otras naciones, en distintos continentes.\nEn respuesta a esta evoluci\u00f3n, el arzobispo de Perugia, Gualtiero Bassetti, inst\u00f3 a la Comunidad en 2013 a solicitar el reconocimiento de su realidad al <em>Consejo Pontificio para los Laicos<\/em>, creando al mismo tiempo una comisi\u00f3n encargada de reescribir el Estatuto, para adaptarlo al crecimiento de la Comunidad. <\/p>\n\n\n\n<p>El trabajo de la nueva comisi\u00f3n fue muy amplio y pretend\u00eda implicar a todos los aliados en la reflexi\u00f3n. Tras muchos a\u00f1os, largas reflexiones, comparaciones, oraciones, consultas externas y votaciones, en oto\u00f1o de 2020, la Comunidad present\u00f3 un texto compartido para su aprobaci\u00f3n por el <em>Dicasterio para los Laicos, la Familia y la Vida<\/em>, y se inici\u00f3 un di\u00e1logo para llegar a un texto que pudiera ser aprobado. <\/p>\n<\/div>\n<\/div>\n\n<div style=\"height:30px\" aria-hidden=\"true\" class=\"wp-block-spacer\"><\/div>\n\n<div class=\"wp-block-columns is-layout-flex wp-container-core-columns-is-layout-9d6595d7 wp-block-columns-is-layout-flex\">\n<div class=\"wp-block-column is-layout-flow wp-block-column-is-layout-flow\" style=\"flex-basis:15%\">\n<p class=\"has-text-align-right\"><strong>2023-2024<\/strong><\/p>\n<\/div>\n\n\n\n<div class=\"wp-block-column is-layout-flow wp-block-column-is-layout-flow\" style=\"flex-basis:66.66%\">\n<p>El 8 de diciembre de 2023, exactamente cuarenta y cinco a\u00f1os despu\u00e9s de la primera aprobaci\u00f3n eclesi\u00e1stica, el cardenal <strong>Kevin J. Farrell<\/strong>, Prefecto del <em><strong>Dicasterio para los Laicos, la Familia y la Vida<\/strong><\/em>firm\u00f3 el <strong><em>Decreto por el que se reconoce<\/em><\/strong> de la Comunidad Magnificat como <em>asociaci\u00f3n privada internacional de fieles laicos<\/em>, aprobando tambi\u00e9n su <em><strong>Estatuto<\/strong><\/em><em>ad experimentum<\/em>, por cinco a\u00f1os.<\/p>\n\n\n\n<p>El 19 de enero de 2024, en el Palacio San Calixto de Roma, sede del Dicasterio, la Moderadora General, Maria Rita Castellani, durante una <a href=\"https:\/\/www.youtube.com\/watch?v=rle6MbHm1aU\" target=\"_blank\" rel=\"noreferrer noopener\"><strong>ceremonia solemne<\/strong><\/a>recibi\u00f3 el <em><strong>Decreto<\/strong> <\/em>y el nuevo <strong><em>Estatuto<\/em><\/strong>de manos del Secretario del Dicasterio, Dr. Gleison De Paula Souza.<\/p>\n<\/div>\n<\/div>\n\n<div style=\"height:50px\" aria-hidden=\"true\" class=\"wp-block-spacer\"><\/div>\n\n<p><\/p>\n","protected":false},"excerpt":{"rendered":"<p>Guarda la ley del Se\u00f1or, tu Dios,procediendo en sus caminosy ejecutando sus leyes,sus \u00f3rdenes,sus normas e instrucciones,como est\u00e1 escrito en la ley de Mois\u00e9s,para que tengas \u00e9xitoen todo lo que hacesy mires donde mires 1er Libro de los Reyes 2, 3 La Comunidad Magnificat encuentra su definici\u00f3n e identifica sus horizontes en una serie de [&hellip;]<\/p>\n","protected":false},"author":3,"featured_media":10931,"parent":0,"menu_order":0,"comment_status":"closed","ping_status":"closed","template":"","meta":{"om_disable_all_campaigns":false,"_monsterinsights_skip_tracking":false,"_monsterinsights_sitenote_active":false,"_monsterinsights_sitenote_note":"","_monsterinsights_sitenote_category":0,"_uf_show_specific_survey":0,"_uf_disable_surveys":false,"footnotes":""},"class_list":["post-19395","page","type-page","status-publish","has-post-thumbnail","hentry"],"aioseo_notices":[],"_links":{"self":[{"href":"https:\/\/comunitamagnificat.org\/es\/wp-json\/wp\/v2\/pages\/19395","targetHints":{"allow":["GET"]}}],"collection":[{"href":"https:\/\/comunitamagnificat.org\/es\/wp-json\/wp\/v2\/pages"}],"about":[{"href":"https:\/\/comunitamagnificat.org\/es\/wp-json\/wp\/v2\/types\/page"}],"author":[{"embeddable":true,"href":"https:\/\/comunitamagnificat.org\/es\/wp-json\/wp\/v2\/users\/3"}],"replies":[{"embeddable":true,"href":"https:\/\/comunitamagnificat.org\/es\/wp-json\/wp\/v2\/comments?post=19395"}],"version-history":[{"count":4,"href":"https:\/\/comunitamagnificat.org\/es\/wp-json\/wp\/v2\/pages\/19395\/revisions"}],"predecessor-version":[{"id":22645,"href":"https:\/\/comunitamagnificat.org\/es\/wp-json\/wp\/v2\/pages\/19395\/revisions\/22645"}],"wp:featuredmedia":[{"embeddable":true,"href":"https:\/\/comunitamagnificat.org\/es\/wp-json\/wp\/v2\/media\/10931"}],"wp:attachment":[{"href":"https:\/\/comunitamagnificat.org\/es\/wp-json\/wp\/v2\/media?parent=19395"}],"curies":[{"name":"wp","href":"https:\/\/api.w.org\/{rel}","templated":true}]}}