{"id":19406,"date":"2024-08-23T07:45:57","date_gmt":"2024-08-23T05:45:57","guid":{"rendered":"https:\/\/comunitamagnificat.org\/carismas\/"},"modified":"2024-08-23T07:46:09","modified_gmt":"2024-08-23T05:46:09","slug":"carismas","status":"publish","type":"page","link":"https:\/\/comunitamagnificat.org\/es\/carismas\/","title":{"rendered":"Carismas"},"content":{"rendered":"\n<div style=\"height:30px\" aria-hidden=\"true\" class=\"wp-block-spacer\"><\/div>\n\n<blockquote class=\"wp-block-quote is-layout-flow wp-block-quote-is-layout-flow\">\n<p><em><strong>A cada<\/strong><\/em> <em><strong>le corresponde<\/strong><\/em><br\/><em><strong>una manifestaci\u00f3n particular<\/strong><\/em><br\/><em><strong>del Esp\u00edritu<\/strong><\/em><br\/><em><strong>para el bien com\u00fan<\/strong><\/em><\/p>\n<cite><em>1 Corintios<\/em> 12:7<\/cite><\/blockquote>\n\n<div style=\"height:30px\" aria-hidden=\"true\" class=\"wp-block-spacer\"><\/div>\n\n<p>La Comunidad Magnificat naci\u00f3 en la corriente de gracia de la Renovaci\u00f3n Carism\u00e1tica Cat\u00f3lica, fruto del redescubrimiento de Pentecost\u00e9s en la Iglesia despu\u00e9s del Concilio.<\/p>\n\n<div style=\"height:30px\" aria-hidden=\"true\" class=\"wp-block-spacer\"><\/div>\n\n<p>La experiencia fundante de pertenecer a la Comunidad Magnificat es la de la<em>efusi\u00f3n del Esp\u00edritu Santo<\/em>, que lleva a tomar conciencia de los carismas ordinarios y extraordinarios que -en este tiempo dif\u00edcil para el mundo- Dios ha querido hacer sobreabundantes.<\/p>\n\n<div style=\"height:30px\" aria-hidden=\"true\" class=\"wp-block-spacer\"><\/div>\n\n<p>Desde su creaci\u00f3n, la Comunidad Magnificat ha sido testigo de la relevancia de la profec\u00eda de Joel: \u00ab<em>Despu\u00e9s de esto, derramar\u00e9 mi esp\u00edritu sobre todo hombre, y vuestros hijos y vuestras hijas se convertir\u00e1n en profetas; vuestros ancianos tendr\u00e1n sue\u00f1os, vuestros j\u00f3venes tendr\u00e1n visiones.\nSobre los esclavos y sobre las esclavas tambi\u00e9n derramar\u00e9 mi esp\u00edritu en aquellos d\u00edas.\nHar\u00e9 prodigios en el cielo y en la tierra  <\/em>\u00bb (3, 1-3).<\/p>\n\n<div style=\"height:30px\" aria-hidden=\"true\" class=\"wp-block-spacer\"><\/div>\n\n<p>La comunidad tambi\u00e9n pudo ver c\u00f3mo el Se\u00f1or conced\u00eda a cada uno \u00ab<em>una manifestaci\u00f3n particular del Esp\u00edritu para beneficio com\u00fan: a uno le es dado por el Esp\u00edritu el lenguaje de la sabidur\u00eda; a otro, el lenguaje de la ciencia; a uno, la fe por el mismo Esp\u00edritu; a otro, el don de curar por el mismo Esp\u00edritu; a uno, el poder de los milagros; a otro, el don de profec\u00eda; a otro, el don de discernimiento de esp\u00edritus; a otro, las variedades de lenguas; a otro, la interpretaci\u00f3n de lenguas.\nPero todas estas cosas es el mismo y \u00fanico Esp\u00edritu quien las obra, distribuy\u00e9ndolas a cada uno como quiere <\/em>\u00ab<em>(1 Corintios <\/em>12: 7-11).\nConsciente de que no es depositaria para s\u00ed misma de los dones que le han sido confiados, deseosa de construir el Reino de Dios, la Comunidad ofrece a la Iglesia todo lo que sus pastores ven en ella que procede genuinamente del Esp\u00edritu, para que dispongan de ello libremente. <\/p>\n\n<div style=\"height:50px\" aria-hidden=\"true\" class=\"wp-block-spacer\"><\/div>\n","protected":false},"excerpt":{"rendered":"<p>A cada le correspondeuna manifestaci\u00f3n particulardel Esp\u00edritupara el bien com\u00fan 1 Corintios 12:7 La Comunidad Magnificat naci\u00f3 en la corriente de gracia de la Renovaci\u00f3n Carism\u00e1tica Cat\u00f3lica, fruto del redescubrimiento de Pentecost\u00e9s en la Iglesia despu\u00e9s del Concilio. La experiencia fundante de pertenecer a la Comunidad Magnificat es la de laefusi\u00f3n del Esp\u00edritu Santo, que [&hellip;]<\/p>\n","protected":false},"author":3,"featured_media":10903,"parent":0,"menu_order":0,"comment_status":"closed","ping_status":"closed","template":"","meta":{"om_disable_all_campaigns":false,"_monsterinsights_skip_tracking":false,"_monsterinsights_sitenote_active":false,"_monsterinsights_sitenote_note":"","_monsterinsights_sitenote_category":0,"_uf_show_specific_survey":0,"_uf_disable_surveys":false,"footnotes":""},"class_list":["post-19406","page","type-page","status-publish","has-post-thumbnail","hentry"],"aioseo_notices":[],"_links":{"self":[{"href":"https:\/\/comunitamagnificat.org\/es\/wp-json\/wp\/v2\/pages\/19406","targetHints":{"allow":["GET"]}}],"collection":[{"href":"https:\/\/comunitamagnificat.org\/es\/wp-json\/wp\/v2\/pages"}],"about":[{"href":"https:\/\/comunitamagnificat.org\/es\/wp-json\/wp\/v2\/types\/page"}],"author":[{"embeddable":true,"href":"https:\/\/comunitamagnificat.org\/es\/wp-json\/wp\/v2\/users\/3"}],"replies":[{"embeddable":true,"href":"https:\/\/comunitamagnificat.org\/es\/wp-json\/wp\/v2\/comments?post=19406"}],"version-history":[{"count":1,"href":"https:\/\/comunitamagnificat.org\/es\/wp-json\/wp\/v2\/pages\/19406\/revisions"}],"predecessor-version":[{"id":19409,"href":"https:\/\/comunitamagnificat.org\/es\/wp-json\/wp\/v2\/pages\/19406\/revisions\/19409"}],"wp:featuredmedia":[{"embeddable":true,"href":"https:\/\/comunitamagnificat.org\/es\/wp-json\/wp\/v2\/media\/10903"}],"wp:attachment":[{"href":"https:\/\/comunitamagnificat.org\/es\/wp-json\/wp\/v2\/media?parent=19406"}],"curies":[{"name":"wp","href":"https:\/\/api.w.org\/{rel}","templated":true}]}}