{"id":19408,"date":"2024-08-23T07:46:00","date_gmt":"2024-08-23T05:46:00","guid":{"rendered":"https:\/\/comunitamagnificat.org\/evangelizacion\/"},"modified":"2024-08-23T07:46:06","modified_gmt":"2024-08-23T05:46:06","slug":"evangelizacion","status":"publish","type":"page","link":"https:\/\/comunitamagnificat.org\/es\/evangelizacion\/","title":{"rendered":"Evangelizaci\u00f3n"},"content":{"rendered":"\n<div style=\"height:30px\" aria-hidden=\"true\" class=\"wp-block-spacer\"><\/div>\n\n<blockquote class=\"wp-block-quote is-layout-flow wp-block-quote-is-layout-flow\"><p><em><strong>Id por todo el mundo<\/strong><\/em><br\/><em><strong>y proclamad el Evangelio a toda criatura<\/strong><\/em><\/p><cite><em>Marcos<\/em> 16, 15<\/cite><\/blockquote>\n\n<div style=\"height:30px\" aria-hidden=\"true\" class=\"wp-block-spacer\"><\/div>\n\n<p>Uno de los carismas fundamentales que la Comunidad Magnificat siempre ha reconocido haber recibido, sinti\u00e9ndolo como el compromiso constitutivo de su existencia, es la evangelizaci\u00f3n.<\/p>\n\n<div style=\"height:30px\" aria-hidden=\"true\" class=\"wp-block-spacer\"><\/div>\n\n<p>De hecho, el pre\u00e1mbulo del Estatuto dice: \u00ab&#8230;<em>Creemos que la Comunidad ha nacido para la nueva evangelizaci\u00f3n.\nLleva a cabo esta misi\u00f3n no para s\u00ed misma, sino para la Iglesia, y la realiza mediante su propio testimonio de vida y el anuncio del Evangelio. <\/em>\u00ab.<\/p>\n\n<div style=\"height:30px\" aria-hidden=\"true\" class=\"wp-block-spacer\"><\/div>\n\n<p>La primera forma en que la Comunidad evangeliza es en la realizaci\u00f3n de s\u00ed misma, como Cuerpo de Cristo: como la primera comunidad descrita en los Hechos, la Comunidad siempre ha experimentado que<em>\u00abel Se\u00f1or a\u00f1ad\u00eda cada d\u00eda a la comunidad los que se salvaban<\/em>\u00bb (2,47).\n<br\/>Sin embargo, junto a esta modalidad -por as\u00ed decirlo- \u00abpasiva\u00bb, est\u00e1 tambi\u00e9n toda la actividad de anuncio mediante el testimonio \u00abde persona a persona\u00bb, dirigido a decir a quienes se encuentra en la vida cotidiana: \u00abVenid y ver\u00e9is\u00bb (cf. <em>Jn<\/em> 1,46). Adem\u00e1s, a lo largo de su historia, la Comunidad ha organizado y vivido muchos momentos de anuncio del Evangelio: seminarios, misiones en parroquias, escuelas, espect\u00e1culos de evangelizaci\u00f3n&#8230; <\/p>\n\n<div style=\"height:50px\" aria-hidden=\"true\" class=\"wp-block-spacer\"><\/div>\n","protected":false},"excerpt":{"rendered":"<p>Id por todo el mundoy proclamad el Evangelio a toda criatura Marcos 16, 15 Uno de los carismas fundamentales que la Comunidad Magnificat siempre ha reconocido haber recibido, sinti\u00e9ndolo como el compromiso constitutivo de su existencia, es la evangelizaci\u00f3n. De hecho, el pre\u00e1mbulo del Estatuto dice: \u00ab&#8230;Creemos que la Comunidad ha nacido para la nueva [&hellip;]<\/p>\n","protected":false},"author":3,"featured_media":10907,"parent":0,"menu_order":0,"comment_status":"closed","ping_status":"closed","template":"","meta":{"om_disable_all_campaigns":false,"_monsterinsights_skip_tracking":false,"_monsterinsights_sitenote_active":false,"_monsterinsights_sitenote_note":"","_monsterinsights_sitenote_category":0,"_uf_show_specific_survey":0,"_uf_disable_surveys":false,"footnotes":""},"class_list":["post-19408","page","type-page","status-publish","has-post-thumbnail","hentry"],"aioseo_notices":[],"_links":{"self":[{"href":"https:\/\/comunitamagnificat.org\/es\/wp-json\/wp\/v2\/pages\/19408","targetHints":{"allow":["GET"]}}],"collection":[{"href":"https:\/\/comunitamagnificat.org\/es\/wp-json\/wp\/v2\/pages"}],"about":[{"href":"https:\/\/comunitamagnificat.org\/es\/wp-json\/wp\/v2\/types\/page"}],"author":[{"embeddable":true,"href":"https:\/\/comunitamagnificat.org\/es\/wp-json\/wp\/v2\/users\/3"}],"replies":[{"embeddable":true,"href":"https:\/\/comunitamagnificat.org\/es\/wp-json\/wp\/v2\/comments?post=19408"}],"version-history":[{"count":1,"href":"https:\/\/comunitamagnificat.org\/es\/wp-json\/wp\/v2\/pages\/19408\/revisions"}],"predecessor-version":[{"id":19411,"href":"https:\/\/comunitamagnificat.org\/es\/wp-json\/wp\/v2\/pages\/19408\/revisions\/19411"}],"wp:featuredmedia":[{"embeddable":true,"href":"https:\/\/comunitamagnificat.org\/es\/wp-json\/wp\/v2\/media\/10907"}],"wp:attachment":[{"href":"https:\/\/comunitamagnificat.org\/es\/wp-json\/wp\/v2\/media?parent=19408"}],"curies":[{"name":"wp","href":"https:\/\/api.w.org\/{rel}","templated":true}]}}