{"id":19417,"date":"2024-08-23T07:46:13","date_gmt":"2024-08-23T05:46:13","guid":{"rendered":"https:\/\/comunitamagnificat.org\/monasterio-de-muros-invisibles\/"},"modified":"2025-01-22T17:39:58","modified_gmt":"2025-01-22T16:39:58","slug":"monasterio-de-muros-invisibles","status":"publish","type":"page","link":"https:\/\/comunitamagnificat.org\/es\/monasterio-de-muros-invisibles\/","title":{"rendered":"Monasterio de muros invisibles"},"content":{"rendered":"\n<div style=\"height:30px\" aria-hidden=\"true\" class=\"wp-block-spacer\"><\/div>\n\n<blockquote class=\"wp-block-quote is-layout-flow wp-block-quote-is-layout-flow\">\n<p><strong><em>\u00bfCon qu\u00e9 puedo comparar el Reino de Dios?  <br\/>Es semejante a la levadura, que una mujer tom\u00f3 y mezcl\u00f3 en tres medidas de harina, hasta que todo qued\u00f3 leudado<\/em><\/strong><\/p>\n<cite>Lucas 13, 20-21<\/cite><\/blockquote>\n\n<div style=\"height:30px\" aria-hidden=\"true\" class=\"wp-block-spacer\"><\/div>\n\n<p>La visi\u00f3n que el Se\u00f1or dio a la Comunidad desde sus primeros a\u00f1os fue la de una llamada a \u00ab<a href=\"https:\/\/edizioni.comunitamagnificat.org\/prodotto\/verso-un-nuovo-monachesimo\/\" target=\"_blank\" rel=\"noopener\" title=\"\"><strong>un nuevo monacato<\/strong><\/a>\u00ab. Hombres y mujeres, mezclados en el mundo, que no pertenecen a \u00e9l porque han decidido pertenecer a Dios, haci\u00e9ndose \u00abuno\u00bb<em>(m\u00f2nos<\/em>) entre ellos y con Dios. <\/p>\n\n<div style=\"height:30px\" aria-hidden=\"true\" class=\"wp-block-spacer\"><\/div>\n\n<p>El testimonio de la Comunidad puede ser muy eficaz porque est\u00e1 formada por laicos que, sin embargo, viven como \u00abmonjes\u00bb.<\/p>\n\n<div style=\"height:30px\" aria-hidden=\"true\" class=\"wp-block-spacer\"><\/div>\n\n<p>Los miembros de la Comunidad desean entregar su vida a Dios de forma absoluta, sin reparos ni l\u00edmites, aunque la vida familiar, el trabajo y el caos cotidiano parezcan imposibilitar la entrega total.\nY, sin embargo, Cristo sigue pidi\u00e9ndolo, y lo cumple pacientemente venciendo nuestras resistencias. <\/p>\n\n<div style=\"height:30px\" aria-hidden=\"true\" class=\"wp-block-spacer\"><\/div>\n\n<p>Por eso la Comunidad es una escuela divina, un taller de aprendizaje pr\u00e1ctico de purificaci\u00f3n del coraz\u00f3n, de oraci\u00f3n, de servicio.\nEsto requiere una cierta <em>stabilitas<\/em>, que permita que este aprendizaje tenga lugar.\nPor eso la Comunidad tiene sus propios muros y puertas, una <em>Regla<\/em> y un <em>Compromiso de Alianza<\/em>, se organiza en Fraternidades, establece l\u00edderes, se constituye como <em>una ciudad en la monta\u00f1a<\/em>.  <\/p>\n\n<div style=\"height:50px\" aria-hidden=\"true\" class=\"wp-block-spacer\"><\/div>\n","protected":false},"excerpt":{"rendered":"<p>\u00bfCon qu\u00e9 puedo comparar el Reino de Dios? Es semejante a la levadura, que una mujer tom\u00f3 y mezcl\u00f3 en tres medidas de harina, hasta que todo qued\u00f3 leudado Lucas 13, 20-21 La visi\u00f3n que el Se\u00f1or dio a la Comunidad desde sus primeros a\u00f1os fue la de una llamada a \u00abun nuevo monacato\u00ab. Hombres [&hellip;]<\/p>\n","protected":false},"author":3,"featured_media":10887,"parent":0,"menu_order":0,"comment_status":"closed","ping_status":"closed","template":"","meta":{"om_disable_all_campaigns":false,"_monsterinsights_skip_tracking":false,"_monsterinsights_sitenote_active":false,"_monsterinsights_sitenote_note":"","_monsterinsights_sitenote_category":0,"_uf_show_specific_survey":0,"_uf_disable_surveys":false,"footnotes":""},"class_list":["post-19417","page","type-page","status-publish","has-post-thumbnail","hentry"],"aioseo_notices":[],"_links":{"self":[{"href":"https:\/\/comunitamagnificat.org\/es\/wp-json\/wp\/v2\/pages\/19417","targetHints":{"allow":["GET"]}}],"collection":[{"href":"https:\/\/comunitamagnificat.org\/es\/wp-json\/wp\/v2\/pages"}],"about":[{"href":"https:\/\/comunitamagnificat.org\/es\/wp-json\/wp\/v2\/types\/page"}],"author":[{"embeddable":true,"href":"https:\/\/comunitamagnificat.org\/es\/wp-json\/wp\/v2\/users\/3"}],"replies":[{"embeddable":true,"href":"https:\/\/comunitamagnificat.org\/es\/wp-json\/wp\/v2\/comments?post=19417"}],"version-history":[{"count":3,"href":"https:\/\/comunitamagnificat.org\/es\/wp-json\/wp\/v2\/pages\/19417\/revisions"}],"predecessor-version":[{"id":22618,"href":"https:\/\/comunitamagnificat.org\/es\/wp-json\/wp\/v2\/pages\/19417\/revisions\/22618"}],"wp:featuredmedia":[{"embeddable":true,"href":"https:\/\/comunitamagnificat.org\/es\/wp-json\/wp\/v2\/media\/10887"}],"wp:attachment":[{"href":"https:\/\/comunitamagnificat.org\/es\/wp-json\/wp\/v2\/media?parent=19417"}],"curies":[{"name":"wp","href":"https:\/\/api.w.org\/{rel}","templated":true}]}}