{"id":19422,"date":"2024-08-23T07:46:19","date_gmt":"2024-08-23T05:46:19","guid":{"rendered":"https:\/\/comunitamagnificat.org\/acompanamiento-espiritual\/"},"modified":"2024-08-23T07:46:36","modified_gmt":"2024-08-23T05:46:36","slug":"acompanamiento-espiritual","status":"publish","type":"page","link":"https:\/\/comunitamagnificat.org\/es\/acompanamiento-espiritual\/","title":{"rendered":"Acompa\u00f1amiento espiritual"},"content":{"rendered":"\n<div style=\"height:30px\" aria-hidden=\"true\" class=\"wp-block-spacer\"><\/div>\n\n<blockquote class=\"wp-block-quote is-layout-flow wp-block-quote-is-layout-flow\"><p><em><strong>Jes\u00fas mismo se acerc\u00f3<\/strong><\/em><br\/><em><strong>y camin\u00f3 con ellos<\/strong><\/em><\/p><cite><em>Lucas <\/em>24, 15<\/cite><\/blockquote>\n\n<div style=\"height:30px\" aria-hidden=\"true\" class=\"wp-block-spacer\"><\/div>\n\n<p>Somos compa\u00f1eros de viaje.<\/p>\n\n<div style=\"height:30px\" aria-hidden=\"true\" class=\"wp-block-spacer\"><\/div>\n\n<p>Cada miembro de la Comunidad tiene un hermano, una hermana, que le acompa\u00f1a y le apoya, que a veces le refleja y, no menos, le provoca.\nRezan juntos, llevan los asuntos ante Dios, disciernen&#8230; <\/p>\n\n<div style=\"height:30px\" aria-hidden=\"true\" class=\"wp-block-spacer\"><\/div>\n\n<p>El acompa\u00f1amiento es una herramienta valiosa para arraigarnos en Cristo, permanecer fieles a la llamada, madurar y florecer humana y espiritualmente.<\/p>\n\n<div style=\"height:30px\" aria-hidden=\"true\" class=\"wp-block-spacer\"><\/div>\n\n<p>La Comunidad elabor\u00f3 y defini\u00f3 las directrices en las que se mueve el acompa\u00f1amiento espiritual; las comparti\u00f3 con la Iglesia y el arzobispo de Perugia, monse\u00f1or Gualtiero Bassetti, las aprob\u00f3 y entreg\u00f3 a la Comunidad el 9 de febrero de 2013.<\/p>\n\n<div style=\"height:30px\" aria-hidden=\"true\" class=\"wp-block-spacer\"><\/div>\n\n<p>Aqu\u00ed tienes, en formato pdf, las Orientaciones sobre el Acompa\u00f1amiento Espiritual en la Comunidad:  <\/p>\n\n<div style=\"height:30px\" aria-hidden=\"true\" class=\"wp-block-spacer\"><\/div>\n\n<div class=\"wp-block-columns is-layout-flex wp-container-core-columns-is-layout-9d6595d7 wp-block-columns-is-layout-flex\">\n<div class=\"wp-block-column is-layout-flow wp-block-column-is-layout-flow\" style=\"flex-basis:80%\">\n<div class=\"wp-block-file\"><a href=\"https:\/\/comunitamagnificat.org\/wp-content\/uploads\/2021\/04\/Linee-guida-accompagnamento-1.pdf\"><strong><em><span class=\"has-inline-color has-vivid-red-color\">Orientaciones sobre el acompa\u00f1amiento espiritual<\/span><\/em><\/strong><\/a><a href=\"https:\/\/comunitamagnificat.org\/wp-content\/uploads\/2021\/04\/Linee-guida-accompagnamento-1.pdf\" class=\"wp-block-file__button\" download=\"\">Descarga<\/a><\/div>\n<\/div>\n<\/div>\n\n<div style=\"height:30px\" aria-hidden=\"true\" class=\"wp-block-spacer\"><\/div>\n\n<p>Y esto es lo que dijo el Arzobispo en aquella ocasi\u00f3n:<\/p>\n\n<div style=\"height:30px\" aria-hidden=\"true\" class=\"wp-block-spacer\"><\/div>\n\n<div class=\"wp-block-columns is-layout-flex wp-container-core-columns-is-layout-9d6595d7 wp-block-columns-is-layout-flex\">\n<div class=\"wp-block-column is-layout-flow wp-block-column-is-layout-flow\" style=\"flex-basis:15%\"><\/div>\n\n\n\n<div class=\"wp-block-column is-layout-flow wp-block-column-is-layout-flow\" style=\"flex-basis:60%\">\n<figure class=\"wp-block-embed is-type-video is-provider-youtube wp-block-embed-youtube wp-embed-aspect-16-9 wp-has-aspect-ratio\"><div class=\"wp-block-embed__wrapper\"> \n<iframe loading=\"lazy\" title=\"Linee guida per l&#039;accompagnamento spirituale\" width=\"500\" height=\"281\" src=\"https:\/\/www.youtube.com\/embed\/V8d8RwujRmM?feature=oembed\" frameborder=\"0\" allow=\"accelerometer; autoplay; clipboard-write; encrypted-media; gyroscope; picture-in-picture; web-share\" referrerpolicy=\"strict-origin-when-cross-origin\" allowfullscreen><\/iframe>\n <\/div><\/figure>\n<\/div>\n\n\n\n<div class=\"wp-block-column is-layout-flow wp-block-column-is-layout-flow\" style=\"flex-basis:15%\"><\/div>\n<\/div>\n\n<div style=\"height:50px\" aria-hidden=\"true\" class=\"wp-block-spacer\"><\/div>\n","protected":false},"excerpt":{"rendered":"<p>Jes\u00fas mismo se acerc\u00f3y camin\u00f3 con ellos Lucas 24, 15 Somos compa\u00f1eros de viaje. Cada miembro de la Comunidad tiene un hermano, una hermana, que le acompa\u00f1a y le apoya, que a veces le refleja y, no menos, le provoca. Rezan juntos, llevan los asuntos ante Dios, disciernen&#8230; El acompa\u00f1amiento es una herramienta valiosa para [&hellip;]<\/p>\n","protected":false},"author":3,"featured_media":10895,"parent":0,"menu_order":0,"comment_status":"closed","ping_status":"closed","template":"","meta":{"om_disable_all_campaigns":false,"_monsterinsights_skip_tracking":false,"_monsterinsights_sitenote_active":false,"_monsterinsights_sitenote_note":"","_monsterinsights_sitenote_category":0,"_uf_show_specific_survey":0,"_uf_disable_surveys":false,"footnotes":""},"class_list":["post-19422","page","type-page","status-publish","has-post-thumbnail","hentry"],"aioseo_notices":[],"_links":{"self":[{"href":"https:\/\/comunitamagnificat.org\/es\/wp-json\/wp\/v2\/pages\/19422","targetHints":{"allow":["GET"]}}],"collection":[{"href":"https:\/\/comunitamagnificat.org\/es\/wp-json\/wp\/v2\/pages"}],"about":[{"href":"https:\/\/comunitamagnificat.org\/es\/wp-json\/wp\/v2\/types\/page"}],"author":[{"embeddable":true,"href":"https:\/\/comunitamagnificat.org\/es\/wp-json\/wp\/v2\/users\/3"}],"replies":[{"embeddable":true,"href":"https:\/\/comunitamagnificat.org\/es\/wp-json\/wp\/v2\/comments?post=19422"}],"version-history":[{"count":1,"href":"https:\/\/comunitamagnificat.org\/es\/wp-json\/wp\/v2\/pages\/19422\/revisions"}],"predecessor-version":[{"id":19424,"href":"https:\/\/comunitamagnificat.org\/es\/wp-json\/wp\/v2\/pages\/19422\/revisions\/19424"}],"wp:featuredmedia":[{"embeddable":true,"href":"https:\/\/comunitamagnificat.org\/es\/wp-json\/wp\/v2\/media\/10895"}],"wp:attachment":[{"href":"https:\/\/comunitamagnificat.org\/es\/wp-json\/wp\/v2\/media?parent=19422"}],"curies":[{"name":"wp","href":"https:\/\/api.w.org\/{rel}","templated":true}]}}