{"id":20560,"date":"2024-08-23T09:10:01","date_gmt":"2024-08-23T07:10:01","guid":{"rendered":"https:\/\/comunitamagnificat.org\/politica-de-cookies\/"},"modified":"2024-08-23T09:10:56","modified_gmt":"2024-08-23T07:10:56","slug":"politica-de-cookies","status":"publish","type":"page","link":"https:\/\/comunitamagnificat.org\/es\/politica-de-cookies\/","title":{"rendered":"Pol\u00edtica de cookies"},"content":{"rendered":"\n<div style=\"height:50px\" aria-hidden=\"true\" class=\"wp-block-spacer\"><\/div>\n\n<h1 class=\"wp-block-heading\">Informaci\u00f3n ampliada sobre el uso de cookies en el sitio web<\/h1>\n\n<div style=\"height:20px\" aria-hidden=\"true\" class=\"wp-block-spacer\"><\/div>\n\n<p>Por la presente, de conformidad con el Reglamento 679\/2016 de la UE (GDPR), proporcionamos a los usuarios del sitio informaci\u00f3n sobre las cookies utilizadas.<\/p>\n\n<div style=\"height:20px\" aria-hidden=\"true\" class=\"wp-block-spacer\"><\/div>\n\n<h2 class=\"wp-block-heading\">Qu\u00e9 son las cookies<\/h2>\n\n<div style=\"height:20px\" aria-hidden=\"true\" class=\"wp-block-spacer\"><\/div>\n\n<p>Las cookies son archivos que tienen en cuenta las preferencias del usuario de Internet y se almacenan en el navegador utilizado (Internet Explorer, Mozilla Firefox, Google Chrome, etc.) para mejorar la experiencia de navegaci\u00f3n y personalizar el contenido seg\u00fan las preferencias del usuario.<\/p>\n\n<div style=\"height:20px\" aria-hidden=\"true\" class=\"wp-block-spacer\"><\/div>\n\n<p>Al navegar por este sitio tambi\u00e9n puedes recibir cookies de \u00abterceros\u00bb en tu equipo terminal, ya que el sitio web contiene elementos como que residen en servidores distintos de aquel en el que se encuentra la p\u00e1gina solicitada.<\/p>\n\n<div style=\"height:20px\" aria-hidden=\"true\" class=\"wp-block-spacer\"><\/div>\n\n<p>Las cookies se utilizan para realizar la autenticaci\u00f3n del ordenador, el seguimiento de la sesi\u00f3n y el almacenamiento de informaci\u00f3n espec\u00edfica sobre los usuarios que acceden al servidor para mejorar la experiencia de navegaci\u00f3n y hacerla lo m\u00e1s personalizada posible.<\/p>\n\n<div style=\"height:20px\" aria-hidden=\"true\" class=\"wp-block-spacer\"><\/div>\n\n<h2 class=\"wp-block-heading\">Cookies utilizadas en el sitio web<\/h2>\n\n<div style=\"height:20px\" aria-hidden=\"true\" class=\"wp-block-spacer\"><\/div>\n\n<p>Este sitio s\u00f3lo utiliza cookies t\u00e9cnicas, respecto a las cuales no se requiere el consentimiento de la persona afectada en virtud del GDPR.<\/p>\n\n<div style=\"height:20px\" aria-hidden=\"true\" class=\"wp-block-spacer\"><\/div>\n\n<h3 class=\"wp-block-heading\">El sitio utiliza<\/h3>\n\n<div style=\"height:20px\" aria-hidden=\"true\" class=\"wp-block-spacer\"><\/div>\n\n<ul class=\"wp-block-list\"><li>Cookies t\u00e9cnicas necesarias para la navegaci\u00f3n del usuario, requeridas para que ciertas \u00e1reas del sitio funcionen correctamente.\nSin estas cookies, el sitio o ciertas partes del mismo podr\u00edan no funcionar correctamente.\nPor lo tanto, siempre se utilizan, independientemente de las preferencias del usuario.  <\/li><li>Cookies t\u00e9cnicas funcionales, que facilitan la navegaci\u00f3n del usuario.<\/li><li>La cookie t\u00e9cnica que, hasta su expiraci\u00f3n, no muestra el banner con la informaci\u00f3n breve al usuario que ya ha visitado el sitio y ha aceptado la cookie.<\/li><\/ul>\n\n<div style=\"height:20px\" aria-hidden=\"true\" class=\"wp-block-spacer\"><\/div>\n\n<p>Todas las cookies enumeradas anteriormente pueden utilizarse sin solicitar el consentimiento del usuario, ya que son estrictamente necesarias para la prestaci\u00f3n del servicio.<\/p>\n\n<div style=\"height:20px\" aria-hidden=\"true\" class=\"wp-block-spacer\"><\/div>\n\n<h3 class=\"wp-block-heading\">Cookies de terceros utilizadas en el sitio web<\/h3>\n\n<div style=\"height:20px\" aria-hidden=\"true\" class=\"wp-block-spacer\"><\/div>\n\n<p>A trav\u00e9s de ella, se instalan determinadas cookies de terceros, incluidas cookies de perfil, que se activan al hacer clic en \u00abaceptar\u00bb en el banner o al continuar navegando por el sitio.\nAqu\u00ed est\u00e1n los detalles de las cookies individuales de terceros y los enlaces a trav\u00e9s de los cuales el usuario puede recibir m\u00e1s informaci\u00f3n y solicitar la desactivaci\u00f3n. <\/p>\n\n<div style=\"height:20px\" aria-hidden=\"true\" class=\"wp-block-spacer\"><\/div>\n\n<h3 class=\"wp-block-heading\">Google Analytics<\/h3>\n\n<div style=\"height:20px\" aria-hidden=\"true\" class=\"wp-block-spacer\"><\/div>\n\n<p>El Sitio utiliza Google Analytics, un servicio de an\u00e1lisis web prestado por Google Inc.\nque utiliza cookies que se almacenan en el ordenador del usuario para permitir el an\u00e1lisis estad\u00edstico de forma agregada sobre el uso del sitio.\nLos datos generados por Google Analytics son almacenados por Google tal y como se indica en el Aviso de Informaci\u00f3n disponible <a href=\"https:\/\/developers.google.com\/analytics\/devguides\/collection\/analyticsjs\/cookie-usage\" target=\"_blank\" rel=\"noreferrer noopener\">aqu\u00ed.<\/a>  <\/p>\n\n<div style=\"height:20px\" aria-hidden=\"true\" class=\"wp-block-spacer\"><\/div>\n\n<p>Para consultar la pol\u00edtica de privacidad de Google Inc., el controlador de datos aut\u00f3nomo del servicio Google Analytics, haz clic <a href=\"https:\/\/www.google.com\/intl\/it_ALL\/analytics\/learn\/privacy.html\" target=\"_blank\" rel=\"noreferrer noopener\">aqu\u00ed<\/a>.<\/p>\n\n<div style=\"height:20px\" aria-hidden=\"true\" class=\"wp-block-spacer\"><\/div>\n\n<p>A trav\u00e9s de este <a href=\"https:\/\/tools.google.com\/dlpage\/gaoptout?hl=it\" target=\"_blank\" rel=\"noreferrer noopener\">enlace<\/a>, Google pone a tu disposici\u00f3n el complemento de navegador para desactivar Google Analytics.<\/p>\n\n<div style=\"height:20px\" aria-hidden=\"true\" class=\"wp-block-spacer\"><\/div>\n\n<h3 class=\"wp-block-heading\">Redes sociales<\/h3>\n\n<div style=\"height:20px\" aria-hidden=\"true\" class=\"wp-block-spacer\"><\/div>\n\n<p>Los botones sociales son botones del sitio que permiten a los usuarios que est\u00e1n navegando interactuar con un \u00abclic\u00bb directamente con las redes sociales.<\/p>\n\n<div style=\"height:20px\" aria-hidden=\"true\" class=\"wp-block-spacer\"><\/div>\n\n<p>Son utilizados por este sitio como enlaces a las cuentas del propietario o navegante en la red social identificada.\nPor lo tanto, no se instalan cookies de terceros en este sitio mediante el uso de estos botones.\nA continuaci\u00f3n se indican los enlaces en los que el usuario puede consultar la pol\u00edtica de privacidad relativa a la gesti\u00f3n de datos por parte de las redes sociales a las que remiten los botones.  <\/p>\n\n<div style=\"height:20px\" aria-hidden=\"true\" class=\"wp-block-spacer\"><\/div>\n\n<p><a href=\"https:\/\/help.twitter.com\/it\/rules-and-policies\/twitter-cookies\" target=\"_blank\" rel=\"noreferrer noopener\">Enlace a la pol\u00edtica de Twitter<\/a><br\/><a href=\"https:\/\/www.facebook.com\/policies\/cookies\/\" target=\"_blank\" rel=\"noreferrer noopener\">Pol\u00edtica de Facebook<\/a><br\/><a href=\"https:\/\/www.linkedin.com\/legal\/cookie_policy\" target=\"_blank\" rel=\"noreferrer noopener\">Pol\u00edtica de Linkedin<\/a><br\/><a href=\"https:\/\/policies.google.com\/privacy?hl=it\" target=\"_blank\" rel=\"noreferrer noopener\">Pol\u00edtica de Google+<\/a><br\/><a href=\"https:\/\/policy.pinterest.com\/it\/privacy-policy\" target=\"_blank\" rel=\"noreferrer noopener\">Pol\u00edtica de Pinterest<\/a><\/p>\n\n<div style=\"height:20px\" aria-hidden=\"true\" class=\"wp-block-spacer\"><\/div>\n\n<h3 class=\"wp-block-heading\">Fuentes Web<\/h3>\n\n<div style=\"height:20px\" aria-hidden=\"true\" class=\"wp-block-spacer\"><\/div>\n\n<p>Google Fonts es un servicio de Google Inc.\nque te permite incrustar y mostrar estilos de fuente personalizados.\nPuede recopilar datos de uso en cookies.  <\/p>\n\n<div style=\"height:20px\" aria-hidden=\"true\" class=\"wp-block-spacer\"><\/div>\n\n<p><a href=\"https:\/\/policies.google.com\/privacy?hl=en&gl=it\" target=\"_blank\" rel=\"noreferrer noopener\"><\/a><a href=\"https:\/\/policies.google.com\/privacy?hl=en&gl=it\">Enlace a la pol\u00edtica de Google<\/a><\/p>\n\n<div style=\"height:20px\" aria-hidden=\"true\" class=\"wp-block-spacer\"><\/div>\n\n<h3 class=\"wp-block-heading\">YouTube y Vimeo<\/h3>\n\n<div style=\"height:20px\" aria-hidden=\"true\" class=\"wp-block-spacer\"><\/div>\n\n<p>YouTube (operado por Google Inc.) y Vimeo son servicios dedicados a mostrar contenidos de v\u00eddeo con la posibilidad de integrar las pel\u00edculas dentro de las p\u00e1ginas de su propio sitio.\nAmbos recopilan datos de uso en cookies. <\/p>\n\n<div style=\"height:20px\" aria-hidden=\"true\" class=\"wp-block-spacer\"><\/div>\n\n<p><a href=\"https:\/\/policies.google.com\/privacy?hl=it&gl=it\" target=\"_blank\" rel=\"noreferrer noopener\">Enlace a la pol\u00edtica de YouTube<\/a><br\/><a href=\"https:\/\/vimeo.com\/privacy\" target=\"_blank\" rel=\"noreferrer noopener\">Enlace a la pol\u00edtica de Vimeo<\/a><\/p>\n\n<div style=\"height:20px\" aria-hidden=\"true\" class=\"wp-block-spacer\"><\/div>\n\n<h2 class=\"wp-block-heading\">Modalidades de tratamiento<\/h2>\n\n<div style=\"height:20px\" aria-hidden=\"true\" class=\"wp-block-spacer\"><\/div>\n\n<p>El tratamiento se realiza mediante herramientas automatizadas y no tiene lugar ninguna difusi\u00f3n ni comunicaci\u00f3n.<\/p>\n\n<div style=\"height:20px\" aria-hidden=\"true\" class=\"wp-block-spacer\"><\/div>\n\n<h2 class=\"wp-block-heading\">Suministro de datos<\/h2>\n\n<div style=\"height:20px\" aria-hidden=\"true\" class=\"wp-block-spacer\"><\/div>\n\n<p>A excepci\u00f3n de las cookies t\u00e9cnicas estrictamente necesarias para la navegaci\u00f3n normal, el suministro de datos se deja a la voluntad del interesado que decide navegar por el sitio tras haber le\u00eddo la breve informaci\u00f3n contenida en el banner espec\u00edfico y utilizar los servicios que implican la instalaci\u00f3n de cookies.<\/p>\n\n<div style=\"height:20px\" aria-hidden=\"true\" class=\"wp-block-spacer\"><\/div>\n\n<h2 class=\"wp-block-heading\">Conservaci\u00f3n de cookies<\/h2>\n\n<div style=\"height:20px\" aria-hidden=\"true\" class=\"wp-block-spacer\"><\/div>\n\n<p>Las cookies se utilizar\u00e1n en pleno cumplimiento del GDPR durante el tiempo que sea necesario para lograr los fines para los que se recogieron los datos y, en cualquier caso, no m\u00e1s de 3 a\u00f1os despu\u00e9s de su recogida.<\/p>\n\n<div style=\"height:20px\" aria-hidden=\"true\" class=\"wp-block-spacer\"><\/div>\n\n<h2 class=\"wp-block-heading\">Desactivar las cookies<\/h2>\n\n<div style=\"height:20px\" aria-hidden=\"true\" class=\"wp-block-spacer\"><\/div>\n\n<p>Sin perjuicio de lo indicado anteriormente respecto a las cookies estrictamente necesarias para la navegaci\u00f3n, el usuario puede gestionar o limitar otras cookies directamente a trav\u00e9s de su navegador.<\/p>\n\n<div style=\"height:20px\" aria-hidden=\"true\" class=\"wp-block-spacer\"><\/div>\n\n<p>Sin embargo, cada navegador tiene procedimientos diferentes para gestionar los ajustes.\nEl usuario puede obtener instrucciones espec\u00edficas a trav\u00e9s de los enlaces que aparecen a continuaci\u00f3n. <\/p>\n\n<div style=\"height:20px\" aria-hidden=\"true\" class=\"wp-block-spacer\"><\/div>\n\n<p><a href=\"https:\/\/support.microsoft.com\/en-us\/help\/17442\/windows-internet-explorer-delete-manage-cookies\" target=\"_blank\" rel=\"noreferrer noopener\">Microsoft Internet Explorer<\/a><br\/><a href=\"https:\/\/support.google.com\/chrome\/answer\/95647?hl=it&p=cpn_cookies\" target=\"_blank\" rel=\"noreferrer noopener\">Google Chrome<\/a><br\/><a href=\"https:\/\/support.mozilla.org\/it\/kb\/Attivare%20e%20disattivare%20i%20cookie\" target=\"_blank\" rel=\"noreferrer noopener\">Mozilla Firefox<\/a><br\/><a href=\"https:\/\/support.apple.com\/kb\/PH17191?viewlocale=it_IT&locale=it_IT\" target=\"_blank\" rel=\"noreferrer noopener\">Safari de Apple<\/a><br\/><a href=\"http:\/\/help.opera.com\/Windows\/10.00\/it\/cookies.html\" target=\"_blank\" rel=\"noreferrer noopener\">Opera<\/a><\/p>\n\n<div style=\"height:20px\" aria-hidden=\"true\" class=\"wp-block-spacer\"><\/div>\n\n<p>La desactivaci\u00f3n de las cookies de terceros tambi\u00e9n es posible a trav\u00e9s de los m\u00e9todos puestos a disposici\u00f3n directamente por la empresa de terceros responsable de dicho tratamiento, como se indica en los enlaces que figuran en la secci\u00f3n \u00abCookies de terceros utilizadas en el sitio\u00bb.<\/p>\n\n<div style=\"height:20px\" aria-hidden=\"true\" class=\"wp-block-spacer\"><\/div>\n\n<h2 class=\"wp-block-heading\">Derechos del interesado<\/h2>\n\n<div style=\"height:20px\" aria-hidden=\"true\" class=\"wp-block-spacer\"><\/div>\n\n<p>El interesado podr\u00e1 hacer valer en cualquier momento, enviando un correo electr\u00f3nico al responsable del tratamiento, los derechos establecidos en el Reglamento UE 679\/2016<\/p>\n\n<div style=\"height:50px\" aria-hidden=\"true\" class=\"wp-block-spacer\"><\/div>\n","protected":false},"excerpt":{"rendered":"<p>Informaci\u00f3n ampliada sobre el uso de cookies en el sitio web Por la presente, de conformidad con el Reglamento 679\/2016 de la UE (GDPR), proporcionamos a los usuarios del sitio informaci\u00f3n sobre las cookies utilizadas. Qu\u00e9 son las cookies Las cookies son archivos que tienen en cuenta las preferencias del usuario de Internet y se [&hellip;]<\/p>\n","protected":false},"author":2,"featured_media":10723,"parent":0,"menu_order":0,"comment_status":"closed","ping_status":"closed","template":"","meta":{"om_disable_all_campaigns":false,"_monsterinsights_skip_tracking":false,"_monsterinsights_sitenote_active":false,"_monsterinsights_sitenote_note":"","_monsterinsights_sitenote_category":0,"_uf_show_specific_survey":0,"_uf_disable_surveys":false,"footnotes":""},"class_list":["post-20560","page","type-page","status-publish","has-post-thumbnail","hentry"],"aioseo_notices":[],"_links":{"self":[{"href":"https:\/\/comunitamagnificat.org\/es\/wp-json\/wp\/v2\/pages\/20560","targetHints":{"allow":["GET"]}}],"collection":[{"href":"https:\/\/comunitamagnificat.org\/es\/wp-json\/wp\/v2\/pages"}],"about":[{"href":"https:\/\/comunitamagnificat.org\/es\/wp-json\/wp\/v2\/types\/page"}],"author":[{"embeddable":true,"href":"https:\/\/comunitamagnificat.org\/es\/wp-json\/wp\/v2\/users\/2"}],"replies":[{"embeddable":true,"href":"https:\/\/comunitamagnificat.org\/es\/wp-json\/wp\/v2\/comments?post=20560"}],"version-history":[{"count":4,"href":"https:\/\/comunitamagnificat.org\/es\/wp-json\/wp\/v2\/pages\/20560\/revisions"}],"predecessor-version":[{"id":20567,"href":"https:\/\/comunitamagnificat.org\/es\/wp-json\/wp\/v2\/pages\/20560\/revisions\/20567"}],"wp:featuredmedia":[{"embeddable":true,"href":"https:\/\/comunitamagnificat.org\/es\/wp-json\/wp\/v2\/media\/10723"}],"wp:attachment":[{"href":"https:\/\/comunitamagnificat.org\/es\/wp-json\/wp\/v2\/media?parent=20560"}],"curies":[{"name":"wp","href":"https:\/\/api.w.org\/{rel}","templated":true}]}}