{"id":20580,"date":"2024-08-23T09:42:08","date_gmt":"2024-08-23T07:42:08","guid":{"rendered":"https:\/\/comunitamagnificat.org\/ven-a-ver\/"},"modified":"2024-08-23T09:42:09","modified_gmt":"2024-08-23T07:42:09","slug":"ven-a-ver","status":"publish","type":"page","link":"https:\/\/comunitamagnificat.org\/es\/ven-a-ver\/","title":{"rendered":"Ven a ver"},"content":{"rendered":"\n<div style=\"height:30px\" aria-hidden=\"true\" class=\"wp-block-spacer\"><\/div>\n\n<p><strong><em>Ven y ver\u00e1s<\/em><\/strong>publicada por primera vez en 1982 con ocasi\u00f3n de una Conferencia de Animadores de RnS, es la <strong>revista de profundizaci\u00f3n y formaci\u00f3n<\/strong> que la Comunidad Magnificat, siguiendo una intuici\u00f3n prof\u00e9tica, ha producido <strong>ininterrumpidamente durante los \u00faltimos cuarenta a\u00f1os.<\/strong><\/p>\n\n<div style=\"height:30px\" aria-hidden=\"true\" class=\"wp-block-spacer\"><\/div>\n\n<p>Cada revista se abre con una <strong>oraci\u00f3n<\/strong>, contiene <strong>un art\u00edculo introductorio <\/strong>y luego, siguiendo un esquema que se ha mantenido bastante fiel a lo largo del tiempo, <strong>profundiza en un tema <\/strong>con elementos tomados de la <strong>Palabra de Dios<\/strong>, del <strong>Magisterio<\/strong>, de <strong>la patr\u00edstica <\/strong>y de <strong>reflexiones <\/strong> <strong>comunitarias<\/strong>, concluyendo a menudo con <strong>testimonios<\/strong>.<\/p>\n\n<div style=\"height:30px\" aria-hidden=\"true\" class=\"wp-block-spacer\"><\/div>\n\n<p>Haciendo clic <a href=\"https:\/\/comunitamagnificat.org\/pubblicazioni-della-comunita\/venite-e-vedrete\/\" data-type=\"page\" data-id=\"1328\">aqu\u00ed<\/a> (y en la imagen de abajo) acceder\u00e1s a la p\u00e1gina donde encontrar\u00e1s todas las revistas publicadas.<\/p>\n\n<div style=\"height:30px\" aria-hidden=\"true\" class=\"wp-block-spacer\"><\/div>\n\n<div class=\"wp-block-columns is-layout-flex wp-container-core-columns-is-layout-9d6595d7 wp-block-columns-is-layout-flex\">\n<div class=\"wp-block-column is-layout-flow wp-block-column-is-layout-flow\" style=\"flex-basis:10%\"><\/div>\n\n\n\n<div class=\"wp-block-column is-layout-flow wp-block-column-is-layout-flow\">\n<figure class=\"wp-block-image size-large\"><a href=\"https:\/\/comunitamagnificat.org\/pubblicazioni-della-comunita\/venite-e-vedrete\/\"><picture data-lightbox=\"https:\/\/comunitamagnificat.org\/wp-content\/uploads\/2021\/04\/Venite-e-Vedrete-4.jpg\"><source type='image\/jpeg' srcset='https:\/\/comunitamagnificat.org\/wp-content\/uploads\/2021\/04\/Venite-e-Vedrete-4.jpg 1699w, https:\/\/comunitamagnificat.org\/wp-content\/uploads\/2021\/04\/Venite-e-Vedrete-4-300x118.jpg 300w, https:\/\/comunitamagnificat.org\/wp-content\/uploads\/2021\/04\/Venite-e-Vedrete-4-1024x404.jpg 1024w, https:\/\/comunitamagnificat.org\/wp-content\/uploads\/2021\/04\/Venite-e-Vedrete-4-768x303.jpg 768w, https:\/\/comunitamagnificat.org\/wp-content\/uploads\/2021\/04\/Venite-e-Vedrete-4-1536x607.jpg 1536w' sizes='(max-width: 1699px) 100vw, 1699px' \/><img loading=\"lazy\" decoding=\"async\" width=\"1024\" height=\"404\" src=\"https:\/\/comunitamagnificat.org\/wp-content\/uploads\/2021\/04\/Venite-e-Vedrete-4-1024x404.jpg\" alt=\"\" class=\"wp-image-7736\"\/><\/picture><\/a><\/figure>\n<\/div>\n\n\n\n<div class=\"wp-block-column is-layout-flow wp-block-column-is-layout-flow\" style=\"flex-basis:10%\"><\/div>\n<\/div>\n\n<div style=\"height:30px\" aria-hidden=\"true\" class=\"wp-block-spacer\"><\/div>\n\n<p><em>Publicaci\u00f3n peri\u00f3dica dedicada a la formaci\u00f3n de la vida carism\u00e1tica en la comunidad cristiana.<\/em><\/p>\n\n<p><em><br\/><br\/><br\/>Editada por la Comunidad Magnificat, tiene un enfoque tem\u00e1tico: cada n\u00famero trata un tema en detalle y en profundidad.<strong>Redactor<\/strong><strong>jefe<\/strong>: Oreste Pesare<strong>Redactor<\/strong><strong>jefe<\/strong>: Don Davide Maloberti<strong>Redacci\u00f3n<\/strong>: Elisabetta Canoro, Lorenzo Carloni, Maria Rita Castellani, Valentina Mandoloni, Angela Passetti, Francesca Tura Menghini.<\/em> <\/p>\n\n<div style=\"height:30px\" aria-hidden=\"true\" class=\"wp-block-spacer\"><\/div>\n\n<p><br\/><br\/> P<strong>ara recibir la versi\u00f3n digital GRATUITA:<\/strong> Escribe a: <a href=\"mailto:veniteevedrete@comunitamagnificat.org\">veniteevedrete@comunitamagnificat.org<\/a> especificando en el asunto del correo electr\u00f3nico: VEN Y VER\u00c1S EN FORMATO DIGITAL.<\/p>\n\n<div style=\"height:30px\" aria-hidden=\"true\" class=\"wp-block-spacer\"><\/div>\n\n<div class=\"wp-block-columns is-layout-flex wp-container-core-columns-is-layout-9d6595d7 wp-block-columns-is-layout-flex\">\n<div class=\"wp-block-column is-layout-flow wp-block-column-is-layout-flow\">\n<p><strong><em>Ven y ver\u00e1s<\/em> es una revista gratuita<\/strong>.<\/p>\n\n\n\n<p><br\/><br\/>Quienes lo deseen pueden hacer una ofrenda gratuita al siguiente IBAN a nombre de la Comunidad Magnificat: IT 49 S 02008 03039 000 102071988<\/p>\n<\/div>\n<\/div>\n\n<div style=\"height:30px\" aria-hidden=\"true\" class=\"wp-block-spacer\"><\/div>\n\n<p><br\/><br\/><br\/><br\/><br\/> S<strong>ecretar\u00eda y servicio de difusi\u00f3n:<\/strong> Secretar\u00eda General Comunidad Magnificat c\/o Complesso San Manno &#8211; Via Fra Giovanni da Pian di Carpine, 63 06127 PERUGIA Tel\/Fax 075 5057190 Mail: <a href=\"mailto:veniteevedrete@comunitamagnificat.org\">veniteevedrete@comunitamagnificat.org<\/a><\/p>\n\n<div style=\"height:50px\" aria-hidden=\"true\" class=\"wp-block-spacer\"><\/div>\n","protected":false},"excerpt":{"rendered":"<p>Ven y ver\u00e1spublicada por primera vez en 1982 con ocasi\u00f3n de una Conferencia de Animadores de RnS, es la revista de profundizaci\u00f3n y formaci\u00f3n que la Comunidad Magnificat, siguiendo una intuici\u00f3n prof\u00e9tica, ha producido ininterrumpidamente durante los \u00faltimos cuarenta a\u00f1os. Cada revista se abre con una oraci\u00f3n, contiene un art\u00edculo introductorio y luego, siguiendo un [&hellip;]<\/p>\n","protected":false},"author":1,"featured_media":15587,"parent":0,"menu_order":0,"comment_status":"closed","ping_status":"closed","template":"","meta":{"om_disable_all_campaigns":false,"_monsterinsights_skip_tracking":false,"_monsterinsights_sitenote_active":false,"_monsterinsights_sitenote_note":"","_monsterinsights_sitenote_category":0,"_uf_show_specific_survey":0,"_uf_disable_surveys":false,"footnotes":""},"class_list":["post-20580","page","type-page","status-publish","has-post-thumbnail","hentry"],"aioseo_notices":[],"_links":{"self":[{"href":"https:\/\/comunitamagnificat.org\/es\/wp-json\/wp\/v2\/pages\/20580","targetHints":{"allow":["GET"]}}],"collection":[{"href":"https:\/\/comunitamagnificat.org\/es\/wp-json\/wp\/v2\/pages"}],"about":[{"href":"https:\/\/comunitamagnificat.org\/es\/wp-json\/wp\/v2\/types\/page"}],"author":[{"embeddable":true,"href":"https:\/\/comunitamagnificat.org\/es\/wp-json\/wp\/v2\/users\/1"}],"replies":[{"embeddable":true,"href":"https:\/\/comunitamagnificat.org\/es\/wp-json\/wp\/v2\/comments?post=20580"}],"version-history":[{"count":1,"href":"https:\/\/comunitamagnificat.org\/es\/wp-json\/wp\/v2\/pages\/20580\/revisions"}],"predecessor-version":[{"id":20581,"href":"https:\/\/comunitamagnificat.org\/es\/wp-json\/wp\/v2\/pages\/20580\/revisions\/20581"}],"wp:featuredmedia":[{"embeddable":true,"href":"https:\/\/comunitamagnificat.org\/es\/wp-json\/wp\/v2\/media\/15587"}],"wp:attachment":[{"href":"https:\/\/comunitamagnificat.org\/es\/wp-json\/wp\/v2\/media?parent=20580"}],"curies":[{"name":"wp","href":"https:\/\/api.w.org\/{rel}","templated":true}]}}