{"id":20588,"date":"2024-08-23T10:05:40","date_gmt":"2024-08-23T08:05:40","guid":{"rendered":"https:\/\/comunitamagnificat.org\/publicaciones\/"},"modified":"2024-08-23T10:05:44","modified_gmt":"2024-08-23T08:05:44","slug":"publicaciones","status":"publish","type":"page","link":"https:\/\/comunitamagnificat.org\/es\/publicaciones\/","title":{"rendered":"Publicaciones"},"content":{"rendered":"\n<div class=\"wp-block-columns is-layout-flex wp-container-core-columns-is-layout-9d6595d7 wp-block-columns-is-layout-flex\">\n<div class=\"wp-block-column is-layout-flow wp-block-column-is-layout-flow\">\n<div style=\"height:30px\" aria-hidden=\"true\" class=\"wp-block-spacer\"><\/div>\n\n\n\n<div class=\"wp-block-columns is-layout-flex wp-container-core-columns-is-layout-9d6595d7 wp-block-columns-is-layout-flex\">\n<div class=\"wp-block-column is-layout-flow wp-block-column-is-layout-flow\">\n<p>Desde los primeros a\u00f1os de su historia, la Comunidad Magnificat tuvo un fuerte deseo de compartir lo que recib\u00eda en su experiencia espiritual con el mayor n\u00famero posible de personas.<\/p>\n\n\n\n<div style=\"height:30px\" aria-hidden=\"true\" class=\"wp-block-spacer\"><\/div>\n\n\n\n<p>As\u00ed comenz\u00f3 la publicaci\u00f3n de la hist\u00f3rica revista en 1982 <em><strong><a href=\"https:\/\/comunitamagnificat.org\/pubblicazioni-della-comunita\/venite-e-vedrete\/\" target=\"_blank\" rel=\"noopener\" title=\"\">Venid y Ver\u00e9is<\/a><\/strong><\/em>que, durante varios a\u00f1os, constituy\u00f3 un verdadero punto de referencia para las Comunidades Carism\u00e1ticas Cat\u00f3licas de Italia.<\/p>\n\n\n\n<div style=\"height:30px\" aria-hidden=\"true\" class=\"wp-block-spacer\"><\/div>\n\n\n\n<p>M\u00e1s recientemente, un peque\u00f1o <em><strong><a href=\"https:\/\/comunitamagnificat.org\/es\/publicaciones\/archivo-del-boletin\/\" target=\"_blank\" rel=\"noopener\" title=\"\">Bolet\u00edn informativo<\/a><\/strong><\/em>editado por los Directores Generales, publicado en cinco idiomas, con el t\u00edtulo en italiano <strong><em><a href=\"https:\/\/comunitamagnificat.org\/es\/publicaciones\/archivo-del-boletin\/\" target=\"_blank\" rel=\"noopener\" title=\"\">Con Jes\u00fas, sobre Jes\u00fas, \u00a1construir!<\/a><\/em><\/strong> que se distribuye ampliamente en la Comunidad en formato electr\u00f3nico, para compartir en primer lugar lo que reciben en la oraci\u00f3n del Se\u00f1or y para dar informaci\u00f3n esencial sobre la vida comunitaria.<\/p>\n\n\n\n<div style=\"height:30px\" aria-hidden=\"true\" class=\"wp-block-spacer\"><\/div>\n\n\n\n<p>En febrero de 2023, la sociedad an\u00f3nima \u00ab<a href=\"https:\/\/edizioni.comunitamagnificat.org\/\" target=\"_blank\" rel=\"noopener\" title=\"\"><strong><em>Ediciones Magnificat<\/em><\/strong><\/a>\u00ab, que publica -tanto en papel como en formato electr\u00f3nico- libros y cuadernos con textos breves y extensos sobre temas relacionados con la espiritualidad comunitaria, carism\u00e1tica y cristiana cat\u00f3lica en general.  <\/p>\n\n\n\n<div style=\"height:30px\" aria-hidden=\"true\" class=\"wp-block-spacer\"><\/div>\n\n\n\n<p>Adem\u00e1s de la producci\u00f3n escrita, la Comunidad public\u00f3 muchas de las <strong><em><a href=\"https:\/\/comunitamagnificat.org\/es\/publicaciones\/las-canciones\/\" target=\"_blank\" rel=\"noopener\" title=\"\">Cantos<\/a> <\/em><\/strong>que, en la oraci\u00f3n, el Se\u00f1or ha suscitado a trav\u00e9s de algunos hermanos y hermanas.\nEstos cantos, basados en su mayor\u00eda en pasajes de las Escrituras, se publicaron despu\u00e9s en varias colecciones para darles mayor difusi\u00f3n. <\/p>\n<\/div>\n<\/div>\n\n\n\n<div style=\"height:30px\" aria-hidden=\"true\" class=\"wp-block-spacer\"><\/div>\n\n\n\n<div class=\"wp-block-columns is-layout-flex wp-container-core-columns-is-layout-9d6595d7 wp-block-columns-is-layout-flex\">\n<div class=\"wp-block-column is-layout-flow wp-block-column-is-layout-flow\">\n<section id=\"magnificat-link-multipli-pagina-block_609a998eff12b\" class=\"wp-block-magnificat-link-multipli-pagina \">\n\n            \n        <picture><source type='image\/jpeg' srcset='https:\/\/comunitamagnificat.org\/wp-content\/uploads\/2021\/05\/Sfondo-pubblicazioni.jpg 1920w, https:\/\/comunitamagnificat.org\/wp-content\/uploads\/2021\/05\/Sfondo-pubblicazioni-300x105.jpg 300w, https:\/\/comunitamagnificat.org\/wp-content\/uploads\/2021\/05\/Sfondo-pubblicazioni-1024x357.jpg 1024w, https:\/\/comunitamagnificat.org\/wp-content\/uploads\/2021\/05\/Sfondo-pubblicazioni-768x268.jpg 768w, https:\/\/comunitamagnificat.org\/wp-content\/uploads\/2021\/05\/Sfondo-pubblicazioni-1536x536.jpg 1536w' sizes='(max-width: 1920px) 100vw, 1920px' \/><img loading=\"lazy\" decoding=\"async\" width=\"1920\" height=\"670\" src=\"https:\/\/comunitamagnificat.org\/wp-content\/uploads\/2021\/05\/Sfondo-pubblicazioni.jpg\" class=\"attachment-cover-parallax-background size-cover-parallax-background\" alt=\"\" tcimage-skip=\"true\"  sizes=\"auto, (max-width: 1920px) 100vw, 1920px\" \/><\/picture>        \n        \n            <div class=\"accordion-link-page\">\n                        \n            <div class=\"tab\">\n\n                    <input type=\"radio\" id=\"chck-1\"   name=\"rd\">\n                    <label class=\"tab-label\" for=\"chck-1\">Publicaciones<\/label>\n\n                <div class=\"content\">\n                                            <a href=\"https:\/\/comunitamagnificat.org\/es\/ven-a-ver\/\">\n                            Ven a ver                            <br \/>\n                            <span class=\"text\">ir a la p\u00e1gina<\/span>\n                        <\/a>\n                                            <a href=\"https:\/\/comunitamagnificat.org\/es\/publicaciones\/archivo-del-boletin\/\">\n                            Archivo del Bolet\u00edn                            <br \/>\n                            <span class=\"text\">ir a la p\u00e1gina<\/span>\n                        <\/a>\n                                            <a href=\"https:\/\/comunitamagnificat.org\/es\/publicaciones\/las-canciones\/\">\n                            Las canciones                            <br \/>\n                            <span class=\"text\">ir a la p\u00e1gina<\/span>\n                        <\/a>\n                                    <\/div>\n\n            <\/div>\n\n                    <\/div>\n    \n<\/section><\/div>\n<\/div>\n\n\n\n<div style=\"height:50px\" aria-hidden=\"true\" class=\"wp-block-spacer\"><\/div>\n\n\n\n<div style=\"height:50px\" aria-hidden=\"true\" class=\"wp-block-spacer\"><\/div>\n\n\n\n<p><\/p>\n<\/div>\n<\/div>\n\n<p><\/p>\n","protected":false},"excerpt":{"rendered":"<p>Desde los primeros a\u00f1os de su historia, la Comunidad Magnificat tuvo un fuerte deseo de compartir lo que recib\u00eda en su experiencia espiritual con el mayor n\u00famero posible de personas. As\u00ed comenz\u00f3 la publicaci\u00f3n de la hist\u00f3rica revista en 1982 Venid y Ver\u00e9isque, durante varios a\u00f1os, constituy\u00f3 un verdadero punto de referencia para las Comunidades [&hellip;]<\/p>\n","protected":false},"author":3,"featured_media":15595,"parent":0,"menu_order":0,"comment_status":"closed","ping_status":"closed","template":"","meta":{"om_disable_all_campaigns":false,"_monsterinsights_skip_tracking":false,"_monsterinsights_sitenote_active":false,"_monsterinsights_sitenote_note":"","_monsterinsights_sitenote_category":0,"_uf_show_specific_survey":0,"_uf_disable_surveys":false,"footnotes":""},"class_list":["post-20588","page","type-page","status-publish","has-post-thumbnail","hentry"],"aioseo_notices":[],"_links":{"self":[{"href":"https:\/\/comunitamagnificat.org\/es\/wp-json\/wp\/v2\/pages\/20588","targetHints":{"allow":["GET"]}}],"collection":[{"href":"https:\/\/comunitamagnificat.org\/es\/wp-json\/wp\/v2\/pages"}],"about":[{"href":"https:\/\/comunitamagnificat.org\/es\/wp-json\/wp\/v2\/types\/page"}],"author":[{"embeddable":true,"href":"https:\/\/comunitamagnificat.org\/es\/wp-json\/wp\/v2\/users\/3"}],"replies":[{"embeddable":true,"href":"https:\/\/comunitamagnificat.org\/es\/wp-json\/wp\/v2\/comments?post=20588"}],"version-history":[{"count":1,"href":"https:\/\/comunitamagnificat.org\/es\/wp-json\/wp\/v2\/pages\/20588\/revisions"}],"predecessor-version":[{"id":20589,"href":"https:\/\/comunitamagnificat.org\/es\/wp-json\/wp\/v2\/pages\/20588\/revisions\/20589"}],"wp:featuredmedia":[{"embeddable":true,"href":"https:\/\/comunitamagnificat.org\/es\/wp-json\/wp\/v2\/media\/15595"}],"wp:attachment":[{"href":"https:\/\/comunitamagnificat.org\/es\/wp-json\/wp\/v2\/media?parent=20588"}],"curies":[{"name":"wp","href":"https:\/\/api.w.org\/{rel}","templated":true}]}}