{"id":23795,"date":"2025-05-08T10:37:29","date_gmt":"2025-05-08T08:37:29","guid":{"rendered":"https:\/\/comunitamagnificat.org\/citas-casa-tabor\/"},"modified":"2026-01-21T17:33:08","modified_gmt":"2026-01-21T16:33:08","slug":"citas-casa-tabor","status":"publish","type":"page","link":"https:\/\/comunitamagnificat.org\/es\/citas-casa-tabor\/","title":{"rendered":"Casa de Oraci\u00f3n Tabor"},"content":{"rendered":"\n<section id=\"magnificat-wide-full-img-text-block_6067a4c199f77\" class=\"wp-block-magnificat-wide-full-img-text 1\">\n    <div class=\"img\">\n        <picture><source type='image\/jpeg' srcset='https:\/\/comunitamagnificat.org\/wp-content\/uploads\/2026\/01\/casa-tabor.jpg 1600w, https:\/\/comunitamagnificat.org\/wp-content\/uploads\/2026\/01\/casa-tabor-300x226.jpg 300w, https:\/\/comunitamagnificat.org\/wp-content\/uploads\/2026\/01\/casa-tabor-1024x771.jpg 1024w, https:\/\/comunitamagnificat.org\/wp-content\/uploads\/2026\/01\/casa-tabor-768x578.jpg 768w, https:\/\/comunitamagnificat.org\/wp-content\/uploads\/2026\/01\/casa-tabor-1536x1156.jpg 1536w' sizes='(max-width: 1600px) 100vw, 1600px' \/><img loading=\"lazy\" decoding=\"async\" width=\"1600\" height=\"1204\" src=\"https:\/\/comunitamagnificat.org\/wp-content\/uploads\/2026\/01\/casa-tabor.jpg\" class=\"attachment-full size-full\" alt=\"\" tcimage-skip=\"true\"  sizes=\"auto, (max-width: 1600px) 100vw, 1600px\" \/><\/picture>    <\/div>\n    <div class=\"text\">\n        <h2><\/h2>\n        <h1><\/h1>\n        <p class=\"focus\"><\/p>\n        <p><em>\u00abMi casa ser\u00e1 llamada casa de oraci\u00f3n para todos los pueblos<\/em>\u00bb (Is 56,7).<\/p>\n<p data-path-to-node=\"1\"><b data-path-to-node=\"1\" data-index-in-node=\"0\">Casa Tabor<\/b> es una <b data-path-to-node=\"1\" data-index-in-node=\"17\">casa de oraci\u00f3n<\/b>, no para uso exclusivo de la Comunidad Magnificat, sino <b data-path-to-node=\"1\" data-index-in-node=\"87\">abierta a todos<\/b>. Pretende ser una oportunidad para cualquiera que desee profundizar en su <b data-path-to-node=\"1\" data-index-in-node=\"180\">experiencia de Dios<\/b>.<\/p>\n<p data-path-to-node=\"2\">En este sentido, gran parte de las actividades de la Casa han pasado a formar parte de la <b data-path-to-node=\"2\" data-index-in-node=\"99\">propuesta de formaci\u00f3n de la di\u00f3cesis de Perusa<\/b>, y el obispo ha nombrado un <b data-path-to-node=\"2\" data-index-in-node=\"172\">asistente<\/b> espiritual, reconoci\u00e9ndola as\u00ed como una <b data-path-to-node=\"2\" data-index-in-node=\"224\">estructura de formaci\u00f3n<\/b> tambi\u00e9n al servicio de la di\u00f3cesis, aunque manteniendo su plena autonom\u00eda.<\/p>\n        <div class=\"wp-block-buttons\">\n                <\/div>\n    <\/div>\n<\/section>\n\n<p>La Casa ofrece diversas actividades:<\/p>\n\n<ul class=\"wp-block-list\">\n<li>RETIROS <strong>ESPIRITUALES <\/strong><br\/>Los retiros, que suelen durar un fin de semana, se desarrollan en un ambiente fraterno y con momentos distendidos para descansar en el Se\u00f1or y crecer en comuni\u00f3n con \u00e9l y con los hermanos. Incluyen momentos de oraci\u00f3n lit\u00fargica (liturgia de las horas y celebraci\u00f3n eucar\u00edstica), momentos de adoraci\u00f3n, amplio tiempo de silencio para la oraci\u00f3n personal, catequesis, compartir, junto con momentos de convivencia. Para participar se requiere una asistencia continuada, aunque no sea residencial.    <\/li>\n\n\n\n<li>REUNIONES <strong>PARA MATRIMONIOS Y PAREJAS<\/strong><br\/>Algunas reuniones se dirigen espec\u00edficamente a las parejas para ayudarles a vivir plenamente su vocaci\u00f3n matrimonial.  <\/li>\n\n\n\n<li>ENCUENTROS DE <strong>SANACI\u00d3N<\/strong><br\/>Seg\u00fan la espiritualidad t\u00edpica de la Renovaci\u00f3n Carism\u00e1tica y de la Comunidad Magnificat, la Casa ofrece encuentros de sanaci\u00f3n interior.<\/li>\n\n\n\n<li><strong>CURSOS<\/strong> DE FORMACI\u00d3N<br\/>La Casa ofrece sesiones de formaci\u00f3n de uno o varios d\u00edas sobre diversos temas espirituales.<\/li>\n\n\n\n<li><strong>JORNADAS DE TRABAJO Y ORACI\u00d3N <\/strong><br\/>A lo largo del a\u00f1o se proponen jornadas de trabajo, como la recogida de la aceituna o el trabajo para la propia Casa, ritmadas por la oraci\u00f3n.<\/li>\n\n\n\n<li><strong>CATEQUESIS<\/strong><br\/>En ocasiones particulares, sobre todo en tiempos fuertes, la Casa ofrece catequesis individuales o m\u00faltiples.<\/li>\n\n\n\n<li><strong>D\u00cdAS DE FRATERNIDAD<\/strong><br\/>La Casa propone, en d\u00edas especiales, momentos de celebraci\u00f3n y fraternidad, como en Nochevieja y la Transfiguraci\u00f3n, la fiesta de la Casa.<\/li>\n<\/ul>\n\n<div style=\"height:100px\" aria-hidden=\"true\" class=\"wp-block-spacer\"><\/div>\n\n<div class=\"wp-block-columns is-layout-flex wp-container-core-columns-is-layout-9d6595d7 wp-block-columns-is-layout-flex\">\n<div class=\"wp-block-column is-layout-flow wp-block-column-is-layout-flow\">\n<figure class=\"wp-block-image size-large\"><a href=\"https:\/\/comunitamagnificat.org\/wp-content\/uploads\/2026\/01\/WhatsApp-Image-2026-01-21-at-16.57.47-724x1024.jpeg\"><picture data-lightbox=\"https:\/\/comunitamagnificat.org\/wp-content\/uploads\/2026\/01\/WhatsApp-Image-2026-01-21-at-16.57.47.jpeg\"><source type='image\/jpeg' srcset='https:\/\/comunitamagnificat.org\/wp-content\/uploads\/2026\/01\/WhatsApp-Image-2026-01-21-at-16.57.47.jpeg 842w, https:\/\/comunitamagnificat.org\/wp-content\/uploads\/2026\/01\/WhatsApp-Image-2026-01-21-at-16.57.47-212x300.jpeg 212w, https:\/\/comunitamagnificat.org\/wp-content\/uploads\/2026\/01\/WhatsApp-Image-2026-01-21-at-16.57.47-724x1024.jpeg 724w, https:\/\/comunitamagnificat.org\/wp-content\/uploads\/2026\/01\/WhatsApp-Image-2026-01-21-at-16.57.47-768x1086.jpeg 768w' sizes='(max-width: 842px) 100vw, 842px' \/><img loading=\"lazy\" decoding=\"async\" width=\"724\" height=\"1024\" src=\"https:\/\/comunitamagnificat.org\/wp-content\/uploads\/2026\/01\/WhatsApp-Image-2026-01-21-at-16.57.47-724x1024.jpeg\" alt=\"\" class=\"wp-image-26729\"\/><\/picture><\/a><\/figure>\n<\/div>\n\n\n\n<div class=\"wp-block-column is-layout-flow wp-block-column-is-layout-flow\">\n<p>En las distintas reuniones que se ofrecen, se invita a los participantes a vivir como miembros de la Casa, compartiendo el servicio de mesa y la limpieza del refectorio y la vajilla, en un ambiente familiar.  <\/p>\n\n\n\n<p>La Casa dispone de entre diez y veinte camas, dependiendo de si puedes alojarte en una habitaci\u00f3n doble o no.  <\/p>\n\n\n\n<p>Para todos los eventos no hay cuota de participaci\u00f3n, pero s\u00ed una oferta gratuita para los gastos de la casa.<\/p>\n\n\n\n<p>Adem\u00e1s de lo anterior, <strong>EN LOS PER\u00cdODOS EN QUE LA CASA EST\u00c1 HABITADA PERMANENTEMENTE<\/strong>, se ofrecen otras oportunidades abiertas a todos:<\/p>\n\n\n\n<ul class=\"wp-block-list\">\n<li><strong>la celebraci\u00f3n de Laudes, Rosario y V\u00edsperas<\/strong> (estas \u00faltimas a menudo incluidas en la Misa) en momentos espec\u00edficos.<\/li>\n<\/ul>\n\n\n\n<ul class=\"wp-block-list\">\n<li><strong>la posibilidad de acceder a la capilla de la casa<\/strong> a cualquier hora del d\u00eda para la oraci\u00f3n personal.<\/li>\n<\/ul>\n\n\n\n<ul class=\"wp-block-list\">\n<li><strong>la posibilidad de hacer un retiro por cuenta propia<\/strong>, incluso de varios d\u00edas, mientras se reside en la Casa.<\/li>\n<\/ul>\n\n\n\n<ul class=\"wp-block-list\">\n<li><strong>la posibilidad de tener a alguien disponible<\/strong> para hablar y rezar.  <\/li>\n<\/ul>\n<\/div>\n<\/div>\n","protected":false},"excerpt":{"rendered":"<p>La Casa ofrece diversas actividades: En las distintas reuniones que se ofrecen, se invita a los participantes a vivir como miembros de la Casa, compartiendo el servicio de mesa y la limpieza del refectorio y la vajilla, en un ambiente familiar. La Casa dispone de entre diez y veinte camas, dependiendo de si puedes alojarte [&hellip;]<\/p>\n","protected":false},"author":2,"featured_media":24741,"parent":0,"menu_order":0,"comment_status":"closed","ping_status":"closed","template":"templates\/casa-tabor.php","meta":{"om_disable_all_campaigns":false,"_monsterinsights_skip_tracking":false,"_monsterinsights_sitenote_active":false,"_monsterinsights_sitenote_note":"","_monsterinsights_sitenote_category":0,"_uf_show_specific_survey":0,"_uf_disable_surveys":false,"footnotes":""},"class_list":["post-23795","page","type-page","status-publish","has-post-thumbnail","hentry"],"aioseo_notices":[],"_links":{"self":[{"href":"https:\/\/comunitamagnificat.org\/es\/wp-json\/wp\/v2\/pages\/23795","targetHints":{"allow":["GET"]}}],"collection":[{"href":"https:\/\/comunitamagnificat.org\/es\/wp-json\/wp\/v2\/pages"}],"about":[{"href":"https:\/\/comunitamagnificat.org\/es\/wp-json\/wp\/v2\/types\/page"}],"author":[{"embeddable":true,"href":"https:\/\/comunitamagnificat.org\/es\/wp-json\/wp\/v2\/users\/2"}],"replies":[{"embeddable":true,"href":"https:\/\/comunitamagnificat.org\/es\/wp-json\/wp\/v2\/comments?post=23795"}],"version-history":[{"count":18,"href":"https:\/\/comunitamagnificat.org\/es\/wp-json\/wp\/v2\/pages\/23795\/revisions"}],"predecessor-version":[{"id":26736,"href":"https:\/\/comunitamagnificat.org\/es\/wp-json\/wp\/v2\/pages\/23795\/revisions\/26736"}],"wp:featuredmedia":[{"embeddable":true,"href":"https:\/\/comunitamagnificat.org\/es\/wp-json\/wp\/v2\/media\/24741"}],"wp:attachment":[{"href":"https:\/\/comunitamagnificat.org\/es\/wp-json\/wp\/v2\/media?parent=23795"}],"curies":[{"name":"wp","href":"https:\/\/api.w.org\/{rel}","templated":true}]}}