{"id":25013,"date":"2025-09-23T23:45:41","date_gmt":"2025-09-23T21:45:41","guid":{"rendered":"https:\/\/comunitamagnificat.org\/formacion-de-acompanamiento\/"},"modified":"2025-09-23T23:46:12","modified_gmt":"2025-09-23T21:46:12","slug":"formacion-de-acompanamiento","status":"publish","type":"page","link":"https:\/\/comunitamagnificat.org\/es\/formacion-de-acompanamiento\/","title":{"rendered":"Formaci\u00f3n de acompa\u00f1amiento"},"content":{"rendered":"\n<div class=\"wp-block-columns is-layout-flex wp-container-core-columns-is-layout-9d6595d7 wp-block-columns-is-layout-flex\">\n<div class=\"wp-block-column is-layout-flow wp-block-column-is-layout-flow\" style=\"flex-basis:33.33%\">\n<div style=\"height:30px\" aria-hidden=\"true\" class=\"wp-block-spacer\"><\/div>\n\n\n\n<figure class=\"wp-block-image size-large\"><picture data-lightbox=\"https:\/\/comunitamagnificat.org\/wp-content\/uploads\/2025\/09\/Formazione-accompagnamento.jpg\"><source type='image\/jpeg' srcset='https:\/\/comunitamagnificat.org\/wp-content\/uploads\/2025\/09\/Formazione-accompagnamento.jpg 1131w, https:\/\/comunitamagnificat.org\/wp-content\/uploads\/2025\/09\/Formazione-accompagnamento-212x300.jpg 212w, https:\/\/comunitamagnificat.org\/wp-content\/uploads\/2025\/09\/Formazione-accompagnamento-724x1024.jpg 724w, https:\/\/comunitamagnificat.org\/wp-content\/uploads\/2025\/09\/Formazione-accompagnamento-768x1086.jpg 768w, https:\/\/comunitamagnificat.org\/wp-content\/uploads\/2025\/09\/Formazione-accompagnamento-1086x1536.jpg 1086w' sizes='(max-width: 1131px) 100vw, 1131px' \/><img loading=\"lazy\" decoding=\"async\" width=\"724\" height=\"1024\" src=\"https:\/\/comunitamagnificat.org\/wp-content\/uploads\/2025\/09\/Formazione-accompagnamento-724x1024.jpg\" alt=\"\" class=\"wp-image-24996\"\/><\/picture><\/figure>\n<\/div>\n\n\n\n<div class=\"wp-block-column is-layout-flow wp-block-column-is-layout-flow\" style=\"flex-basis:66.66%\">\n<div style=\"height:30px\" aria-hidden=\"true\" class=\"wp-block-spacer\"><\/div>\n\n\n\n<p>Del 26 al 28 de septiembre en Montesilvano (Pe), la Comunidad Magnificat se prepara para vivir otro importante encuentro: un <strong>seminario de formaci\u00f3n<\/strong> sobre<em><strong>Acompa\u00f1amiento Espiritual<\/strong><\/em>. El acompa\u00f1amiento es una de las caracter\u00edsticas de la espiritualidad de la Comunidad (para saber m\u00e1s <a href=\"https:\/\/comunitamagnificat.org\/es\/acompanamiento-espiritual\/\" target=\"_blank\" rel=\"noopener\" title=\"\"><strong>https:\/\/comunitamagnificat.org\/accompagnamento-spirituale\/<\/strong><\/a>) <\/p>\n\n\n\n<div style=\"height:30px\" aria-hidden=\"true\" class=\"wp-block-spacer\"><\/div>\n\n\n\n<p>El ponente ser\u00e1 <strong>el P. Giuseppe Forlai<\/strong>, ermita\u00f1o de la di\u00f3cesis de Roma desde 2021, <strong>director espiritual del <em>Pontificio Seminario Mayor Romano<\/em><\/strong> desde 2021 y autor, entre otros, del libro  <em>La Comunidad del Esp\u00edritu. Introducci\u00f3n a la pr\u00e1ctica de la direcci\u00f3n espiritual <\/em>, Ediciones Sao Paulo, 2020.<\/p>\n\n\n\n<div style=\"height:30px\" aria-hidden=\"true\" class=\"wp-block-spacer\"><\/div>\n\n\n\n<p>Tres d\u00edas intensos para los aproximadamente <strong>300 participantes<\/strong>, de los cuales unos 150 presenciales y otros tantos conectados v\u00eda <em>web<\/em> desde sus propias fraternidades. Un <em>fin de semana<\/em> en el que se alternar\u00e1n momentos de oraci\u00f3n, catequesis y compartir, ayudando a acompa\u00f1antes y acompa\u00f1ados a <strong>crecer en el arte del acompa\u00f1amiento<\/strong>. <\/p>\n\n\n\n<div style=\"height:30px\" aria-hidden=\"true\" class=\"wp-block-spacer\"><\/div>\n\n\n\n<p>\ud835\udddc\ud835\uddfb\ud835\ude03\ud835\uddfc\ud835\uddf0\ud835\uddf5\ud835\uddf6\ud835\uddee\ud835\uddfa\ud835\uddfc \ud835\uddf6\ud835\uddfb\ud835\ude00\ud835\uddf6\ud835\uddf2\ud835\uddfa\ud835\uddf2 \ud835\uddf9\ud835\uddfc \ud835\udde6\ud835\uddfd\ud835\uddf6\ud835\uddff\ud835\uddf6\ud835\ude01\ud835\uddfc \ud835\udde6\ud835\uddee\ud835\uddfb\ud835\ude01\ud835\uddfc, \u00a1para que su luz ilumine a todos los participantes!<\/p>\n<\/div>\n<\/div>\n\n<div style=\"height:50px\" aria-hidden=\"true\" class=\"wp-block-spacer\"><\/div>\n","protected":false},"excerpt":{"rendered":"<p>Del 26 al 28 de septiembre en Montesilvano (Pe), la Comunidad Magnificat se prepara para vivir otro importante encuentro: un seminario de formaci\u00f3n sobreAcompa\u00f1amiento Espiritual. El acompa\u00f1amiento es una de las caracter\u00edsticas de la espiritualidad de la Comunidad (para saber m\u00e1s https:\/\/comunitamagnificat.org\/accompagnamento-spirituale\/) El ponente ser\u00e1 el P. Giuseppe Forlai, ermita\u00f1o de la di\u00f3cesis de Roma [&hellip;]<\/p>\n","protected":false},"author":3,"featured_media":25004,"parent":0,"menu_order":0,"comment_status":"closed","ping_status":"closed","template":"","meta":{"om_disable_all_campaigns":false,"_monsterinsights_skip_tracking":false,"_monsterinsights_sitenote_active":false,"_monsterinsights_sitenote_note":"","_monsterinsights_sitenote_category":0,"_uf_show_specific_survey":0,"_uf_disable_surveys":false,"footnotes":""},"class_list":["post-25013","page","type-page","status-publish","has-post-thumbnail","hentry"],"aioseo_notices":[],"_links":{"self":[{"href":"https:\/\/comunitamagnificat.org\/es\/wp-json\/wp\/v2\/pages\/25013","targetHints":{"allow":["GET"]}}],"collection":[{"href":"https:\/\/comunitamagnificat.org\/es\/wp-json\/wp\/v2\/pages"}],"about":[{"href":"https:\/\/comunitamagnificat.org\/es\/wp-json\/wp\/v2\/types\/page"}],"author":[{"embeddable":true,"href":"https:\/\/comunitamagnificat.org\/es\/wp-json\/wp\/v2\/users\/3"}],"replies":[{"embeddable":true,"href":"https:\/\/comunitamagnificat.org\/es\/wp-json\/wp\/v2\/comments?post=25013"}],"version-history":[{"count":2,"href":"https:\/\/comunitamagnificat.org\/es\/wp-json\/wp\/v2\/pages\/25013\/revisions"}],"predecessor-version":[{"id":25020,"href":"https:\/\/comunitamagnificat.org\/es\/wp-json\/wp\/v2\/pages\/25013\/revisions\/25020"}],"wp:featuredmedia":[{"embeddable":true,"href":"https:\/\/comunitamagnificat.org\/es\/wp-json\/wp\/v2\/media\/25004"}],"wp:attachment":[{"href":"https:\/\/comunitamagnificat.org\/es\/wp-json\/wp\/v2\/media?parent=25013"}],"curies":[{"name":"wp","href":"https:\/\/api.w.org\/{rel}","templated":true}]}}