{"id":27229,"date":"2026-02-21T18:32:29","date_gmt":"2026-02-21T17:32:29","guid":{"rendered":"https:\/\/comunitamagnificat.org\/estructura\/directores-generales\/"},"modified":"2026-02-21T22:48:07","modified_gmt":"2026-02-21T21:48:07","slug":"directores-generales","status":"publish","type":"page","link":"https:\/\/comunitamagnificat.org\/es\/estructura\/directores-generales\/","title":{"rendered":"Directores Generales"},"content":{"rendered":"\n<div class=\"wp-block-columns is-layout-flex wp-container-core-columns-is-layout-9d6595d7 wp-block-columns-is-layout-flex\">\n<div class=\"wp-block-column is-layout-flow wp-block-column-is-layout-flow\">\n<blockquote class=\"wp-block-quote is-layout-flow wp-block-quote-is-layout-flow\">\n<p><em><strong>Os dar\u00e9 pastores seg\u00fan mi coraz\u00f3n<\/strong><\/em><br\/><em><strong>que os guiar\u00e1n con conocimiento e inteligencia<\/strong><\/em><\/p>\n<cite><em>Jerem\u00edas<\/em> 3, 15<\/cite><\/blockquote>\n\n\n\n<div style=\"height:30px\" aria-hidden=\"true\" class=\"wp-block-spacer\"><\/div>\n\n\n\n<p>La Comunidad Magnificat est\u00e1 dirigida por <strong><em>Directores Generales<\/em><\/strong> elegidos, que representan el gobierno colegiado de toda la comunidad.<\/p>\n\n\n\n<div style=\"height:30px\" aria-hidden=\"true\" class=\"wp-block-spacer\"><\/div>\n\n\n\n<p>A continuaci\u00f3n figuran los nombres de los hermanos y hermanas que han desempe\u00f1ado este cargo desde 1991, con la fecha de su elecci\u00f3n.<\/p>\n\n\n\n<div style=\"height:30px\" aria-hidden=\"true\" class=\"wp-block-spacer\"><\/div>\n\n\n\n<p><strong>13 de octubre de 1991<\/strong><br\/>Antonio Vella, Oreste Pesare, Stefano Bagianti, Tarcisio Mezzetti (1931-2016)<\/p>\n\n\n\n<div style=\"height:30px\" aria-hidden=\"true\" class=\"wp-block-spacer\"><\/div>\n\n\n\n<p><br\/>1<strong>7 de diciembre de 1995<\/strong> Oreste Pesare (presidente), Daniele Mezzetti, Giancarlo Giordano, Luigi Montesi, Simona Manzoni<\/p>\n\n\n\n<div style=\"height:30px\" aria-hidden=\"true\" class=\"wp-block-spacer\"><\/div>\n\n\n\n<p><br\/>1<strong>4 de diciembre de 1997<\/strong> Oreste Pesare (presidente), Daniele Mezzetti, Luigi Montesi, Massimo Roscini, Stefano Ragnacci<\/p>\n\n\n\n<div style=\"height:30px\" aria-hidden=\"true\" class=\"wp-block-spacer\"><\/div>\n\n\n\n<p><br\/>1<strong>0 de septiembre de 2000<\/strong> Oreste Pesare (presidente) Corrado Di Gennaro, Luigi Montesi, Massimo Roscini, Paolo Bartoccini<\/p>\n\n\n\n<div style=\"height:30px\" aria-hidden=\"true\" class=\"wp-block-spacer\"><\/div>\n\n\n\n<p><br\/>6 <strong>de marzo de 2004<\/strong> Stefano Ragnacci (moderador), Susanna Bettelli, Daniele Mezzetti<\/p>\n\n\n\n<div style=\"height:30px\" aria-hidden=\"true\" class=\"wp-block-spacer\"><\/div>\n\n\n\n<p><br\/>4 <strong>de marzo de 2007<\/strong> Stefano Ragnacci (moderador), Lorenza Alessandri, Massimo Roscini, Oreste Pesare, Susanna Bettelli<\/p>\n\n\n\n<div style=\"height:30px\" aria-hidden=\"true\" class=\"wp-block-spacer\"><\/div>\n\n\n\n<p><br\/>2<strong>1 de marzo de 2010<\/strong> Massimo Roscini (moderador), Anna Maria Alunni, Giuseppe Piegai, Oreste Pesare, Paolo Bartoccini<\/p>\n\n\n\n<div style=\"height:30px\" aria-hidden=\"true\" class=\"wp-block-spacer\"><\/div>\n\n\n\n<p><br\/>1<strong>0 de marzo de 2013<\/strong> Daniele Mezzetti (moderador), Andrea Orsini, Francesco Fressoia, Michele Rossetti, Paolo Bartoccini<\/p>\n\n\n\n<div style=\"height:30px\" aria-hidden=\"true\" class=\"wp-block-spacer\"><\/div>\n\n\n\n<p><br\/>2<strong>0 de marzo de 2016<\/strong> Daniele Mezzetti (moderador), Andrea Orsini, Giuseppe Piegai, Michele Rossetti, Teresa Ciociola<\/p>\n\n\n\n<div style=\"height:30px\" aria-hidden=\"true\" class=\"wp-block-spacer\"><\/div>\n\n\n\n<p><br\/>1<strong>0 de febrero de 2019<\/strong> Stefano Ragnacci (moderador), Maria Rita Castellani, Giuseppe Piegai, Teresa Ciociola, Vincenzo Genovese<\/p>\n\n\n\n<div style=\"height:30px\" aria-hidden=\"true\" class=\"wp-block-spacer\"><\/div>\n\n\n\n<p><br\/>1<strong>3 de febrero de 2022<\/strong> Maria Rita Castellani (moderadora), Andrea Orsini, Alessandra Maria Pauluzzi, Michele Rossetti, Angelo Spicuglia<\/p>\n\n\n\n<div style=\"height:30px\" aria-hidden=\"true\" class=\"wp-block-spacer\"><\/div>\n\n\n\n<p><strong>4 de enero de 2025<\/strong><br\/>Alessandra Maria Pauluzzi (moderadora), Agneza \u021a\u00eempu, Angelo Spicuglia, Federico Luisi, Giacomo Lancini<\/p>\n\n\n\n<div style=\"height:70px\" aria-hidden=\"true\" class=\"wp-block-spacer\"><\/div>\n\n\n\n<p>Los Directores Generales contaron con el apoyo de varios sacerdotes como <strong><em>Consejeros Espirituales Generales<\/em><\/strong> de la Comunidad que se han ido sucediendo a lo largo del tiempo:<\/p>\n\n\n\n<div style=\"height:30px\" aria-hidden=\"true\" class=\"wp-block-spacer\"><\/div>\n\n\n\n<p><strong>1995-1997<\/strong>: P. Gernaldo Conti (1942-2025)<\/p>\n\n\n\n<div style=\"height:30px\" aria-hidden=\"true\" class=\"wp-block-spacer\"><\/div>\n\n\n\n<p><strong>1997-2016<\/strong>: Don Luca Bartoccini<\/p>\n\n\n\n<div style=\"height:30px\" aria-hidden=\"true\" class=\"wp-block-spacer\"><\/div>\n\n\n\n<p><strong>2016-2025<\/strong>: Padre Victor-Emilian Dumitrescu<\/p>\n\n\n\n<div style=\"height:30px\" aria-hidden=\"true\" class=\"wp-block-spacer\"><\/div>\n\n\n\n<p><strong>2025-2028<\/strong>: Padre Anton Bulai ofmconv<\/p>\n\n\n\n<div style=\"height:50px\" aria-hidden=\"true\" class=\"wp-block-spacer\"><\/div>\n<\/div>\n<\/div>\n","protected":false},"excerpt":{"rendered":"<p>Os dar\u00e9 pastores seg\u00fan mi coraz\u00f3nque os guiar\u00e1n con conocimiento e inteligencia La Comunidad Magnificat est\u00e1 dirigida por Directores Generales elegidos, que representan el gobierno colegiado de toda la comunidad. A continuaci\u00f3n figuran los nombres de los hermanos y hermanas que han desempe\u00f1ado este cargo desde 1991, con la fecha de su elecci\u00f3n. 13 de [&hellip;]<\/p>\n","protected":false},"author":3,"featured_media":27221,"parent":19372,"menu_order":0,"comment_status":"closed","ping_status":"closed","template":"","meta":{"om_disable_all_campaigns":false,"_monsterinsights_skip_tracking":false,"_monsterinsights_sitenote_active":false,"_monsterinsights_sitenote_note":"","_monsterinsights_sitenote_category":0,"_uf_show_specific_survey":0,"_uf_disable_surveys":false,"footnotes":""},"class_list":["post-27229","page","type-page","status-publish","has-post-thumbnail","hentry"],"aioseo_notices":[],"_links":{"self":[{"href":"https:\/\/comunitamagnificat.org\/es\/wp-json\/wp\/v2\/pages\/27229","targetHints":{"allow":["GET"]}}],"collection":[{"href":"https:\/\/comunitamagnificat.org\/es\/wp-json\/wp\/v2\/pages"}],"about":[{"href":"https:\/\/comunitamagnificat.org\/es\/wp-json\/wp\/v2\/types\/page"}],"author":[{"embeddable":true,"href":"https:\/\/comunitamagnificat.org\/es\/wp-json\/wp\/v2\/users\/3"}],"replies":[{"embeddable":true,"href":"https:\/\/comunitamagnificat.org\/es\/wp-json\/wp\/v2\/comments?post=27229"}],"version-history":[{"count":4,"href":"https:\/\/comunitamagnificat.org\/es\/wp-json\/wp\/v2\/pages\/27229\/revisions"}],"predecessor-version":[{"id":27257,"href":"https:\/\/comunitamagnificat.org\/es\/wp-json\/wp\/v2\/pages\/27229\/revisions\/27257"}],"up":[{"embeddable":true,"href":"https:\/\/comunitamagnificat.org\/es\/wp-json\/wp\/v2\/pages\/19372"}],"wp:featuredmedia":[{"embeddable":true,"href":"https:\/\/comunitamagnificat.org\/es\/wp-json\/wp\/v2\/media\/27221"}],"wp:attachment":[{"href":"https:\/\/comunitamagnificat.org\/es\/wp-json\/wp\/v2\/media?parent=27229"}],"curies":[{"name":"wp","href":"https:\/\/api.w.org\/{rel}","templated":true}]}}