{"id":18387,"date":"2024-08-22T17:23:13","date_gmt":"2024-08-22T15:23:13","guid":{"rendered":"https:\/\/comunitamagnificat.org\/tarcisio-mezzetti\/"},"modified":"2026-02-08T09:28:55","modified_gmt":"2026-02-08T08:28:55","slug":"tarcisio-mezzetti","status":"publish","type":"page","link":"https:\/\/comunitamagnificat.org\/ro\/tarcisio-mezzetti\/","title":{"rendered":"Tarcisio Mezzetti"},"content":{"rendered":"\n<div style=\"height:30px\" aria-hidden=\"true\" class=\"wp-block-spacer\"><\/div>\n\n<blockquote class=\"wp-block-quote is-layout-flow wp-block-quote-is-layout-flow\">\n<p><strong><em>Iat\u0103, eu [\u00eenchei]<\/em><\/strong> <strong><em>alian\u0163a mea cu tine:<\/em><\/strong> <strong><em>vei fi tat\u0103l<\/em><\/strong> <strong><em>unei mul\u0163imi de popoare<\/em><\/strong><\/p>\n<cite><em>Geneza<\/em> 17:4<\/cite><\/blockquote>\n\n<div style=\"height:30px\" aria-hidden=\"true\" class=\"wp-block-spacer\"><\/div>\n\n<p><strong>Tarcisio Mezzetti<\/strong> a fost de la \u00eenceput <strong>cel mai cunoscut \u0219i cel mai activ membru<\/strong>, at\u00e2t pentru rolurile pe care le-a jucat \u00een cadrul Comunit\u0103\u021bii \u0219i al <em>Re\u00eennoirii \u00een Spirit<\/em>, c\u00e2t \u0219i &#8211; mai ales &#8211; pentru activitatea sa neobosit\u0103 de <strong>evanghelizator<\/strong>, de <strong>promotor al vie\u021bii comunitare<\/strong> \u0219i, \u00een special, pentru experien\u021ba <strong><em>seminarelor de vindecare<\/em><\/strong> desf\u0103\u0219urate timp de mul\u021bi ani, \u00een toat\u0103 Italia \u0219i la care au participat un num\u0103r mare de persoane.<\/p>\n\n<p>Lui i-a \u00eencredin\u021bat Domnul profe\u021biile fondatoare ale comunit\u0103\u021bii, de la &#8222;<strong><em><u><a href=\"https:\/\/comunitamagnificat.org\/ro\/cu-isus-pe-isus-construim\/\" target=\"_blank\" rel=\"noopener\" title=\"\">Cu Isus, pe Isus, construi\u021bi!<\/a><\/u><\/em><\/strong>&#8221; p\u00e2n\u0103 la &#8222;<strong><em><u><a href=\"https:\/\/comunitamagnificat.org\/ro\/patru-promisiuni\/\" target=\"_blank\" rel=\"noopener\" title=\"\">Patru promisiuni<\/a><\/u><\/em><\/strong>&#8222;.<\/p>\n\n<div style=\"height:30px\" aria-hidden=\"true\" class=\"wp-block-spacer\"><\/div>\n\n<p><strong>\u00cen ianuarie 2026<\/strong>, Adunarea General\u0103 a Comunit\u0103\u021bii Magnificat a decis s\u0103 fac\u0103 demersurile necesare \u00een vederea \u00eenceperii<em>procesului<\/em> canonic pentru <strong>cauza de beatificare<\/strong> a lui Tarcisio la Autoritatea Ecleziastic\u0103 competent\u0103, conform normelor Bisericii.<\/p>\n\n<div style=\"height:30px\" aria-hidden=\"true\" class=\"wp-block-spacer\"><\/div>\n\n<p>Un site web adun\u0103 m\u0103rturii despre via\u021ba sa: <a href=\"https:\/\/tarcisiomezzetti.net\"><strong>https:\/\/tarcisiomezzetti.net<\/strong><\/a>. Acolo ve\u021bi g\u0103si o referin\u021b\u0103 la un e-mail la care pute\u021bi trimite altele noi: <a href=\"mailto:testimonianzepertarcisio@comunitamagnificat.org\"><strong>testimonianzepertarcisio@comunitamagnificat.org<\/strong><\/a>.<\/p>\n\n<div style=\"height:30px\" aria-hidden=\"true\" class=\"wp-block-spacer\"><\/div>\n\n<p><strong>Un portret al s\u0103u<\/strong> poate fi g\u0103sit \u00een paginile acestui document:<\/p>\n\n<div style=\"height:30px\" aria-hidden=\"true\" class=\"wp-block-spacer\"><\/div>\n\n<div data-wp-interactive=\"core\/file\" class=\"wp-block-file\"><object data-wp-bind--hidden=\"!state.hasPdfPreview\" hidden class=\"wp-block-file__embed\" data=\"https:\/\/comunitamagnificat.org\/wp-content\/uploads\/2021\/04\/Tarcisio-Mezzetti-Venite-e-Vedrete-2016-I.pdf\" type=\"application\/pdf\" style=\"width:100%;height:600px\" aria-label=\"\u00cenglobare pentru Tarcisio-Mezzetti-Venite-e-Vedrete-2016-I.\"><\/object><a id=\"wp-block-file--media-e2b35401-f4ce-4acb-847e-6e69563c60f2\" href=\"https:\/\/comunitamagnificat.org\/wp-content\/uploads\/2021\/04\/Tarcisio-Mezzetti-Venite-e-Vedrete-2016-I.pdf\">Tarcisio-Mezzetti-Venit\u0219i-Vedrete-2016-I<\/a><a href=\"https:\/\/comunitamagnificat.org\/wp-content\/uploads\/2021\/04\/Tarcisio-Mezzetti-Venite-e-Vedrete-2016-I.pdf\" class=\"wp-block-file__button wp-element-button\" download=\"\" aria-describedby=\"wp-block-file--media-e2b35401-f4ce-4acb-847e-6e69563c60f2\">Desc\u0103rcare<\/a><\/div>\n\n<div style=\"height:30px\" aria-hidden=\"true\" class=\"wp-block-spacer\"><\/div>\n\n<p>\u0218i <strong>iat\u0103-l pe Tarcisio \u00eensu\u0219i<\/strong> povestind ceva din via\u021ba sa:<\/p>\n\n<div class=\"wp-block-columns is-layout-flex wp-container-core-columns-is-layout-9d6595d7 wp-block-columns-is-layout-flex\">\n<div class=\"wp-block-column is-layout-flow wp-block-column-is-layout-flow\">\n<figure class=\"wp-block-embed is-type-video is-provider-youtube wp-block-embed-youtube wp-embed-aspect-16-9 wp-has-aspect-ratio\"><div class=\"wp-block-embed__wrapper\">\n<iframe loading=\"lazy\" title=\"Il dito puntato alla schiena\" width=\"500\" height=\"281\" src=\"https:\/\/www.youtube.com\/embed\/bNMNxp3-D98?feature=oembed\" frameborder=\"0\" allow=\"accelerometer; autoplay; clipboard-write; encrypted-media; gyroscope; picture-in-picture; web-share\" referrerpolicy=\"strict-origin-when-cross-origin\" allowfullscreen><\/iframe>\n<\/div><\/figure>\n<\/div>\n<\/div>\n\n<div style=\"height:50px\" aria-hidden=\"true\" class=\"wp-block-spacer\"><\/div>\n","protected":false},"excerpt":{"rendered":"<p>Iat\u0103, eu [\u00eenchei] alian\u0163a mea cu tine: vei fi tat\u0103l unei mul\u0163imi de popoare Geneza 17:4 Tarcisio Mezzetti a fost de la \u00eenceput cel mai cunoscut \u0219i cel mai activ membru, at\u00e2t pentru rolurile pe care le-a jucat \u00een cadrul Comunit\u0103\u021bii \u0219i al Re\u00eennoirii \u00een Spirit, c\u00e2t \u0219i &#8211; mai ales &#8211; pentru activitatea sa [&hellip;]<\/p>\n","protected":false},"author":3,"featured_media":10822,"parent":0,"menu_order":0,"comment_status":"closed","ping_status":"closed","template":"","meta":{"om_disable_all_campaigns":false,"_monsterinsights_skip_tracking":false,"_monsterinsights_sitenote_active":false,"_monsterinsights_sitenote_note":"","_monsterinsights_sitenote_category":0,"_uf_show_specific_survey":0,"_uf_disable_surveys":false,"footnotes":""},"class_list":["post-18387","page","type-page","status-publish","has-post-thumbnail","hentry"],"aioseo_notices":[],"_links":{"self":[{"href":"https:\/\/comunitamagnificat.org\/ro\/wp-json\/wp\/v2\/pages\/18387","targetHints":{"allow":["GET"]}}],"collection":[{"href":"https:\/\/comunitamagnificat.org\/ro\/wp-json\/wp\/v2\/pages"}],"about":[{"href":"https:\/\/comunitamagnificat.org\/ro\/wp-json\/wp\/v2\/types\/page"}],"author":[{"embeddable":true,"href":"https:\/\/comunitamagnificat.org\/ro\/wp-json\/wp\/v2\/users\/3"}],"replies":[{"embeddable":true,"href":"https:\/\/comunitamagnificat.org\/ro\/wp-json\/wp\/v2\/comments?post=18387"}],"version-history":[{"count":8,"href":"https:\/\/comunitamagnificat.org\/ro\/wp-json\/wp\/v2\/pages\/18387\/revisions"}],"predecessor-version":[{"id":27154,"href":"https:\/\/comunitamagnificat.org\/ro\/wp-json\/wp\/v2\/pages\/18387\/revisions\/27154"}],"wp:featuredmedia":[{"embeddable":true,"href":"https:\/\/comunitamagnificat.org\/ro\/wp-json\/wp\/v2\/media\/10822"}],"wp:attachment":[{"href":"https:\/\/comunitamagnificat.org\/ro\/wp-json\/wp\/v2\/media?parent=18387"}],"curies":[{"name":"wp","href":"https:\/\/api.w.org\/{rel}","templated":true}]}}