{"id":18403,"date":"2024-08-22T18:07:59","date_gmt":"2024-08-22T16:07:59","guid":{"rendered":"https:\/\/comunitamagnificat.org\/numele-magnificat\/"},"modified":"2024-10-03T18:25:18","modified_gmt":"2024-10-03T16:25:18","slug":"numele-magnificat","status":"publish","type":"page","link":"https:\/\/comunitamagnificat.org\/ro\/numele-magnificat\/","title":{"rendered":"Numele Magnificat"},"content":{"rendered":"\n<div style=\"height:30px\" aria-hidden=\"true\" class=\"wp-block-spacer\"><\/div>\n\n<blockquote class=\"wp-block-quote is-layout-flow wp-block-quote-is-layout-flow\"><p><em><strong>Sufletul meu \u00eel<\/strong><\/em><br\/><em><strong>pream\u0103re\u0219te pe Domnul!<\/strong><\/em><\/p><cite><em>Luca<\/em> 1, 46<\/cite><\/blockquote>\n\n<div style=\"height:30px\" aria-hidden=\"true\" class=\"wp-block-spacer\"><\/div>\n\n<div class=\"wp-block-columns is-layout-flex wp-container-core-columns-is-layout-9d6595d7 wp-block-columns-is-layout-flex\">\n<div class=\"wp-block-column is-layout-flow wp-block-column-is-layout-flow\">\n<section id=\"magnificat-wide-full-img-text-block_6064f45ab00fe\" class=\"wp-block-magnificat-wide-full-img-text 1\">\n    <div class=\"img\">\n        <picture><source type='image\/jpeg' srcset='https:\/\/comunitamagnificat.org\/wp-content\/uploads\/2021\/04\/Botticelli.jpg 1045w, https:\/\/comunitamagnificat.org\/wp-content\/uploads\/2021\/04\/Botticelli-300x221.jpg 300w, https:\/\/comunitamagnificat.org\/wp-content\/uploads\/2021\/04\/Botticelli-1024x755.jpg 1024w, https:\/\/comunitamagnificat.org\/wp-content\/uploads\/2021\/04\/Botticelli-768x566.jpg 768w' sizes='(max-width: 1045px) 100vw, 1045px' \/><img loading=\"lazy\" decoding=\"async\" width=\"1045\" height=\"770\" src=\"https:\/\/comunitamagnificat.org\/wp-content\/uploads\/2021\/04\/Botticelli.jpg\" class=\"attachment-full size-full\" alt=\"\" tcimage-skip=\"true\"  sizes=\"auto, (max-width: 1045px) 100vw, 1045px\" \/><\/picture>    <\/div>\n    <div class=\"text\">\n        <h2><\/h2>\n        <h1>Denumirea Comunit\u0103\u021bii<\/h1>\n        <p class=\"focus\"><\/p>\n        <p>Sandro Botticelli, <em>Madonna del Magnificat &#8211; Madonna Magnificatului<\/em> (1485), detaliu, Galeria Uffizi, Floren\u021ba.<\/p>\n        <\/div>\n    <\/div>\n<\/section>\n<\/div>\n<\/div>\n\n<p>\u00cen 1978, \u00een urma unui eveniment considerat profetic, Comunitatea a decis s\u0103 se numeasc\u0103 Magnificat.<\/p>\n\n<div style=\"height:30px\" aria-hidden=\"true\" class=\"wp-block-spacer\"><\/div>\n\n<p>Agnese Mezzetti a avut o experien\u021b\u0103 ciudat\u0103 \u00een timp ce se ruga \u00een Grota de la Lourdes: \u00een timp ce rostea rug\u0103ciunea Bucur\u0103-te Maria, dup\u0103 ce a pronun\u021bat corect: \u201e<em>Bucur\u0103-te Marie, cea plin\u0103 de har\u2026<\/em>\u201e, \u00een mod nea\u0219teptat \u0219i repetat i-au ie\u0219it din gur\u0103 cuvintele \u201e<em>Comunitatea Magnificat<\/em>\u201e. Ea s-a \u00eentrebat dac\u0103 acesta era numele pe care Cerul dorea s\u0103 \u00eel dea Comunit\u0103\u021bii. <\/p>\n\n<div style=\"height:30px\" aria-hidden=\"true\" class=\"wp-block-spacer\"><\/div>\n\n<p>La \u00eentoarcerea la Perugia, ea le-a vorbit fra\u021bilor \u0219i surorilor sale care, dup\u0103 un discern\u0103m\u00e2nt \u00een rug\u0103ciune \u0219i multe confirm\u0103ri, s-au convins \u00eempreun\u0103 cu ea c\u0103 acesta ar trebui s\u0103 fie numele Comunit\u0103\u021bii.<\/p>\n\n<div style=\"height:30px\" aria-hidden=\"true\" class=\"wp-block-spacer\"><\/div>\n\n<div class=\"wp-block-columns is-layout-flex wp-container-core-columns-is-layout-9d6595d7 wp-block-columns-is-layout-flex\">\n<div class=\"wp-block-column is-layout-flow wp-block-column-is-layout-flow\" style=\"flex-basis:15%\"><\/div>\n\n\n\n<div class=\"wp-block-column is-layout-flow wp-block-column-is-layout-flow\" style=\"flex-basis:60%\">\n<figure class=\"wp-block-embed is-type-video is-provider-youtube wp-block-embed-youtube wp-embed-aspect-16-9 wp-has-aspect-ratio\"><div class=\"wp-block-embed__wrapper\"> \n<iframe loading=\"lazy\" title=\"Il nome della Comunit\u00e0\" width=\"500\" height=\"281\" src=\"https:\/\/www.youtube.com\/embed\/FvKDFkkoYWM?feature=oembed\" frameborder=\"0\" allow=\"accelerometer; autoplay; clipboard-write; encrypted-media; gyroscope; picture-in-picture; web-share\" referrerpolicy=\"strict-origin-when-cross-origin\" allowfullscreen><\/iframe>\n <\/div><\/figure>\n<\/div>\n\n\n\n<div class=\"wp-block-column is-layout-flow wp-block-column-is-layout-flow\" style=\"flex-basis:15%\"><\/div>\n<\/div>\n\n<div style=\"height:30px\" aria-hidden=\"true\" class=\"wp-block-spacer\"><\/div>\n\n<p>Acest nume spune c\u0103 Comunitatea Magnificat este chemat\u0103 s\u0103 fie asemenea Mariei.<\/p>\n\n<div style=\"height:30px\" aria-hidden=\"true\" class=\"wp-block-spacer\"><\/div>\n\n<p>La fel ca \u00een via\u021ba Mariei, Cristos a intrat \u2013 adesea pe nea\u0219teptate \u2013 \u0219i \u00een via\u021ba membrilor Comunit\u0103\u021bii.<\/p>\n\n<div style=\"height:30px\" aria-hidden=\"true\" class=\"wp-block-spacer\"><\/div>\n\n<p>A\u0219a cum Maria, auzind de la \u00cenger c\u0103 Elisabeta a tr\u0103it \u0219i ea o intrven\u021bie extraordinar\u0103 a lui Dumnezeu, a vrut s\u0103 alerge la ea, alia\u021bii simt \u0219i ei nevoia de a-\u0219i \u00eemp\u0103rt\u0103\u0219i bucuria cu al\u021bii, de a-L aduce pe Domnul \u0219i acestora.<\/p>\n\n<div style=\"height:30px\" aria-hidden=\"true\" class=\"wp-block-spacer\"><\/div>\n\n<p>Prin urmare, c\u00e2ntecul Mariei \u00eenintea Elisabetei este, de asemenea, c\u00e2ntecul Comunit\u0103\u021bii care \u00cel pream\u0103re\u0219te pe Domnul pentru aceast\u0103 lucrare.<\/p>\n\n<div style=\"height:30px\" aria-hidden=\"true\" class=\"wp-block-spacer\"><\/div>\n\n<p>Iat\u0103 \u00eenregistrarea video cu p\u0103rintele Raniero Cantalamessa ilustr\u00e2nd <em>Magnificat<\/em> \u00een timpul \u00cent\u00e2lnirii Interna\u021bionale din 2018:<\/p>\n\n<div style=\"height:30px\" aria-hidden=\"true\" class=\"wp-block-spacer\"><\/div>\n\n<div class=\"wp-block-columns is-layout-flex wp-container-core-columns-is-layout-9d6595d7 wp-block-columns-is-layout-flex\">\n<div class=\"wp-block-column is-layout-flow wp-block-column-is-layout-flow\" style=\"flex-basis:15%\"><\/div>\n\n\n\n<div class=\"wp-block-column is-layout-flow wp-block-column-is-layout-flow\" style=\"flex-basis:60%\">\n<figure class=\"wp-block-embed is-type-video is-provider-youtube wp-block-embed-youtube wp-embed-aspect-16-9 wp-has-aspect-ratio\"><div class=\"wp-block-embed__wrapper\"> \n<iframe loading=\"lazy\" title=\"Come Maria, portiamo Ges\u00f9 nel mondo - padre Raniero Cantalamessa\" width=\"500\" height=\"281\" src=\"https:\/\/www.youtube.com\/embed\/6fNXliznepw?feature=oembed\" frameborder=\"0\" allow=\"accelerometer; autoplay; clipboard-write; encrypted-media; gyroscope; picture-in-picture; web-share\" referrerpolicy=\"strict-origin-when-cross-origin\" allowfullscreen><\/iframe>\n <\/div><\/figure>\n<\/div>\n\n\n\n<div class=\"wp-block-column is-layout-flow wp-block-column-is-layout-flow\" style=\"flex-basis:15%\"><\/div>\n<\/div>\n\n<div style=\"height:50px\" aria-hidden=\"true\" class=\"wp-block-spacer\"><\/div>\n","protected":false},"excerpt":{"rendered":"<p>Sufletul meu \u00eelpream\u0103re\u0219te pe Domnul! Luca 1, 46 \u00cen 1978, \u00een urma unui eveniment considerat profetic, Comunitatea a decis s\u0103 se numeasc\u0103 Magnificat. Agnese Mezzetti a avut o experien\u021b\u0103 ciudat\u0103 \u00een timp ce se ruga \u00een Grota de la Lourdes: \u00een timp ce rostea rug\u0103ciunea Bucur\u0103-te Maria, dup\u0103 ce a pronun\u021bat corect: \u201eBucur\u0103-te Marie, cea [&hellip;]<\/p>\n","protected":false},"author":3,"featured_media":10750,"parent":0,"menu_order":0,"comment_status":"closed","ping_status":"closed","template":"","meta":{"om_disable_all_campaigns":false,"_monsterinsights_skip_tracking":false,"_monsterinsights_sitenote_active":false,"_monsterinsights_sitenote_note":"","_monsterinsights_sitenote_category":0,"_uf_show_specific_survey":0,"_uf_disable_surveys":false,"footnotes":""},"class_list":["post-18403","page","type-page","status-publish","has-post-thumbnail","hentry"],"aioseo_notices":[],"_links":{"self":[{"href":"https:\/\/comunitamagnificat.org\/ro\/wp-json\/wp\/v2\/pages\/18403","targetHints":{"allow":["GET"]}}],"collection":[{"href":"https:\/\/comunitamagnificat.org\/ro\/wp-json\/wp\/v2\/pages"}],"about":[{"href":"https:\/\/comunitamagnificat.org\/ro\/wp-json\/wp\/v2\/types\/page"}],"author":[{"embeddable":true,"href":"https:\/\/comunitamagnificat.org\/ro\/wp-json\/wp\/v2\/users\/3"}],"replies":[{"embeddable":true,"href":"https:\/\/comunitamagnificat.org\/ro\/wp-json\/wp\/v2\/comments?post=18403"}],"version-history":[{"count":3,"href":"https:\/\/comunitamagnificat.org\/ro\/wp-json\/wp\/v2\/pages\/18403\/revisions"}],"predecessor-version":[{"id":21338,"href":"https:\/\/comunitamagnificat.org\/ro\/wp-json\/wp\/v2\/pages\/18403\/revisions\/21338"}],"wp:featuredmedia":[{"embeddable":true,"href":"https:\/\/comunitamagnificat.org\/ro\/wp-json\/wp\/v2\/media\/10750"}],"wp:attachment":[{"href":"https:\/\/comunitamagnificat.org\/ro\/wp-json\/wp\/v2\/media?parent=18403"}],"curies":[{"name":"wp","href":"https:\/\/api.w.org\/{rel}","templated":true}]}}