{"id":18416,"date":"2024-08-22T18:08:40","date_gmt":"2024-08-22T16:08:40","guid":{"rendered":"https:\/\/comunitamagnificat.org\/despre-noi\/"},"modified":"2025-01-23T09:53:53","modified_gmt":"2025-01-23T08:53:53","slug":"despre-noi","status":"publish","type":"page","link":"https:\/\/comunitamagnificat.org\/ro\/despre-noi\/","title":{"rendered":"Despre noi"},"content":{"rendered":"\n<div style=\"height:30px\" aria-hidden=\"true\" class=\"wp-block-spacer\"><\/div>\n\n<div id=\"magnificat-focus-block_6067b1f092c31\" class=\"wp-block-magnificat-focus \">\t\n    <p style=\"text-align: center;\">Comunitatea a luat na\u0219tere la 8 decembrie 1978, \u00een Biserica San Donato all&#8217;Elce din Perugia, rod al curentului de har al <em>Re\u00eennoirii Carismatice Catolice<\/em>.<\/p>\n<\/div>\n<div style=\"height:15px\" aria-hidden=\"true\" class=\"wp-block-spacer\"><\/div>\n\n<p class=\"has-text-align-center\">Este un r\u0103spuns la o chemare specific\u0103 din partea lui Dumnezeu de a tr\u0103i noua via\u021b\u0103 \u00een Duhul Sf\u00e2nt \u00eentr-un angajament stabil.<\/p>\n\n<div style=\"height:15px\" aria-hidden=\"true\" class=\"wp-block-spacer\"><\/div>\n\n<p class=\"has-text-align-center\">Plas\u00e2nd Euharistia \u00een centrul vie\u021bii personale \u0219i comunitare, membrii Comunit\u0103\u021bii se angajeaz\u0103 s\u0103 construiasc\u0103 un singur trup, dup\u0103 modelul primei comunit\u0103\u021bi cre\u0219tine (cf. Fapte 2, 42-47).<\/p>\n\n<div style=\"height:15px\" aria-hidden=\"true\" class=\"wp-block-spacer\"><\/div>\n\n<p class=\"has-text-align-center\">F\u0103c\u00e2nd experienza vie a Trupului lui Cristos, ei recunosc drept carisme principale ale Comunit\u0103\u021bii evanghelizarea \u0219i via\u021ba comunitar\u0103 tr\u0103it\u0103 de un num\u0103r mare de fra\u021bi &#8211; \u00een majoritate laici -, din toate categoriile sociale \u0219i din toate mediile de via\u021b\u0103.<\/p>\n\n<div style=\"height:15px\" aria-hidden=\"true\" class=\"wp-block-spacer\"><\/div>\n\n<p class=\"has-text-align-center\">Ast\u0103zi, Comunitatea are zeci de fraternit\u0103\u021bi \u00een Italia, Rom\u00e2nia, Turcia, Argentina, Uganda \u0219i Pakistan \u0219i \u00eencepe s\u0103 prind\u0103 r\u0103d\u0103cini \u0219i \u00een alte \u021b\u0103ri.<\/p>\n\n<div style=\"height:50px\" aria-hidden=\"true\" class=\"wp-block-spacer\"><\/div>\n\n<section id=\"magnificat-link-multipli-pagina-block_6067aad08dbd5\" class=\"wp-block-magnificat-link-multipli-pagina \">\n\n            \n        <picture><source type='image\/jpeg' srcset='https:\/\/comunitamagnificat.org\/wp-content\/uploads\/2021\/04\/Agnus-Dei-completa-pulita-600x600-1.jpg 1700w, https:\/\/comunitamagnificat.org\/wp-content\/uploads\/2021\/04\/Agnus-Dei-completa-pulita-600x600-1-266x300.jpg 266w, https:\/\/comunitamagnificat.org\/wp-content\/uploads\/2021\/04\/Agnus-Dei-completa-pulita-600x600-1-907x1024.jpg 907w, https:\/\/comunitamagnificat.org\/wp-content\/uploads\/2021\/04\/Agnus-Dei-completa-pulita-600x600-1-768x867.jpg 768w, https:\/\/comunitamagnificat.org\/wp-content\/uploads\/2021\/04\/Agnus-Dei-completa-pulita-600x600-1-1360x1536.jpg 1360w' sizes='(max-width: 1700px) 100vw, 1700px' \/><img loading=\"lazy\" decoding=\"async\" width=\"1700\" height=\"1920\" src=\"https:\/\/comunitamagnificat.org\/wp-content\/uploads\/2021\/04\/Agnus-Dei-completa-pulita-600x600-1.jpg\" class=\"attachment-cover-parallax-background size-cover-parallax-background\" alt=\"\" tcimage-skip=\"true\"  sizes=\"auto, (max-width: 1700px) 100vw, 1700px\" \/><\/picture>        \n        \n            <div class=\"accordion-link-page\">\n                        \n            <div class=\"tab\">\n\n                    <input type=\"radio\" id=\"chck-1\"   name=\"rd\">\n                    <label class=\"tab-label\" for=\"chck-1\">Istoric<\/label>\n\n                <div class=\"content\">\n                                            <a href=\"https:\/\/comunitamagnificat.org\/ro\/istoria-comunitatii-magnificat\/\">\n                            Istoria comunit\u0103\u021bii Magnificat                            <br \/>\n                            <span class=\"text\">merge\u021bi la pagin\u0103<\/span>\n                        <\/a>\n                                            <a href=\"https:\/\/comunitamagnificat.org\/ro\/numele-magnificat\/\">\n                            Numele Magnificat                            <br \/>\n                            <span class=\"text\">merge\u021bi la pagin\u0103<\/span>\n                        <\/a>\n                                            <a href=\"https:\/\/comunitamagnificat.org\/ro\/san-manno\/\">\n                            San Manno                            <br \/>\n                            <span class=\"text\">merge\u021bi la pagin\u0103<\/span>\n                        <\/a>\n                                            <a href=\"https:\/\/comunitamagnificat.org\/ro\/tarcisio-mezzetti\/\">\n                            Tarcisio Mezzetti                            <br \/>\n                            <span class=\"text\">merge\u021bi la pagin\u0103<\/span>\n                        <\/a>\n                                    <\/div>\n\n            <\/div>\n\n                        \n            <div class=\"tab\">\n\n                    <input type=\"radio\" id=\"chck-2\"   name=\"rd\">\n                    <label class=\"tab-label\" for=\"chck-2\">Spiritualitate<\/label>\n\n                <div class=\"content\">\n                                            <a href=\"https:\/\/comunitamagnificat.org\/ro\/bazele-comunitatii-magnificat\/\">\n                            Bazele Comunit\u0103\u021bii Magnificat                            <br \/>\n                            <span class=\"text\">merge\u021bi la pagin\u0103<\/span>\n                        <\/a>\n                                            <a href=\"https:\/\/comunitamagnificat.org\/ro\/cu-isus-pe-isus-construim\/\">\n                            &#8222;Cu Isus, pe Isus construie\u0219te&#8221;                            <br \/>\n                            <span class=\"text\">merge\u021bi la pagin\u0103<\/span>\n                        <\/a>\n                                            <a href=\"https:\/\/comunitamagnificat.org\/ro\/patru-promisiuni\/\">\n                            Patru promisiuni                            <br \/>\n                            <span class=\"text\">merge\u021bi la pagin\u0103<\/span>\n                        <\/a>\n                                            <a href=\"https:\/\/comunitamagnificat.org\/ro\/alianta\/\">\n                            Alian\u021b\u0103                            <br \/>\n                            <span class=\"text\">merge\u021bi la pagin\u0103<\/span>\n                        <\/a>\n                                            <a href=\"https:\/\/comunitamagnificat.org\/ro\/adoratie-euharistica\/\">\n                            Adora\u021bie euharistic\u0103                            <br \/>\n                            <span class=\"text\">merge\u021bi la pagin\u0103<\/span>\n                        <\/a>\n                                            <a href=\"https:\/\/comunitamagnificat.org\/ro\/vocatie\/\">\n                            Voca\u021bie                            <br \/>\n                            <span class=\"text\">merge\u021bi la pagin\u0103<\/span>\n                        <\/a>\n                                            <a href=\"https:\/\/comunitamagnificat.org\/ro\/comunitate\/\">\n                            Comunitate                            <br \/>\n                            <span class=\"text\">merge\u021bi la pagin\u0103<\/span>\n                        <\/a>\n                                            <a href=\"https:\/\/comunitamagnificat.org\/ro\/contemplatie-si-actiune\/\">\n                            Contempla\u021bie \u0219i ac\u021biune                            <br \/>\n                            <span class=\"text\">merge\u021bi la pagin\u0103<\/span>\n                        <\/a>\n                                            <a href=\"https:\/\/comunitamagnificat.org\/ro\/visand-visul-lui-dumnezeu\/\">\n                            &#8222;Vis\u00e2nd visul lui Dumnezeu                            <br \/>\n                            <span class=\"text\">merge\u021bi la pagin\u0103<\/span>\n                        <\/a>\n                                            <a href=\"https:\/\/comunitamagnificat.org\/ro\/manastire-cu-ziduri-invizibile\/\">\n                            &#8222;M\u0103n\u0103stire cu ziduri invizibile                            <br \/>\n                            <span class=\"text\">merge\u021bi la pagin\u0103<\/span>\n                        <\/a>\n                                            <a href=\"https:\/\/comunitamagnificat.org\/ro\/indrumarea-spirituala\/\">\n                            \u00cendrumarea spiritual\u0103                            <br \/>\n                            <span class=\"text\">merge\u021bi la pagin\u0103<\/span>\n                        <\/a>\n                                            <a href=\"https:\/\/comunitamagnificat.org\/ro\/carisme\/\">\n                            Carisme                            <br \/>\n                            <span class=\"text\">merge\u021bi la pagin\u0103<\/span>\n                        <\/a>\n                                            <a href=\"https:\/\/comunitamagnificat.org\/ro\/evanghelizare\/\">\n                            Evanghelizare                            <br \/>\n                            <span class=\"text\">merge\u021bi la pagin\u0103<\/span>\n                        <\/a>\n                                            <a href=\"https:\/\/comunitamagnificat.org\/ro\/vindecare\/\">\n                            Vindecare                            <br \/>\n                            <span class=\"text\">merge\u021bi la pagin\u0103<\/span>\n                        <\/a>\n                                            <a href=\"https:\/\/comunitamagnificat.org\/ro\/aliati-ai-agnus-dei\/\">\n                            Alia\u021bi ai Agnus Dei                            <br \/>\n                            <span class=\"text\">merge\u021bi la pagin\u0103<\/span>\n                        <\/a>\n                                            <a href=\"https:\/\/comunitamagnificat.org\/ro\/case-de-locuit-comune\/\">\n                            Casele de via\u021b\u0103 \u00een comun                            <br \/>\n                            <span class=\"text\">merge\u021bi la pagin\u0103<\/span>\n                        <\/a>\n                                    <\/div>\n\n            <\/div>\n\n                        \n            <div class=\"tab\">\n\n                    <input type=\"radio\" id=\"chck-3\"   name=\"rd\">\n                    <label class=\"tab-label\" for=\"chck-3\">Structura<\/label>\n\n                <div class=\"content\">\n                                            <a href=\"https:\/\/comunitamagnificat.org\/ro\/regula-de-viata\/\">\n                            Regula de via\u021b\u0103                            <br \/>\n                            <span class=\"text\">merge\u021bi la pagin\u0103<\/span>\n                        <\/a>\n                                            <a href=\"https:\/\/comunitamagnificat.org\/ro\/fraternitate\/\">\n                            Fraternitate                            <br \/>\n                            <span class=\"text\">merge\u021bi la pagin\u0103<\/span>\n                        <\/a>\n                                            <a href=\"https:\/\/comunitamagnificat.org\/ro\/comunitate-a\/\">\n                            Comunitatea una                            <br \/>\n                            <span class=\"text\">merge\u021bi la pagin\u0103<\/span>\n                        <\/a>\n                                            <a href=\"https:\/\/comunitamagnificat.org\/ro\/persoanele-in-varsta-si-profetia\/\">\n                            B\u0103tr\u00e2nii si profe\u021bia                            <br \/>\n                            <span class=\"text\">merge\u021bi la pagin\u0103<\/span>\n                        <\/a>\n                                            <a href=\"https:\/\/comunitamagnificat.org\/ro\/guvern-colegial\/\">\n                            Guvern colegial                            <br \/>\n                            <span class=\"text\">merge\u021bi la pagin\u0103<\/span>\n                        <\/a>\n                                            <a href=\"https:\/\/comunitamagnificat.org\/ro\/ministere-generale\/\">\n                            Servicii generale                            <br \/>\n                            <span class=\"text\">merge\u021bi la pagin\u0103<\/span>\n                        <\/a>\n                                            <a href=\"https:\/\/comunitamagnificat.org\/ro\/fundatia-magnificat-e-t-s\/\">\n                            Funda\u021bia Magnificat E.T.S.                            <br \/>\n                            <span class=\"text\">merge\u021bi la pagin\u0103<\/span>\n                        <\/a>\n                                            <a href=\"https:\/\/comunitamagnificat.org\/ro\/misiuni\/\">\n                            Misiuni                            <br \/>\n                            <span class=\"text\">merge\u021bi la pagin\u0103<\/span>\n                        <\/a>\n                                            <a href=\"https:\/\/comunitamagnificat.org\/ro\/management-trezorerie-generala-si-secretariat\/\">\n                            Management, Trezorerie general\u0103 \u0219i Secretariat                            <br \/>\n                            <span class=\"text\">merge\u021bi la pagin\u0103<\/span>\n                        <\/a>\n                                    <\/div>\n\n            <\/div>\n\n                        \n            <div class=\"tab\">\n\n                    <input type=\"radio\" id=\"chck-4\"   name=\"rd\">\n                    <label class=\"tab-label\" for=\"chck-4\">Aprob\u0103ri ecleziastice<\/label>\n\n                <div class=\"content\">\n                                            <a href=\"https:\/\/comunitamagnificat.org\/ro\/statutul-din-1979\/\">\n                            Statutul din 1979                            <br \/>\n                            <span class=\"text\">merge\u021bi la pagin\u0103<\/span>\n                        <\/a>\n                                            <a href=\"https:\/\/comunitamagnificat.org\/ro\/regula-de-viata-din-1995\/\">\n                            Regula de via\u021b\u0103 din 1995                            <br \/>\n                            <span class=\"text\">merge\u021bi la pagin\u0103<\/span>\n                        <\/a>\n                                            <a href=\"https:\/\/comunitamagnificat.org\/ro\/regula-de-viata-din-2004\/\">\n                            Regula de via\u021b\u0103 din 2004                            <br \/>\n                            <span class=\"text\">merge\u021bi la pagin\u0103<\/span>\n                        <\/a>\n                                            <a href=\"https:\/\/comunitamagnificat.org\/ro\/statutul-intre-2013-si-2023\/\">\n                            Statutul \u00eentre 2013 \u0219i 2023                            <br \/>\n                            <span class=\"text\">merge\u021bi la pagin\u0103<\/span>\n                        <\/a>\n                                            <a href=\"https:\/\/comunitamagnificat.org\/ro\/recunoastere-finala-si-statut-nou-2024\/\">\n                            Recunoa\u0219tere final\u0103 \u0219i statut nou                            <br \/>\n                            <span class=\"text\">merge\u021bi la pagin\u0103<\/span>\n                        <\/a>\n                                    <\/div>\n\n            <\/div>\n\n                    <\/div>\n    \n<\/section>\n<div style=\"height:50px\" aria-hidden=\"true\" class=\"wp-block-spacer\"><\/div>\n","protected":false},"excerpt":{"rendered":"<p>Este un r\u0103spuns la o chemare specific\u0103 din partea lui Dumnezeu de a tr\u0103i noua via\u021b\u0103 \u00een Duhul Sf\u00e2nt \u00eentr-un angajament stabil. Plas\u00e2nd Euharistia \u00een centrul vie\u021bii personale \u0219i comunitare, membrii Comunit\u0103\u021bii se angajeaz\u0103 s\u0103 construiasc\u0103 un singur trup, dup\u0103 modelul primei comunit\u0103\u021bi cre\u0219tine (cf. Fapte 2, 42-47). F\u0103c\u00e2nd experienza vie a Trupului lui Cristos, [&hellip;]<\/p>\n","protected":false},"author":2,"featured_media":11086,"parent":0,"menu_order":0,"comment_status":"closed","ping_status":"closed","template":"","meta":{"om_disable_all_campaigns":false,"_monsterinsights_skip_tracking":false,"_monsterinsights_sitenote_active":false,"_monsterinsights_sitenote_note":"","_monsterinsights_sitenote_category":0,"_uf_show_specific_survey":0,"_uf_disable_surveys":false,"footnotes":""},"class_list":["post-18416","page","type-page","status-publish","has-post-thumbnail","hentry"],"aioseo_notices":[],"_links":{"self":[{"href":"https:\/\/comunitamagnificat.org\/ro\/wp-json\/wp\/v2\/pages\/18416","targetHints":{"allow":["GET"]}}],"collection":[{"href":"https:\/\/comunitamagnificat.org\/ro\/wp-json\/wp\/v2\/pages"}],"about":[{"href":"https:\/\/comunitamagnificat.org\/ro\/wp-json\/wp\/v2\/types\/page"}],"author":[{"embeddable":true,"href":"https:\/\/comunitamagnificat.org\/ro\/wp-json\/wp\/v2\/users\/2"}],"replies":[{"embeddable":true,"href":"https:\/\/comunitamagnificat.org\/ro\/wp-json\/wp\/v2\/comments?post=18416"}],"version-history":[{"count":24,"href":"https:\/\/comunitamagnificat.org\/ro\/wp-json\/wp\/v2\/pages\/18416\/revisions"}],"predecessor-version":[{"id":22716,"href":"https:\/\/comunitamagnificat.org\/ro\/wp-json\/wp\/v2\/pages\/18416\/revisions\/22716"}],"wp:featuredmedia":[{"embeddable":true,"href":"https:\/\/comunitamagnificat.org\/ro\/wp-json\/wp\/v2\/media\/11086"}],"wp:attachment":[{"href":"https:\/\/comunitamagnificat.org\/ro\/wp-json\/wp\/v2\/media?parent=18416"}],"curies":[{"name":"wp","href":"https:\/\/api.w.org\/{rel}","templated":true}]}}