{"id":18429,"date":"2024-08-22T18:09:56","date_gmt":"2024-08-22T16:09:56","guid":{"rendered":"https:\/\/comunitamagnificat.org\/politica-de-confidentialitate\/"},"modified":"2026-01-20T09:36:25","modified_gmt":"2026-01-20T08:36:25","slug":"politica-de-confidentialitate","status":"publish","type":"page","link":"https:\/\/comunitamagnificat.org\/ro\/politica-de-confidentialitate\/","title":{"rendered":"Politica de confiden\u021bialitate"},"content":{"rendered":"\n<p>Pentru a ob\u021bine informa\u021bii despre datele dvs. cu caracter personal colectate, scopurile pentru care sunt colectate \u0219i p\u0103r\u021bile cu care sunt partajate datele, v\u0103 rug\u0103m s\u0103 contacta\u021bi operatorul.<\/p>\n\n<h2 class=\"wp-block-heading\" id=\"owner_of_the_data\">Operator de date<\/h2>\n\n<p><strong><em>Alessandra Pauluzzi<\/em><\/strong><br\/>c\/o S.Manno Complex<br\/>Via Fra Giovanni da Pian di Carpine, 63 &#8211; 06127 (PG)<\/p>\n\n<p><strong>Adresa de e-mail a titularului:<\/strong> segreteria@comunitamagnificat.org<\/p>\n\n<h2 class=\"wp-block-heading\" id=\"types_of_data\">Tipuri de date colectate<\/h2>\n\n<p>Operatorul nu furnizeaz\u0103 o list\u0103 a tipurilor de date cu caracter personal colectate.<\/p>\n\n<p>Detalii complete cu privire la fiecare tip de date colectate sunt furnizate \u00een sec\u021biunile dedicate ale acestei politici de confiden\u021bialitate sau prin intermediul unor texte informative specifice afi\u0219ate \u00eenainte de colectarea datelor propriu-zis\u0103.<br\/>Datele cu caracter personal pot fi furnizate \u00een mod liber de c\u0103tre Utilizator sau, \u00een cazul Datelor Utilizatorului, colectate \u00een mod automat \u00een timpul utiliz\u0103rii acestei Aplica\u021bii.<br\/>Dac\u0103 nu se specific\u0103 altfel, toate Datele solicitate de aceast\u0103 Aplica\u021bie sunt obligatorii. Dac\u0103 Utilizatorul refuz\u0103 s\u0103 le comunice, este posibil ca aceast\u0103 Aplica\u021bie s\u0103 fie \u00een imposibilitatea de a furniza Serviciul. \u00cen cazurile \u00een care aceast\u0103 Aplica\u021bie indic\u0103 anumite Date ca fiind op\u021bionale, Utilizatorii sunt liberi s\u0103 se ab\u021bin\u0103 de la comunicarea acestor Date, f\u0103r\u0103 ca acest lucru s\u0103 aib\u0103 vreo consecin\u021b\u0103 asupra disponibilit\u0103\u021bii Serviciului sau asupra func\u021bion\u0103rii acestuia.  <br\/>Utilizatorii care au \u00eendoieli cu privire la datele care sunt obligatorii sunt \u00eencuraja\u021bi s\u0103 contacteze operatorul.<br\/>Eventuala utilizare a Cookie-urilor &#8211; sau a altor instrumente de urm\u0103rire &#8211; de c\u0103tre aceast\u0103 Aplica\u021bie sau de c\u0103tre proprietarii de servicii ter\u021be utilizate de aceast\u0103 Aplica\u021bie, dac\u0103 nu se specific\u0103 altfel, are ca scop furnizarea Serviciului solicitat de Utilizator, \u00een plus fa\u021b\u0103 de scopurile suplimentare descrise \u00een acest document \u0219i \u00een Politica privind Cookie-urile, dac\u0103 este disponibil\u0103.<\/p>\n\n<p>Utilizatorul \u00ee\u0219i asum\u0103 responsabilitatea pentru datele personale ale ter\u021bilor ob\u021binute, publicate sau partajate prin intermediul acestei aplica\u021bii \u0219i garanteaz\u0103 c\u0103 are dreptul de a le comunica sau disemina, exoner\u00e2nd Proprietarul de orice r\u0103spundere fa\u021b\u0103 de ter\u021bi.<\/p>\n\n<h2 class=\"wp-block-heading\" id=\"place_of_processing\">Metoda \u0219i locul de prelucrare a datelor<\/h2>\n\n<h3 class=\"wp-block-heading\">Moduri de tratament<\/h3>\n\n<p>Operatorul de date adopt\u0103 m\u0103suri de securitate adecvate pentru a preveni accesul neautorizat, divulgarea, modificarea sau distrugerea datelor cu caracter personal.<br\/>Prelucrarea se realizeaz\u0103 prin intermediul unor instrumente informatice \u0219i\/sau telematice, cu metode \u0219i logici organizatorice strict legate de scopurile indicate. Pe l\u00e2ng\u0103 Operatorul de date, \u00een unele cazuri, pot avea acces la Date \u0219i al\u021bi subiec\u021bi implica\u021bi \u00een organizarea acestei Aplica\u021bii (administrativ, v\u00e2nz\u0103ri, marketing, juridic, administratori de sistem) sau subiec\u021bi externi (cum ar fi ter\u021bi furnizori de servicii tehnice, curieri po\u0219tali, furnizori de hosting, companii IT, agen\u021bii de comunicare) numi\u021bi, de asemenea, dac\u0103 este necesar, de c\u0103tre Operatorul de date, \u00een calitate de Procesatori de date. Lista actualizat\u0103 a operatorilor de date poate fi oric\u00e2nd solicitat\u0103 de la operatorul de date.  <\/p>\n\n<h3 class=\"wp-block-heading\">Temeiul juridic pentru prelucrare<\/h3>\n\n<p>Operatorul prelucreaz\u0103 datele cu caracter personal referitoare la utilizator dac\u0103 este \u00eendeplinit\u0103 una dintre urm\u0103toarele condi\u021bii:<\/p>\n\n<ul class=\"wp-block-list\">\n<li>utilizatorul \u0219i-a dat consim\u021b\u0103m\u00e2ntul pentru unul sau mai multe scopuri specifice; Not\u0103: \u00een unele jurisdic\u021bii, operatorul poate fi autorizat s\u0103 prelucreze datele cu caracter personal f\u0103r\u0103 consim\u021b\u0103m\u00e2ntul utilizatorului sau f\u0103r\u0103 oricare dintre celelalte temeiuri juridice specificate mai jos, p\u00e2n\u0103 c\u00e2nd utilizatorul se opune (&#8222;opts-out&#8221;) unei astfel de prelucr\u0103ri. Cu toate acestea, acest lucru nu se aplic\u0103 \u00een cazul \u00een care prelucrarea datelor cu caracter personal este reglementat\u0103 de legisla\u021bia european\u0103 privind protec\u021bia datelor cu caracter personal; <\/li>\n\n\n\n<li>prelucrarea este necesar\u0103 pentru executarea unui contract cu utilizatorul \u0219i\/sau pentru executarea m\u0103surilor precontractuale;<\/li>\n\n\n\n<li>prelucrarea este necesar\u0103 pentru a respecta o obliga\u021bie legal\u0103 la care este supus operatorul;<\/li>\n\n\n\n<li>prelucrarea este necesar\u0103 pentru \u00eendeplinirea unei sarcini efectuate \u00een interes public sau \u00een exercitarea autorit\u0103\u021bii publice cu care este \u00eenvestit operatorul;<\/li>\n\n\n\n<li>prelucrarea este necesar\u0103 pentru urm\u0103rirea interesului legitim al operatorului sau al p\u0103r\u021bilor ter\u021be.<\/li>\n<\/ul>\n\n<p>Cu toate acestea, este \u00eentotdeauna posibil s\u0103 solicita\u021bi operatorului s\u0103 clarifice temeiul juridic concret al fiec\u0103rei opera\u021biuni de prelucrare \u0219i, \u00een special, s\u0103 precizeze dac\u0103 prelucrarea se bazeaz\u0103 pe lege, este impus\u0103 de un contract sau este necesar\u0103 pentru \u00eencheierea unui contract.<\/p>\n\n<h3 class=\"wp-block-heading\">Loc<\/h3>\n\n<p>Datele sunt prelucrate la sediul operatorului de date \u0219i \u00een orice alt loc \u00een care se afl\u0103 p\u0103r\u021bile implicate \u00een prelucrare. Pentru informa\u021bii suplimentare, v\u0103 rug\u0103m s\u0103 contacta\u021bi operatorul de date.<br\/>Datele cu caracter personal ale utilizatorului pot fi transferate \u00eentr-o alt\u0103 \u021bar\u0103 dec\u00e2t cea \u00een care se afl\u0103 utilizatorul. Pentru informa\u021bii suplimentare privind loca\u021bia prelucr\u0103rii, utilizatorul poate consulta sec\u021biunea privind detaliile prelucr\u0103rii datelor cu caracter personal.  <\/p>\n\n<p><br\/><br\/>Utilizatorul are dreptul de a ob\u021bine informa\u021bii cu privire la temeiul juridic al transferului de date \u00een afara Uniunii Europene sau c\u0103tre o organiza\u021bie interna\u021bional\u0103 de drept interna\u021bional public sau format\u0103 din dou\u0103 sau mai multe \u021b\u0103ri, cum ar fi ONU, precum \u0219i cu privire la m\u0103surile de securitate luate de operator pentru a proteja datele. Utilizatorul poate verifica dac\u0103 are loc unul dintre transferurile descrise examin\u00e2nd sec\u021biunea din prezentul document referitoare la detaliile prelucr\u0103rii datelor cu caracter personal sau poate solicita informa\u021bii de la operator contact\u00e2ndu-l la datele de contact indicate la \u00eenceput.<\/p>\n\n<h3 class=\"wp-block-heading\">Perioada de depozitare<\/h3>\n\n<p>Datele sunt prelucrate \u0219i stocate pentru perioada necesar\u0103 scopurilor pentru care au fost colectate.<\/p>\n\n<p>Prin urmare:<\/p>\n\n<ul class=\"wp-block-list\">\n<li>Datele cu caracter personal colectate \u00een scopuri legate de executarea unui contract \u00eentre operator \u0219i utilizator vor fi p\u0103strate p\u00e2n\u0103 la finalizarea execut\u0103rii contractului respectiv.<\/li>\n\n\n\n<li>Datele cu caracter personal colectate \u00een scopuri legate de interesul legitim al operatorului vor fi p\u0103strate p\u00e2n\u0103 c\u00e2nd interesul respectiv este satisf\u0103cut. Utilizatorul poate ob\u021bine informa\u021bii suplimentare cu privire la interesul legitim urm\u0103rit de operator \u00een sec\u021biunile relevante ale prezentului document sau contact\u00e2nd operatorul. <\/li>\n<\/ul>\n\n<p>Atunci c\u00e2nd prelucrarea se bazeaz\u0103 pe consim\u021b\u0103m\u00e2ntul utilizatorului, operatorul poate p\u0103stra datele cu caracter personal pentru o perioad\u0103 mai lung\u0103, p\u00e2n\u0103 la revocarea acestui consim\u021b\u0103m\u00e2nt. \u00cen plus, operatorul poate fi obligat s\u0103 p\u0103streze datele cu caracter personal pentru o perioad\u0103 mai lung\u0103 \u00een conformitate cu o obliga\u021bie legal\u0103 sau prin ordinul unei autorit\u0103\u021bi. <br\/><br\/>La sf\u00e2r\u0219itul perioadei de p\u0103strare, datele cu caracter personal vor fi \u0219terse. Prin urmare, la sf\u00e2r\u0219itul acestei perioade, dreptul de acces, anulare, rectificare \u0219i dreptul la portabilitatea datelor nu mai pot fi exercitate. <\/p>\n\n<h2 class=\"wp-block-heading\" id=\"rights_subjects\">Drepturile utilizatorului<\/h2>\n\n<p>Utilizatorii \u00ee\u0219i pot exercita anumite drepturi cu privire la datele prelucrate de operatorul de date.<\/p>\n\n<p>\u00cen special, utilizatorul are dreptul la:<\/p>\n\n<ul class=\"wp-block-list\">\n<li><strong>s\u0103 v\u0103 retrage\u021bi consim\u021b\u0103m\u00e2ntul \u00een orice moment.<\/strong>  Utilizatorul \u00ee\u0219i poate revoca consim\u021b\u0103m\u00e2ntul exprimat anterior cu privire la prelucrarea datelor sale cu caracter personal.<\/li>\n\n\n\n<li><strong>s\u0103 se opun\u0103 prelucr\u0103rii datelor lor.<\/strong>  Utilizatorul se poate opune prelucr\u0103rii datelor sale atunci c\u00e2nd aceasta se face pe un alt temei juridic dec\u00e2t consim\u021b\u0103m\u00e2ntul. Mai multe detalii privind dreptul de opozi\u021bie pot fi g\u0103site \u00een sec\u021biunea de mai jos. <\/li>\n\n\n\n<li><strong>accesul la datele lor.<\/strong>  Utilizatorul are dreptul de a ob\u021bine informa\u021bii cu privire la datele prelucrate de operator, cu privire la anumite aspecte ale prelucr\u0103rii \u0219i de a primi o copie a datelor prelucrate.<\/li>\n\n\n\n<li><strong>verifica\u021bi \u0219i solicita\u021bi rectificarea.<\/strong>  Utilizatorul poate verifica corectitudinea datelor sale \u0219i poate solicita ca acestea s\u0103 fie actualizate sau corectate.<\/li>\n\n\n\n<li><strong>ob\u021binerea restric\u021bion\u0103rii prelucr\u0103rii.<\/strong>  Atunci c\u00e2nd sunt \u00eendeplinite anumite condi\u021bii, utilizatorul poate solicita restric\u021bionarea prelucr\u0103rii datelor sale. \u00cen acest caz, operatorul de date nu va prelucra datele \u00een niciun alt scop dec\u00e2t stocarea acestora. <\/li>\n\n\n\n<li><strong>s\u0103 ob\u021bin\u0103 \u0219tergerea sau eliminarea datelor lor cu caracter personal.<\/strong>  Atunci c\u00e2nd sunt \u00eendeplinite anumite condi\u021bii, utilizatorul poate solicita \u0219tergerea datelor sale de c\u0103tre operator.<\/li>\n\n\n\n<li><strong>s\u0103 primeasc\u0103 datele lor sau s\u0103 le transfere c\u0103tre un alt operator de date.<\/strong>  Utilizatorul are dreptul de a primi datele sale \u00eentr-un format structurat, utilizat \u00een mod obi\u0219nuit \u0219i care poate fi citit automat \u0219i, \u00een cazul \u00een care este fezabil din punct de vedere tehnic, de a le transfera f\u0103r\u0103 impedimente c\u0103tre un alt operator de date. Aceast\u0103 dispozi\u021bie se aplic\u0103 atunci c\u00e2nd datele sunt prelucrate prin mijloace automatizate \u0219i prelucrarea se bazeaz\u0103 pe consim\u021b\u0103m\u00e2ntul utilizatorului, pe un contract la care utilizatorul este parte sau pe m\u0103suri contractuale legate de acesta. <\/li>\n\n\n\n<li><strong>depune\u021bi o pl\u00e2ngere.<\/strong>  Utilizatorul poate depune o pl\u00e2ngere la autoritatea competent\u0103 de supraveghere a protec\u021biei datelor sau poate lua m\u0103suri legale.<\/li>\n<\/ul>\n\n<h3 class=\"wp-block-heading\">Detalii privind dreptul la opozi\u021bie<\/h3>\n\n<p>\u00cen cazul \u00een care datele cu caracter personal sunt prelucrate \u00een interes public, \u00een exercitarea autorit\u0103\u021bii publice cu care este \u00eenvestit operatorul sau \u00een urm\u0103rirea unui interes legitim al operatorului, utilizatorii au dreptul de a se opune prelucr\u0103rii din motive legate de situa\u021bia lor particular\u0103.<\/p>\n\n<p>Utilizatorii sunt informa\u021bi c\u0103, \u00een cazul \u00een care datele lor sunt prelucrate \u00een scopuri de marketing direct, se pot opune prelucr\u0103rii f\u0103r\u0103 a oferi niciun motiv. Pentru a afla dac\u0103 operatorul prelucreaz\u0103 datele \u00een scopuri de marketing direct, utilizatorii pot consulta sec\u021biunile respective din prezentul document. <\/p>\n\n<h3 class=\"wp-block-heading\">Cum s\u0103 v\u0103 exercita\u021bi drepturile<\/h3>\n\n<p>Pentru a-\u0219i exercita drepturile, utilizatorii pot adresa o cerere la datele de contact ale operatorului indicate \u00een prezentul document. Solicit\u0103rile sunt depuse gratuit \u0219i prelucrate de operator c\u00e2t mai rapid posibil, \u00een orice caz \u00een termen de o lun\u0103. <\/p>\n\n<h2 class=\"wp-block-heading\" id=\"further_data_processing_info\">Informa\u021bii suplimentare privind tratamentul<\/h2>\n\n<h3 class=\"wp-block-heading\">Ap\u0103rarea \u00een instan\u021b\u0103<\/h3>\n\n<p><br\/>Datele cu caracter personal ale utilizatorului pot fi utilizate de c\u0103tre operatorul de date \u00een cadrul procedurilor judiciare sau \u00een etapele preg\u0103titoare pentru o eventual\u0103 stabilire a acestora, pentru a se ap\u0103ra \u00eempotriva abuzurilor \u00een utilizarea acestei aplica\u021bii sau a serviciilor conexe de c\u0103tre utilizator. Utilizatorul declar\u0103 c\u0103 este con\u0219tient de faptul c\u0103 operatorul de date poate fi obligat s\u0103 divulge datele la ordinul autorit\u0103\u021bilor publice.<\/p>\n\n<h3 class=\"wp-block-heading\">Informa\u021bii specifice<\/h3>\n\n<p>La cererea utilizatorului, pe l\u00e2ng\u0103 informa\u021biile con\u021binute \u00een prezenta politic\u0103 de confiden\u021bialitate, aceast\u0103 aplica\u021bie poate furniza utilizatorului informa\u021bii suplimentare \u0219i contextuale cu privire la anumite servicii sau la colectarea \u0219i prelucrarea datelor cu caracter personal.<\/p>\n\n<h3 class=\"wp-block-heading\">Jurnale de sistem \u0219i \u00eentre\u021binere<\/h3>\n\n<p>\u00cen scopuri de operare \u0219i \u00eentre\u021binere, aceast\u0103 aplica\u021bie \u0219i orice servicii ter\u021be utilizate de aceasta pot colecta jurnale de sistem, adic\u0103 fi\u0219iere care \u00eenregistreaz\u0103 interac\u021biunile \u0219i care pot con\u021bine, de asemenea, date cu caracter personal, cum ar fi adresa IP a utilizatorului.<\/p>\n\n<h3 class=\"wp-block-heading\">Informa\u021bii care nu sunt cuprinse \u00een prezenta politic\u0103<\/h3>\n\n<p>Informa\u021bii suplimentare \u00een leg\u0103tur\u0103 cu prelucrarea datelor cu caracter personal pot fi solicitate \u00een orice moment operatorului de date folosind datele de contact.<\/p>\n\n<h3 class=\"wp-block-heading\">R\u0103spunsul la solicit\u0103rile &#8222;Do Not Track<\/h3>\n\n<p>Aceast\u0103 aplica\u021bie nu accept\u0103 solicit\u0103ri de tip &#8222;Do Not Track&#8221;.<br\/>Pentru a afla dac\u0103 serviciile ter\u021be utilizate le sus\u021bin, utilizatorul este invitat s\u0103 consulte politicile de confiden\u021bialitate respective.<\/p>\n\n<h3 class=\"wp-block-heading\">Modific\u0103ri ale prezentei politici de confiden\u021bialitate<\/h3>\n\n<p>Operatorul de date \u00ee\u0219i rezerv\u0103 dreptul de a face modific\u0103ri la aceast\u0103 politic\u0103 de confiden\u021bialitate \u00een orice moment prin notificarea Utilizatorilor pe aceast\u0103 pagin\u0103 \u0219i, dac\u0103 este posibil, pe aceast\u0103 Aplica\u021bie, precum \u0219i, dac\u0103 este posibil din punct de vedere tehnic \u0219i legal, prin trimiterea unei notific\u0103ri c\u0103tre Utilizatori prin intermediul uneia dintre datele de contact pe care le de\u021bine. Prin urmare, v\u0103 rug\u0103m s\u0103 consulta\u021bi frecvent aceast\u0103 pagin\u0103, f\u0103c\u00e2nd referire la data ultimei modific\u0103ri indicat\u0103 \u00een partea de jos. <br\/><br\/>Dac\u0103 modific\u0103rile afecteaz\u0103 prelucrarea al c\u0103rei temei juridic este consim\u021b\u0103m\u00e2ntul, operatorul va colecta din nou consim\u021b\u0103m\u00e2ntul utilizatorului, dac\u0103 este necesar.<\/p>\n","protected":false},"excerpt":{"rendered":"<p>Pentru a ob\u021bine informa\u021bii despre datele dvs. cu caracter personal colectate, scopurile pentru care sunt colectate \u0219i p\u0103r\u021bile cu care sunt partajate datele, v\u0103 rug\u0103m s\u0103 contacta\u021bi operatorul. Operator de date Alessandra Pauluzzic\/o S.Manno ComplexVia Fra Giovanni da Pian di Carpine, 63 &#8211; 06127 (PG) Adresa de e-mail a titularului: segreteria@comunitamagnificat.org Tipuri de date colectate [&hellip;]<\/p>\n","protected":false},"author":1,"featured_media":0,"parent":0,"menu_order":0,"comment_status":"closed","ping_status":"open","template":"","meta":{"om_disable_all_campaigns":false,"_monsterinsights_skip_tracking":false,"_monsterinsights_sitenote_active":false,"_monsterinsights_sitenote_note":"","_monsterinsights_sitenote_category":0,"_uf_show_specific_survey":0,"_uf_disable_surveys":false,"footnotes":""},"class_list":["post-18429","page","type-page","status-publish","hentry"],"aioseo_notices":[],"_links":{"self":[{"href":"https:\/\/comunitamagnificat.org\/ro\/wp-json\/wp\/v2\/pages\/18429","targetHints":{"allow":["GET"]}}],"collection":[{"href":"https:\/\/comunitamagnificat.org\/ro\/wp-json\/wp\/v2\/pages"}],"about":[{"href":"https:\/\/comunitamagnificat.org\/ro\/wp-json\/wp\/v2\/types\/page"}],"author":[{"embeddable":true,"href":"https:\/\/comunitamagnificat.org\/ro\/wp-json\/wp\/v2\/users\/1"}],"replies":[{"embeddable":true,"href":"https:\/\/comunitamagnificat.org\/ro\/wp-json\/wp\/v2\/comments?post=18429"}],"version-history":[{"count":2,"href":"https:\/\/comunitamagnificat.org\/ro\/wp-json\/wp\/v2\/pages\/18429\/revisions"}],"predecessor-version":[{"id":26650,"href":"https:\/\/comunitamagnificat.org\/ro\/wp-json\/wp\/v2\/pages\/18429\/revisions\/26650"}],"wp:attachment":[{"href":"https:\/\/comunitamagnificat.org\/ro\/wp-json\/wp\/v2\/media?parent=18429"}],"curies":[{"name":"wp","href":"https:\/\/api.w.org\/{rel}","templated":true}]}}