{"id":18447,"date":"2024-08-22T18:11:01","date_gmt":"2024-08-22T16:11:01","guid":{"rendered":"https:\/\/comunitamagnificat.org\/formare-profesionala\/"},"modified":"2025-01-22T19:36:34","modified_gmt":"2025-01-22T18:36:34","slug":"formare-profesionala","status":"publish","type":"page","link":"https:\/\/comunitamagnificat.org\/ro\/formare-profesionala\/","title":{"rendered":"Formare profesional\u0103"},"content":{"rendered":"\n<div style=\"height:30px\" aria-hidden=\"true\" class=\"wp-block-spacer\"><\/div>\n\n<blockquote class=\"wp-block-quote is-layout-flow wp-block-quote-is-layout-flow\">\n<p><em><strong>Pentru aceasta depune\u021bi toate eforturile<\/strong><\/em><br\/><em><strong>pentru a ad\u0103uga virtute credin\u021bei tale,<\/strong><\/em><br\/><em><strong>pentru virtutea cunoa\u0219terii;<\/strong><\/em><br\/><em><strong>pentru cunoa\u0219terea temperan\u021bei,<\/strong><\/em><br\/><em><strong>la temperan\u021b\u0103 r\u0103bdare,<\/strong><\/em><br\/><em><strong>la r\u0103bdare mil\u0103,<\/strong><\/em><br\/><em><strong>la mil\u0103, iubire fr\u0103\u021beasc\u0103,<\/strong><\/em><br\/><em><strong>dragostea fr\u0103\u021beasc\u0103 caritatea<\/strong><\/em><\/p>\n<cite><em>2 Petru<\/em> 1: 5-6<\/cite><\/blockquote>\n\n<div style=\"height:30px\" aria-hidden=\"true\" class=\"wp-block-spacer\"><\/div>\n\n<p>At\u00e2t la nivel local, c\u00e2t \u0219i \u00een general, Comunitatea ofer\u0103 periodic membrilor s\u0103i cursuri de formare \u00eentr-o mare varietate de domenii, \u00een special \u00een domeniul vie\u021bii de serviciu.<\/p>\n\n<div style=\"height:30px\" aria-hidden=\"true\" class=\"wp-block-spacer\"><\/div>\n\n<p>Serviciile generale sunt foarte active \u00een aceast\u0103 privin\u021b\u0103, organiz\u00e2nd \u00een mod regulat cursuri de formare la care fraternit\u0103\u021bile \u00ee\u0219i trimit fra\u021bii \u0219i surorile, care \u00ee\u0219i aprofundeaz\u0103 astfel cuno\u0219tin\u021bele despre temele \u0219i dinamica serviciilor \u00een care sunt implica\u021bi.<\/p>\n\n<div style=\"height:50px\" aria-hidden=\"true\" class=\"wp-block-spacer\"><\/div>\n","protected":false},"excerpt":{"rendered":"<p>Pentru aceasta depune\u021bi toate eforturilepentru a ad\u0103uga virtute credin\u021bei tale,pentru virtutea cunoa\u0219terii;pentru cunoa\u0219terea temperan\u021bei,la temperan\u021b\u0103 r\u0103bdare,la r\u0103bdare mil\u0103,la mil\u0103, iubire fr\u0103\u021beasc\u0103,dragostea fr\u0103\u021beasc\u0103 caritatea 2 Petru 1: 5-6 At\u00e2t la nivel local, c\u00e2t \u0219i \u00een general, Comunitatea ofer\u0103 periodic membrilor s\u0103i cursuri de formare \u00eentr-o mare varietate de domenii, \u00een special \u00een domeniul vie\u021bii de serviciu. [&hellip;]<\/p>\n","protected":false},"author":3,"featured_media":11054,"parent":0,"menu_order":0,"comment_status":"closed","ping_status":"closed","template":"","meta":{"om_disable_all_campaigns":false,"_monsterinsights_skip_tracking":false,"_monsterinsights_sitenote_active":false,"_monsterinsights_sitenote_note":"","_monsterinsights_sitenote_category":0,"_uf_show_specific_survey":0,"_uf_disable_surveys":false,"footnotes":""},"class_list":["post-18447","page","type-page","status-publish","has-post-thumbnail","hentry"],"aioseo_notices":[],"_links":{"self":[{"href":"https:\/\/comunitamagnificat.org\/ro\/wp-json\/wp\/v2\/pages\/18447","targetHints":{"allow":["GET"]}}],"collection":[{"href":"https:\/\/comunitamagnificat.org\/ro\/wp-json\/wp\/v2\/pages"}],"about":[{"href":"https:\/\/comunitamagnificat.org\/ro\/wp-json\/wp\/v2\/types\/page"}],"author":[{"embeddable":true,"href":"https:\/\/comunitamagnificat.org\/ro\/wp-json\/wp\/v2\/users\/3"}],"replies":[{"embeddable":true,"href":"https:\/\/comunitamagnificat.org\/ro\/wp-json\/wp\/v2\/comments?post=18447"}],"version-history":[{"count":2,"href":"https:\/\/comunitamagnificat.org\/ro\/wp-json\/wp\/v2\/pages\/18447\/revisions"}],"predecessor-version":[{"id":22705,"href":"https:\/\/comunitamagnificat.org\/ro\/wp-json\/wp\/v2\/pages\/18447\/revisions\/22705"}],"wp:featuredmedia":[{"embeddable":true,"href":"https:\/\/comunitamagnificat.org\/ro\/wp-json\/wp\/v2\/media\/11054"}],"wp:attachment":[{"href":"https:\/\/comunitamagnificat.org\/ro\/wp-json\/wp\/v2\/media?parent=18447"}],"curies":[{"name":"wp","href":"https:\/\/api.w.org\/{rel}","templated":true}]}}