{"id":18456,"date":"2024-08-22T18:11:17","date_gmt":"2024-08-22T16:11:17","guid":{"rendered":"https:\/\/comunitamagnificat.org\/scoala-comunitara\/"},"modified":"2025-01-22T19:30:57","modified_gmt":"2025-01-22T18:30:57","slug":"scoala-comunitara","status":"publish","type":"page","link":"https:\/\/comunitamagnificat.org\/ro\/scoala-comunitara\/","title":{"rendered":"\u0218coala comunitar\u0103"},"content":{"rendered":"\n<div style=\"height:30px\" aria-hidden=\"true\" class=\"wp-block-spacer\"><\/div>\n\n<blockquote class=\"wp-block-quote is-layout-flow wp-block-quote-is-layout-flow\">\n<p><em><strong>Ei au r\u0103mas \u00eempreun\u0103<\/strong><\/em><br\/><em><strong>un an \u00eentreg \u00een acea biseric\u0103<\/strong><\/em><br\/><em><strong>\u0219i au instruit mul\u021bi oameni<\/strong><\/em><\/p>\n<cite><em>Faptele apostolilor<\/em> 11, 26<\/cite><\/blockquote>\n\n<div style=\"height:30px\" aria-hidden=\"true\" class=\"wp-block-spacer\"><\/div>\n\n<p>Comunitatea este atractiv\u0103 pentru mul\u021bi dintre oamenii care o frecventeaz\u0103 \u0219i care &#8211; poate prin intermediul ei &#8211; au venit sau s-au \u00eentors la credin\u021b\u0103.<\/p>\n\n<div style=\"height:30px\" aria-hidden=\"true\" class=\"wp-block-spacer\"><\/div>\n\n<p>Atunci c\u00e2nd un frate sau o sor\u0103 care a primit rev\u0103rsarea Duhului Sf\u00e2nt \u0219i a participat la cursul de <em>ucenicie <\/em>dore\u0219te s\u0103 continue s\u0103 cunoasc\u0103 Comunitatea Magnificat pentru a evalua posibila sa intrare, i se propune s\u0103 participe la \u00eent\u00e2lnirile din ceea ce se nume\u0219te <em>\u0218coala Comunit\u0103\u021bii<\/em>, un fel de &#8222;prob\u0103&#8221; \u00een care sunt prezentate elementele esen\u021biale ale vie\u021bii unei Fraternit\u0103\u021bi, precum \u0219i voca\u021bia \u0219i spiritualitatea.<\/p>\n\n<div style=\"height:30px\" aria-hidden=\"true\" class=\"wp-block-spacer\"><\/div>\n\n<p>La sf\u00e2r\u0219itul acestui parcurs, dac\u0103 cei care au participat doresc acest lucru, pot aplica pentru <em>admiterea \u00een cadrul parcursului de admitere la Alian\u021b\u0103<\/em>.<\/p>\n\n<div style=\"height:50px\" aria-hidden=\"true\" class=\"wp-block-spacer\"><\/div>\n","protected":false},"excerpt":{"rendered":"<p>Ei au r\u0103mas \u00eempreun\u0103un an \u00eentreg \u00een acea biseric\u0103\u0219i au instruit mul\u021bi oameni Faptele apostolilor 11, 26 Comunitatea este atractiv\u0103 pentru mul\u021bi dintre oamenii care o frecventeaz\u0103 \u0219i care &#8211; poate prin intermediul ei &#8211; au venit sau s-au \u00eentors la credin\u021b\u0103. Atunci c\u00e2nd un frate sau o sor\u0103 care a primit rev\u0103rsarea Duhului Sf\u00e2nt [&hellip;]<\/p>\n","protected":false},"author":3,"featured_media":11046,"parent":0,"menu_order":0,"comment_status":"closed","ping_status":"closed","template":"","meta":{"om_disable_all_campaigns":false,"_monsterinsights_skip_tracking":false,"_monsterinsights_sitenote_active":false,"_monsterinsights_sitenote_note":"","_monsterinsights_sitenote_category":0,"_uf_show_specific_survey":0,"_uf_disable_surveys":false,"footnotes":""},"class_list":["post-18456","page","type-page","status-publish","has-post-thumbnail","hentry"],"aioseo_notices":[],"_links":{"self":[{"href":"https:\/\/comunitamagnificat.org\/ro\/wp-json\/wp\/v2\/pages\/18456","targetHints":{"allow":["GET"]}}],"collection":[{"href":"https:\/\/comunitamagnificat.org\/ro\/wp-json\/wp\/v2\/pages"}],"about":[{"href":"https:\/\/comunitamagnificat.org\/ro\/wp-json\/wp\/v2\/types\/page"}],"author":[{"embeddable":true,"href":"https:\/\/comunitamagnificat.org\/ro\/wp-json\/wp\/v2\/users\/3"}],"replies":[{"embeddable":true,"href":"https:\/\/comunitamagnificat.org\/ro\/wp-json\/wp\/v2\/comments?post=18456"}],"version-history":[{"count":2,"href":"https:\/\/comunitamagnificat.org\/ro\/wp-json\/wp\/v2\/pages\/18456\/revisions"}],"predecessor-version":[{"id":22690,"href":"https:\/\/comunitamagnificat.org\/ro\/wp-json\/wp\/v2\/pages\/18456\/revisions\/22690"}],"wp:featuredmedia":[{"embeddable":true,"href":"https:\/\/comunitamagnificat.org\/ro\/wp-json\/wp\/v2\/media\/11046"}],"wp:attachment":[{"href":"https:\/\/comunitamagnificat.org\/ro\/wp-json\/wp\/v2\/media?parent=18456"}],"curies":[{"name":"wp","href":"https:\/\/api.w.org\/{rel}","templated":true}]}}