{"id":18461,"date":"2024-08-22T18:11:22","date_gmt":"2024-08-22T16:11:22","guid":{"rendered":"https:\/\/comunitamagnificat.org\/noviciat\/"},"modified":"2025-01-22T19:34:47","modified_gmt":"2025-01-22T18:34:47","slug":"noviciat","status":"publish","type":"page","link":"https:\/\/comunitamagnificat.org\/ro\/noviciat\/","title":{"rendered":"Calea de admitere la Alian\u021b\u0103"},"content":{"rendered":"\n<div style=\"height:30px\" aria-hidden=\"true\" class=\"wp-block-spacer\"><\/div>\n\n<blockquote class=\"wp-block-quote is-layout-flow wp-block-quote-is-layout-flow\">\n<p><em><strong>Un singur trup \u0219i un singur spirit<\/strong><\/em><br\/><em><strong>ca una este speran\u021ba<\/strong><\/em><br\/><em><strong>la care a\u021bi fost chema\u021bi,<\/strong><\/em><br\/><em><strong>cea a voca\u021biei voastre<\/strong><\/em><\/p>\n<cite><em>Efeseni<\/em> 4, 4<\/cite><\/blockquote>\n\n<div style=\"height:30px\" aria-hidden=\"true\" class=\"wp-block-spacer\"><\/div>\n\n<p><em>Calea de admitere \u00een Pact<\/em> este oferit\u0103 celor care, dup\u0103 <em>\u0218coala de comunitate<\/em>, doresc s\u0103 verifice temeinicia voca\u021biei lor pentru Pact.<\/p>\n\n<div style=\"height:30px\" aria-hidden=\"true\" class=\"wp-block-spacer\"><\/div>\n\n<p>Cu o durat\u0103 de nu mai pu\u021bin de trei ani, aceast\u0103 c\u0103l\u0103torie este tr\u0103it\u0103 \u00een grupuri mici de <em>candida\u021bi<\/em>, sub \u00eendrumarea a doi <em>formatori<\/em>.<\/p>\n\n<div style=\"height:30px\" aria-hidden=\"true\" class=\"wp-block-spacer\"><\/div>\n\n<p>\u00cen cei trei ani, sunt explorate subiecte legate de cele <em>patru promisiuni<\/em>:<\/p>\n\n<div style=\"height:30px\" aria-hidden=\"true\" class=\"wp-block-spacer\"><\/div>\n\n<p>\u00cen primul an, jur\u0103m\u00e2ntul de<em> s\u0103r\u0103cie<\/em> \u00eel \u00eenso\u021be\u0219te pe candidat \u00een tranzi\u021bia de la iubirea pentru propria voin\u021b\u0103 la iubirea pentru voin\u021ba lui Dumnezeu, iar rela\u021bia sa cu Dumnezeu \u0219i cu sine \u00eensu\u0219i este deosebit de \u00eengrijit\u0103.<\/p>\n\n<div style=\"height:30px\" aria-hidden=\"true\" class=\"wp-block-spacer\"><\/div>\n\n<p>\u00cen al doilea an, promisiunile de <em>iertare permanent\u0103<\/em> \u0219i de <em>construire a iubirii<\/em> sunt aprofundate, iar rela\u021biile interpersonale ale candidatului sunt luate \u00een considerare.<\/p>\n\n<div style=\"height:30px\" aria-hidden=\"true\" class=\"wp-block-spacer\"><\/div>\n\n<p>\u00cen al treilea an, promisiunea de <em>serviciu<\/em> \u00eel invit\u0103 pe candidat s\u0103 ias\u0103 din sine pentru a se d\u0103rui din iubire. La sf\u00e2r\u0219itul perioadei de trei ani, dac\u0103 candidatul dore\u0219te, el poate face o cerere c\u0103tre liderii fraternit\u0103\u021bii sale pentru a fi admis la Promisiunea de leg\u0103m\u00e2nt. <\/p>\n\n<div style=\"height:50px\" aria-hidden=\"true\" class=\"wp-block-spacer\"><\/div>\n","protected":false},"excerpt":{"rendered":"<p>Un singur trup \u0219i un singur spiritca una este speran\u021bala care a\u021bi fost chema\u021bi,cea a voca\u021biei voastre Efeseni 4, 4 Calea de admitere \u00een Pact este oferit\u0103 celor care, dup\u0103 \u0218coala de comunitate, doresc s\u0103 verifice temeinicia voca\u021biei lor pentru Pact. Cu o durat\u0103 de nu mai pu\u021bin de trei ani, aceast\u0103 c\u0103l\u0103torie este tr\u0103it\u0103 [&hellip;]<\/p>\n","protected":false},"author":3,"featured_media":11050,"parent":0,"menu_order":0,"comment_status":"closed","ping_status":"closed","template":"","meta":{"om_disable_all_campaigns":false,"_monsterinsights_skip_tracking":false,"_monsterinsights_sitenote_active":false,"_monsterinsights_sitenote_note":"","_monsterinsights_sitenote_category":0,"_uf_show_specific_survey":0,"_uf_disable_surveys":false,"footnotes":""},"class_list":["post-18461","page","type-page","status-publish","has-post-thumbnail","hentry"],"aioseo_notices":[],"_links":{"self":[{"href":"https:\/\/comunitamagnificat.org\/ro\/wp-json\/wp\/v2\/pages\/18461","targetHints":{"allow":["GET"]}}],"collection":[{"href":"https:\/\/comunitamagnificat.org\/ro\/wp-json\/wp\/v2\/pages"}],"about":[{"href":"https:\/\/comunitamagnificat.org\/ro\/wp-json\/wp\/v2\/types\/page"}],"author":[{"embeddable":true,"href":"https:\/\/comunitamagnificat.org\/ro\/wp-json\/wp\/v2\/users\/3"}],"replies":[{"embeddable":true,"href":"https:\/\/comunitamagnificat.org\/ro\/wp-json\/wp\/v2\/comments?post=18461"}],"version-history":[{"count":3,"href":"https:\/\/comunitamagnificat.org\/ro\/wp-json\/wp\/v2\/pages\/18461\/revisions"}],"predecessor-version":[{"id":22697,"href":"https:\/\/comunitamagnificat.org\/ro\/wp-json\/wp\/v2\/pages\/18461\/revisions\/22697"}],"wp:featuredmedia":[{"embeddable":true,"href":"https:\/\/comunitamagnificat.org\/ro\/wp-json\/wp\/v2\/media\/11050"}],"wp:attachment":[{"href":"https:\/\/comunitamagnificat.org\/ro\/wp-json\/wp\/v2\/media?parent=18461"}],"curies":[{"name":"wp","href":"https:\/\/api.w.org\/{rel}","templated":true}]}}