{"id":18471,"date":"2024-08-22T18:11:37","date_gmt":"2024-08-22T16:11:37","guid":{"rendered":"https:\/\/comunitamagnificat.org\/evanghelizarea-arata\/"},"modified":"2024-08-22T18:11:40","modified_gmt":"2024-08-22T16:11:40","slug":"evanghelizarea-arata","status":"publish","type":"page","link":"https:\/\/comunitamagnificat.org\/ro\/evanghelizarea-arata\/","title":{"rendered":"Evanghelizarea arat\u0103"},"content":{"rendered":"\n<div style=\"height:30px\" aria-hidden=\"true\" class=\"wp-block-spacer\"><\/div>\n\n<blockquote class=\"wp-block-quote is-layout-flow wp-block-quote-is-layout-flow\"><p><em><strong>Ceea ce v\u0103 spun \u00een \u00eentuneric, voi spune\u021bi \u00een lumin\u0103,<\/strong><\/em><br\/><em><strong>\u0219i ceea ce auzi\u021bi \u00een urechile voastre proclama\u021bi de pe terase<\/strong><\/em><\/p><cite><em>Matei<\/em> 10, 27<\/cite><\/blockquote>\n\n<div style=\"height:30px\" aria-hidden=\"true\" class=\"wp-block-spacer\"><\/div>\n\n<p>Filonul artistic nu a lipsit niciodat\u0103 din Comunitate \u00eenc\u0103 de la \u00eenceputurile sale \u0219i a condus la realizarea unor momente de reprezentare public\u0103 a credin\u021bei, pentru a anun\u021ba Evanghelia \u0219i prin aceast\u0103 modalitate, pentru a da m\u0103rturie c\u00e2t mai multor oameni.<\/p>\n\n<div style=\"height:30px\" aria-hidden=\"true\" class=\"wp-block-spacer\"><\/div>\n\n<p>Uneori prin musicaluri sau piese de teatru mici, alteori prin concerte adev\u0103rate, Domnul Isus \u0219i dragostea Sa sunt proclamate lumii \u00een mod artistic.<\/p>\n\n<div style=\"height:50px\" aria-hidden=\"true\" class=\"wp-block-spacer\"><\/div>\n","protected":false},"excerpt":{"rendered":"<p>Ceea ce v\u0103 spun \u00een \u00eentuneric, voi spune\u021bi \u00een lumin\u0103,\u0219i ceea ce auzi\u021bi \u00een urechile voastre proclama\u021bi de pe terase Matei 10, 27 Filonul artistic nu a lipsit niciodat\u0103 din Comunitate \u00eenc\u0103 de la \u00eenceputurile sale \u0219i a condus la realizarea unor momente de reprezentare public\u0103 a credin\u021bei, pentru a anun\u021ba Evanghelia \u0219i prin aceast\u0103 [&hellip;]<\/p>\n","protected":false},"author":3,"featured_media":11042,"parent":0,"menu_order":0,"comment_status":"closed","ping_status":"closed","template":"","meta":{"om_disable_all_campaigns":false,"_monsterinsights_skip_tracking":false,"_monsterinsights_sitenote_active":false,"_monsterinsights_sitenote_note":"","_monsterinsights_sitenote_category":0,"_uf_show_specific_survey":0,"_uf_disable_surveys":false,"footnotes":""},"class_list":["post-18471","page","type-page","status-publish","has-post-thumbnail","hentry"],"aioseo_notices":[],"_links":{"self":[{"href":"https:\/\/comunitamagnificat.org\/ro\/wp-json\/wp\/v2\/pages\/18471","targetHints":{"allow":["GET"]}}],"collection":[{"href":"https:\/\/comunitamagnificat.org\/ro\/wp-json\/wp\/v2\/pages"}],"about":[{"href":"https:\/\/comunitamagnificat.org\/ro\/wp-json\/wp\/v2\/types\/page"}],"author":[{"embeddable":true,"href":"https:\/\/comunitamagnificat.org\/ro\/wp-json\/wp\/v2\/users\/3"}],"replies":[{"embeddable":true,"href":"https:\/\/comunitamagnificat.org\/ro\/wp-json\/wp\/v2\/comments?post=18471"}],"version-history":[{"count":1,"href":"https:\/\/comunitamagnificat.org\/ro\/wp-json\/wp\/v2\/pages\/18471\/revisions"}],"predecessor-version":[{"id":18474,"href":"https:\/\/comunitamagnificat.org\/ro\/wp-json\/wp\/v2\/pages\/18471\/revisions\/18474"}],"wp:featuredmedia":[{"embeddable":true,"href":"https:\/\/comunitamagnificat.org\/ro\/wp-json\/wp\/v2\/media\/11042"}],"wp:attachment":[{"href":"https:\/\/comunitamagnificat.org\/ro\/wp-json\/wp\/v2\/media?parent=18471"}],"curies":[{"name":"wp","href":"https:\/\/api.w.org\/{rel}","templated":true}]}}