{"id":18480,"date":"2024-08-22T18:11:56","date_gmt":"2024-08-22T16:11:56","guid":{"rendered":"https:\/\/comunitamagnificat.org\/evanghelizare-pentru-tineri\/"},"modified":"2024-08-22T18:12:05","modified_gmt":"2024-08-22T16:12:05","slug":"evanghelizare-pentru-tineri","status":"publish","type":"page","link":"https:\/\/comunitamagnificat.org\/ro\/evanghelizare-pentru-tineri\/","title":{"rendered":"Evanghelizare pentru tineri"},"content":{"rendered":"\n<div style=\"height:30px\" aria-hidden=\"true\" class=\"wp-block-spacer\"><\/div>\n\n<blockquote class=\"wp-block-quote is-layout-flow wp-block-quote-is-layout-flow\"><p><em><strong>Merge\u021bi \u00een toat\u0103 lumea<\/strong><\/em><br\/><em><strong>\u0219i propov\u0103dui\u021bi Evanghelia la orice f\u0103ptur\u0103<\/strong><\/em><\/p><cite><em>Marcu<\/em> 16, 15<\/cite><\/blockquote>\n\n<div style=\"height:30px\" aria-hidden=\"true\" class=\"wp-block-spacer\"><\/div>\n\n<p>Seminarii de via\u021b\u0103 nou\u0103, retrageri, zile \u00een aer liber, activit\u0103\u021bi de var\u0103, activit\u0103\u021bi spirituale \u0219i sportive, \u00eenso\u021bire la sacramentul confirm\u0103rii, seminarii de efuziune pentru elevi \u00een \u0219colile lor&#8230;\nEvanghelizarea destinat\u0103 \u00een special tinerilor &#8211; de obicei \u00eencredin\u021bat\u0103 celor mai tineri membri ai Comunit\u0103\u021bii &#8211; a avut loc \u00een multe moduri diferite, dar \u00eentotdeauna cu o inten\u021bie clar\u0103: s\u0103 favorizeze \u00eent\u00e2lnirea cu Isus cel viu \u0219i cu iubirea sa. <\/p>\n\n<div style=\"height:50px\" aria-hidden=\"true\" class=\"wp-block-spacer\"><\/div>\n","protected":false},"excerpt":{"rendered":"<p>Merge\u021bi \u00een toat\u0103 lumea\u0219i propov\u0103dui\u021bi Evanghelia la orice f\u0103ptur\u0103 Marcu 16, 15 Seminarii de via\u021b\u0103 nou\u0103, retrageri, zile \u00een aer liber, activit\u0103\u021bi de var\u0103, activit\u0103\u021bi spirituale \u0219i sportive, \u00eenso\u021bire la sacramentul confirm\u0103rii, seminarii de efuziune pentru elevi \u00een \u0219colile lor&#8230; Evanghelizarea destinat\u0103 \u00een special tinerilor &#8211; de obicei \u00eencredin\u021bat\u0103 celor mai tineri membri ai Comunit\u0103\u021bii [&hellip;]<\/p>\n","protected":false},"author":3,"featured_media":11038,"parent":0,"menu_order":0,"comment_status":"closed","ping_status":"closed","template":"","meta":{"om_disable_all_campaigns":false,"_monsterinsights_skip_tracking":false,"_monsterinsights_sitenote_active":false,"_monsterinsights_sitenote_note":"","_monsterinsights_sitenote_category":0,"_uf_show_specific_survey":0,"_uf_disable_surveys":false,"footnotes":""},"class_list":["post-18480","page","type-page","status-publish","has-post-thumbnail","hentry"],"aioseo_notices":[],"_links":{"self":[{"href":"https:\/\/comunitamagnificat.org\/ro\/wp-json\/wp\/v2\/pages\/18480","targetHints":{"allow":["GET"]}}],"collection":[{"href":"https:\/\/comunitamagnificat.org\/ro\/wp-json\/wp\/v2\/pages"}],"about":[{"href":"https:\/\/comunitamagnificat.org\/ro\/wp-json\/wp\/v2\/types\/page"}],"author":[{"embeddable":true,"href":"https:\/\/comunitamagnificat.org\/ro\/wp-json\/wp\/v2\/users\/3"}],"replies":[{"embeddable":true,"href":"https:\/\/comunitamagnificat.org\/ro\/wp-json\/wp\/v2\/comments?post=18480"}],"version-history":[{"count":1,"href":"https:\/\/comunitamagnificat.org\/ro\/wp-json\/wp\/v2\/pages\/18480\/revisions"}],"predecessor-version":[{"id":18481,"href":"https:\/\/comunitamagnificat.org\/ro\/wp-json\/wp\/v2\/pages\/18480\/revisions\/18481"}],"wp:featuredmedia":[{"embeddable":true,"href":"https:\/\/comunitamagnificat.org\/ro\/wp-json\/wp\/v2\/media\/11038"}],"wp:attachment":[{"href":"https:\/\/comunitamagnificat.org\/ro\/wp-json\/wp\/v2\/media?parent=18480"}],"curies":[{"name":"wp","href":"https:\/\/api.w.org\/{rel}","templated":true}]}}