{"id":18494,"date":"2024-08-22T18:12:53","date_gmt":"2024-08-22T16:12:53","guid":{"rendered":"https:\/\/comunitamagnificat.org\/misiuni-parohiale\/"},"modified":"2024-08-22T18:12:58","modified_gmt":"2024-08-22T16:12:58","slug":"misiuni-parohiale","status":"publish","type":"page","link":"https:\/\/comunitamagnificat.org\/ro\/misiuni-parohiale\/","title":{"rendered":"Misiuni parohiale"},"content":{"rendered":"\n<div style=\"height:30px\" aria-hidden=\"true\" class=\"wp-block-spacer\"><\/div>\n\n<blockquote class=\"wp-block-quote is-layout-flow wp-block-quote-is-layout-flow\"><p><em><strong>Iat\u0103: Eu stau la u\u0219\u0103 \u0219i bat.<\/strong><\/em><br\/><em><strong>Dac\u0103 cineva \u00eemi aude glasul<\/strong><\/em><br\/><em><strong>\u0219i \u00eemi deschide u\u0219a,<\/strong><\/em><br\/><em><strong>voi veni la el,<\/strong><\/em><br\/><em><strong>voi cina cu el \u0219i el cu mine<\/strong><\/em><\/p><cite><em>Apocalipsa<\/em> 3:20<\/cite><\/blockquote>\n\n<div style=\"height:30px\" aria-hidden=\"true\" class=\"wp-block-spacer\"><\/div>\n\n<p>\u00cen experien\u021ba comunitar\u0103, cu siguran\u021b\u0103 nu a lipsit ajutorul acordat parohiilor, sub diverse forme, pentru nevoile pe care Fraternit\u0103\u021bile le puteau satisface.\n\u00cen anumite cazuri &#8211; nu multe, dar totu\u0219i semnificative &#8211; preo\u021bii parohi au cerut unor Fraternit\u0103\u021bi s\u0103 desf\u0103\u0219oare o misiune real\u0103 destinat\u0103 tuturor locuitorilor de pe teritoriul parohiei. <\/p>\n\n<div style=\"height:30px\" aria-hidden=\"true\" class=\"wp-block-spacer\"><\/div>\n\n<p>Acest tip de experien\u021b\u0103 implic\u0103 o serie de activit\u0103\u021bi prin care ne apropiem de to\u021bi enoria\u0219ii, pe o perioad\u0103 destul de \u00eendelungat\u0103, pentru a le adresa vestirea Evangheliei \u0219i pentru a-i invita s\u0103 participe la un moment comunitar \u00een biserica principal\u0103, unde, timp de o s\u0103pt\u0103m\u00e2n\u0103 \u00eentreag\u0103, se \u021bin catehezele seminarului de via\u021b\u0103 nou\u0103, la sf\u00e2r\u0219itul c\u0103rora se invoc\u0103 o rev\u0103rsare a Duhului Sf\u00e2nt pentru \u00eentreaga parohie \u0219i pentru fiecare persoan\u0103 care dore\u0219te acest lucru.<\/p>\n\n<div style=\"height:50px\" aria-hidden=\"true\" class=\"wp-block-spacer\"><\/div>\n","protected":false},"excerpt":{"rendered":"<p>Iat\u0103: Eu stau la u\u0219\u0103 \u0219i bat.Dac\u0103 cineva \u00eemi aude glasul\u0219i \u00eemi deschide u\u0219a,voi veni la el,voi cina cu el \u0219i el cu mine Apocalipsa 3:20 \u00cen experien\u021ba comunitar\u0103, cu siguran\u021b\u0103 nu a lipsit ajutorul acordat parohiilor, sub diverse forme, pentru nevoile pe care Fraternit\u0103\u021bile le puteau satisface. \u00cen anumite cazuri &#8211; nu multe, dar [&hellip;]<\/p>\n","protected":false},"author":3,"featured_media":11310,"parent":0,"menu_order":0,"comment_status":"closed","ping_status":"closed","template":"","meta":{"om_disable_all_campaigns":false,"_monsterinsights_skip_tracking":false,"_monsterinsights_sitenote_active":false,"_monsterinsights_sitenote_note":"","_monsterinsights_sitenote_category":0,"_uf_show_specific_survey":0,"_uf_disable_surveys":false,"footnotes":""},"class_list":["post-18494","page","type-page","status-publish","has-post-thumbnail","hentry"],"aioseo_notices":[],"_links":{"self":[{"href":"https:\/\/comunitamagnificat.org\/ro\/wp-json\/wp\/v2\/pages\/18494","targetHints":{"allow":["GET"]}}],"collection":[{"href":"https:\/\/comunitamagnificat.org\/ro\/wp-json\/wp\/v2\/pages"}],"about":[{"href":"https:\/\/comunitamagnificat.org\/ro\/wp-json\/wp\/v2\/types\/page"}],"author":[{"embeddable":true,"href":"https:\/\/comunitamagnificat.org\/ro\/wp-json\/wp\/v2\/users\/3"}],"replies":[{"embeddable":true,"href":"https:\/\/comunitamagnificat.org\/ro\/wp-json\/wp\/v2\/comments?post=18494"}],"version-history":[{"count":1,"href":"https:\/\/comunitamagnificat.org\/ro\/wp-json\/wp\/v2\/pages\/18494\/revisions"}],"predecessor-version":[{"id":18495,"href":"https:\/\/comunitamagnificat.org\/ro\/wp-json\/wp\/v2\/pages\/18494\/revisions\/18495"}],"wp:featuredmedia":[{"embeddable":true,"href":"https:\/\/comunitamagnificat.org\/ro\/wp-json\/wp\/v2\/media\/11310"}],"wp:attachment":[{"href":"https:\/\/comunitamagnificat.org\/ro\/wp-json\/wp\/v2\/media?parent=18494"}],"curies":[{"name":"wp","href":"https:\/\/api.w.org\/{rel}","templated":true}]}}