{"id":18558,"date":"2024-08-22T18:15:34","date_gmt":"2024-08-22T16:15:34","guid":{"rendered":"https:\/\/comunitamagnificat.org\/alianta\/"},"modified":"2025-01-22T17:29:53","modified_gmt":"2025-01-22T16:29:53","slug":"alianta","status":"publish","type":"page","link":"https:\/\/comunitamagnificat.org\/ro\/alianta\/","title":{"rendered":"Alian\u021b\u0103"},"content":{"rendered":"\n<div style=\"height:30px\" aria-hidden=\"true\" class=\"wp-block-spacer\"><\/div>\n\n<blockquote class=\"wp-block-quote is-layout-flow wp-block-quote-is-layout-flow\">\n<p><strong><em>Moise a luat cartea leg\u0103m\u00e2ntului<\/em><\/strong><br\/><em><strong>\u0219i a citit-o \u00een fa\u021ba poporului.<\/strong><\/em><br\/><strong><em>Ei au spus: &#8222;Ceea ce a spus Domnul,<\/em><\/strong><br\/><strong><em>o vom \u00eemplini \u0219i te vom asculta&#8221;.<\/em><\/strong><\/p>\n<cite><em>Exodul <\/em>24, 7<\/cite><\/blockquote>\n\n<div style=\"height:30px\" aria-hidden=\"true\" class=\"wp-block-spacer\"><\/div>\n\n<p><strong><em>Alian\u021ba <\/em><\/strong>este angajamentul solemn de a-\u0219i dedica via\u021ba Domnului care face dintr-un frate sau sor\u0103 un membru al Comunit\u0103\u021bii.<\/p>\n\n<div style=\"height:30px\" aria-hidden=\"true\" class=\"wp-block-spacer\"><\/div>\n\n<p>F\u0103cut pentru prima dat\u0103 dup\u0103 o c\u0103l\u0103torie de admitere \u0219i apoi re\u00eennoit anual, acest angajament con\u021bine \u00een centrul s\u0103u cele <em>patru promisiuni<\/em> pe care Domnul le-a cerut pentru prima dat\u0103 Comunit\u0103\u021bii: <em><strong>s\u0103r\u0103cia<\/strong><\/em>, <em><strong>iertare permanent\u0103<\/strong><\/em>, <em><strong>construirea iubirii<\/strong><\/em>, <em><strong>serviciu<\/strong><\/em>. Ele sunt o <em><strong>cale spre sfin\u021benie<\/strong><\/em>. <\/p>\n\n<div style=\"height:30px\" aria-hidden=\"true\" class=\"wp-block-spacer\"><\/div>\n\n<p>Prin calea pe care o traseaz\u0103 \u00een via\u021ba fiec\u0103rui aliat, acestea \u00eel ghideaz\u0103, \u00een fiecare rela\u021bie, pornind \u00eentotdeauna de la o cunoa\u0219tere profund\u0103 a propriei <em>s\u0103r\u0103cii<\/em>, pentru a fi deschis la o <em>iertare permanent\u0103 <\/em>a aproapelui, pentru <em>construirea iubirii<\/em> cre\u0219tine fa\u021b\u0103 de to\u021bi, \u00eentr-o perspectiv\u0103 de <em>slujire<\/em>.<\/p>\n\n<div style=\"height:30px\" aria-hidden=\"true\" class=\"wp-block-spacer\"><\/div>\n\n<p>Iat\u0103 textul angajamentului, pe care alia\u021bii \u00eel semneaz\u0103 pe propria pagin\u0103 din <strong><em>Cartea Alian\u021bei<\/em><\/strong> p\u0103strat\u0103 apoi de surorile de la<em>Agnus Dei<\/em> la Perugia:<\/p>\n\n<div style=\"height:50px\" aria-hidden=\"true\" class=\"wp-block-spacer\"><\/div>\n\n<div class=\"wp-block-columns is-layout-flex wp-container-core-columns-is-layout-9d6595d7 wp-block-columns-is-layout-flex\">\n<div class=\"wp-block-column is-layout-flow wp-block-column-is-layout-flow\">\n<figure class=\"wp-block-image size-large\"><picture data-lightbox=\"https:\/\/comunitamagnificat.org\/wp-content\/uploads\/2021\/04\/Impegno-di-Alleanza.jpg\"><source type='image\/jpeg' srcset='https:\/\/comunitamagnificat.org\/wp-content\/uploads\/2021\/04\/Impegno-di-Alleanza.jpg 1552w, https:\/\/comunitamagnificat.org\/wp-content\/uploads\/2021\/04\/Impegno-di-Alleanza-216x300.jpg 216w, https:\/\/comunitamagnificat.org\/wp-content\/uploads\/2021\/04\/Impegno-di-Alleanza-737x1024.jpg 737w, https:\/\/comunitamagnificat.org\/wp-content\/uploads\/2021\/04\/Impegno-di-Alleanza-768x1067.jpg 768w, https:\/\/comunitamagnificat.org\/wp-content\/uploads\/2021\/04\/Impegno-di-Alleanza-1106x1536.jpg 1106w, https:\/\/comunitamagnificat.org\/wp-content\/uploads\/2021\/04\/Impegno-di-Alleanza-1474x2048.jpg 1474w' sizes='(max-width: 1552px) 100vw, 1552px' \/><img loading=\"lazy\" decoding=\"async\" width=\"737\" height=\"1024\" src=\"https:\/\/comunitamagnificat.org\/wp-content\/uploads\/2021\/04\/Impegno-di-Alleanza-737x1024.jpg\" alt=\"\" class=\"wp-image-539\"\/><\/picture><\/figure>\n<\/div>\n\n\n\n<div class=\"wp-block-column is-layout-flow wp-block-column-is-layout-flow\">\n<div style=\"height:30px\" aria-hidden=\"true\" class=\"wp-block-spacer\"><\/div>\n\n\n\n<p class=\"has-text-align-center\">Con\u0219tient de chemarea de a face parte din Comunitatea Magnificat, de a-l sluji pe Dumnezeu, de a-l pream\u0103ri, de a-l iubi \u0219i de a-i iubi pe fra\u021bi, construind cu ei un singur trup; av\u00e2nd \u00eencredere, nu \u00een for\u021bele mele, ci numai \u00een Domnul, \u0219i voind s\u0103-mi dedic Lui via\u021ba mea:<\/p>\n\n\n\n<div style=\"height:10px\" aria-hidden=\"true\" class=\"wp-block-spacer\"><\/div>\n\n\n\n<p class=\"has-text-align-center has-vivid-red-color has-text-color has-link-color wp-elements-a7a019d48bc8bc5fbc2d7c0d36e91994\"><strong>M\u0102 ANGAJEZ<\/strong><\/p>\n\n\n\n<div style=\"height:10px\" aria-hidden=\"true\" class=\"wp-block-spacer\"><\/div>\n\n\n\n<ul class=\"wp-block-list\">\n<li style=\"line-height:1.8\">S\u0103 fiu fidel promisiunilor de S\u0103r\u0103cie, Iertare Permanent\u0103, Construirea Iubirii \u0219i Slujire;<\/li>\n\n\n\n<li style=\"line-height:1.8\">S\u0103 fiu m\u0103rturisitorul lui Cristos prin vestirea Evangheliei, particip\u00e2nd pe deplin la via\u021ba \u0219i misiunea Comunit\u0103\u021bii, conform carismelor mele;<\/li>\n\n\n\n<li style=\"line-height:1.8\">S\u0103 dedic un timp zilnic rug\u0103ciunii personale, s\u0103 particip zilnic la Sf. Liturghie \u0219i s\u0103-mi rezerv un timp s\u0103pt\u0103m\u00e2nal pentru adora\u021bia euharistic\u0103;<\/li>\n\n\n\n<li style=\"line-height:1.8\">S\u0103 construiesc rela\u021bii de iubire cre\u0219tin\u0103 cu to\u021bi, mai ales \u00eemp\u0103rt\u0103\u0219indu-mi via\u021ba cu fra\u021bii Comunit\u0103\u021bii \u0219i cu to\u021bi cei pe care Domnul va voi s\u0103-i adauge la aceasta;<\/li>\n\n\n\n<li style=\"line-height:1.8\">S\u0103 tr\u0103iesc \u00eendrumarea spiritual\u0103 \u00een Comunitate, s\u0103 sus\u021bin via\u021ba \u0219i misiunea Comunit\u0103\u021bii cu zeciuiala \u0219i s\u0103 accept ministerul Responsabililor.<\/li>\n<\/ul>\n\n\n\n<div style=\"height:10px\" aria-hidden=\"true\" class=\"wp-block-spacer\"><\/div>\n\n\n\n<p class=\"has-text-align-center\">Con\u0219tient de via\u021ba \u0219i de finalit\u0103\u021bile Comunit\u0103\u021bii exprimate \u00een Regul\u0103 \u0219i voind, precum Maria, s\u0103 unesc contempla\u021bia cu ac\u021biunea, declar \u00een fa\u021ba lui Dumnezeu \u0219i a fra\u021bilor voin\u021ba mea de a tr\u0103i ca membru al Comunit\u0103\u021bii.<br\/>Amin.<\/p>\n<\/div>\n<\/div>\n\n<div style=\"height:50px\" aria-hidden=\"true\" class=\"wp-block-spacer\"><\/div>\n\n<p><\/p>\n","protected":false},"excerpt":{"rendered":"<p>Moise a luat cartea leg\u0103m\u00e2ntului\u0219i a citit-o \u00een fa\u021ba poporului.Ei au spus: &#8222;Ceea ce a spus Domnul,o vom \u00eemplini \u0219i te vom asculta&#8221;. Exodul 24, 7 Alian\u021ba este angajamentul solemn de a-\u0219i dedica via\u021ba Domnului care face dintr-un frate sau sor\u0103 un membru al Comunit\u0103\u021bii. F\u0103cut pentru prima dat\u0103 dup\u0103 o c\u0103l\u0103torie de admitere \u0219i [&hellip;]<\/p>\n","protected":false},"author":3,"featured_media":10850,"parent":0,"menu_order":0,"comment_status":"closed","ping_status":"closed","template":"","meta":{"om_disable_all_campaigns":false,"_monsterinsights_skip_tracking":false,"_monsterinsights_sitenote_active":false,"_monsterinsights_sitenote_note":"","_monsterinsights_sitenote_category":0,"_uf_show_specific_survey":0,"_uf_disable_surveys":false,"footnotes":""},"class_list":["post-18558","page","type-page","status-publish","has-post-thumbnail","hentry"],"aioseo_notices":[],"_links":{"self":[{"href":"https:\/\/comunitamagnificat.org\/ro\/wp-json\/wp\/v2\/pages\/18558","targetHints":{"allow":["GET"]}}],"collection":[{"href":"https:\/\/comunitamagnificat.org\/ro\/wp-json\/wp\/v2\/pages"}],"about":[{"href":"https:\/\/comunitamagnificat.org\/ro\/wp-json\/wp\/v2\/types\/page"}],"author":[{"embeddable":true,"href":"https:\/\/comunitamagnificat.org\/ro\/wp-json\/wp\/v2\/users\/3"}],"replies":[{"embeddable":true,"href":"https:\/\/comunitamagnificat.org\/ro\/wp-json\/wp\/v2\/comments?post=18558"}],"version-history":[{"count":15,"href":"https:\/\/comunitamagnificat.org\/ro\/wp-json\/wp\/v2\/pages\/18558\/revisions"}],"predecessor-version":[{"id":22600,"href":"https:\/\/comunitamagnificat.org\/ro\/wp-json\/wp\/v2\/pages\/18558\/revisions\/22600"}],"wp:featuredmedia":[{"embeddable":true,"href":"https:\/\/comunitamagnificat.org\/ro\/wp-json\/wp\/v2\/media\/10850"}],"wp:attachment":[{"href":"https:\/\/comunitamagnificat.org\/ro\/wp-json\/wp\/v2\/media?parent=18558"}],"curies":[{"name":"wp","href":"https:\/\/api.w.org\/{rel}","templated":true}]}}