{"id":18583,"date":"2024-08-22T18:16:08","date_gmt":"2024-08-22T16:16:08","guid":{"rendered":"https:\/\/comunitamagnificat.org\/bazele-comunitatii-magnificat\/"},"modified":"2025-01-22T17:21:01","modified_gmt":"2025-01-22T16:21:01","slug":"bazele-comunitatii-magnificat","status":"publish","type":"page","link":"https:\/\/comunitamagnificat.org\/ro\/bazele-comunitatii-magnificat\/","title":{"rendered":"Bazele Comunit\u0103\u021bii Magnificat"},"content":{"rendered":"\n<div style=\"height:30px\" aria-hidden=\"true\" class=\"wp-block-spacer\"><\/div>\n\n<blockquote class=\"wp-block-quote is-layout-flow wp-block-quote-is-layout-flow\">\n<p><strong><em>Este un singur trup \u015fi un singur Duh<\/em><\/strong><br\/><strong><em>dup\u0103 cum a\u0163i \u015fi fost chema\u0163i la o singur\u0103 speran\u0163\u0103,<\/em><\/strong><br\/><strong><em>aceea a chem\u0103rii voastre<\/em><\/strong><\/p>\n<cite><em>Efeseni <\/em>4, 4<\/cite><\/blockquote>\n\n<div style=\"height:30px\" aria-hidden=\"true\" class=\"wp-block-spacer\"><\/div>\n<div class=\"wp-block-image is-resized\">\n<figure class=\"aligncenter size-large\"><picture data-lightbox=\"https:\/\/comunitamagnificat.org\/wp-content\/uploads\/2021\/04\/Quattro-promesse.jpg\"><source type='image\/jpeg' srcset='https:\/\/comunitamagnificat.org\/wp-content\/uploads\/2021\/04\/Quattro-promesse.jpg 1744w, https:\/\/comunitamagnificat.org\/wp-content\/uploads\/2021\/04\/Quattro-promesse-288x300.jpg 288w, https:\/\/comunitamagnificat.org\/wp-content\/uploads\/2021\/04\/Quattro-promesse-984x1024.jpg 984w, https:\/\/comunitamagnificat.org\/wp-content\/uploads\/2021\/04\/Quattro-promesse-768x799.jpg 768w, https:\/\/comunitamagnificat.org\/wp-content\/uploads\/2021\/04\/Quattro-promesse-1476x1536.jpg 1476w' sizes='(max-width: 1744px) 100vw, 1744px' \/><img loading=\"lazy\" decoding=\"async\" width=\"984\" height=\"1024\" src=\"https:\/\/comunitamagnificat.org\/wp-content\/uploads\/2021\/04\/Quattro-promesse-984x1024.jpg\" alt=\"\" class=\"wp-image-486\"\/><\/picture><\/figure>\n<\/div>\n<div style=\"height:30px\" aria-hidden=\"true\" class=\"wp-block-spacer\"><\/div>\n\n<p class=\"has-text-align-center\"><strong><em>Prefa\u021b\u0103 <\/em>la <em>Statutul<\/em> Comunit\u0103\u021bii Magnificat<\/strong> *<\/p>\n\n<div style=\"height:30px\" aria-hidden=\"true\" class=\"wp-block-spacer\"><\/div>\n\n<p class=\"has-text-align-center\">Comunitatea Magnificat este o Comunitate de Alian\u021b\u0103, care \u00eel are \u00een centru pe unicul Domn Isus Cristos. Toat\u0103 via\u021ba Comunit\u0103\u021bii se dezvolt\u0103 pe baza unui cuv\u00e2nt care de la \u00eenceput a fost considerat fundamental \u0219i profetic: \u201eCu Isus, pe Isus, construie\u0219te&#8221;.<\/p>\n\n<div style=\"height:30px\" aria-hidden=\"true\" class=\"wp-block-spacer\"><\/div>\n\n<p class=\"has-text-align-center\">Noi credem, de fapt, c\u0103 cre\u0219tinismul, \u00eenainte de a fi o doctrin\u0103 sau o moral\u0103, este \u00eens\u0103\u0219i persoana lui Isus Cristos. Cei care l-au \u00eent\u00e2lnit \u0219i l-au experimentat ard de dorin\u021ba de a-L cunoa\u0219te \u0219i doresc s\u0103-\u0219i modeleze via\u021ba dup\u0103 \u00eenv\u0103\u021b\u0103turile sale, pe care Magisteriul Bisericii le repropune \u0219i le actualizeaz\u0103 cu autoritate \u00een numele s\u0103u.<\/p>\n\n<div style=\"height:30px\" aria-hidden=\"true\" class=\"wp-block-spacer\"><\/div>\n\n<p class=\"has-text-align-center\">Credem c\u0103 la baza vie\u021bii noastre comunitare se afl\u0103 iubirea lui Cristos, care ne-a iubit \u0219i ne-a adus \u00eempreun\u0103, oferindu-ne harul de a-L iubi la r\u00e2ndul nostru \u00een fra\u021bii no\u0219tri.<\/p>\n\n<div style=\"height:30px\" aria-hidden=\"true\" class=\"wp-block-spacer\"><\/div>\n\n<p class=\"has-text-align-center\">Noi credem c\u0103 Comunitatea este o <em>m\u0103n\u0103stire cu ziduri invizibile<\/em>, unde \u00een fiecare zi \u00eencerc\u0103m s\u0103 tr\u0103im la \u0219coala lui Cristos, \u00cenv\u0103\u021b\u0103tor \u0219i Domn.<\/p>\n\n<div style=\"height:30px\" aria-hidden=\"true\" class=\"wp-block-spacer\"><\/div>\n\n<p class=\"has-text-align-center\">Credem c\u0103 Comunitatea este chemat\u0103 s\u0103 \u00ee\u0219i construiasc\u0103 via\u021ba pe Euharistie, celebrat\u0103, adorat\u0103 \u0219i tr\u0103it\u0103, \u00een care g\u0103se\u0219te for\u021ba necesar\u0103 pentru a duce la \u00eendeplinire planul lui Dumnezeu; prin urmare, fiecare Fraternitate are un loc unde \u00ee\u0219i poate hr\u0103ni spiritualitatea euharistic\u0103 prin adora\u021bie.<\/p>\n\n<div style=\"height:30px\" aria-hidden=\"true\" class=\"wp-block-spacer\"><\/div>\n\n<p class=\"has-text-align-center\">Credem c\u0103 Domnul, pentru a ne face liberi \u0219i capabili s\u0103 iubim cu iubire dezinteresat\u0103 pe Dumnezeu \u0219i pe fra\u021bii \u0219i surorile noastre, ne cheam\u0103 s\u0103 tr\u0103im conform spiritului \u201e<em>celor patru promisiuni<\/em>\u201e: <em>S\u0103r\u0103cie<\/em>, <em>Iertare permanent\u0103<\/em>, <em>Construirea iubirii<\/em>, <em>Slujire<\/em>.<\/p>\n\n<div style=\"height:30px\" aria-hidden=\"true\" class=\"wp-block-spacer\"><\/div>\n\n<p class=\"has-text-align-center\">Credem c\u0103 condi\u021bia primar\u0103 \u0219i necesar\u0103 pentru a tr\u0103i via\u021ba comunitar\u0103 este <em>s\u0103r\u0103cia<\/em>; cu ajutorul ei alegem un stil de via\u021b\u0103 simplu \u0219i sobru care este un semn pentru lume.<\/p>\n\n<div style=\"height:30px\" aria-hidden=\"true\" class=\"wp-block-spacer\"><\/div>\n\n<p class=\"has-text-align-center\">Credem c\u0103 <em>Iertarea permanent\u0103<\/em> ne face disponibili s\u0103 iert\u0103m a\u0219a cum ne-a iertat Isus \u0219i s\u0103 combatem \u00eenclina\u021bia spre judecat\u0103.<\/p>\n\n<div style=\"height:30px\" aria-hidden=\"true\" class=\"wp-block-spacer\"><\/div>\n\n<p class=\"has-text-align-center\">Credem c\u0103 <em>Construirea Iubirii<\/em> ne conduce s\u0103 recunoa\u0219tem \u00een fiecare frate persoana lui Cristos \u0219i ne angajeaz\u0103 s\u0103 rezolv\u0103m rela\u021biile defectuoase, f\u0103c\u00e2nd primul pas spre adev\u0103rata \u00eemp\u0103care.<\/p>\n\n<div style=\"height:30px\" aria-hidden=\"true\" class=\"wp-block-spacer\"><\/div>\n\n<p class=\"has-text-align-center\">Credem c\u0103, \u00een Comunitate, <em>\u00eendrumarea spiritual\u0103<\/em> realizeaz\u0103 o form\u0103 concret\u0103 de <em>supunere reciproc\u0103<\/em> (cf. <em>Efeseni <\/em>5:21). Ea este o expresie a iubirii trupului pentru fiecare dintre membrii s\u0103i \u0219i cuprinde fiecare sfer\u0103 a vie\u021bii.<\/p>\n\n<div style=\"height:30px\" aria-hidden=\"true\" class=\"wp-block-spacer\"><\/div>\n\n<p class=\"has-text-align-center\">Credem c\u0103 caritatea generat\u0103 de Euharistie ne face \u201e<em>genero\u0219i cu inima<\/em>\u201d (cf. <em>Exodul <\/em>25, 2) pentru a tr\u0103i Slujirea fa\u021b\u0103 de Dumnezeu, fa\u021b\u0103 de s\u0103raci, fa\u021b\u0103 de umanitate, fa\u021b\u0103 de Biseric\u0103.<\/p>\n\n<div style=\"height:30px\" aria-hidden=\"true\" class=\"wp-block-spacer\"><\/div>\n\n<p class=\"has-text-align-center\">Credem c\u0103 numele <em>Magnificat<\/em> indic\u0103 faptul c\u0103 fiecare membru al Comunit\u0103\u021bii inten\u021bioneaz\u0103 s\u0103 uneasc\u0103 <em>contemplarea <\/em>cu <em>ac\u021biunea<\/em>, precum Maria care, de \u00eendat\u0103 ce a primit darul lui Isus \u00een ea \u00eens\u0103\u0219i, s-a gr\u0103bit s\u0103 i-L duc\u0103 Elisabetei.<\/p>\n\n<div style=\"height:30px\" aria-hidden=\"true\" class=\"wp-block-spacer\"><\/div>\n\n<p class=\"has-text-align-center\">Credem c\u0103 Comunitatea s-a n\u0103scut pentru <em>noua evanghelizare<\/em>. Aceast\u0103 misiune o \u00eempline\u0219te nu pentru ea \u00eens\u0103\u0219i, ci pentru Biseric\u0103 \u0219i o realizeaz\u0103 prin propria m\u0103rturie de via\u021b\u0103 \u0219i proclamare a Evangheliei.<\/p>\n\n<div style=\"height:30px\" aria-hidden=\"true\" class=\"wp-block-spacer\"><\/div>\n\n<p class=\"has-text-align-center\">Credem c\u0103 <em>Cristos nu poate fi \u00eemp\u0103r\u021bit<\/em> (cf. <em>1Corinteni<\/em> 1, 13), motiv pentru care Comunitatea este \u00een comuniune cu to\u021bi cre\u0219tinii \u0219i caut\u0103 unitatea poporului lui Dumnezeu \u201e<em>\u00eempreun\u0103 cu to\u0163i cei care invoc\u0103 \u00een orice loc numele Domnului nostru Isus Cristos<\/em>\u201d (<em>1Corinteni<\/em> 1, 2).<\/p>\n\n<div style=\"height:50px\" aria-hidden=\"true\" class=\"wp-block-spacer\"><\/div>\n\n<hr class=\"wp-block-separator has-css-opacity\"\/>\n\n<p class=\"has-text-align-left\"><em>* Text aprobat de Monsignor Giuseppe Chiaretti, Arhiepiscop de Perugia &#8211; Citt\u00e0 della Pieve,<\/em> <em>\u0219i predat Comunit\u0103\u021bii la 4 ianuarie 2005,<\/em> <em>cu ocazia celei de-a 5-a Conven\u021bii generale care a avut loc la acea dat\u0103 la Montesilvano (PE).<\/em><\/p>\n\n<div style=\"height:50px\" aria-hidden=\"true\" class=\"wp-block-spacer\"><\/div>\n","protected":false},"excerpt":{"rendered":"<p>Este un singur trup \u015fi un singur Duhdup\u0103 cum a\u0163i \u015fi fost chema\u0163i la o singur\u0103 speran\u0163\u0103,aceea a chem\u0103rii voastre Efeseni 4, 4 Prefa\u021b\u0103 la Statutul Comunit\u0103\u021bii Magnificat * Comunitatea Magnificat este o Comunitate de Alian\u021b\u0103, care \u00eel are \u00een centru pe unicul Domn Isus Cristos. Toat\u0103 via\u021ba Comunit\u0103\u021bii se dezvolt\u0103 pe baza unui cuv\u00e2nt [&hellip;]<\/p>\n","protected":false},"author":3,"featured_media":10838,"parent":0,"menu_order":0,"comment_status":"closed","ping_status":"closed","template":"","meta":{"om_disable_all_campaigns":false,"_monsterinsights_skip_tracking":false,"_monsterinsights_sitenote_active":false,"_monsterinsights_sitenote_note":"","_monsterinsights_sitenote_category":0,"_uf_show_specific_survey":0,"_uf_disable_surveys":false,"footnotes":""},"class_list":["post-18583","page","type-page","status-publish","has-post-thumbnail","hentry"],"aioseo_notices":[],"_links":{"self":[{"href":"https:\/\/comunitamagnificat.org\/ro\/wp-json\/wp\/v2\/pages\/18583","targetHints":{"allow":["GET"]}}],"collection":[{"href":"https:\/\/comunitamagnificat.org\/ro\/wp-json\/wp\/v2\/pages"}],"about":[{"href":"https:\/\/comunitamagnificat.org\/ro\/wp-json\/wp\/v2\/types\/page"}],"author":[{"embeddable":true,"href":"https:\/\/comunitamagnificat.org\/ro\/wp-json\/wp\/v2\/users\/3"}],"replies":[{"embeddable":true,"href":"https:\/\/comunitamagnificat.org\/ro\/wp-json\/wp\/v2\/comments?post=18583"}],"version-history":[{"count":9,"href":"https:\/\/comunitamagnificat.org\/ro\/wp-json\/wp\/v2\/pages\/18583\/revisions"}],"predecessor-version":[{"id":22586,"href":"https:\/\/comunitamagnificat.org\/ro\/wp-json\/wp\/v2\/pages\/18583\/revisions\/22586"}],"wp:featuredmedia":[{"embeddable":true,"href":"https:\/\/comunitamagnificat.org\/ro\/wp-json\/wp\/v2\/media\/10838"}],"wp:attachment":[{"href":"https:\/\/comunitamagnificat.org\/ro\/wp-json\/wp\/v2\/media?parent=18583"}],"curies":[{"name":"wp","href":"https:\/\/api.w.org\/{rel}","templated":true}]}}