{"id":18598,"date":"2024-08-22T18:16:40","date_gmt":"2024-08-22T16:16:40","guid":{"rendered":"https:\/\/comunitamagnificat.org\/spiritualitate\/"},"modified":"2024-08-22T18:16:44","modified_gmt":"2024-08-22T16:16:44","slug":"spiritualitate","status":"publish","type":"page","link":"https:\/\/comunitamagnificat.org\/ro\/spiritualitate\/","title":{"rendered":"Spiritualitate"},"content":{"rendered":"\n<div style=\"height:30px\" aria-hidden=\"true\" class=\"wp-block-spacer\"><\/div>\n\n<p>Aceast\u0103 sec\u021biune a site-ului con\u021bine multe pagini care ajut\u0103 la \u00een\u021belegerea realit\u0103\u021bii Comunit\u0103\u021bii Magnificat, de ce se hr\u0103ne\u0219te experien\u021ba spiritual\u0103 a alia\u021bilor.<\/p>\n\n<div style=\"height:30px\" aria-hidden=\"true\" class=\"wp-block-spacer\"><\/div>\n\n<p>F\u0103c\u00e2nd clic pe titluri, ve\u021bi ajunge la con\u021binutul relevant<\/p>\n\n<div style=\"height:30px\" aria-hidden=\"true\" class=\"wp-block-spacer\"><\/div>\n\n<p><strong><a href=\"https:\/\/comunitamagnificat.org\/ro\/bazele-comunitatii-magnificat\/\" data-type=\"page\" data-id=\"485\">Bazele comunit\u0103\u021bii Magnificat<\/a><\/strong><\/p>\n\n<div style=\"height:30px\" aria-hidden=\"true\" class=\"wp-block-spacer\"><\/div>\n\n<p><strong><a href=\"https:\/\/comunitamagnificat.org\/ro\/cu-isus-pe-isus-construim\/\" data-type=\"page\" data-id=\"520\"><em>&#8222;Cu Isus, pe Isus, construi\u021bi<\/em>&#8222;<\/a><\/strong><\/p>\n\n<div style=\"height:30px\" aria-hidden=\"true\" class=\"wp-block-spacer\"><\/div>\n\n<p><strong><em><a href=\"https:\/\/comunitamagnificat.org\/ro\/patru-promisiuni\/\" data-type=\"page\" data-id=\"526\">Patru promisiuni<\/a><\/em><\/strong><\/p>\n\n<div style=\"height:30px\" aria-hidden=\"true\" class=\"wp-block-spacer\"><\/div>\n\n<p><strong><a href=\"https:\/\/comunitamagnificat.org\/ro\/alianta\/\" data-type=\"page\" data-id=\"534\">Alian\u021b\u0103<\/a><\/strong><\/p>\n\n<div style=\"height:30px\" aria-hidden=\"true\" class=\"wp-block-spacer\"><\/div>\n\n<p><strong><a href=\"https:\/\/comunitamagnificat.org\/adorazione-eucaristica\/\" data-type=\"page\" data-id=\"543\">Adora\u021bie euharistic\u0103<\/a><\/strong><\/p>\n\n<div style=\"height:30px\" aria-hidden=\"true\" class=\"wp-block-spacer\"><\/div>\n\n<p><strong><a href=\"https:\/\/comunitamagnificat.org\/vocazione\/\" data-type=\"page\" data-id=\"557\">Voca\u021bie<\/a><\/strong><\/p>\n\n<div style=\"height:30px\" aria-hidden=\"true\" class=\"wp-block-spacer\"><\/div>\n\n<p><strong><a href=\"https:\/\/comunitamagnificat.org\/comunita\/\" data-type=\"page\" data-id=\"561\">Comunitate<\/a><\/strong><\/p>\n\n<div style=\"height:30px\" aria-hidden=\"true\" class=\"wp-block-spacer\"><\/div>\n\n<p><strong><a href=\"https:\/\/comunitamagnificat.org\/contemplazione-e-azione\/\" data-type=\"page\" data-id=\"566\">Contempla\u021bie \u0219i ac\u021biune<\/a><\/strong><\/p>\n\n<div style=\"height:30px\" aria-hidden=\"true\" class=\"wp-block-spacer\"><\/div>\n\n<p><strong><a href=\"https:\/\/comunitamagnificat.org\/sognare-il-sogno-di-dio\/\" data-type=\"page\" data-id=\"572\"><em>&#8222;Vis\u00e2nd visul lui Dumnezeu<\/em><\/a><\/strong><\/p>\n\n<div style=\"height:30px\" aria-hidden=\"true\" class=\"wp-block-spacer\"><\/div>\n\n<p><strong><a href=\"https:\/\/comunitamagnificat.org\/monastero-dalle-mura-invisibili\/\" data-type=\"page\" data-id=\"584\"><em>&#8222;M\u0103n\u0103stire cu ziduri invizibile<\/em><\/a><\/strong><\/p>\n\n<div style=\"height:30px\" aria-hidden=\"true\" class=\"wp-block-spacer\"><\/div>\n\n<p><strong><a href=\"https:\/\/comunitamagnificat.org\/accompagnamento-spirituale\/\" data-type=\"page\" data-id=\"588\">Acompaniament spiritual<\/a><\/strong><\/p>\n\n<div style=\"height:30px\" aria-hidden=\"true\" class=\"wp-block-spacer\"><\/div>\n\n<p><strong><a href=\"https:\/\/comunitamagnificat.org\/carismi\/\" data-type=\"page\" data-id=\"602\">Carisme<\/a><\/strong><\/p>\n\n<div style=\"height:30px\" aria-hidden=\"true\" class=\"wp-block-spacer\"><\/div>\n\n<p><strong><a href=\"https:\/\/comunitamagnificat.org\/evangelizzazione\/\" data-type=\"page\" data-id=\"607\">Evanghelizare<\/a><\/strong><\/p>\n\n<div style=\"height:30px\" aria-hidden=\"true\" class=\"wp-block-spacer\"><\/div>\n\n<p><strong><a href=\"https:\/\/comunitamagnificat.org\/guarigione\/\" data-type=\"page\" data-id=\"613\">Vindecare<\/a><\/strong><\/p>\n\n<div style=\"height:30px\" aria-hidden=\"true\" class=\"wp-block-spacer\"><\/div>\n\n<p><strong><a href=\"https:\/\/comunitamagnificat.org\/case-di-vita-comune\/\" data-type=\"page\" data-id=\"619\">Case de locuit comune<\/a><\/strong><\/p>\n\n<div style=\"height:30px\" aria-hidden=\"true\" class=\"wp-block-spacer\"><\/div>\n\n<p><strong><a href=\"https:\/\/comunitamagnificat.org\/alleati-dellagnus-dei\/\" data-type=\"page\" data-id=\"624\">Alia\u021bi ai<em>Agnus Dei<\/em><\/a><\/strong><\/p>\n","protected":false},"excerpt":{"rendered":"<p>Aceast\u0103 sec\u021biune a site-ului con\u021bine multe pagini care ajut\u0103 la \u00een\u021belegerea realit\u0103\u021bii Comunit\u0103\u021bii Magnificat, de ce se hr\u0103ne\u0219te experien\u021ba spiritual\u0103 a alia\u021bilor. F\u0103c\u00e2nd clic pe titluri, ve\u021bi ajunge la con\u021binutul relevant Bazele comunit\u0103\u021bii Magnificat &#8222;Cu Isus, pe Isus, construi\u021bi&#8222; Patru promisiuni Alian\u021b\u0103 Adora\u021bie euharistic\u0103 Voca\u021bie Comunitate Contempla\u021bie \u0219i ac\u021biune &#8222;Vis\u00e2nd visul lui Dumnezeu &#8222;M\u0103n\u0103stire cu [&hellip;]<\/p>\n","protected":false},"author":3,"featured_media":10834,"parent":0,"menu_order":0,"comment_status":"closed","ping_status":"closed","template":"","meta":{"om_disable_all_campaigns":false,"_monsterinsights_skip_tracking":false,"_monsterinsights_sitenote_active":false,"_monsterinsights_sitenote_note":"","_monsterinsights_sitenote_category":0,"_uf_show_specific_survey":0,"_uf_disable_surveys":false,"footnotes":""},"class_list":["post-18598","page","type-page","status-publish","has-post-thumbnail","hentry"],"aioseo_notices":[],"_links":{"self":[{"href":"https:\/\/comunitamagnificat.org\/ro\/wp-json\/wp\/v2\/pages\/18598","targetHints":{"allow":["GET"]}}],"collection":[{"href":"https:\/\/comunitamagnificat.org\/ro\/wp-json\/wp\/v2\/pages"}],"about":[{"href":"https:\/\/comunitamagnificat.org\/ro\/wp-json\/wp\/v2\/types\/page"}],"author":[{"embeddable":true,"href":"https:\/\/comunitamagnificat.org\/ro\/wp-json\/wp\/v2\/users\/3"}],"replies":[{"embeddable":true,"href":"https:\/\/comunitamagnificat.org\/ro\/wp-json\/wp\/v2\/comments?post=18598"}],"version-history":[{"count":1,"href":"https:\/\/comunitamagnificat.org\/ro\/wp-json\/wp\/v2\/pages\/18598\/revisions"}],"predecessor-version":[{"id":18599,"href":"https:\/\/comunitamagnificat.org\/ro\/wp-json\/wp\/v2\/pages\/18598\/revisions\/18599"}],"wp:featuredmedia":[{"embeddable":true,"href":"https:\/\/comunitamagnificat.org\/ro\/wp-json\/wp\/v2\/media\/10834"}],"wp:attachment":[{"href":"https:\/\/comunitamagnificat.org\/ro\/wp-json\/wp\/v2\/media?parent=18598"}],"curies":[{"name":"wp","href":"https:\/\/api.w.org\/{rel}","templated":true}]}}