{"id":19074,"date":"2024-08-22T18:34:52","date_gmt":"2024-08-22T16:34:52","guid":{"rendered":"https:\/\/comunitamagnificat.org\/recunoastere-finala-si-statut-nou-2024\/"},"modified":"2025-01-22T19:23:53","modified_gmt":"2025-01-22T18:23:53","slug":"recunoastere-finala-si-statut-nou-2024","status":"publish","type":"page","link":"https:\/\/comunitamagnificat.org\/ro\/recunoastere-finala-si-statut-nou-2024\/","title":{"rendered":"Recunoa\u0219tere final\u0103 \u0219i statut nou, 2024"},"content":{"rendered":"\n<figure class=\"wp-block-pullquote\"><blockquote><p><\/p><cite><strong>Sufletul meu \u00cel m\u0103re\u0219te pe Domnul!<\/strong><\/cite><\/blockquote><\/figure>\n\n<div class=\"wp-block-columns is-layout-flex wp-container-core-columns-is-layout-9d6595d7 wp-block-columns-is-layout-flex\">\n<div class=\"wp-block-column is-layout-flow wp-block-column-is-layout-flow\">\n<div style=\"height:30px\" aria-hidden=\"true\" class=\"wp-block-spacer\"><\/div>\n\n\n\n<div style=\"height:30px\" aria-hidden=\"true\" class=\"wp-block-spacer\"><\/div>\n\n\n\n<div class=\"wp-block-columns is-layout-flex wp-container-core-columns-is-layout-9d6595d7 wp-block-columns-is-layout-flex\">\n<div class=\"wp-block-column is-layout-flow wp-block-column-is-layout-flow\"><div class=\"wp-block-image\">\n<figure class=\"aligncenter size-full\"><picture data-lightbox=\"https:\/\/comunitamagnificat.org\/wp-content\/uploads\/2024\/01\/Copertina.jpg\"><source type='image\/jpeg' srcset='' sizes='(max-width: 283px) 100vw, 283px' \/><img loading=\"lazy\" decoding=\"async\" width=\"283\" height=\"407\" src=\"https:\/\/comunitamagnificat.org\/wp-content\/uploads\/2024\/01\/Copertina.jpg\" alt=\"\" class=\"wp-image-10292\"\/><\/picture><\/figure>\n<\/div><\/div>\n\n\n\n<div class=\"wp-block-column is-layout-flow wp-block-column-is-layout-flow\" style=\"flex-basis:550px\">\n<div style=\"height:30px\" aria-hidden=\"true\" class=\"wp-block-spacer\"><\/div>\n\n\n\n<p>La 8 decembrie 2023, la exact patruzeci \u0219i cinci de ani de la prima aprobare ecleziastic\u0103, cardinalul <strong>Kevin J. Farrell<\/strong>, prefect al <em><strong>Dicasterului pentru Laici, Familie \u0219i Via\u021b\u0103<\/strong><\/em>a semnat <strong><em>Decret de recunoa\u0219tere a<\/em><\/strong> Comunit\u0103\u021bii Magnificat ca <em>asocia\u021bie interna\u021bional\u0103 privat\u0103 a credincio\u0219ilor laici<\/em>, aprob\u00e2ndu-i totodat\u0103 <em><strong>Statutul<\/strong><\/em><em>ad experimentum<\/em>, pentru o perioad\u0103 de cinci ani.<\/p>\n\n\n\n<div style=\"height:30px\" aria-hidden=\"true\" class=\"wp-block-spacer\"><\/div>\n\n\n\n<p>La 19 ianuarie 2024, la Palazzo San Callisto din Roma, sediul Dicasterului, Moderatoarea general\u0103, Maria Rita Castellani, \u00een cadrul unei <a href=\"https:\/\/www.youtube.com\/watch?v=rle6MbHm1aU\" target=\"_blank\" rel=\"noopener\" title=\"\"><strong>ceremonie solemn\u0103<\/strong><\/a>, a primit <em><strong>Decretul<\/strong> <\/em>\u0219i noul <strong><em>Statut<\/em><\/strong>din m\u00e2inile secretarului Dicasterului, Dr. Gleison De Paula Souza.<\/p>\n<\/div>\n<\/div>\n\n\n\n<div style=\"height:30px\" aria-hidden=\"true\" class=\"wp-block-spacer\"><\/div>\n\n\n\n<div class=\"wp-block-columns is-layout-flex wp-container-core-columns-is-layout-9d6595d7 wp-block-columns-is-layout-flex\">\n<div class=\"wp-block-column is-layout-flow wp-block-column-is-layout-flow\">\n<div data-wp-interactive=\"core\/file\" class=\"wp-block-file\"><object data-wp-bind--hidden=\"!state.hasPdfPreview\" hidden class=\"wp-block-file__embed\" data=\"https:\/\/comunitamagnificat.org\/wp-content\/uploads\/2024\/01\/Decreto.pdf\" type=\"application\/pdf\" style=\"width:100%;height:600px\" aria-label=\"\u00cenglobare pentru Decreto.\"><\/object><a id=\"wp-block-file--media-2399aa6d-1518-49fa-8047-e022d24a7c64\" href=\"https:\/\/comunitamagnificat.org\/wp-content\/uploads\/2024\/01\/Decreto.pdf\">Decret<\/a><a href=\"https:\/\/comunitamagnificat.org\/wp-content\/uploads\/2024\/01\/Decreto.pdf\" class=\"wp-block-file__button wp-element-button\" download=\"\" aria-describedby=\"wp-block-file--media-2399aa6d-1518-49fa-8047-e022d24a7c64\">Desc\u0103rcare<\/a><\/div>\n<\/div>\n\n\n\n<div class=\"wp-block-column is-layout-flow wp-block-column-is-layout-flow\">\n<div data-wp-interactive=\"core\/file\" class=\"wp-block-file\"><object data-wp-bind--hidden=\"!state.hasPdfPreview\" hidden class=\"wp-block-file__embed\" data=\"https:\/\/comunitamagnificat.org\/wp-content\/uploads\/2024\/01\/Statuto-2024.pdf\" type=\"application\/pdf\" style=\"width:100%;height:600px\" aria-label=\"\u00cenglobare pentru Statuto.\"><\/object><a id=\"wp-block-file--media-64ff30cb-8363-481f-b6f7-383b3b23c335\" href=\"https:\/\/comunitamagnificat.org\/wp-content\/uploads\/2024\/01\/Statuto-2024.pdf\">Statut<\/a><a href=\"https:\/\/comunitamagnificat.org\/wp-content\/uploads\/2024\/01\/Statuto-2024.pdf\" class=\"wp-block-file__button wp-element-button\" download=\"\" aria-describedby=\"wp-block-file--media-64ff30cb-8363-481f-b6f7-383b3b23c335\">Desc\u0103rcare<\/a><\/div>\n<\/div>\n<\/div>\n\n\n\n<p><\/p>\n\n\n\n<p><\/p>\n\n\n\n<div style=\"height:50px\" aria-hidden=\"true\" class=\"wp-block-spacer\"><\/div>\n<\/div>\n<\/div>\n","protected":false},"excerpt":{"rendered":"<p>Sufletul meu \u00cel m\u0103re\u0219te pe Domnul! La 8 decembrie 2023, la exact patruzeci \u0219i cinci de ani de la prima aprobare ecleziastic\u0103, cardinalul Kevin J. Farrell, prefect al Dicasterului pentru Laici, Familie \u0219i Via\u021b\u0103a semnat Decret de recunoa\u0219tere a Comunit\u0103\u021bii Magnificat ca asocia\u021bie interna\u021bional\u0103 privat\u0103 a credincio\u0219ilor laici, aprob\u00e2ndu-i totodat\u0103 Statutulad experimentum, pentru o perioad\u0103 [&hellip;]<\/p>\n","protected":false},"author":3,"featured_media":17797,"parent":0,"menu_order":0,"comment_status":"closed","ping_status":"closed","template":"","meta":{"om_disable_all_campaigns":false,"_monsterinsights_skip_tracking":false,"_monsterinsights_sitenote_active":false,"_monsterinsights_sitenote_note":"","_monsterinsights_sitenote_category":0,"_uf_show_specific_survey":0,"_uf_disable_surveys":false,"footnotes":""},"class_list":["post-19074","page","type-page","status-publish","has-post-thumbnail","hentry"],"aioseo_notices":[],"_links":{"self":[{"href":"https:\/\/comunitamagnificat.org\/ro\/wp-json\/wp\/v2\/pages\/19074","targetHints":{"allow":["GET"]}}],"collection":[{"href":"https:\/\/comunitamagnificat.org\/ro\/wp-json\/wp\/v2\/pages"}],"about":[{"href":"https:\/\/comunitamagnificat.org\/ro\/wp-json\/wp\/v2\/types\/page"}],"author":[{"embeddable":true,"href":"https:\/\/comunitamagnificat.org\/ro\/wp-json\/wp\/v2\/users\/3"}],"replies":[{"embeddable":true,"href":"https:\/\/comunitamagnificat.org\/ro\/wp-json\/wp\/v2\/comments?post=19074"}],"version-history":[{"count":2,"href":"https:\/\/comunitamagnificat.org\/ro\/wp-json\/wp\/v2\/pages\/19074\/revisions"}],"predecessor-version":[{"id":22684,"href":"https:\/\/comunitamagnificat.org\/ro\/wp-json\/wp\/v2\/pages\/19074\/revisions\/22684"}],"wp:featuredmedia":[{"embeddable":true,"href":"https:\/\/comunitamagnificat.org\/ro\/wp-json\/wp\/v2\/media\/17797"}],"wp:attachment":[{"href":"https:\/\/comunitamagnificat.org\/ro\/wp-json\/wp\/v2\/media?parent=19074"}],"curies":[{"name":"wp","href":"https:\/\/api.w.org\/{rel}","templated":true}]}}