{"id":19092,"date":"2024-08-22T18:35:25","date_gmt":"2024-08-22T16:35:25","guid":{"rendered":"https:\/\/comunitamagnificat.org\/magnificat-community-editions\/"},"modified":"2024-08-23T10:25:50","modified_gmt":"2024-08-23T08:25:50","slug":"magnificat-community-editions","status":"publish","type":"page","link":"https:\/\/comunitamagnificat.org\/ro\/publicatii\/magnificat-community-editions\/","title":{"rendered":"Magnificat Community Editions"},"content":{"rendered":"\n<div class=\"wp-block-columns is-layout-flex wp-container-core-columns-is-layout-9d6595d7 wp-block-columns-is-layout-flex\">\n<div class=\"wp-block-column is-layout-flow wp-block-column-is-layout-flow\" style=\"flex-basis:80%\">\n<div style=\"height:50px\" aria-hidden=\"true\" class=\"wp-block-spacer\"><\/div>\n\n\n\n<p>Din februarie 2023, Comunitatea Magnificat s-a dotat cu un nou instrument pentru a disemina marea bog\u0103\u021bie pe care a acumulat-o de-a lungul tuturor anilor din istoria sa &#8211; de\u0219i recent\u0103 &#8211; precum <em>\u00eenv\u0103\u021b\u0103turi<\/em>, <em>cateheze<\/em>, <em>studii<\/em> \u0219i <em>perspective<\/em>.<\/p>\n\n\n\n<div style=\"height:30px\" aria-hidden=\"true\" class=\"wp-block-spacer\"><\/div>\n\n\n\n<p>Odat\u0103 cu \u00eenfiin\u021barea &#8222;<a href=\"https:\/\/edizioni.comunitamagnificat.org\/\" target=\"_blank\" rel=\"noopener\" title=\"\"><strong>Edizioni Magnificat s.r.l.<\/strong><\/a>&#8222;, o societate de\u021binut\u0103 \u00een \u00eentregime de Comunitate, publicarea de <em><strong><a href=\"https:\/\/edizioni.comunitamagnificat.org\/categoria-prodotto\/libri\/\" target=\"_blank\" rel=\"noopener\" title=\"\">c\u0103r\u021bilor <\/a><\/strong><\/em>e <em><strong><a href=\"https:\/\/edizioni.comunitamagnificat.org\/categoria-prodotto\/quaderni\/\" target=\"_blank\" rel=\"noopener\" title=\"\">caiete<\/a><\/strong> <\/em>at\u00e2t noi, c\u00e2t \u0219i din patrimoniul Comunit\u0103\u021bii.<\/p>\n\n\n\n<div style=\"height:30px\" aria-hidden=\"true\" class=\"wp-block-spacer\"><\/div>\n\n\n\n<p>Pentru a le achizi\u021biona (at\u00e2t <strong>pe h\u00e2rtie <\/strong>, c\u00e2t \u0219i \u00een <a href=\"https:\/\/edizioni.comunitamagnificat.org\/f-a-q-ebook\/\" target=\"_blank\" rel=\"noopener\" title=\"\"><strong>format electronic &#8211; ePub<\/strong><\/a>) pute\u021bi face clic pe coper\u021bile c\u0103r\u021bilor sau caietelor prezentate aici.  <\/p>\n\n\n\n<div style=\"height:30px\" aria-hidden=\"true\" class=\"wp-block-spacer\"><\/div>\n<\/div>\n\n\n\n<div class=\"wp-block-column is-layout-flow wp-block-column-is-layout-flow\" style=\"flex-basis:20%\">\n<div style=\"height:30px\" aria-hidden=\"true\" class=\"wp-block-spacer\"><\/div>\n\n\n\n<div class=\"wp-block-group\"><div class=\"wp-block-group__inner-container is-layout-constrained wp-block-group-is-layout-constrained\">\n<figure class=\"wp-block-image size-large\"><a href=\"https:\/\/edizioni.comunitamagnificat.org\/prodotto\/sognare-il-sogno-di-dio\/\" target=\"_blank\" rel=\"noreferrer noopener\"><picture data-lightbox=\"https:\/\/comunitamagnificat.org\/wp-content\/uploads\/2023\/11\/Sognare-il-sogno-di-Dio-copertina-sito.jpg\"><source type='image\/jpeg' srcset='https:\/\/comunitamagnificat.org\/wp-content\/uploads\/2023\/11\/Sognare-il-sogno-di-Dio-copertina-sito.jpg 1240w, https:\/\/comunitamagnificat.org\/wp-content\/uploads\/2023\/11\/Sognare-il-sogno-di-Dio-copertina-sito-213x300.jpg 213w, https:\/\/comunitamagnificat.org\/wp-content\/uploads\/2023\/11\/Sognare-il-sogno-di-Dio-copertina-sito-726x1024.jpg 726w, https:\/\/comunitamagnificat.org\/wp-content\/uploads\/2023\/11\/Sognare-il-sogno-di-Dio-copertina-sito-768x1083.jpg 768w, https:\/\/comunitamagnificat.org\/wp-content\/uploads\/2023\/11\/Sognare-il-sogno-di-Dio-copertina-sito-1090x1536.jpg 1090w' sizes='(max-width: 1240px) 100vw, 1240px' \/><img loading=\"lazy\" decoding=\"async\" width=\"726\" height=\"1024\" src=\"https:\/\/comunitamagnificat.org\/wp-content\/uploads\/2023\/11\/Sognare-il-sogno-di-Dio-copertina-sito-726x1024.jpg\" alt=\"\" class=\"wp-image-10009\"\/><\/picture><\/a><figcaption class=\"wp-element-caption\">Vis\u00e2nd visul lui Dumnezeu &#8211; Tarcisio Mezzetti<\/figcaption><\/figure>\n\n\n\n<figure class=\"wp-block-image size-large\"><a href=\"https:\/\/edizioni.comunitamagnificat.org\/prodotto\/vocazione-allunita\/\" target=\"_blank\" rel=\"noreferrer noopener\"><picture data-lightbox=\"https:\/\/comunitamagnificat.org\/wp-content\/uploads\/2023\/11\/Vocazione-allunita-copertina-sito.jpg\"><source type='image\/jpeg' srcset='https:\/\/comunitamagnificat.org\/wp-content\/uploads\/2023\/11\/Vocazione-allunita-copertina-sito.jpg 1240w, https:\/\/comunitamagnificat.org\/wp-content\/uploads\/2023\/11\/Vocazione-allunita-copertina-sito-213x300.jpg 213w, https:\/\/comunitamagnificat.org\/wp-content\/uploads\/2023\/11\/Vocazione-allunita-copertina-sito-726x1024.jpg 726w, https:\/\/comunitamagnificat.org\/wp-content\/uploads\/2023\/11\/Vocazione-allunita-copertina-sito-768x1083.jpg 768w, https:\/\/comunitamagnificat.org\/wp-content\/uploads\/2023\/11\/Vocazione-allunita-copertina-sito-1090x1536.jpg 1090w' sizes='(max-width: 1240px) 100vw, 1240px' \/><img loading=\"lazy\" decoding=\"async\" width=\"726\" height=\"1024\" src=\"https:\/\/comunitamagnificat.org\/wp-content\/uploads\/2023\/11\/Vocazione-allunita-copertina-sito-726x1024.jpg\" alt=\"\" class=\"wp-image-10013\"\/><\/picture><\/a><figcaption class=\"wp-element-caption\">Voca\u021bia la unitate &#8211; Maria Rita Castellani<\/figcaption><\/figure>\n\n\n\n<figure class=\"wp-block-image size-large\"><a href=\"https:\/\/edizioni.comunitamagnificat.org\/prodotto\/non-tutte-le-strade-portano-a-dio\/\" target=\"_blank\" rel=\"noreferrer noopener\"><picture data-lightbox=\"https:\/\/comunitamagnificat.org\/wp-content\/uploads\/2023\/11\/Non-tutte-le-strade-portano-a-Dio-Copertina-scaled.jpg\"><source type='image\/jpeg' srcset='https:\/\/comunitamagnificat.org\/wp-content\/uploads\/2023\/11\/Non-tutte-le-strade-portano-a-Dio-Copertina-scaled.jpg 1796w, https:\/\/comunitamagnificat.org\/wp-content\/uploads\/2023\/11\/Non-tutte-le-strade-portano-a-Dio-Copertina-210x300.jpg 210w, https:\/\/comunitamagnificat.org\/wp-content\/uploads\/2023\/11\/Non-tutte-le-strade-portano-a-Dio-Copertina-718x1024.jpg 718w, https:\/\/comunitamagnificat.org\/wp-content\/uploads\/2023\/11\/Non-tutte-le-strade-portano-a-Dio-Copertina-768x1095.jpg 768w, https:\/\/comunitamagnificat.org\/wp-content\/uploads\/2023\/11\/Non-tutte-le-strade-portano-a-Dio-Copertina-1077x1536.jpg 1077w, https:\/\/comunitamagnificat.org\/wp-content\/uploads\/2023\/11\/Non-tutte-le-strade-portano-a-Dio-Copertina-1437x2048.jpg 1437w' sizes='(max-width: 1796px) 100vw, 1796px' \/><img loading=\"lazy\" decoding=\"async\" width=\"718\" height=\"1024\" src=\"https:\/\/comunitamagnificat.org\/wp-content\/uploads\/2023\/11\/Non-tutte-le-strade-portano-a-Dio-Copertina-718x1024.jpg\" alt=\"\" class=\"wp-image-10004\"\/><\/picture><\/a><figcaption class=\"wp-element-caption\">Nu toate drumurile duc la Dumnezeu &#8211; Angelo Spicuglia<\/figcaption><\/figure>\n\n\n\n<figure class=\"wp-block-image size-large\"><a href=\"https:\/\/edizioni.comunitamagnificat.org\/prodotto\/un-amore-grande-cosi\/\" target=\"_blank\" rel=\"noreferrer noopener\"><picture data-lightbox=\"https:\/\/comunitamagnificat.org\/wp-content\/uploads\/2023\/11\/Un-amore-grande-cosi-Tarcisio-Mezzetti-scaled.jpg\"><source type='image\/jpeg' srcset='https:\/\/comunitamagnificat.org\/wp-content\/uploads\/2023\/11\/Un-amore-grande-cosi-Tarcisio-Mezzetti-scaled.jpg 1804w, https:\/\/comunitamagnificat.org\/wp-content\/uploads\/2023\/11\/Un-amore-grande-cosi-Tarcisio-Mezzetti-211x300.jpg 211w, https:\/\/comunitamagnificat.org\/wp-content\/uploads\/2023\/11\/Un-amore-grande-cosi-Tarcisio-Mezzetti-722x1024.jpg 722w, https:\/\/comunitamagnificat.org\/wp-content\/uploads\/2023\/11\/Un-amore-grande-cosi-Tarcisio-Mezzetti-768x1090.jpg 768w, https:\/\/comunitamagnificat.org\/wp-content\/uploads\/2023\/11\/Un-amore-grande-cosi-Tarcisio-Mezzetti-1082x1536.jpg 1082w, https:\/\/comunitamagnificat.org\/wp-content\/uploads\/2023\/11\/Un-amore-grande-cosi-Tarcisio-Mezzetti-1443x2048.jpg 1443w' sizes='(max-width: 1804px) 100vw, 1804px' \/><img loading=\"lazy\" decoding=\"async\" width=\"722\" height=\"1024\" src=\"https:\/\/comunitamagnificat.org\/wp-content\/uploads\/2023\/11\/Un-amore-grande-cosi-Tarcisio-Mezzetti-722x1024.jpg\" alt=\"\" class=\"wp-image-10012\"\/><\/picture><\/a><figcaption class=\"wp-element-caption\">O iubire at\u00e2t de mare &#8211; Tarcisio Mezzetti<\/figcaption><\/figure>\n\n\n\n<figure class=\"wp-block-image size-large\"><a href=\"https:\/\/edizioni.comunitamagnificat.org\/prodotto\/per-annunziare-ai-poveri-un-lieto-messaggio\/\" target=\"_blank\" rel=\"noreferrer noopener\"><picture data-lightbox=\"https:\/\/comunitamagnificat.org\/wp-content\/uploads\/2023\/11\/Prima-di-Copertina-Per-annunziare-ai-poveri-un-lieto-messaggio-scaled.jpg\"><source type='image\/jpeg' srcset='https:\/\/comunitamagnificat.org\/wp-content\/uploads\/2023\/11\/Prima-di-Copertina-Per-annunziare-ai-poveri-un-lieto-messaggio-scaled.jpg 1804w, https:\/\/comunitamagnificat.org\/wp-content\/uploads\/2023\/11\/Prima-di-Copertina-Per-annunziare-ai-poveri-un-lieto-messaggio-211x300.jpg 211w, https:\/\/comunitamagnificat.org\/wp-content\/uploads\/2023\/11\/Prima-di-Copertina-Per-annunziare-ai-poveri-un-lieto-messaggio-722x1024.jpg 722w, https:\/\/comunitamagnificat.org\/wp-content\/uploads\/2023\/11\/Prima-di-Copertina-Per-annunziare-ai-poveri-un-lieto-messaggio-768x1090.jpg 768w, https:\/\/comunitamagnificat.org\/wp-content\/uploads\/2023\/11\/Prima-di-Copertina-Per-annunziare-ai-poveri-un-lieto-messaggio-1082x1536.jpg 1082w, https:\/\/comunitamagnificat.org\/wp-content\/uploads\/2023\/11\/Prima-di-Copertina-Per-annunziare-ai-poveri-un-lieto-messaggio-1443x2048.jpg 1443w' sizes='(max-width: 1804px) 100vw, 1804px' \/><img loading=\"lazy\" decoding=\"async\" width=\"722\" height=\"1024\" src=\"https:\/\/comunitamagnificat.org\/wp-content\/uploads\/2023\/11\/Prima-di-Copertina-Per-annunziare-ai-poveri-un-lieto-messaggio-722x1024.jpg\" alt=\"\" class=\"wp-image-10006\"\/><\/picture><\/a><figcaption class=\"wp-element-caption\">Pentru a proclama un mesaj fericit pentru s\u0103raci &#8211; Tarcisio Mezzetti<\/figcaption><\/figure>\n\n\n\n<figure class=\"wp-block-image size-large\"><a href=\"https:\/\/edizioni.comunitamagnificat.org\/prodotto\/se-vuoi-diventa-tutto-di-fuoco\/\" target=\"_blank\" rel=\"noreferrer noopener\"><picture data-lightbox=\"https:\/\/comunitamagnificat.org\/wp-content\/uploads\/2023\/11\/Se-vuoi-diventa-tutto-di-fuoco-copertina-sito.jpg\"><source type='image\/jpeg' srcset='https:\/\/comunitamagnificat.org\/wp-content\/uploads\/2023\/11\/Se-vuoi-diventa-tutto-di-fuoco-copertina-sito.jpg 1240w, https:\/\/comunitamagnificat.org\/wp-content\/uploads\/2023\/11\/Se-vuoi-diventa-tutto-di-fuoco-copertina-sito-213x300.jpg 213w, https:\/\/comunitamagnificat.org\/wp-content\/uploads\/2023\/11\/Se-vuoi-diventa-tutto-di-fuoco-copertina-sito-726x1024.jpg 726w, https:\/\/comunitamagnificat.org\/wp-content\/uploads\/2023\/11\/Se-vuoi-diventa-tutto-di-fuoco-copertina-sito-768x1083.jpg 768w, https:\/\/comunitamagnificat.org\/wp-content\/uploads\/2023\/11\/Se-vuoi-diventa-tutto-di-fuoco-copertina-sito-1090x1536.jpg 1090w' sizes='(max-width: 1240px) 100vw, 1240px' \/><img loading=\"lazy\" decoding=\"async\" width=\"726\" height=\"1024\" src=\"https:\/\/comunitamagnificat.org\/wp-content\/uploads\/2023\/11\/Se-vuoi-diventa-tutto-di-fuoco-copertina-sito-726x1024.jpg\" alt=\"\" class=\"wp-image-10008\"\/><\/picture><\/a><figcaption class=\"wp-element-caption\">Dac\u0103 vrei s\u0103 te \u00eenfl\u0103c\u0103rezi &#8211; Luigi Montesi<\/figcaption><\/figure>\n\n\n\n<figure class=\"wp-block-image size-large\"><a href=\"https:\/\/edizioni.comunitamagnificat.org\/prodotto\/magnificat-1978-2018-quarantanni-di-cammino\/\" target=\"_blank\" rel=\"noreferrer noopener\"><picture data-lightbox=\"https:\/\/comunitamagnificat.org\/wp-content\/uploads\/2023\/11\/Magnificat-1978-2018-copertina-sito.jpg.webp\"><source type='image\/webp' srcset='https:\/\/comunitamagnificat.org\/wp-content\/uploads\/2023\/11\/Magnificat-1978-2018-copertina-sito.jpg.webp 1240w, https:\/\/comunitamagnificat.org\/wp-content\/uploads\/2023\/11\/Magnificat-1978-2018-copertina-sito.jpg-213x300.webp 213w, https:\/\/comunitamagnificat.org\/wp-content\/uploads\/2023\/11\/Magnificat-1978-2018-copertina-sito.jpg-726x1024.webp 726w, https:\/\/comunitamagnificat.org\/wp-content\/uploads\/2023\/11\/Magnificat-1978-2018-copertina-sito.jpg-768x1083.webp 768w, https:\/\/comunitamagnificat.org\/wp-content\/uploads\/2023\/11\/Magnificat-1978-2018-copertina-sito.jpg-1090x1536.webp 1090w' sizes='(max-width: 1240px) 100vw, 1240px' \/><img loading=\"lazy\" decoding=\"async\" width=\"726\" height=\"1024\" src=\"https:\/\/comunitamagnificat.org\/wp-content\/uploads\/2023\/11\/Magnificat-1978-2018-copertina-sito.jpg-726x1024.webp\" alt=\"\" class=\"wp-image-10003\"\/><\/picture><\/a><figcaption class=\"wp-element-caption\">Magnificat 1978-2018 &#8211; Davide Maloberti<\/figcaption><\/figure>\n\n\n\n<figure class=\"wp-block-image size-large\"><a href=\"https:\/\/edizioni.comunitamagnificat.org\/prodotto\/lalleanza-una-sfida-proposta-da-dio\/\" target=\"_blank\" rel=\"noreferrer noopener\"><picture data-lightbox=\"https:\/\/comunitamagnificat.org\/wp-content\/uploads\/2023\/11\/LAlleanza-una-sfida-proposta-da-Dio-copertina-sito.jpg\"><source type='image\/jpeg' srcset='https:\/\/comunitamagnificat.org\/wp-content\/uploads\/2023\/11\/LAlleanza-una-sfida-proposta-da-Dio-copertina-sito.jpg 1240w, https:\/\/comunitamagnificat.org\/wp-content\/uploads\/2023\/11\/LAlleanza-una-sfida-proposta-da-Dio-copertina-sito-213x300.jpg 213w, https:\/\/comunitamagnificat.org\/wp-content\/uploads\/2023\/11\/LAlleanza-una-sfida-proposta-da-Dio-copertina-sito-726x1024.jpg 726w, https:\/\/comunitamagnificat.org\/wp-content\/uploads\/2023\/11\/LAlleanza-una-sfida-proposta-da-Dio-copertina-sito-768x1083.jpg 768w, https:\/\/comunitamagnificat.org\/wp-content\/uploads\/2023\/11\/LAlleanza-una-sfida-proposta-da-Dio-copertina-sito-1090x1536.jpg 1090w' sizes='(max-width: 1240px) 100vw, 1240px' \/><img loading=\"lazy\" decoding=\"async\" width=\"726\" height=\"1024\" src=\"https:\/\/comunitamagnificat.org\/wp-content\/uploads\/2023\/11\/LAlleanza-una-sfida-proposta-da-Dio-copertina-sito-726x1024.jpg\" alt=\"\" class=\"wp-image-10002\"\/><\/picture><\/a><figcaption class=\"wp-element-caption\">Leg\u0103m\u00e2ntul, o provocare din partea lui Dumnezeu &#8211; Tarcisio Mezzetti<\/figcaption><\/figure>\n\n\n\n<figure class=\"wp-block-image size-large\"><a href=\"https:\/\/edizioni.comunitamagnificat.org\/prodotto\/diffondere-misericordia\/\" target=\"_blank\" rel=\"noreferrer noopener\"><picture data-lightbox=\"https:\/\/comunitamagnificat.org\/wp-content\/uploads\/2023\/11\/Diffondere-misericordia-copertina-sito.jpg\"><source type='image\/jpeg' srcset='https:\/\/comunitamagnificat.org\/wp-content\/uploads\/2023\/11\/Diffondere-misericordia-copertina-sito.jpg 1240w, https:\/\/comunitamagnificat.org\/wp-content\/uploads\/2023\/11\/Diffondere-misericordia-copertina-sito-213x300.jpg 213w, https:\/\/comunitamagnificat.org\/wp-content\/uploads\/2023\/11\/Diffondere-misericordia-copertina-sito-726x1024.jpg 726w, https:\/\/comunitamagnificat.org\/wp-content\/uploads\/2023\/11\/Diffondere-misericordia-copertina-sito-768x1083.jpg 768w, https:\/\/comunitamagnificat.org\/wp-content\/uploads\/2023\/11\/Diffondere-misericordia-copertina-sito-1090x1536.jpg 1090w' sizes='(max-width: 1240px) 100vw, 1240px' \/><img loading=\"lazy\" decoding=\"async\" width=\"726\" height=\"1024\" src=\"https:\/\/comunitamagnificat.org\/wp-content\/uploads\/2023\/11\/Diffondere-misericordia-copertina-sito-726x1024.jpg\" alt=\"\" class=\"wp-image-10000\"\/><\/picture><\/a><figcaption class=\"wp-element-caption\">R\u0103sp\u00e2ndirea milei &#8211; Orestes Pesare<\/figcaption><\/figure>\n\n\n\n<figure class=\"wp-block-image size-large\"><a href=\"https:\/\/edizioni.comunitamagnificat.org\/prodotto\/dialoghi-fraterni\/\" target=\"_blank\" rel=\"noreferrer noopener\"><picture data-lightbox=\"https:\/\/comunitamagnificat.org\/wp-content\/uploads\/2023\/11\/Prima-di-Copertina-Dialoghi-fraterni-scaled.jpg\"><source type='image\/jpeg' srcset='https:\/\/comunitamagnificat.org\/wp-content\/uploads\/2023\/11\/Prima-di-Copertina-Dialoghi-fraterni-scaled.jpg 1553w, https:\/\/comunitamagnificat.org\/wp-content\/uploads\/2023\/11\/Prima-di-Copertina-Dialoghi-fraterni-182x300.jpg 182w, https:\/\/comunitamagnificat.org\/wp-content\/uploads\/2023\/11\/Prima-di-Copertina-Dialoghi-fraterni-621x1024.jpg 621w, https:\/\/comunitamagnificat.org\/wp-content\/uploads\/2023\/11\/Prima-di-Copertina-Dialoghi-fraterni-768x1266.jpg 768w, https:\/\/comunitamagnificat.org\/wp-content\/uploads\/2023\/11\/Prima-di-Copertina-Dialoghi-fraterni-932x1536.jpg 932w, https:\/\/comunitamagnificat.org\/wp-content\/uploads\/2023\/11\/Prima-di-Copertina-Dialoghi-fraterni-1242x2048.jpg 1242w' sizes='(max-width: 1553px) 100vw, 1553px' \/><img loading=\"lazy\" decoding=\"async\" width=\"621\" height=\"1024\" src=\"https:\/\/comunitamagnificat.org\/wp-content\/uploads\/2023\/11\/Prima-di-Copertina-Dialoghi-fraterni-621x1024.jpg\" alt=\"\" class=\"wp-image-10005\"\/><\/picture><\/a><figcaption class=\"wp-element-caption\">Dialoguri fraterne &#8211; Maria Rita Castellani<\/figcaption><\/figure>\n\n\n\n<figure class=\"wp-block-image size-large\"><a href=\"https:\/\/edizioni.comunitamagnificat.org\/prodotto\/storia-di-una-storia-di-dio\/\" target=\"_blank\" rel=\"noreferrer noopener\"><picture data-lightbox=\"https:\/\/comunitamagnificat.org\/wp-content\/uploads\/2023\/11\/Prima-di-copertina-Storia-di-una-storia-di-Dio.jpg\"><source type='image\/jpeg' srcset='https:\/\/comunitamagnificat.org\/wp-content\/uploads\/2023\/11\/Prima-di-copertina-Storia-di-una-storia-di-Dio.jpg 1748w, https:\/\/comunitamagnificat.org\/wp-content\/uploads\/2023\/11\/Prima-di-copertina-Storia-di-una-storia-di-Dio-210x300.jpg 210w, https:\/\/comunitamagnificat.org\/wp-content\/uploads\/2023\/11\/Prima-di-copertina-Storia-di-una-storia-di-Dio-715x1024.jpg 715w, https:\/\/comunitamagnificat.org\/wp-content\/uploads\/2023\/11\/Prima-di-copertina-Storia-di-una-storia-di-Dio-768x1100.jpg 768w, https:\/\/comunitamagnificat.org\/wp-content\/uploads\/2023\/11\/Prima-di-copertina-Storia-di-una-storia-di-Dio-1073x1536.jpg 1073w, https:\/\/comunitamagnificat.org\/wp-content\/uploads\/2023\/11\/Prima-di-copertina-Storia-di-una-storia-di-Dio-1430x2048.jpg 1430w' sizes='(max-width: 1748px) 100vw, 1748px' \/><img loading=\"lazy\" decoding=\"async\" width=\"715\" height=\"1024\" src=\"https:\/\/comunitamagnificat.org\/wp-content\/uploads\/2023\/11\/Prima-di-copertina-Storia-di-una-storia-di-Dio-715x1024.jpg\" alt=\"\" class=\"wp-image-10007\"\/><\/picture><\/a><figcaption class=\"wp-element-caption\">Povestea unui Dumnezeu &#8211; Luigi Montesi<\/figcaption><\/figure>\n\n\n\n<figure class=\"wp-block-image size-large\"><a href=\"https:\/\/edizioni.comunitamagnificat.org\/prodotto\/verso-un-nuovo-monachesimo\/\" target=\"_blank\" rel=\"noreferrer noopener\"><picture data-lightbox=\"https:\/\/comunitamagnificat.org\/wp-content\/uploads\/2023\/11\/Verso-un-nuovo-monachesimo-Tarcisio-MezzettiCopertina-scaled.jpg\"><source type='image\/jpeg' srcset='https:\/\/comunitamagnificat.org\/wp-content\/uploads\/2023\/11\/Verso-un-nuovo-monachesimo-Tarcisio-MezzettiCopertina-scaled.jpg 1804w, https:\/\/comunitamagnificat.org\/wp-content\/uploads\/2023\/11\/Verso-un-nuovo-monachesimo-Tarcisio-MezzettiCopertina-211x300.jpg 211w, https:\/\/comunitamagnificat.org\/wp-content\/uploads\/2023\/11\/Verso-un-nuovo-monachesimo-Tarcisio-MezzettiCopertina-722x1024.jpg 722w, https:\/\/comunitamagnificat.org\/wp-content\/uploads\/2023\/11\/Verso-un-nuovo-monachesimo-Tarcisio-MezzettiCopertina-768x1090.jpg 768w, https:\/\/comunitamagnificat.org\/wp-content\/uploads\/2023\/11\/Verso-un-nuovo-monachesimo-Tarcisio-MezzettiCopertina-1082x1536.jpg 1082w, https:\/\/comunitamagnificat.org\/wp-content\/uploads\/2023\/11\/Verso-un-nuovo-monachesimo-Tarcisio-MezzettiCopertina-1443x2048.jpg 1443w' sizes='(max-width: 1804px) 100vw, 1804px' \/><img loading=\"lazy\" decoding=\"async\" width=\"722\" height=\"1024\" src=\"https:\/\/comunitamagnificat.org\/wp-content\/uploads\/2023\/11\/Verso-un-nuovo-monachesimo-Tarcisio-MezzettiCopertina-722x1024.jpg\" alt=\"\" class=\"wp-image-9998\"\/><\/picture><\/a><figcaption class=\"wp-element-caption\">C\u0103tre un nou monahism &#8211; Tarcisio Mezzetti<\/figcaption><\/figure>\n\n\n\n<figure class=\"wp-block-image size-large\"><a href=\"https:\/\/edizioni.comunitamagnificat.org\/prodotto\/stavano-insieme-storia-di-una-comunita-cristiana\/\" target=\"_blank\" rel=\"noreferrer noopener\"><picture data-lightbox=\"https:\/\/comunitamagnificat.org\/wp-content\/uploads\/2023\/11\/Stavano-insieme-copertina-sito.jpg\"><source type='image\/jpeg' srcset='https:\/\/comunitamagnificat.org\/wp-content\/uploads\/2023\/11\/Stavano-insieme-copertina-sito.jpg 1240w, https:\/\/comunitamagnificat.org\/wp-content\/uploads\/2023\/11\/Stavano-insieme-copertina-sito-213x300.jpg 213w, https:\/\/comunitamagnificat.org\/wp-content\/uploads\/2023\/11\/Stavano-insieme-copertina-sito-726x1024.jpg 726w, https:\/\/comunitamagnificat.org\/wp-content\/uploads\/2023\/11\/Stavano-insieme-copertina-sito-768x1083.jpg 768w, https:\/\/comunitamagnificat.org\/wp-content\/uploads\/2023\/11\/Stavano-insieme-copertina-sito-1090x1536.jpg 1090w' sizes='(max-width: 1240px) 100vw, 1240px' \/><img loading=\"lazy\" decoding=\"async\" width=\"726\" height=\"1024\" src=\"https:\/\/comunitamagnificat.org\/wp-content\/uploads\/2023\/11\/Stavano-insieme-copertina-sito-726x1024.jpg\" alt=\"\" class=\"wp-image-10010\"\/><\/picture><\/a><figcaption class=\"wp-element-caption\">Au fost \u00eempreun\u0103 &#8211; Stefano Ragnacci<\/figcaption><\/figure>\n<\/div><\/div>\n\n\n\n<div style=\"height:30px\" aria-hidden=\"true\" class=\"wp-block-spacer\"><\/div>\n<\/div>\n<\/div>\n","protected":false},"excerpt":{"rendered":"<p>Din februarie 2023, Comunitatea Magnificat s-a dotat cu un nou instrument pentru a disemina marea bog\u0103\u021bie pe care a acumulat-o de-a lungul tuturor anilor din istoria sa &#8211; de\u0219i recent\u0103 &#8211; precum \u00eenv\u0103\u021b\u0103turi, cateheze, studii \u0219i perspective. Odat\u0103 cu \u00eenfiin\u021barea &#8222;Edizioni Magnificat s.r.l.&#8222;, o societate de\u021binut\u0103 \u00een \u00eentregime de Comunitate, publicarea de c\u0103r\u021bilor e caiete [&hellip;]<\/p>\n","protected":false},"author":3,"featured_media":17203,"parent":20595,"menu_order":0,"comment_status":"closed","ping_status":"closed","template":"","meta":{"om_disable_all_campaigns":false,"_monsterinsights_skip_tracking":false,"_monsterinsights_sitenote_active":false,"_monsterinsights_sitenote_note":"","_monsterinsights_sitenote_category":0,"_uf_show_specific_survey":0,"_uf_disable_surveys":false,"footnotes":""},"class_list":["post-19092","page","type-page","status-publish","has-post-thumbnail","hentry"],"aioseo_notices":[],"_links":{"self":[{"href":"https:\/\/comunitamagnificat.org\/ro\/wp-json\/wp\/v2\/pages\/19092","targetHints":{"allow":["GET"]}}],"collection":[{"href":"https:\/\/comunitamagnificat.org\/ro\/wp-json\/wp\/v2\/pages"}],"about":[{"href":"https:\/\/comunitamagnificat.org\/ro\/wp-json\/wp\/v2\/types\/page"}],"author":[{"embeddable":true,"href":"https:\/\/comunitamagnificat.org\/ro\/wp-json\/wp\/v2\/users\/3"}],"replies":[{"embeddable":true,"href":"https:\/\/comunitamagnificat.org\/ro\/wp-json\/wp\/v2\/comments?post=19092"}],"version-history":[{"count":1,"href":"https:\/\/comunitamagnificat.org\/ro\/wp-json\/wp\/v2\/pages\/19092\/revisions"}],"predecessor-version":[{"id":19093,"href":"https:\/\/comunitamagnificat.org\/ro\/wp-json\/wp\/v2\/pages\/19092\/revisions\/19093"}],"up":[{"embeddable":true,"href":"https:\/\/comunitamagnificat.org\/ro\/wp-json\/wp\/v2\/pages\/20595"}],"wp:featuredmedia":[{"embeddable":true,"href":"https:\/\/comunitamagnificat.org\/ro\/wp-json\/wp\/v2\/media\/17203"}],"wp:attachment":[{"href":"https:\/\/comunitamagnificat.org\/ro\/wp-json\/wp\/v2\/media?parent=19092"}],"curies":[{"name":"wp","href":"https:\/\/api.w.org\/{rel}","templated":true}]}}