{"id":19115,"date":"2024-08-22T18:36:38","date_gmt":"2024-08-22T16:36:38","guid":{"rendered":"https:\/\/comunitamagnificat.org\/kalbim-seninle\/"},"modified":"2024-08-22T18:38:30","modified_gmt":"2024-08-22T16:38:30","slug":"kalbim-seninle","status":"publish","type":"page","link":"https:\/\/comunitamagnificat.org\/ro\/publicatii\/cantecele\/kalbim-seninle\/","title":{"rendered":"Kalbim seninle"},"content":{"rendered":"\n<div style=\"height:30px\" aria-hidden=\"true\" class=\"wp-block-spacer\"><\/div>\n\n<div class=\"wp-block-columns is-layout-flex wp-container-core-columns-is-layout-9d6595d7 wp-block-columns-is-layout-flex\">\n<div class=\"wp-block-column is-layout-flow wp-block-column-is-layout-flow\">\n<div class=\"wp-block-columns is-layout-flex wp-container-core-columns-is-layout-9d6595d7 wp-block-columns-is-layout-flex\">\n<div class=\"wp-block-column is-layout-flow wp-block-column-is-layout-flow\"><\/div>\n\n\n\n<div class=\"wp-block-column is-layout-flow wp-block-column-is-layout-flow\">\n<figure class=\"wp-block-image size-large\"><picture data-lightbox=\"https:\/\/comunitamagnificat.org\/wp-content\/uploads\/2021\/04\/Copertina-4.jpg\"><source type='image\/jpeg' srcset='https:\/\/comunitamagnificat.org\/wp-content\/uploads\/2021\/04\/Copertina-4.jpg 1472w, https:\/\/comunitamagnificat.org\/wp-content\/uploads\/2021\/04\/Copertina-4-298x300.jpg 298w, https:\/\/comunitamagnificat.org\/wp-content\/uploads\/2021\/04\/Copertina-4-1017x1024.jpg 1017w, https:\/\/comunitamagnificat.org\/wp-content\/uploads\/2021\/04\/Copertina-4-150x150.jpg 150w, https:\/\/comunitamagnificat.org\/wp-content\/uploads\/2021\/04\/Copertina-4-768x773.jpg 768w' sizes='(max-width: 1472px) 100vw, 1472px' \/><img loading=\"lazy\" decoding=\"async\" width=\"1017\" height=\"1024\" src=\"https:\/\/comunitamagnificat.org\/wp-content\/uploads\/2021\/04\/Copertina-4-1017x1024.jpg\" alt=\"\" class=\"wp-image-8062\"\/><\/picture><\/figure>\n<\/div>\n\n\n\n<div class=\"wp-block-column is-layout-flow wp-block-column-is-layout-flow\"><\/div>\n<\/div>\n<\/div>\n<\/div>\n\n<div style=\"height:30px\" aria-hidden=\"true\" class=\"wp-block-spacer\"><\/div>\n\n<div class=\"wp-block-columns is-layout-flex wp-container-core-columns-is-layout-9d6595d7 wp-block-columns-is-layout-flex\">\n<div class=\"wp-block-column is-layout-flow wp-block-column-is-layout-flow\">\n<p>Ca urmare a convertirii sale la cre\u0219tinism, Veronica Zeynep, o sor\u0103 foarte t\u00e2n\u0103r\u0103 din Istanbul, a publicat \u00een 2012 aceast\u0103 colec\u021bie de nou\u0103 c\u00e2ntece ale sale, toate \u00een limba turc\u0103, cu excep\u021bia unuia \u00een limba englez\u0103: \n<strong>Kalbim seninle <\/strong>(\n<em>Inima mea este cu tine<\/em>); \n<strong>Ey Tanr\u0131m, l\u00fctfet bana<\/strong> (\n<em>Doamne, ai mil\u0103 de mine<\/em>); \n<strong>Gel Kutsal Ruh<\/strong> (\n<em>Vino Sfinte Duh<\/em>); \n<strong>Kurtulu\u0219umsum sen<\/strong> (\n<em>Tu e\u0219ti m\u00e2ntuirea mea<\/em>); \n<strong>\u00d6vg\u00fcler Rabbe<\/strong> (\n<em>L\u0103uda\u021bi pe Domnul<\/em>); \n<strong>Kyrie eleison<\/strong>; \n<strong>Aleluia<\/strong>; \n<strong>Numai Iisus Hristos<\/strong> (\n<em>Numai Iisus Hristos<\/em>); \n<strong>Y\u00fcceli\u011fini g\u00f6ster ya Rab<\/strong> (         <em>Arat\u0103-\u021bi gloria Doamne<\/em>)<\/p>\n\n\n\n<div style=\"height:30px\" aria-hidden=\"true\" class=\"wp-block-spacer\"><\/div>\n\n\n\n<p>Ei au participat la \u00eenregistrarea CD-ului:<\/p>\n\n\n\n<p><strong>VOCI<\/strong>: <em>Veronica Zeynep<\/em>, <em>Andrew Hochstedler<\/em><br\/><strong>INSTRUMENTE<\/strong>: Chitar\u0103: <em>Veronica Zeynep<\/em>.\nFlaut: <em>Andrew Hochstedler<\/em>.\nOrg\u0103: <em>Fransua Burhan<\/em>  <\/p>\n<\/div>\n<\/div>\n\n<div style=\"height:30px\" aria-hidden=\"true\" class=\"wp-block-spacer\"><\/div>\n\n<div class=\"wp-block-columns is-layout-flex wp-container-core-columns-is-layout-9d6595d7 wp-block-columns-is-layout-flex\">\n<div class=\"wp-block-column is-layout-flow wp-block-column-is-layout-flow\">\n<div class=\"wp-block-columns is-layout-flex wp-container-core-columns-is-layout-9d6595d7 wp-block-columns-is-layout-flex\">\n<div class=\"wp-block-column is-layout-flow wp-block-column-is-layout-flow\" style=\"flex-basis:100%\">\n<p>Aici sunt mp3-urile celor 9 piese:<\/p>\n<\/div>\n<\/div>\n\n\n\n<div class=\"wp-block-columns is-layout-flex wp-container-core-columns-is-layout-9d6595d7 wp-block-columns-is-layout-flex\">\n<div class=\"wp-block-column is-layout-flow wp-block-column-is-layout-flow\">\n<figure class=\"wp-block-audio\"><audio controls=\"\" src=\"https:\/\/comunitamagnificat.org\/wp-content\/uploads\/2021\/04\/01-Veronica-Zeynep-Kalbim-Seninle.mp3\"><\/audio><figcaption><em>Kalbim seninle <\/em><em>(Inima mea este cu tine<\/em>)<\/figcaption><\/figure>\n\n\n\n<figure class=\"wp-block-audio\"><audio controls=\"\" src=\"https:\/\/comunitamagnificat.org\/wp-content\/uploads\/2021\/04\/02-Veronica-Zeynep-Ey-tanrim-lutfet-bana.mp3\"><\/audio><figcaption><em>Ey Tanr\u0131m, l\u00fctfet bana <\/em><em>(Doamne, ai mil\u0103 de mine<\/em>)<\/figcaption><\/figure>\n\n\n\n<figure class=\"wp-block-audio\"><audio controls=\"\" src=\"https:\/\/comunitamagnificat.org\/wp-content\/uploads\/2021\/04\/03-Veronica-Zeynep-Gel-Kutsal-Ruh.mp3\"><\/audio><figcaption><em>Gel Kutsal Ruh (Vino Duhul Sf\u00e2nt)<\/em><\/figcaption><\/figure>\n\n\n\n<figure class=\"wp-block-audio\"><audio controls=\"\" src=\"https:\/\/comunitamagnificat.org\/wp-content\/uploads\/2021\/04\/04-Veronica-Zeynep-Kurtulusumsun-sen.mp3\"><\/audio><figcaption><em>Kurtulu\u0219umsum sen (Tu e\u0219ti salvarea mea)<\/em><\/figcaption><\/figure>\n\n\n\n<figure class=\"wp-block-audio\"><audio controls=\"\" src=\"https:\/\/comunitamagnificat.org\/wp-content\/uploads\/2021\/04\/05-Veronica-Zeynep-Ovguler-Rabbe.mp3\"><\/audio><figcaption><em>\u00d6vg\u00fcler Rabbe (L\u0103uda\u021bi pe Domnul)<\/em><\/figcaption><\/figure>\n\n\n\n<figure class=\"wp-block-audio\"><audio controls=\"\" src=\"https:\/\/comunitamagnificat.org\/wp-content\/uploads\/2021\/04\/06-Veronica-Zeynep-Kyrie-eleison.mp3\"><\/audio><figcaption><em>Kyrie eleison<\/em><\/figcaption><\/figure>\n\n\n\n<figure class=\"wp-block-audio\"><audio controls=\"\" src=\"https:\/\/comunitamagnificat.org\/wp-content\/uploads\/2021\/04\/07-Veronica-Zeynep-Alleluia.mp3\"><\/audio><figcaption><em>Aleluia<\/em><\/figcaption><\/figure>\n\n\n\n<figure class=\"wp-block-audio\"><audio controls=\"\" src=\"https:\/\/comunitamagnificat.org\/wp-content\/uploads\/2021\/04\/08-Veronica-Zeynep-Only-Jesus-Christ.mp3\"><\/audio><figcaption><em>Doar Iisus Hristos<\/em><\/figcaption><\/figure>\n\n\n\n<figure class=\"wp-block-audio\"><audio controls=\"\" src=\"https:\/\/comunitamagnificat.org\/wp-content\/uploads\/2021\/04\/09-Veronica-Zeynep-Yuceligini-goster-ya-Rab.mp3\"><\/audio><figcaption><em>Y\u00fcceli\u011fini g\u00f6ster ya Rab (Arat\u0103-\u021bi gloria, Doamne)<\/em><\/figcaption><\/figure>\n\n\n\n<div style=\"height:30px\" aria-hidden=\"true\" class=\"wp-block-spacer\"><\/div>\n\n\n\n<div class=\"wp-block-columns is-layout-flex wp-container-core-columns-is-layout-9d6595d7 wp-block-columns-is-layout-flex\">\n<div class=\"wp-block-column is-layout-flow wp-block-column-is-layout-flow\">\n<p>Acestea sunt textele \u0219i acordurile c\u00e2ntecelor din aceast\u0103 colec\u021bie:<\/p>\n<\/div>\n<\/div>\n\n\n\n<div class=\"wp-block-columns is-layout-flex wp-container-core-columns-is-layout-9d6595d7 wp-block-columns-is-layout-flex\">\n<div class=\"wp-block-column is-layout-flow wp-block-column-is-layout-flow\">\n<div class=\"wp-block-file\"><a href=\"https:\/\/comunitamagnificat.org\/wp-content\/uploads\/2021\/04\/KALBIM-SENINLE-Testi-e-accordi.pdf\">KALBIM SENINLE &#8211; Versuri \u0219i acorduri<\/a><a href=\"https:\/\/comunitamagnificat.org\/wp-content\/uploads\/2021\/04\/KALBIM-SENINLE-Testi-e-accordi.pdf\" class=\"wp-block-file__button\" download=\"\">Desc\u0103rcare<\/a><\/div>\n\n\n\n<p><\/p>\n<\/div>\n<\/div>\n\n\n\n<div style=\"height:30px\" aria-hidden=\"true\" class=\"wp-block-spacer\"><\/div>\n\n\n\n<p>Iat\u0103 un videoclip preluat dintr-un c\u00e2ntec din aceast\u0103 colec\u021bie<\/p>\n\n\n\n<div class=\"wp-block-columns is-layout-flex wp-container-core-columns-is-layout-9d6595d7 wp-block-columns-is-layout-flex\">\n<div class=\"wp-block-column is-layout-flow wp-block-column-is-layout-flow\">\n<figure class=\"wp-block-embed is-type-video is-provider-youtube wp-block-embed-youtube wp-embed-aspect-16-9 wp-has-aspect-ratio\"><div class=\"wp-block-embed__wrapper\"> \n<iframe loading=\"lazy\" title=\"Gel Kutsal Ruh\" width=\"500\" height=\"281\" src=\"https:\/\/www.youtube.com\/embed\/3RKSkMzD_qk?list=PLLnp9XgmlaS_rDD7LhN_CBwm-8dcQT3mF\" frameborder=\"0\" allow=\"accelerometer; autoplay; clipboard-write; encrypted-media; gyroscope; picture-in-picture; web-share\" referrerpolicy=\"strict-origin-when-cross-origin\" allowfullscreen><\/iframe>\n <\/div><\/figure>\n<\/div>\n<\/div>\n<\/div>\n\n\n\n<div class=\"wp-block-column is-layout-flow wp-block-column-is-layout-flow\"><\/div>\n<\/div>\n<\/div>\n<\/div>\n","protected":false},"excerpt":{"rendered":"<p>Ca urmare a convertirii sale la cre\u0219tinism, Veronica Zeynep, o sor\u0103 foarte t\u00e2n\u0103r\u0103 din Istanbul, a publicat \u00een 2012 aceast\u0103 colec\u021bie de nou\u0103 c\u00e2ntece ale sale, toate \u00een limba turc\u0103, cu excep\u021bia unuia \u00een limba englez\u0103: Kalbim seninle ( Inima mea este cu tine); Ey Tanr\u0131m, l\u00fctfet bana ( Doamne, ai mil\u0103 de mine); Gel [&hellip;]<\/p>\n","protected":false},"author":3,"featured_media":16054,"parent":19154,"menu_order":0,"comment_status":"closed","ping_status":"closed","template":"","meta":{"om_disable_all_campaigns":false,"_monsterinsights_skip_tracking":false,"_monsterinsights_sitenote_active":false,"_monsterinsights_sitenote_note":"","_monsterinsights_sitenote_category":0,"_uf_show_specific_survey":0,"_uf_disable_surveys":false,"footnotes":""},"class_list":["post-19115","page","type-page","status-publish","has-post-thumbnail","hentry"],"aioseo_notices":[],"_links":{"self":[{"href":"https:\/\/comunitamagnificat.org\/ro\/wp-json\/wp\/v2\/pages\/19115","targetHints":{"allow":["GET"]}}],"collection":[{"href":"https:\/\/comunitamagnificat.org\/ro\/wp-json\/wp\/v2\/pages"}],"about":[{"href":"https:\/\/comunitamagnificat.org\/ro\/wp-json\/wp\/v2\/types\/page"}],"author":[{"embeddable":true,"href":"https:\/\/comunitamagnificat.org\/ro\/wp-json\/wp\/v2\/users\/3"}],"replies":[{"embeddable":true,"href":"https:\/\/comunitamagnificat.org\/ro\/wp-json\/wp\/v2\/comments?post=19115"}],"version-history":[{"count":1,"href":"https:\/\/comunitamagnificat.org\/ro\/wp-json\/wp\/v2\/pages\/19115\/revisions"}],"predecessor-version":[{"id":19120,"href":"https:\/\/comunitamagnificat.org\/ro\/wp-json\/wp\/v2\/pages\/19115\/revisions\/19120"}],"up":[{"embeddable":true,"href":"https:\/\/comunitamagnificat.org\/ro\/wp-json\/wp\/v2\/pages\/19154"}],"wp:featuredmedia":[{"embeddable":true,"href":"https:\/\/comunitamagnificat.org\/ro\/wp-json\/wp\/v2\/media\/16054"}],"wp:attachment":[{"href":"https:\/\/comunitamagnificat.org\/ro\/wp-json\/wp\/v2\/media?parent=19115"}],"curies":[{"name":"wp","href":"https:\/\/api.w.org\/{rel}","templated":true}]}}