{"id":19145,"date":"2024-08-22T18:37:54","date_gmt":"2024-08-22T16:37:54","guid":{"rendered":"https:\/\/comunitamagnificat.org\/vino-spirit-creator\/"},"modified":"2024-08-22T18:38:29","modified_gmt":"2024-08-22T16:38:29","slug":"vino-spirit-creator","status":"publish","type":"page","link":"https:\/\/comunitamagnificat.org\/ro\/publicatii\/cantecele\/vino-spirit-creator\/","title":{"rendered":"Vino Spirit Creator"},"content":{"rendered":"\n<div class=\"wp-block-columns is-layout-flex wp-container-core-columns-is-layout-9d6595d7 wp-block-columns-is-layout-flex\">\n<div class=\"wp-block-column is-layout-flow wp-block-column-is-layout-flow\">\n<div style=\"height:30px\" aria-hidden=\"true\" class=\"wp-block-spacer\"><\/div>\n\n\n\n<div class=\"wp-block-columns is-layout-flex wp-container-core-columns-is-layout-9d6595d7 wp-block-columns-is-layout-flex\">\n<div class=\"wp-block-column is-layout-flow wp-block-column-is-layout-flow\"><\/div>\n\n\n\n<div class=\"wp-block-column is-layout-flow wp-block-column-is-layout-flow\">\n<figure class=\"wp-block-image size-large\"><picture data-lightbox=\"https:\/\/comunitamagnificat.org\/wp-content\/uploads\/2021\/04\/Copertina-2.jpg\"><source type='image\/jpeg' srcset='https:\/\/comunitamagnificat.org\/wp-content\/uploads\/2021\/04\/Copertina-2.jpg 1641w, https:\/\/comunitamagnificat.org\/wp-content\/uploads\/2021\/04\/Copertina-2-300x269.jpg 300w, https:\/\/comunitamagnificat.org\/wp-content\/uploads\/2021\/04\/Copertina-2-1024x919.jpg 1024w, https:\/\/comunitamagnificat.org\/wp-content\/uploads\/2021\/04\/Copertina-2-768x689.jpg 768w, https:\/\/comunitamagnificat.org\/wp-content\/uploads\/2021\/04\/Copertina-2-1536x1378.jpg 1536w' sizes='(max-width: 1641px) 100vw, 1641px' \/><img loading=\"lazy\" decoding=\"async\" width=\"1024\" height=\"919\" src=\"https:\/\/comunitamagnificat.org\/wp-content\/uploads\/2021\/04\/Copertina-2-1024x919.jpg\" alt=\"\" class=\"wp-image-8011\"\/><\/picture><\/figure>\n<\/div>\n\n\n\n<div class=\"wp-block-column is-layout-flow wp-block-column-is-layout-flow\"><\/div>\n<\/div>\n\n\n\n<div style=\"height:30px\" aria-hidden=\"true\" class=\"wp-block-spacer\"><\/div>\n\n\n\n<p>\u00cen 2011, aceast\u0103 colec\u021bie de c\u00e2ntece dedicate \u00een principal Duhului Sf\u00e2nt a v\u0103zut lumina zilei, cu 14 piese.<\/p>\n\n\n\n<div style=\"height:30px\" aria-hidden=\"true\" class=\"wp-block-spacer\"><\/div>\n\n\n\n<p>Mai jos este lista c\u00e2ntecelor \u0219i a autorilor lor, to\u021bi membri ai Comunit\u0103\u021bii: \n<strong>Plasmami<\/strong> (\n<em>Daniela Saetta<\/em>); \n<strong>Come Creator Spirit<\/strong> (\n<em>Alessandro Di Michele<\/em>); \n<strong>Sfinte, Sfinte Duh <\/strong>(\n<em>Gloria Roscini<\/em>); \n<strong>M\u0103 abandonez <\/strong>(\n<em>Daniela Saetta<\/em>); \n<strong>Secven\u021b\u0103 <\/strong>(\n<em>Don Livio Tacchini<\/em>); \n<strong>Coboar\u0103 Duhul Sf\u00e2nt<\/strong> (\n<em>Lucio Pio Moilnaro<\/em>); \n<strong>Duhul Domnului este peste mine<\/strong> (\n<em>Valter Ferrero<\/em>); \n<strong>Te iubesc \u0219i te fac s\u0103 iube\u0219ti<\/strong> (        <em>Daniela Saetta<\/em>); \n<strong>Spiritul iubirii <\/strong>(\n<em>Elena Yarrow Mezzetti<\/em>); \n<strong>C\u0103 eu te caut<\/strong> pe<strong>tine<\/strong> (\n<em>Daniela Saetta<\/em>); \n<strong>Infante Dio<\/strong> (\n<em>Don Livio Tacchini<\/em>); \n<strong>Magnificat<\/strong> (\n<em>Daniela Saetta<\/em>); <strong>Maranath\u00e0<\/strong> (<em><em>Daniela Saetta<\/em><\/em>); <strong>Call the Spirit<\/strong><em>(Daniela Saetta<\/em>).    <\/p>\n\n\n\n<div style=\"height:30px\" aria-hidden=\"true\" class=\"wp-block-spacer\"><\/div>\n\n\n\n<p>C\u00e2ntecele au fost interpretate de:<\/p>\n\n\n\n<p><strong>VOCI<\/strong>: <em>Valentina Bettelli<\/em>, <em>Elisa Calderini<\/em>, <em>Fra Diego Entali<\/em>, <em>Valter Ferrero<\/em>, <em>Gioia Fioriti<\/em>, <em>Guglielmo Fumi<\/em>, <em>Luca Mondanelli<\/em>, <em>Sarah Piccioni<\/em>, <em>Francesca<\/em> <em>Roscini, Gloria<\/em> <em>Roscini, Stefano Roscini<\/em>, <em>Daniela Saetta<\/em>, <em>Don Livio Tacchini<\/em>, <em>Silvia Vinti<\/em><br\/><strong>INSTRUMENTE<\/strong>: Pian: <em>Manuel Magrini<\/em>, <em>Michele Rossetti<\/em>.\nChitar\u0103: <em>Valter Ferrero<\/em>.\nBas: <em>Francesco Platoni<\/em>.\nTrompet\u0103: <em>Giampiero Magrini<\/em>   <br\/><strong>Aranjamente<\/strong>: <em>Alberto Brizzi<\/em><\/p>\n\n\n\n<div style=\"height:30px\" aria-hidden=\"true\" class=\"wp-block-spacer\"><\/div>\n\n\n\n<p>Acestea sunt mp3-urile melodiilor:<\/p>\n\n\n\n<div class=\"wp-block-columns is-layout-flex wp-container-core-columns-is-layout-9d6595d7 wp-block-columns-is-layout-flex\">\n<div class=\"wp-block-column is-layout-flow wp-block-column-is-layout-flow\">\n<figure class=\"wp-block-audio\"><audio controls=\"\" src=\"https:\/\/comunitamagnificat.org\/wp-content\/uploads\/2021\/04\/01-Plasmami.mp3\"><\/audio><figcaption><em>Plasmami<\/em><\/figcaption><\/figure>\n\n\n\n<figure class=\"wp-block-audio\"><audio controls=\"\" src=\"https:\/\/comunitamagnificat.org\/wp-content\/uploads\/2021\/04\/02-Vieni-Spirito-Creatore.mp3\"><\/audio><figcaption><em>Vino Spirit Creator<\/em><\/figcaption><\/figure>\n\n\n\n<figure class=\"wp-block-audio\"><audio controls=\"\" src=\"https:\/\/comunitamagnificat.org\/wp-content\/uploads\/2021\/04\/03-Santo-Santo-Spirito.mp3\"><\/audio><figcaption><em>Sf\u00e2nt, Duhul Sf\u00e2nt<\/em><\/figcaption><\/figure>\n\n\n\n<figure class=\"wp-block-audio\"><audio controls=\"\" src=\"https:\/\/comunitamagnificat.org\/wp-content\/uploads\/2021\/04\/04-Mi-abbandono.mp3\"><\/audio><figcaption><em>M\u0103 abandonez<\/em><\/figcaption><\/figure>\n\n\n\n<figure class=\"wp-block-audio\"><audio controls=\"\" src=\"https:\/\/comunitamagnificat.org\/wp-content\/uploads\/2021\/04\/05-Sequenza.mp3\"><\/audio><figcaption><em>Secven\u021b\u0103<\/em><\/figcaption><\/figure>\n\n\n\n<figure class=\"wp-block-audio\"><audio controls=\"\" src=\"https:\/\/comunitamagnificat.org\/wp-content\/uploads\/2021\/04\/06-Scendi-Spirito-Santo.mp3\"><\/audio><figcaption><em>Coboar\u0103 Duhul Sf\u00e2nt<\/em><\/figcaption><\/figure>\n\n\n\n<figure class=\"wp-block-audio\"><audio controls=\"\" src=\"https:\/\/comunitamagnificat.org\/wp-content\/uploads\/2021\/04\/07-Lo-Spirito-del-Signore-e-su-di-me.mp3\"><\/audio><figcaption><em>Duhul Domnului este peste mine<\/em><\/figcaption><\/figure>\n\n\n\n<figure class=\"wp-block-audio\"><audio controls=\"\" src=\"https:\/\/comunitamagnificat.org\/wp-content\/uploads\/2021\/04\/08-Amarti-e-farti-amare.mp3\"><\/audio><figcaption><em>S\u0103 te iubesc \u0219i s\u0103 fiu iubit<\/em><\/figcaption><\/figure>\n\n\n\n<figure class=\"wp-block-audio\"><audio controls=\"\" src=\"https:\/\/comunitamagnificat.org\/wp-content\/uploads\/2021\/04\/09-Spirito-damore.mp3\"><\/audio><figcaption><em>Spiritul iubirii<\/em><\/figcaption><\/figure>\n\n\n\n<figure class=\"wp-block-audio\"><audio controls=\"\" src=\"https:\/\/comunitamagnificat.org\/wp-content\/uploads\/2021\/04\/10-Che-io-ti-cerchi.mp3\"><\/audio><figcaption><em>C\u0103 te caut<\/em><\/figcaption><\/figure>\n\n\n\n<figure class=\"wp-block-audio\"><audio controls=\"\" src=\"https:\/\/comunitamagnificat.org\/wp-content\/uploads\/2021\/04\/11-Infante-Dio.mp3\"><\/audio><figcaption><em>Infante Dumnezeu<\/em><\/figcaption><\/figure>\n\n\n\n<figure class=\"wp-block-audio\"><audio controls=\"\" src=\"https:\/\/comunitamagnificat.org\/wp-content\/uploads\/2021\/04\/12-Magnificat.mp3\"><\/audio><figcaption><em>Magnificat<\/em><\/figcaption><\/figure>\n\n\n\n<figure class=\"wp-block-audio\"><audio controls=\"\" src=\"https:\/\/comunitamagnificat.org\/wp-content\/uploads\/2021\/04\/13-Maranatha.mp3\"><\/audio><figcaption><em>Maranath\u00e0<\/em><\/figcaption><\/figure>\n\n\n\n<figure class=\"wp-block-audio\"><audio controls=\"\" src=\"https:\/\/comunitamagnificat.org\/wp-content\/uploads\/2021\/04\/14-Chiama-lo-Spirito.mp3\"><\/audio><figcaption><em>Chemarea spiritului<\/em><\/figcaption><\/figure>\n<\/div>\n\n\n\n<div class=\"wp-block-column is-layout-flow wp-block-column-is-layout-flow\"><\/div>\n<\/div>\n\n\n\n<div style=\"height:30px\" aria-hidden=\"true\" class=\"wp-block-spacer\"><\/div>\n\n\n\n<p>Iat\u0103 un fragment video din aceast\u0103 colec\u021bie<\/p>\n\n\n\n<div style=\"height:30px\" aria-hidden=\"true\" class=\"wp-block-spacer\"><\/div>\n\n\n\n<div class=\"wp-block-columns is-layout-flex wp-container-core-columns-is-layout-9d6595d7 wp-block-columns-is-layout-flex\">\n<div class=\"wp-block-column is-layout-flow wp-block-column-is-layout-flow\">\n<figure class=\"wp-block-embed is-type-video is-provider-youtube wp-block-embed-youtube wp-embed-aspect-16-9 wp-has-aspect-ratio\"><div class=\"wp-block-embed__wrapper\"> \n<iframe loading=\"lazy\" title=\"Vieni Spirito Creatore\" width=\"500\" height=\"281\" src=\"https:\/\/www.youtube.com\/embed\/KLwBaiRYjfE?list=PLLnp9XgmlaS_rDD7LhN_CBwm-8dcQT3mF\" frameborder=\"0\" allow=\"accelerometer; autoplay; clipboard-write; encrypted-media; gyroscope; picture-in-picture; web-share\" referrerpolicy=\"strict-origin-when-cross-origin\" allowfullscreen><\/iframe>\n <\/div><\/figure>\n<\/div>\n\n\n\n<div class=\"wp-block-column is-layout-flow wp-block-column-is-layout-flow\"><\/div>\n<\/div>\n\n\n\n<div style=\"height:50px\" aria-hidden=\"true\" class=\"wp-block-spacer\"><\/div>\n\n\n\n<p><\/p>\n<\/div>\n<\/div>\n","protected":false},"excerpt":{"rendered":"<p>\u00cen 2011, aceast\u0103 colec\u021bie de c\u00e2ntece dedicate \u00een principal Duhului Sf\u00e2nt a v\u0103zut lumina zilei, cu 14 piese. Mai jos este lista c\u00e2ntecelor \u0219i a autorilor lor, to\u021bi membri ai Comunit\u0103\u021bii: Plasmami ( Daniela Saetta); Come Creator Spirit ( Alessandro Di Michele); Sfinte, Sfinte Duh ( Gloria Roscini); M\u0103 abandonez ( Daniela Saetta); Secven\u021b\u0103 ( [&hellip;]<\/p>\n","protected":false},"author":3,"featured_media":15926,"parent":19154,"menu_order":0,"comment_status":"closed","ping_status":"closed","template":"","meta":{"om_disable_all_campaigns":false,"_monsterinsights_skip_tracking":false,"_monsterinsights_sitenote_active":false,"_monsterinsights_sitenote_note":"","_monsterinsights_sitenote_category":0,"_uf_show_specific_survey":0,"_uf_disable_surveys":false,"footnotes":""},"class_list":["post-19145","page","type-page","status-publish","has-post-thumbnail","hentry"],"aioseo_notices":[],"_links":{"self":[{"href":"https:\/\/comunitamagnificat.org\/ro\/wp-json\/wp\/v2\/pages\/19145","targetHints":{"allow":["GET"]}}],"collection":[{"href":"https:\/\/comunitamagnificat.org\/ro\/wp-json\/wp\/v2\/pages"}],"about":[{"href":"https:\/\/comunitamagnificat.org\/ro\/wp-json\/wp\/v2\/types\/page"}],"author":[{"embeddable":true,"href":"https:\/\/comunitamagnificat.org\/ro\/wp-json\/wp\/v2\/users\/3"}],"replies":[{"embeddable":true,"href":"https:\/\/comunitamagnificat.org\/ro\/wp-json\/wp\/v2\/comments?post=19145"}],"version-history":[{"count":1,"href":"https:\/\/comunitamagnificat.org\/ro\/wp-json\/wp\/v2\/pages\/19145\/revisions"}],"predecessor-version":[{"id":19148,"href":"https:\/\/comunitamagnificat.org\/ro\/wp-json\/wp\/v2\/pages\/19145\/revisions\/19148"}],"up":[{"embeddable":true,"href":"https:\/\/comunitamagnificat.org\/ro\/wp-json\/wp\/v2\/pages\/19154"}],"wp:featuredmedia":[{"embeddable":true,"href":"https:\/\/comunitamagnificat.org\/ro\/wp-json\/wp\/v2\/media\/15926"}],"wp:attachment":[{"href":"https:\/\/comunitamagnificat.org\/ro\/wp-json\/wp\/v2\/media?parent=19145"}],"curies":[{"name":"wp","href":"https:\/\/api.w.org\/{rel}","templated":true}]}}