{"id":19154,"date":"2024-08-22T18:38:27","date_gmt":"2024-08-22T16:38:27","guid":{"rendered":"https:\/\/comunitamagnificat.org\/cantecele\/"},"modified":"2025-09-10T18:14:12","modified_gmt":"2025-09-10T16:14:12","slug":"cantecele","status":"publish","type":"page","link":"https:\/\/comunitamagnificat.org\/ro\/publicatii\/cantecele\/","title":{"rendered":"C\u00e2ntecele"},"content":{"rendered":"\n<div style=\"height:30px\" aria-hidden=\"true\" class=\"wp-block-spacer\"><\/div>\n\n<p>Produc\u021bia muzical\u0103 a Comunit\u0103\u021bii a fost foarte prolific\u0103 \u00eenc\u0103 din primii ani: c\u00e2ntece de laud\u0103, c\u00e2ntece de medita\u021bie, c\u00e2ntece biblice, s-au acumulat de-a lungul anilor pentru a forma un adev\u0103rat patrimoniu care este pus aici la dispozi\u021bia celor care doresc s\u0103 laude, s\u0103 se roage \u0219i s\u0103 mediteze prin intermediul lor.<\/p>\n\n<div style=\"height:30px\" aria-hidden=\"true\" class=\"wp-block-spacer\"><\/div>\n\n<p>P\u00e2n\u0103 \u00een prezent au existat cinci colec\u021bii (patru \u00een italian\u0103 \u0219i una \u00een turc\u0103), f\u0103c\u00e2nd clic pe titlu ve\u021bi ajunge la pagina relevant\u0103 unde ve\u021bi g\u0103si texte, materiale audio \u0219i video:<\/p>\n\n<div style=\"height:30px\" aria-hidden=\"true\" class=\"wp-block-spacer\"><\/div>\n\n<ul class=\"wp-block-list\"><li><strong><em><a href=\"https:\/\/comunitamagnificat.org\/ro\/publicatii\/cantecele\/inca-in-crestere\/\" data-type=\"page\" data-id=\"7914\">\u00cenc\u0103 \u00een cre\u0219tere<\/a><\/em><\/strong><\/li><li><strong><em><a href=\"https:\/\/comunitamagnificat.org\/ro\/publicatii\/cantecele\/cuvantul-tau-ma-incanta\/\" data-type=\"page\" data-id=\"7917\">Cuv\u00e2ntul t\u0103u m\u0103 \u00eenc\u00e2nt\u0103<\/a><\/em><\/strong><\/li><li><strong><em><a href=\"https:\/\/comunitamagnificat.org\/ro\/publicatii\/cantecele\/vino-spirit-creator\/\" data-type=\"page\" data-id=\"7919\">Vino Spirit Creator<\/a><\/em><\/strong><\/li><li><strong><em><a href=\"https:\/\/comunitamagnificat.org\/ro\/publicatii\/cantecele\/visul-lui-dumnezeu\/\" data-type=\"page\" data-id=\"7921\">Visul lui Dumnezeu<\/a><\/em><\/strong><\/li><li><em><strong><a href=\"https:\/\/comunitamagnificat.org\/ro\/publicatii\/cantecele\/kalbim-seninle\/\" data-type=\"page\" data-id=\"7923\">Kalbim seninle<\/a><\/strong><\/em><\/li><\/ul>\n\n<div style=\"height:30px\" aria-hidden=\"true\" class=\"wp-block-spacer\"><\/div>\n\n<p>Exist\u0103, de asemenea, o serie de c\u00e2ntece produse \u0219i &#8222;folosite&#8221; \u00een rug\u0103ciune de c\u0103tre comunitate, care nu au fost \u00eenc\u0103 publicate pe un CD sau \u00een orice alt\u0103 form\u0103. Textele acestora sunt de asemenea prezentate pe o pagin\u0103 separat\u0103. <\/p>\n\n<div style=\"height:30px\" aria-hidden=\"true\" class=\"wp-block-spacer\"><\/div>\n\n<ul class=\"wp-block-list\"><li><strong><em><a href=\"https:\/\/comunitamagnificat.org\/ro\/publicatii\/cantecele\/diverse-cantece\/\" data-type=\"page\" data-id=\"7927\">Diverse c\u00e2ntece<\/a><\/em><\/strong><\/li><\/ul>\n\n<div style=\"height:50px\" aria-hidden=\"true\" class=\"wp-block-spacer\"><\/div>\n\n<div style=\"height:30px\" aria-hidden=\"true\" class=\"wp-block-spacer\"><\/div>\n","protected":false},"excerpt":{"rendered":"<p>Produc\u021bia muzical\u0103 a Comunit\u0103\u021bii a fost foarte prolific\u0103 \u00eenc\u0103 din primii ani: c\u00e2ntece de laud\u0103, c\u00e2ntece de medita\u021bie, c\u00e2ntece biblice, s-au acumulat de-a lungul anilor pentru a forma un adev\u0103rat patrimoniu care este pus aici la dispozi\u021bia celor care doresc s\u0103 laude, s\u0103 se roage \u0219i s\u0103 mediteze prin intermediul lor. P\u00e2n\u0103 \u00een prezent au [&hellip;]<\/p>\n","protected":false},"author":3,"featured_media":15598,"parent":20595,"menu_order":0,"comment_status":"closed","ping_status":"closed","template":"","meta":{"om_disable_all_campaigns":false,"_monsterinsights_skip_tracking":false,"_monsterinsights_sitenote_active":false,"_monsterinsights_sitenote_note":"","_monsterinsights_sitenote_category":0,"_uf_show_specific_survey":0,"_uf_disable_surveys":false,"footnotes":""},"class_list":["post-19154","page","type-page","status-publish","has-post-thumbnail","hentry"],"aioseo_notices":[],"_links":{"self":[{"href":"https:\/\/comunitamagnificat.org\/ro\/wp-json\/wp\/v2\/pages\/19154","targetHints":{"allow":["GET"]}}],"collection":[{"href":"https:\/\/comunitamagnificat.org\/ro\/wp-json\/wp\/v2\/pages"}],"about":[{"href":"https:\/\/comunitamagnificat.org\/ro\/wp-json\/wp\/v2\/types\/page"}],"author":[{"embeddable":true,"href":"https:\/\/comunitamagnificat.org\/ro\/wp-json\/wp\/v2\/users\/3"}],"replies":[{"embeddable":true,"href":"https:\/\/comunitamagnificat.org\/ro\/wp-json\/wp\/v2\/comments?post=19154"}],"version-history":[{"count":2,"href":"https:\/\/comunitamagnificat.org\/ro\/wp-json\/wp\/v2\/pages\/19154\/revisions"}],"predecessor-version":[{"id":24926,"href":"https:\/\/comunitamagnificat.org\/ro\/wp-json\/wp\/v2\/pages\/19154\/revisions\/24926"}],"up":[{"embeddable":true,"href":"https:\/\/comunitamagnificat.org\/ro\/wp-json\/wp\/v2\/pages\/20595"}],"wp:featuredmedia":[{"embeddable":true,"href":"https:\/\/comunitamagnificat.org\/ro\/wp-json\/wp\/v2\/media\/15598"}],"wp:attachment":[{"href":"https:\/\/comunitamagnificat.org\/ro\/wp-json\/wp\/v2\/media?parent=19154"}],"curies":[{"name":"wp","href":"https:\/\/api.w.org\/{rel}","templated":true}]}}