{"id":19159,"date":"2024-08-22T18:38:39","date_gmt":"2024-08-22T16:38:39","guid":{"rendered":"https:\/\/comunitamagnificat.org\/cantecele\/inca-in-crestere\/"},"modified":"2025-09-10T18:15:56","modified_gmt":"2025-09-10T16:15:56","slug":"inca-in-crestere","status":"publish","type":"page","link":"https:\/\/comunitamagnificat.org\/ro\/publicatii\/cantecele\/inca-in-crestere\/","title":{"rendered":"\u00cenc\u0103 \u00een cre\u0219tere"},"content":{"rendered":"\n<div style=\"height:30px\" aria-hidden=\"true\" class=\"wp-block-spacer\"><\/div>\n\n<div class=\"wp-block-columns is-layout-flex wp-container-core-columns-is-layout-9d6595d7 wp-block-columns-is-layout-flex\">\n<div class=\"wp-block-column is-layout-flow wp-block-column-is-layout-flow\"><\/div>\n\n\n\n<div class=\"wp-block-column is-layout-flow wp-block-column-is-layout-flow\"><div class=\"wp-block-image\">\n<figure class=\"aligncenter size-large\"><picture data-lightbox=\"https:\/\/comunitamagnificat.org\/wp-content\/uploads\/2025\/09\/Ancora-risorge-copertina.jpg\"><source type='image\/jpeg' srcset='https:\/\/comunitamagnificat.org\/wp-content\/uploads\/2025\/09\/Ancora-risorge-copertina.jpg 1409w, https:\/\/comunitamagnificat.org\/wp-content\/uploads\/2025\/09\/Ancora-risorge-copertina-300x300.jpg 300w, https:\/\/comunitamagnificat.org\/wp-content\/uploads\/2025\/09\/Ancora-risorge-copertina-1022x1024.jpg 1022w, https:\/\/comunitamagnificat.org\/wp-content\/uploads\/2025\/09\/Ancora-risorge-copertina-150x150.jpg 150w, https:\/\/comunitamagnificat.org\/wp-content\/uploads\/2025\/09\/Ancora-risorge-copertina-768x770.jpg 768w' sizes='(max-width: 1409px) 100vw, 1409px' \/><img loading=\"lazy\" decoding=\"async\" width=\"1022\" height=\"1024\" src=\"https:\/\/comunitamagnificat.org\/wp-content\/uploads\/2025\/09\/Ancora-risorge-copertina-1022x1024.jpg\" alt=\"\" class=\"wp-image-24916\"\/><\/picture><\/figure>\n<\/div><\/div>\n\n\n\n<div class=\"wp-block-column is-layout-flow wp-block-column-is-layout-flow\"><\/div>\n<\/div>\n\n<div style=\"height:30px\" aria-hidden=\"true\" class=\"wp-block-spacer\"><\/div>\n\n<p>Aceast\u0103 colec\u021bie a fost prima care a fost &#8222;produs\u0103&#8221; profesional de Comunitatea Magnificat \u00een 1992 pe CD \u0219i reeditat\u0103 \u00een 2009.<\/p>\n\n<div style=\"height:30px\" aria-hidden=\"true\" class=\"wp-block-spacer\"><\/div>\n\n<p>Acesta con\u021bine 11 pasaje, fiecare introdus de un pasaj din Scriptur\u0103 sau din scrierile Sf\u00e2ntului Augustin, primul citit de Don Giuseppe Gioia \u0219i al doilea de Susanna Bettelli.<\/p>\n\n<div style=\"height:30px\" aria-hidden=\"true\" class=\"wp-block-spacer\"><\/div>\n\n<p>Urm\u0103toarea este o list\u0103 a c\u00e2ntecelor \u0219i a autorilor acestora, to\u021bi membri ai Comunit\u0103\u021bii: <strong>THE GOLD SEARCHER<\/strong> ( <em>Raffaella Lisi<\/em>); <strong>ONLY GOD REMAINS <\/strong>( <em>Claudia Giottoli<\/em>); <strong>RAISE UP ANCIENT DOORS <\/strong>( <em>Raffaella Lisi<\/em>); <strong>THE SICK SERVANT <\/strong>( <em>Claudia Giottoli<\/em>); <strong>PRAISE IN THE LORD <\/strong>( <em>Daniela Saetta<\/em>); <strong>WHY I LOVE YOU <\/strong>( <em>Valter Ferrero<\/em>); <strong>SPLEND <\/strong>( <em>Leandro Boi<\/em>); <strong>COME COME LIVE WATER <\/strong>(        <em>Claudia Giottoli<\/em>); <strong>THE LIVING <\/strong> <em>(Daniela Saetta<\/em>); <strong>CHRIST IS REALLY RISEN <\/strong><em>(Claudia Giottoli<\/em>); <strong>LIVE THE LORD <\/strong><em>(Raffaella Lisi<\/em>). <\/p>\n\n<div style=\"height:30px\" aria-hidden=\"true\" class=\"wp-block-spacer\"><\/div>\n\n<p>\u00cen \u00eenregistr\u0103ri, c\u00e2ntecele au fost interpretate de:  <\/p>\n\n<p><strong>VOCI:<\/strong> <em>Valentina Bettelli<\/em>, <em>Leandro Boi<\/em>, <em>Paolo Castellani<\/em>, <em>Claudia Giottoli<\/em>, <em>Guglielmo Fumi<\/em>, <em>Andrea Pieroni<\/em>, <em>Daniela Saetta<\/em>, <em>Moreno Tini<\/em>.<br\/><strong>INSTRUMENTE:<\/strong> Chitare: <em>Valter Ferrero<\/em>. Flaut: <em>Claudia Giottoli<\/em>. Pian \u0219i clape: <em>Raffaella Lisi<\/em>. Vioar\u0103: <em>Paolo Castellani<\/em>   <br\/><strong>Aranjamente \u0219i scriere vocal\u0103<\/strong>: <em>Comunitatea Magnificat<\/em><\/p>\n\n<div style=\"height:30px\" aria-hidden=\"true\" class=\"wp-block-spacer\"><\/div>\n\n<p>Acestea sunt mp3-urile melodiilor:<\/p>\n\n<div class=\"wp-block-columns is-layout-flex wp-container-core-columns-is-layout-9d6595d7 wp-block-columns-is-layout-flex\">\n<div class=\"wp-block-column is-layout-flow wp-block-column-is-layout-flow\" style=\"flex-basis:50%\">\n<figure class=\"wp-block-audio\"><audio controls=\"\" src=\"https:\/\/comunitamagnificat.org\/wp-content\/uploads\/2021\/04\/01-Il-cercatore-doro.mp3\"><\/audio><figcaption class=\"wp-element-caption\"><em>Prospectorul<\/em><\/figcaption><\/figure>\n\n\n\n<figure class=\"wp-block-audio\"><audio controls=\"\" src=\"https:\/\/comunitamagnificat.org\/wp-content\/uploads\/2021\/04\/02-Solo-Dio-resta.mp3\"><\/audio><figcaption class=\"wp-element-caption\"><em>Doar Dumnezeu r\u0103m\u00e2ne<\/em><\/figcaption><\/figure>\n\n\n\n<figure class=\"wp-block-audio\"><audio controls=\"\" src=\"https:\/\/comunitamagnificat.org\/wp-content\/uploads\/2021\/04\/03-Alzatevi-porte-antiche.mp3\"><\/audio><figcaption class=\"wp-element-caption\"><em>Ridica\u021bi u\u0219ile vechi<\/em><\/figcaption><\/figure>\n\n\n\n<figure class=\"wp-block-audio\"><audio controls=\"\" src=\"https:\/\/comunitamagnificat.org\/wp-content\/uploads\/2021\/04\/04-Il-servo-sofferente.mp3\"><\/audio><figcaption class=\"wp-element-caption\"><em>Slujitorul suferind<\/em><\/figcaption><\/figure>\n\n\n\n<figure class=\"wp-block-audio\"><audio controls=\"\" src=\"https:\/\/comunitamagnificat.org\/wp-content\/uploads\/2021\/04\/05-Spera-nel-Signore.mp3\"><\/audio><figcaption class=\"wp-element-caption\"><em>Speran\u021b\u0103 \u00een Domnul<\/em><\/figcaption><\/figure>\n\n\n\n<figure class=\"wp-block-audio\"><audio controls=\"\" src=\"https:\/\/comunitamagnificat.org\/wp-content\/uploads\/2021\/04\/06-Perche-io-tamo.mp3\"><\/audio><figcaption class=\"wp-element-caption\"><em>Pentru c\u0103 te iubesc<\/em><\/figcaption><\/figure>\n\n\n\n<figure class=\"wp-block-audio\"><audio controls=\"\" src=\"https:\/\/comunitamagnificat.org\/wp-content\/uploads\/2021\/04\/07-Splendi.mp3\"><\/audio><figcaption class=\"wp-element-caption\"><em>Str\u0103lucire<\/em><\/figcaption><\/figure>\n\n\n\n<figure class=\"wp-block-audio\"><audio controls=\"\" src=\"https:\/\/comunitamagnificat.org\/wp-content\/uploads\/2021\/04\/08-Vieni-acqua-viva.mp3\"><\/audio><figcaption class=\"wp-element-caption\"><em>Vino ap\u0103 vie<\/em><\/figcaption><\/figure>\n\n\n\n<figure class=\"wp-block-audio\"><audio controls=\"\" src=\"https:\/\/comunitamagnificat.org\/wp-content\/uploads\/2021\/04\/09-Il-vivente.mp3\"><\/audio><figcaption class=\"wp-element-caption\"><em>Via\u021ba<\/em><\/figcaption><\/figure>\n\n\n\n<figure class=\"wp-block-audio\"><audio controls=\"\" src=\"https:\/\/comunitamagnificat.org\/wp-content\/uploads\/2021\/04\/10-Cristo-e-risorto-veramente.mp3\"><\/audio><figcaption class=\"wp-element-caption\"><em>Hristos a \u00eenviat cu adev\u0103rat<\/em><\/figcaption><\/figure>\n\n\n\n<figure class=\"wp-block-audio\"><audio controls=\"\" src=\"https:\/\/comunitamagnificat.org\/wp-content\/uploads\/2021\/04\/11-Viva-il-Singore.mp3\"><\/audio><figcaption class=\"wp-element-caption\"><em>Tr\u0103iasc\u0103 Domnul<\/em><\/figcaption><\/figure>\n<\/div>\n<\/div>\n\n<div style=\"height:30px\" aria-hidden=\"true\" class=\"wp-block-spacer\"><\/div>\n\n<div class=\"wp-block-columns is-layout-flex wp-container-core-columns-is-layout-9d6595d7 wp-block-columns-is-layout-flex\">\n<div class=\"wp-block-column is-layout-flow wp-block-column-is-layout-flow\" style=\"flex-basis:100%\">\n<p>Textele \u0219i acordurile tuturor melodiilor din colec\u021bie pot fi desc\u0103rcate de aici.<\/p>\n<\/div>\n<\/div>\n\n<div class=\"wp-block-columns is-layout-flex wp-container-core-columns-is-layout-9d6595d7 wp-block-columns-is-layout-flex\">\n<div class=\"wp-block-column is-layout-flow wp-block-column-is-layout-flow\" style=\"flex-basis:100%\">\n<div class=\"wp-block-file\"><a href=\"https:\/\/comunitamagnificat.org\/wp-content\/uploads\/2021\/04\/testi-e-accordi-CD-ANCORA-RISORGE.pdf\"><strong><em>Versuri \u0219i acorduri ale CD-ului Ancora risorge<\/em><\/strong><\/a><a href=\"https:\/\/comunitamagnificat.org\/wp-content\/uploads\/2021\/04\/testi-e-accordi-CD-ANCORA-RISORGE.pdf\" class=\"wp-block-file__button wp-element-button\" download=\"\">Desc\u0103rcare<\/a><\/div>\n<\/div>\n<\/div>\n\n<div style=\"height:30px\" aria-hidden=\"true\" class=\"wp-block-spacer\"><\/div>\n\n<div class=\"wp-block-columns is-layout-flex wp-container-core-columns-is-layout-9d6595d7 wp-block-columns-is-layout-flex\">\n<div class=\"wp-block-column is-layout-flow wp-block-column-is-layout-flow\">\n<p><em>Bro\u0219ura <\/em>CD-ului publicat\u0103 \u00een 2009 poate fi desc\u0103rcat\u0103 de aici.<\/p>\n<\/div>\n<\/div>\n\n<div class=\"wp-block-columns is-layout-flex wp-container-core-columns-is-layout-9d6595d7 wp-block-columns-is-layout-flex\">\n<div class=\"wp-block-column is-layout-flow wp-block-column-is-layout-flow\" style=\"flex-basis:100%\">\n<div class=\"wp-block-file\"><a href=\"https:\/\/comunitamagnificat.org\/wp-content\/uploads\/2021\/04\/Booklet-Ancora-risorge.pdf\"><em><strong>Bro\u0219ur\u0103 Still Rising<\/strong><\/em><\/a><a href=\"https:\/\/comunitamagnificat.org\/wp-content\/uploads\/2021\/04\/Booklet-Ancora-risorge.pdf\" class=\"wp-block-file__button wp-element-button\" download=\"\">Desc\u0103rcare<\/a><\/div>\n<\/div>\n<\/div>\n\n<div style=\"height:50px\" aria-hidden=\"true\" class=\"wp-block-spacer\"><\/div>\n","protected":false},"excerpt":{"rendered":"<p>Aceast\u0103 colec\u021bie a fost prima care a fost &#8222;produs\u0103&#8221; profesional de Comunitatea Magnificat \u00een 1992 pe CD \u0219i reeditat\u0103 \u00een 2009. Acesta con\u021bine 11 pasaje, fiecare introdus de un pasaj din Scriptur\u0103 sau din scrierile Sf\u00e2ntului Augustin, primul citit de Don Giuseppe Gioia \u0219i al doilea de Susanna Bettelli. Urm\u0103toarea este o list\u0103 a c\u00e2ntecelor [&hellip;]<\/p>\n","protected":false},"author":3,"featured_media":15794,"parent":19154,"menu_order":0,"comment_status":"closed","ping_status":"closed","template":"","meta":{"om_disable_all_campaigns":false,"_monsterinsights_skip_tracking":false,"_monsterinsights_sitenote_active":false,"_monsterinsights_sitenote_note":"","_monsterinsights_sitenote_category":0,"_uf_show_specific_survey":0,"_uf_disable_surveys":false,"footnotes":""},"class_list":["post-19159","page","type-page","status-publish","has-post-thumbnail","hentry"],"aioseo_notices":[],"_links":{"self":[{"href":"https:\/\/comunitamagnificat.org\/ro\/wp-json\/wp\/v2\/pages\/19159","targetHints":{"allow":["GET"]}}],"collection":[{"href":"https:\/\/comunitamagnificat.org\/ro\/wp-json\/wp\/v2\/pages"}],"about":[{"href":"https:\/\/comunitamagnificat.org\/ro\/wp-json\/wp\/v2\/types\/page"}],"author":[{"embeddable":true,"href":"https:\/\/comunitamagnificat.org\/ro\/wp-json\/wp\/v2\/users\/3"}],"replies":[{"embeddable":true,"href":"https:\/\/comunitamagnificat.org\/ro\/wp-json\/wp\/v2\/comments?post=19159"}],"version-history":[{"count":2,"href":"https:\/\/comunitamagnificat.org\/ro\/wp-json\/wp\/v2\/pages\/19159\/revisions"}],"predecessor-version":[{"id":24938,"href":"https:\/\/comunitamagnificat.org\/ro\/wp-json\/wp\/v2\/pages\/19159\/revisions\/24938"}],"up":[{"embeddable":true,"href":"https:\/\/comunitamagnificat.org\/ro\/wp-json\/wp\/v2\/pages\/19154"}],"wp:featuredmedia":[{"embeddable":true,"href":"https:\/\/comunitamagnificat.org\/ro\/wp-json\/wp\/v2\/media\/15794"}],"wp:attachment":[{"href":"https:\/\/comunitamagnificat.org\/ro\/wp-json\/wp\/v2\/media?parent=19159"}],"curies":[{"name":"wp","href":"https:\/\/api.w.org\/{rel}","templated":true}]}}