{"id":19191,"date":"2024-08-23T00:42:29","date_gmt":"2024-08-22T22:42:29","guid":{"rendered":"https:\/\/comunitamagnificat.org\/comunitate\/"},"modified":"2024-10-05T19:34:22","modified_gmt":"2024-10-05T17:34:22","slug":"comunitate","status":"publish","type":"page","link":"https:\/\/comunitamagnificat.org\/ro\/comunitate\/","title":{"rendered":"Comunitate"},"content":{"rendered":"\n<div style=\"height:30px\" aria-hidden=\"true\" class=\"wp-block-spacer\"><\/div>\n\n<blockquote class=\"wp-block-quote is-layout-flow wp-block-quote-is-layout-flow\">\n<p><em><strong>Ei erau st\u0103ruitori<\/strong> <strong>\u00een \u00eenv\u0103\u021b\u0103tura apostolilor<\/strong> <strong>\u0219i \u00een comuniunea [fratern\u0103], la fr\u00e2ngerea p\u00e2inii<\/strong> <strong>\u0219i la rug\u0103ciune.<\/strong><br\/><strong>\u0218i to\u021bi erau cuprin\u0219i de team\u0103:<\/strong><\/em><br\/><strong><em>multe minuni \u0219i semne<\/em><\/strong> <strong><em>se \u00eenf\u0103ptuiau prin apostoli.<\/em><\/strong><br\/><strong><em>To\u021bi cei care credeau erau \u00een acela\u0219i loc<\/em><\/strong> <strong><em>\u0219i aveau toate \u00een comun:<\/em><\/strong> <strong><em>\u00ee\u0219i vindeau propriet\u0103\u021bile \u0219i bunurile<\/em><\/strong> <strong><em>\u0219i le \u00eemp\u0103r\u021beau tuturor,<\/em><\/strong> <strong><em>dup\u0103 cum avea nevoie fiecare.<\/em><\/strong><br\/><strong><em>\u0218i \u00een fiecare zi<\/em><\/strong> <strong><em>st\u0103ruiau \u00eempreun\u0103 \u00een templu,<\/em><\/strong> <strong><em>fr\u00e2ngeau p\u00e2inea \u00een casele [lor]<\/em><\/strong> <strong><em>\u0219i primeau hrana cu bucurie<\/em><\/strong> <strong><em>\u0219i cu inim\u0103<\/em><\/strong> <strong><em>curat\u0103. \u00cel l\u0103udau pe Dumnezeu \u0219i aveau trecere \u00een fata \u00eentregului popor.<\/em><\/strong><br\/><strong><em>Iar Domnul ad\u0103uga zi<\/em><\/strong> <strong><em>de zi la grupul lor<\/em><\/strong> <strong><em>pe cei care aveau s\u0103 se m\u00e2ntuiasc\u0103<\/em><\/strong><\/p>\n<cite><em>Faptele Apostolilor<\/em> 2, 42-47<\/cite><\/blockquote>\n\n<div style=\"height:30px\" aria-hidden=\"true\" class=\"wp-block-spacer\"><\/div>\n\n<p>La baza \u00eentregii construc\u021bii comunitare se afl\u0103 \u00een dou\u0103 cuvinte: \u201e\u2026 <em>erau \u00eempreun\u0103<\/em>\u2026\u201d, dup\u0103 cum relateaz\u0103 Faptele Apostolilor. Prima comunitate cre\u0219tin\u0103 descris\u0103 acolo este modelul spre care prive\u0219te Comunitatea Magnificat pentru a se forma, urm\u00e2nd ac\u021biunea Duhului Sf\u00e2nt care lucreaz\u0103 \u00een inima fiec\u0103rei persoane \u0219i \u00een \u00eentregul trup. <\/p>\n\n<div style=\"height:30px\" aria-hidden=\"true\" class=\"wp-block-spacer\"><\/div>\n\n<p>Aceast\u0103 fraternitate practic\u0103, \u00eempletit\u0103 din rug\u0103ciunea comun\u0103, \u00eemp\u0103rt\u0103\u0219irea vie\u021bii \u0219i a drumului spiritual, din lucrarea pentru \u00cemp\u0103r\u0103\u021bia lui Dumnezeu, este modelul fraternit\u0103\u021bilor care alc\u0103tuiesc Comunitatea.<\/p>\n\n<div style=\"height:30px\" aria-hidden=\"true\" class=\"wp-block-spacer\"><\/div>\n\n<p>Alia\u021bii se \u00eengrijesc unii de al\u021bii, tr\u0103ind \u00een supunere reciproc\u0103. Iar Alian\u021ba p\u0103ze\u0219te via\u021ba trupului Comunit\u0103\u021bii. <\/p>\n\n<div style=\"height:50px\" aria-hidden=\"true\" class=\"wp-block-spacer\"><\/div>\n\n<div style=\"height:30px\" aria-hidden=\"true\" class=\"wp-block-spacer\"><\/div>\n","protected":false},"excerpt":{"rendered":"<p>Ei erau st\u0103ruitori \u00een \u00eenv\u0103\u021b\u0103tura apostolilor \u0219i \u00een comuniunea [fratern\u0103], la fr\u00e2ngerea p\u00e2inii \u0219i la rug\u0103ciune.\u0218i to\u021bi erau cuprin\u0219i de team\u0103:multe minuni \u0219i semne se \u00eenf\u0103ptuiau prin apostoli.To\u021bi cei care credeau erau \u00een acela\u0219i loc \u0219i aveau toate \u00een comun: \u00ee\u0219i vindeau propriet\u0103\u021bile \u0219i bunurile \u0219i le \u00eemp\u0103r\u021beau tuturor, dup\u0103 cum avea nevoie fiecare.\u0218i \u00een [&hellip;]<\/p>\n","protected":false},"author":3,"featured_media":10874,"parent":0,"menu_order":0,"comment_status":"closed","ping_status":"closed","template":"","meta":{"om_disable_all_campaigns":false,"_monsterinsights_skip_tracking":false,"_monsterinsights_sitenote_active":false,"_monsterinsights_sitenote_note":"","_monsterinsights_sitenote_category":0,"_uf_show_specific_survey":0,"_uf_disable_surveys":false,"footnotes":""},"class_list":["post-19191","page","type-page","status-publish","has-post-thumbnail","hentry"],"aioseo_notices":[],"_links":{"self":[{"href":"https:\/\/comunitamagnificat.org\/ro\/wp-json\/wp\/v2\/pages\/19191","targetHints":{"allow":["GET"]}}],"collection":[{"href":"https:\/\/comunitamagnificat.org\/ro\/wp-json\/wp\/v2\/pages"}],"about":[{"href":"https:\/\/comunitamagnificat.org\/ro\/wp-json\/wp\/v2\/types\/page"}],"author":[{"embeddable":true,"href":"https:\/\/comunitamagnificat.org\/ro\/wp-json\/wp\/v2\/users\/3"}],"replies":[{"embeddable":true,"href":"https:\/\/comunitamagnificat.org\/ro\/wp-json\/wp\/v2\/comments?post=19191"}],"version-history":[{"count":4,"href":"https:\/\/comunitamagnificat.org\/ro\/wp-json\/wp\/v2\/pages\/19191\/revisions"}],"predecessor-version":[{"id":21378,"href":"https:\/\/comunitamagnificat.org\/ro\/wp-json\/wp\/v2\/pages\/19191\/revisions\/21378"}],"wp:featuredmedia":[{"embeddable":true,"href":"https:\/\/comunitamagnificat.org\/ro\/wp-json\/wp\/v2\/media\/10874"}],"wp:attachment":[{"href":"https:\/\/comunitamagnificat.org\/ro\/wp-json\/wp\/v2\/media?parent=19191"}],"curies":[{"name":"wp","href":"https:\/\/api.w.org\/{rel}","templated":true}]}}