{"id":19201,"date":"2024-08-23T00:42:45","date_gmt":"2024-08-22T22:42:45","guid":{"rendered":"https:\/\/comunitamagnificat.org\/adoratie-euharistica\/"},"modified":"2025-01-22T17:33:04","modified_gmt":"2025-01-22T16:33:04","slug":"adoratie-euharistica","status":"publish","type":"page","link":"https:\/\/comunitamagnificat.org\/ro\/adoratie-euharistica\/","title":{"rendered":"Adora\u021bie euharistic\u0103"},"content":{"rendered":"\n<div style=\"height:30px\" aria-hidden=\"true\" class=\"wp-block-spacer\"><\/div>\n\n<blockquote class=\"wp-block-quote is-layout-flow wp-block-quote-is-layout-flow\">\n<p><em><strong><br\/>C\u0103uta\u021bi pe Domnul \u0219i puterea Lui, c\u0103uta\u021bi mereu fa\u021ba Lui<\/strong><\/em><\/p>\n<cite>[104]Psalmi 105, 4<\/cite><\/blockquote>\n\n<div style=\"height:30px\" aria-hidden=\"true\" class=\"wp-block-spacer\"><\/div>\n\n<p>C\u00e2nd Tarcisio a primit profe\u021bia &#8222;<strong><em><a href=\"https:\/\/comunitamagnificat.org\/ro\/cu-isus-pe-isus-construim\/\" target=\"_blank\" rel=\"noopener\" title=\"\">Cu Isus, pe Isus, construi\u021bi!<\/a><\/em><\/strong>&#8222;, \u00eentregul context era evident euharistic: biserica, altarul de marmur\u0103 alb\u0103, potirul cu vin \u0219i ostia&#8230;<\/p>\n\n<div style=\"height:30px\" aria-hidden=\"true\" class=\"wp-block-spacer\"><\/div>\n\n<p>Prin urmare, <em>adora\u021bia euharistic\u0103<\/em> este izvorul continuu din care Comunitatea \u00ee\u0219i potole\u0219te setea: din ea \u00ee\u0219i extrage for\u021ba pentru evanghelizare, pentru fiecare ac\u021biune ministerial\u0103, pentru \u00eendrumarea spiritual\u0103.<\/p>\n\n<div style=\"height:30px\" aria-hidden=\"true\" class=\"wp-block-spacer\"><\/div>\n\n<p>Adora\u021bia euharistic\u0103 \u2013 tr\u0103it\u0103 s\u0103pt\u0103m\u00e2nal de fiecare aliat \u2013 ajut\u0103 fiecare frate \u0219i sor\u0103 s\u0103 intre \u00eentr-o rela\u021bie din ce \u00een ce mai intim\u0103 \u0219i mai profund\u0103 cu Domnul, aleg\u00e2nd \u201e<em>partea cea mai bun\u0103<\/em>\u201d (<em>Luca<\/em> 10, 42), st\u00e2nd la picioarele Maestrului pentru a-l asculta, umpl\u00e2ndu-\u0219i ochii cu imaginea chipului S\u0103u, iar apoi <em>cobor\u00e2nd de pe munte<\/em>, sigur c\u0103 poart\u0103 ceva din splendoarea contemplat\u0103 pe chipul s\u0103u.<\/p>\n\n<div style=\"height:30px\" aria-hidden=\"true\" class=\"wp-block-spacer\"><\/div>\n\n<p>\u00cen timpul \u00cent\u00e2lnirii Interna\u021bionale din 2005, Comunit\u0103\u021bii i-a fost transmis \u00eentr-o \u00eenv\u0103\u021b\u0103tura c\u0103 un vas care nu este umplut cu ap\u0103, atunci c\u00e2nd cineva se apropie de el pentru a-\u0219i potoli setea, nu poate dec\u00e2t s\u0103 se ofere pe sine celui \u00eensetat\u2026 Pentru a oferi ceva oricum, va \u00eencerca s\u0103 ofere buc\u0103\u021bi din sine, \u00een loc de ap\u0103: cioburi ascu\u021bite care produc r\u0103ni \u0219i moarte \u00een loc de via\u021b\u0103. <\/p>\n\n<div style=\"height:30px\" aria-hidden=\"true\" class=\"wp-block-spacer\"><\/div>\n\n<p>Prin urmare, Comunitatea este con\u0219tient\u0103 de faptul c\u0103 doar r\u0103m\u00e2n\u00e2nd cu Isus, baz\u00e2ndu-se doar pe harul S\u0103u, va putea oferi<em>&#8222;ap\u0103 vie<\/em>&#8221; (Ioan 4:10; 7:38) tuturor celor pe care \u00eei \u00eent\u00e2lne\u0219te.<\/p>\n\n<div style=\"height:30px\" aria-hidden=\"true\" class=\"wp-block-spacer\"><\/div>\n\n<p>Exist\u0103 dou\u0103 locuri istorice unde adora\u021bia euharistic\u0103 este tr\u0103it\u0103 permanent de comunitatea din Perugia: San Manno \u0219i Madonna della Luce.<\/p>\n\n<div style=\"height:30px\" aria-hidden=\"true\" class=\"wp-block-spacer\"><\/div>\n\n<div class=\"wp-block-columns is-layout-flex wp-container-core-columns-is-layout-9d6595d7 wp-block-columns-is-layout-flex\">\n<div class=\"wp-block-column is-layout-flow wp-block-column-is-layout-flow\" style=\"flex-basis:48%\">\n<figure class=\"wp-block-image size-large\"><picture data-lightbox=\"https:\/\/comunitamagnificat.org\/wp-content\/uploads\/2021\/04\/Chiesa-di-San-Manno-scaled.jpg\"><source type='image\/jpeg' srcset='https:\/\/comunitamagnificat.org\/wp-content\/uploads\/2021\/04\/Chiesa-di-San-Manno-scaled.jpg 2560w, https:\/\/comunitamagnificat.org\/wp-content\/uploads\/2021\/04\/Chiesa-di-San-Manno-300x218.jpg 300w, https:\/\/comunitamagnificat.org\/wp-content\/uploads\/2021\/04\/Chiesa-di-San-Manno-1024x745.jpg 1024w, https:\/\/comunitamagnificat.org\/wp-content\/uploads\/2021\/04\/Chiesa-di-San-Manno-768x559.jpg 768w, https:\/\/comunitamagnificat.org\/wp-content\/uploads\/2021\/04\/Chiesa-di-San-Manno-1536x1118.jpg 1536w, https:\/\/comunitamagnificat.org\/wp-content\/uploads\/2021\/04\/Chiesa-di-San-Manno-2048x1490.jpg 2048w' sizes='(max-width: 2560px) 100vw, 2560px' \/><img loading=\"lazy\" decoding=\"async\" width=\"1024\" height=\"745\" src=\"https:\/\/comunitamagnificat.org\/wp-content\/uploads\/2021\/04\/Chiesa-di-San-Manno-1024x745.jpg\" alt=\"\" class=\"wp-image-621\"\/><\/picture><figcaption class=\"wp-element-caption\">Fa\u021bada Bisericii San Manno<\/figcaption><\/figure>\n<\/div>\n\n\n\n<div class=\"wp-block-column is-layout-flow wp-block-column-is-layout-flow\"><\/div>\n\n\n\n<div class=\"wp-block-column is-layout-flow wp-block-column-is-layout-flow\" style=\"flex-basis:23%\">\n<figure class=\"wp-block-image size-large\"><picture data-lightbox=\"https:\/\/comunitamagnificat.org\/wp-content\/uploads\/2021\/04\/Madonna-della-Luce-2-scaled.jpg\"><source type='image\/jpeg' srcset='https:\/\/comunitamagnificat.org\/wp-content\/uploads\/2021\/04\/Madonna-della-Luce-2-scaled.jpg 1706w, https:\/\/comunitamagnificat.org\/wp-content\/uploads\/2021\/04\/Madonna-della-Luce-2-200x300.jpg 200w, https:\/\/comunitamagnificat.org\/wp-content\/uploads\/2021\/04\/Madonna-della-Luce-2-683x1024.jpg 683w, https:\/\/comunitamagnificat.org\/wp-content\/uploads\/2021\/04\/Madonna-della-Luce-2-768x1152.jpg 768w, https:\/\/comunitamagnificat.org\/wp-content\/uploads\/2021\/04\/Madonna-della-Luce-2-1024x1536.jpg 1024w, https:\/\/comunitamagnificat.org\/wp-content\/uploads\/2021\/04\/Madonna-della-Luce-2-1365x2048.jpg 1365w' sizes='(max-width: 1706px) 100vw, 1706px' \/><img loading=\"lazy\" decoding=\"async\" width=\"683\" height=\"1024\" src=\"https:\/\/comunitamagnificat.org\/wp-content\/uploads\/2021\/04\/Madonna-della-Luce-2-683x1024.jpg\" alt=\"\" class=\"wp-image-546\"\/><\/picture><figcaption class=\"wp-element-caption\">Biserica Madonna della Luce v\u0103zut\u0103 din fa\u021ba u\u0219ii de la intrare.<\/figcaption><\/figure>\n<\/div>\n<\/div>\n\n<div style=\"height:50px\" aria-hidden=\"true\" class=\"wp-block-spacer\"><\/div>\n\n<p><\/p>\n","protected":false},"excerpt":{"rendered":"<p>C\u0103uta\u021bi pe Domnul \u0219i puterea Lui, c\u0103uta\u021bi mereu fa\u021ba Lui [104]Psalmi 105, 4 C\u00e2nd Tarcisio a primit profe\u021bia &#8222;Cu Isus, pe Isus, construi\u021bi!&#8222;, \u00eentregul context era evident euharistic: biserica, altarul de marmur\u0103 alb\u0103, potirul cu vin \u0219i ostia&#8230; Prin urmare, adora\u021bia euharistic\u0103 este izvorul continuu din care Comunitatea \u00ee\u0219i potole\u0219te setea: din ea \u00ee\u0219i extrage [&hellip;]<\/p>\n","protected":false},"author":3,"featured_media":10866,"parent":0,"menu_order":0,"comment_status":"closed","ping_status":"closed","template":"","meta":{"om_disable_all_campaigns":false,"_monsterinsights_skip_tracking":false,"_monsterinsights_sitenote_active":false,"_monsterinsights_sitenote_note":"","_monsterinsights_sitenote_category":0,"_uf_show_specific_survey":0,"_uf_disable_surveys":false,"footnotes":""},"class_list":["post-19201","page","type-page","status-publish","has-post-thumbnail","hentry"],"aioseo_notices":[],"_links":{"self":[{"href":"https:\/\/comunitamagnificat.org\/ro\/wp-json\/wp\/v2\/pages\/19201","targetHints":{"allow":["GET"]}}],"collection":[{"href":"https:\/\/comunitamagnificat.org\/ro\/wp-json\/wp\/v2\/pages"}],"about":[{"href":"https:\/\/comunitamagnificat.org\/ro\/wp-json\/wp\/v2\/types\/page"}],"author":[{"embeddable":true,"href":"https:\/\/comunitamagnificat.org\/ro\/wp-json\/wp\/v2\/users\/3"}],"replies":[{"embeddable":true,"href":"https:\/\/comunitamagnificat.org\/ro\/wp-json\/wp\/v2\/comments?post=19201"}],"version-history":[{"count":4,"href":"https:\/\/comunitamagnificat.org\/ro\/wp-json\/wp\/v2\/pages\/19201\/revisions"}],"predecessor-version":[{"id":22605,"href":"https:\/\/comunitamagnificat.org\/ro\/wp-json\/wp\/v2\/pages\/19201\/revisions\/22605"}],"wp:featuredmedia":[{"embeddable":true,"href":"https:\/\/comunitamagnificat.org\/ro\/wp-json\/wp\/v2\/media\/10866"}],"wp:attachment":[{"href":"https:\/\/comunitamagnificat.org\/ro\/wp-json\/wp\/v2\/media?parent=19201"}],"curies":[{"name":"wp","href":"https:\/\/api.w.org\/{rel}","templated":true}]}}