{"id":19214,"date":"2024-08-23T00:43:26","date_gmt":"2024-08-22T22:43:26","guid":{"rendered":"https:\/\/comunitamagnificat.org\/ministere-generale\/"},"modified":"2025-01-22T19:09:24","modified_gmt":"2025-01-22T18:09:24","slug":"ministere-generale","status":"publish","type":"page","link":"https:\/\/comunitamagnificat.org\/ro\/ministere-generale\/","title":{"rendered":"Servicii generale"},"content":{"rendered":"\n<div style=\"height:30px\" aria-hidden=\"true\" class=\"wp-block-spacer\"><\/div>\n\n<blockquote class=\"wp-block-quote is-layout-flow wp-block-quote-is-layout-flow\">\n<p><strong><em>A<\/em><\/strong><em><strong> fiec\u0103ruia \u00eei este dat\u0103 o anumit\u0103 manifestare a Duhului<\/strong><\/em><br\/><em><strong>pentru binele comun<\/strong><\/em><\/p>\n<cite><em>1 Corinteni<\/em> 12:7<\/cite><\/blockquote>\n\n<div style=\"height:30px\" aria-hidden=\"true\" class=\"wp-block-spacer\"><\/div>\n\n<p>Pe m\u0103sur\u0103 ce Comunitatea a crescut \u00een dimensiune &#8211; \u0219i s-a r\u0103sp\u00e2ndit pe mai multe continente &#8211; a devenit necesar s\u0103 se \u00eenfiin\u021beze servicii care s\u0103 se ocupe de aspecte importante ale vie\u021bii comunitare la un nivel general.<\/p>\n\n<div style=\"height:30px\" aria-hidden=\"true\" class=\"wp-block-spacer\"><\/div>\n\n<p>Acestea au sarcina, fiecare \u00een sfera sa, de a oferi formare \u0219i &#8222;consiliere&#8221; fraternit\u0103\u021bilor.<\/p>\n\n<div style=\"height:30px\" aria-hidden=\"true\" class=\"wp-block-spacer\"><\/div>\n\n<p>Aceste departamente raporteaz\u0103 direct directorilor generali, care \u00eei numesc pe membrii lor.<\/p>\n\n<div style=\"height:30px\" aria-hidden=\"true\" class=\"wp-block-spacer\"><\/div>\n\n<p>P\u00e2n\u0103 \u00een prezent, au fost \u00eenfiin\u021bate servicii generale \u00een aceste zone:<\/p>\n\n<div style=\"height:30px\" aria-hidden=\"true\" class=\"wp-block-spacer\"><\/div>\n\n<ul class=\"wp-block-list\">\n<li><em>Echipa general\u0103 pentru tineret<\/em><\/li>\n\n\n\n<li><em>\u00cendrumarea spiritual\u0103<\/em><\/li>\n\n\n\n<li><em>Uns<\/em><\/li>\n\n\n\n<li><em>Discipolat<\/em><\/li>\n\n\n\n<li><em>Alian\u021ba de formare<\/em><\/li>\n\n\n\n<li><em>Koinonia<\/em><\/li>\n\n\n\n<li><em>Misiuni<\/em><\/li>\n\n\n\n<li><em>Muzic\u0103 \u0219i c\u00e2ntat<\/em><\/li>\n<\/ul>\n\n<div style=\"height:50px\" aria-hidden=\"true\" class=\"wp-block-spacer\"><\/div>\n","protected":false},"excerpt":{"rendered":"<p>A fiec\u0103ruia \u00eei este dat\u0103 o anumit\u0103 manifestare a Duhuluipentru binele comun 1 Corinteni 12:7 Pe m\u0103sur\u0103 ce Comunitatea a crescut \u00een dimensiune &#8211; \u0219i s-a r\u0103sp\u00e2ndit pe mai multe continente &#8211; a devenit necesar s\u0103 se \u00eenfiin\u021beze servicii care s\u0103 se ocupe de aspecte importante ale vie\u021bii comunitare la un nivel general. Acestea au [&hellip;]<\/p>\n","protected":false},"author":3,"featured_media":10954,"parent":0,"menu_order":0,"comment_status":"closed","ping_status":"closed","template":"","meta":{"om_disable_all_campaigns":false,"_monsterinsights_skip_tracking":false,"_monsterinsights_sitenote_active":false,"_monsterinsights_sitenote_note":"","_monsterinsights_sitenote_category":0,"_uf_show_specific_survey":0,"_uf_disable_surveys":false,"footnotes":""},"class_list":["post-19214","page","type-page","status-publish","has-post-thumbnail","hentry"],"aioseo_notices":[],"_links":{"self":[{"href":"https:\/\/comunitamagnificat.org\/ro\/wp-json\/wp\/v2\/pages\/19214","targetHints":{"allow":["GET"]}}],"collection":[{"href":"https:\/\/comunitamagnificat.org\/ro\/wp-json\/wp\/v2\/pages"}],"about":[{"href":"https:\/\/comunitamagnificat.org\/ro\/wp-json\/wp\/v2\/types\/page"}],"author":[{"embeddable":true,"href":"https:\/\/comunitamagnificat.org\/ro\/wp-json\/wp\/v2\/users\/3"}],"replies":[{"embeddable":true,"href":"https:\/\/comunitamagnificat.org\/ro\/wp-json\/wp\/v2\/comments?post=19214"}],"version-history":[{"count":3,"href":"https:\/\/comunitamagnificat.org\/ro\/wp-json\/wp\/v2\/pages\/19214\/revisions"}],"predecessor-version":[{"id":22673,"href":"https:\/\/comunitamagnificat.org\/ro\/wp-json\/wp\/v2\/pages\/19214\/revisions\/22673"}],"wp:featuredmedia":[{"embeddable":true,"href":"https:\/\/comunitamagnificat.org\/ro\/wp-json\/wp\/v2\/media\/10954"}],"wp:attachment":[{"href":"https:\/\/comunitamagnificat.org\/ro\/wp-json\/wp\/v2\/media?parent=19214"}],"curies":[{"name":"wp","href":"https:\/\/api.w.org\/{rel}","templated":true}]}}