{"id":19215,"date":"2024-08-23T00:43:27","date_gmt":"2024-08-22T22:43:27","guid":{"rendered":"https:\/\/comunitamagnificat.org\/guvern-colegial\/"},"modified":"2025-01-22T18:51:13","modified_gmt":"2025-01-22T17:51:13","slug":"guvern-colegial","status":"publish","type":"page","link":"https:\/\/comunitamagnificat.org\/ro\/guvern-colegial\/","title":{"rendered":"Guvern colegial"},"content":{"rendered":"\n<div style=\"height:30px\" aria-hidden=\"true\" class=\"wp-block-spacer\"><\/div>\n\n<blockquote class=\"wp-block-quote is-layout-flow wp-block-quote-is-layout-flow\">\n<p><em><strong>Apostolii \u0219i b\u0103tr\u00e2nii s-au adunat<\/strong><\/em><br\/><em><strong>pentru a examina aceast\u0103 problem\u0103<\/strong><\/em><\/p>\n<cite><em>Faptele Apostolilor<\/em> 15:6<\/cite><\/blockquote>\n\n<div style=\"height:30px\" aria-hidden=\"true\" class=\"wp-block-spacer\"><\/div>\n\n<p>Pentru a-\u0219i \u00eemplini voca\u021bia \u00eentr-un mod ordonat \u0219i credincios, Comunitatea Magnificat a dezvoltat o serie de servicii de responsabilitate. Fiecare dintre acestea este format\u0103 din trei p\u00e2n\u0103 la cinci fra\u021bi; un moderator este ales din fiecare dintre acestea pentru a reprezenta corpul de lideri \u00een exterior.<\/p>\n\n<div style=\"height:30px\" aria-hidden=\"true\" class=\"wp-block-spacer\"><\/div>\n\n<p>Comunitatea consider\u0103 c\u0103 deciziile care trebuie luate \u00een fiecare domeniu trebuie s\u0103 fie rezultatul unui discern\u0103m\u00e2nt comun, tr\u0103it \u00een rug\u0103ciune, \u00een c\u0103utarea constant\u0103 a voin\u021bei lui Dumnezeu. Acesta este motivul pentru care responsabilii, \u00een lucrarea lor pastoral\u0103 de conducere a fraternit\u0103\u021bilor sau \u00een sfera general\u0103, pun \u00eentotdeauna pe primul loc rug\u0103ciunea comun\u0103 pentru a invoca de la Dumnezeu carismele necesare pentru a-i sluji pe fra\u021bii \u0219i surorile care le-au fost \u00eencredin\u021ba\u021bi, iar dup\u0103 ce au examinat problemele care \u021bin de competen\u021ba lor, \u00een special cele de mai mare importan\u021b\u0103, se \u00eentorc pentru a cere Domnului \u00een rug\u0103ciune s\u0103 \u00eei lumineze \u0219i prin cuv\u00e2ntul s\u0103u.<\/p>\n\n<div style=\"height:30px\" aria-hidden=\"true\" class=\"wp-block-spacer\"><\/div>\n\n<p>Din acest mod de a ac\u021biona, rezult\u0103 c\u0103 organele de conducere ale Comunit\u0103\u021bii \u00eencearc\u0103 \u00eentotdeauna s\u0103 ajung\u0103 la unanimitate \u00een fiecare decizie.<\/p>\n\n<div style=\"height:30px\" aria-hidden=\"true\" class=\"wp-block-spacer\"><\/div>\n\n<p>Prin urmare, Comunitatea folose\u0219te un tip colegial de guvernare pentru a \u00eencerca s\u0103 <em>umble smerit cu Dumnezeul s\u0103u<\/em> (cf. Mica 6:8).<\/p>\n\n<p>Mai jos oferim c\u00e2teva indicii privind modul \u00een care Comunitatea este guvernat\u0103 la nivelul Fraternit\u0103\u021bii \u0219i la nivel general.<\/p>\n\n<div style=\"height:30px\" aria-hidden=\"true\" class=\"wp-block-spacer\"><\/div>\n\n<p><strong>La nivel de fr\u0103\u021bie<\/strong><\/p>\n\n<p>Fiecare fraternitate alege, la fiecare trei ani, \u00eentre trei \u0219i cinci <strong><em>responsabili<\/em><\/strong> (trei pentru Fraternit\u0103\u021bile cu mai pu\u021bin de 30 de alia\u021bi \u0219i cinci pentru celelalte); cel mult, o persoan\u0103 poate de\u021bine func\u021bia de responsabil doar de dou\u0103 ori consecutiv. Pute\u021bi fi ales numai dac\u0103 sunte\u021bi deja aliat de cel pu\u021bin trei ani. <\/p>\n\n<div style=\"height:30px\" aria-hidden=\"true\" class=\"wp-block-spacer\"><\/div>\n\n<p>Chema\u021bi s\u0103 fac\u0103 via\u021ba Fraternit\u0103\u021bii rodnic\u0103 \u0219i ordonat\u0103, ei au diverse sarcini.\nPrintre acestea se num\u0103r\u0103 urm\u0103toarele: promovarea activit\u0103\u021bilor necesare pentru dezvoltarea vie\u021bii fraterne \u0219i formarea alia\u021bilor; punerea \u00een aplicare a C\u0103ii de Cre\u0219tere; \u00eengrijirea form\u0103rii \u00eenso\u021bitorilor spirituali; promovarea lucr\u0103rilor de apostolat ale Fraternit\u0103\u021bii. <\/p>\n\n<div style=\"height:30px\" aria-hidden=\"true\" class=\"wp-block-spacer\"><\/div>\n\n<p><strong>La un nivel general<\/strong><\/p>\n\n<p>Principalul organ de conducere este<strong><em>Adunarea general\u0103<\/em><\/strong> care se \u00eentrune\u0219te cel pu\u021bin o dat\u0103 pe an pentru a delibera asupra problemelor care afecteaz\u0103 \u00eentreaga comunitate; aceasta include to\u021bi <em>moderatorii <\/em>fraternit\u0103\u021bilor, <em>directorii generali<\/em>, <em>trezorierul general<\/em>, precum \u0219i <em>b\u0103tr\u00e2nii<\/em> (\u00eentr-un num\u0103r care nu dep\u0103\u0219e\u0219te o treime din num\u0103rul total de membri) \u0219i \u00ee\u0219i exercit\u0103 mandatul timp de trei ani.<\/p>\n\n<div style=\"height:30px\" aria-hidden=\"true\" class=\"wp-block-spacer\"><\/div>\n\n<p>Sarcinile Adun\u0103rii Generale sunt:<\/p>\n\n<p>(a) stabile\u0219te orient\u0103rile generale ale Comunit\u0103\u021bii;<\/p>\n\n<p>b) alege <em>directorii generali <\/em>\u0219i, printre ace\u0219tia, <em>moderatorul general<\/em>;<\/p>\n\n<p>c) alege <em>trezorierul general<\/em>;<\/p>\n\n<p>d) alege <em>B\u0103tr\u00e2nii <\/em>la propunerea <em>Liderilor Fraternit\u0103\u021bii<\/em>, precum \u0219i \u00eei revoc\u0103;<\/p>\n\n<p>e) propune <em>Dicasterului pentru Laici, Familie \u0219i Via\u021b\u0103<\/em> amendamente la Statut, aprobate cu o majoritate de dou\u0103 treimi din num\u0103rul celor care voteaz\u0103;<\/p>\n\n<p>f) aprob\u0103 <em>Regulamentul de procedur\u0103 <\/em>\u0219i orice modificare a acestuia;<\/p>\n\n<p>g) aprob\u0103 anual bugetul \u0219i situa\u021biile financiare ale Comunit\u0103\u021bii;<\/p>\n\n<p>(h) adopt\u0103 rezolu\u021bii privind gestiunea economic\u0103;<\/p>\n\n<p>(i) s\u0103 delibereze revocarea din func\u021bia de <em>director general <\/em>pentru omiterea grav\u0103 a atribu\u021biilor proprii func\u021biei.<\/p>\n\n<div style=\"height:30px\" aria-hidden=\"true\" class=\"wp-block-spacer\"><\/div>\n\n<p>Executan\u021bii orient\u0103rilor stabilite de Adunarea General\u0103 sunt cei cinci <strong><em>directori generali<\/em><\/strong>care \u00ee\u0219i exercit\u0103 func\u021bia pe o perioad\u0103 de trei ani \u0219i pot fi reale\u0219i consecutiv o singur\u0103 dat\u0103 \u0219i nu mai mult de trei mandate \u00een total. Moderatorul general <strong><em>Moderatorul general<\/em><\/strong>ales dintre ace\u0219tia de c\u0103tre Adunarea General\u0103, reprezint\u0103 Comunitatea \u00een exterior, convoac\u0103 \u0219i prezideaz\u0103 reuniunile <em>directorilor<\/em> generali, ale<em>Adun\u0103rii Generale<\/em>, <em>ale Colegiului B\u0103tr\u00e2nilor<\/em> \u0219i <em>ale Colegiului Consultan\u021bilor<\/em>. <\/p>\n\n<div style=\"height:30px\" aria-hidden=\"true\" class=\"wp-block-spacer\"><\/div>\n\n<p>Principalele sarcini ale <em>directorilor generali<\/em>, printre altele, sunt:<\/p>\n\n<p>&#8211; s\u0103 stabileasc\u0103 ini\u021biative menite s\u0103 urm\u0103reasc\u0103 obiectivele Comunit\u0103\u021bii prin transmiterea patrimoniului s\u0103u spiritual;<\/p>\n\n<p>&#8211; preg\u0103ti\u021bi calea anual\u0103 de cre\u0219tere;<\/p>\n\n<p>&#8211; s\u0103 \u00eendeplineasc\u0103 toate actele de administra\u021bie ordinare \u0219i extraordinare necesare pentru realizarea obiectivelor Comunit\u0103\u021bii.<\/p>\n\n<p>&#8211; decide cu privire la \u00eenfiin\u021barea sau suprimarea fr\u0103\u021biilor \u0219i a fr\u0103\u021biilor \u00een formare.<\/p>\n\n<div style=\"height:30px\" aria-hidden=\"true\" class=\"wp-block-spacer\"><\/div>\n\n<p><em>Directorii generali<\/em> sunt asista\u021bi \u00een serviciul lor de <strong><em>consilierul spiritual general<\/em><\/strong>un prezbiter desemnat de ace\u0219tia, care \u00eei asist\u0103 pe ei \u0219i Adunarea general\u0103 prin stimularea vie\u021bii sacramentale, a form\u0103rii teologice \u0219i biblice \u0219i prin asigurarea fidelit\u0103\u021bii fa\u021b\u0103 de Magisteriul Bisericii Catolice. Mandatul s\u0103u dureaz\u0103 trei ani, coincide cu cel al <em>administratorilor generali<\/em>, \u0219i poate fi re\u00eennoit o singur\u0103 dat\u0103. Consilierul spiritual general particip\u0103 la reuniunile <em>directorilor<\/em> generali \u0219i ale<em>Adun\u0103rii generale<\/em>, de\u0219i f\u0103r\u0103 drept de vot.  <\/p>\n\n<p>\u00cen sf\u00e2r\u0219it, un alt organism \u00eei ajut\u0103 pe directorii generali \u00een activitatea lor: Colegiul <strong><em>Colegiul consultan\u021bilor<\/em><\/strong>. Ace\u0219tia sunt \u0219apte membri de rang \u00eenalt ai Comunit\u0103\u021bii, ale\u0219i la fiecare trei ani de c\u0103tre<em>Adunarea general\u0103 <\/em>cu ocazia alegerii <em>directorilor generali<\/em>, iar mandatul lor poate fi re\u00eennoit doar de dou\u0103 ori consecutiv. Colegiul ofer\u0103 directori generali avize neobligatorii cu privire la toate chestiunile cu privire la care sunt consulta\u021bi, dar \u00een special cu privire la chestiuni mai grave, cum ar fi \u00eenfiin\u021barea sau suprimarea <em>fr\u0103\u021biilor <\/em>sau revocarea func\u021biei de persoan\u0103 responsabil\u0103.  <\/p>\n\n<div style=\"height:50px\" aria-hidden=\"true\" class=\"wp-block-spacer\"><\/div>\n\n<p><\/p>\n","protected":false},"excerpt":{"rendered":"<p>Apostolii \u0219i b\u0103tr\u00e2nii s-au adunatpentru a examina aceast\u0103 problem\u0103 Faptele Apostolilor 15:6 Pentru a-\u0219i \u00eemplini voca\u021bia \u00eentr-un mod ordonat \u0219i credincios, Comunitatea Magnificat a dezvoltat o serie de servicii de responsabilitate. Fiecare dintre acestea este format\u0103 din trei p\u00e2n\u0103 la cinci fra\u021bi; un moderator este ales din fiecare dintre acestea pentru a reprezenta corpul de [&hellip;]<\/p>\n","protected":false},"author":3,"featured_media":10950,"parent":0,"menu_order":0,"comment_status":"closed","ping_status":"closed","template":"","meta":{"om_disable_all_campaigns":false,"_monsterinsights_skip_tracking":false,"_monsterinsights_sitenote_active":false,"_monsterinsights_sitenote_note":"","_monsterinsights_sitenote_category":0,"_uf_show_specific_survey":0,"_uf_disable_surveys":false,"footnotes":""},"class_list":["post-19215","page","type-page","status-publish","has-post-thumbnail","hentry"],"aioseo_notices":[],"_links":{"self":[{"href":"https:\/\/comunitamagnificat.org\/ro\/wp-json\/wp\/v2\/pages\/19215","targetHints":{"allow":["GET"]}}],"collection":[{"href":"https:\/\/comunitamagnificat.org\/ro\/wp-json\/wp\/v2\/pages"}],"about":[{"href":"https:\/\/comunitamagnificat.org\/ro\/wp-json\/wp\/v2\/types\/page"}],"author":[{"embeddable":true,"href":"https:\/\/comunitamagnificat.org\/ro\/wp-json\/wp\/v2\/users\/3"}],"replies":[{"embeddable":true,"href":"https:\/\/comunitamagnificat.org\/ro\/wp-json\/wp\/v2\/comments?post=19215"}],"version-history":[{"count":2,"href":"https:\/\/comunitamagnificat.org\/ro\/wp-json\/wp\/v2\/pages\/19215\/revisions"}],"predecessor-version":[{"id":22662,"href":"https:\/\/comunitamagnificat.org\/ro\/wp-json\/wp\/v2\/pages\/19215\/revisions\/22662"}],"wp:featuredmedia":[{"embeddable":true,"href":"https:\/\/comunitamagnificat.org\/ro\/wp-json\/wp\/v2\/media\/10950"}],"wp:attachment":[{"href":"https:\/\/comunitamagnificat.org\/ro\/wp-json\/wp\/v2\/media?parent=19215"}],"curies":[{"name":"wp","href":"https:\/\/api.w.org\/{rel}","templated":true}]}}