{"id":19233,"date":"2024-08-23T00:44:13","date_gmt":"2024-08-22T22:44:13","guid":{"rendered":"https:\/\/comunitamagnificat.org\/ce-facem\/"},"modified":"2025-01-23T09:52:34","modified_gmt":"2025-01-23T08:52:34","slug":"ce-facem","status":"publish","type":"page","link":"https:\/\/comunitamagnificat.org\/ro\/ce-facem\/","title":{"rendered":"Ce facem"},"content":{"rendered":"\n<div style=\"height:30px\" aria-hidden=\"true\" class=\"wp-block-spacer\"><\/div>\n\n<p>Comunitatea Magnificat, dorind s\u0103 tr\u0103iasc\u0103 \u00een slujba Bisericii pentru construirea \u00cemp\u0103r\u0103\u021biei lui Dumnezeu, a dezvoltat \u0219i a tr\u0103it de-a lungul istoriei sale diferite experien\u021be de rug\u0103ciune, activit\u0103\u021bi de evanghelizare \u0219i formare cre\u0219tin\u0103.<\/p>\n\n<div style=\"height:30px\" aria-hidden=\"true\" class=\"wp-block-spacer\"><\/div>\n\n<p>Acestea sunt orientate \u00een dou\u0103 direc\u021bii: <em><strong>spre exterior <\/strong><\/em>(pentru evanghelizare \u0219i formare cre\u0219tin\u0103)<em><strong> <\/strong><\/em>\u0219i <em><strong>spre interior<\/strong> (<\/em>pentru aprofundarea voca\u021biei comunit\u0103\u021bii \u0219i formarea \u00een slujire)<em>.<\/em><\/p>\n\n<div style=\"height:50px\" aria-hidden=\"true\" class=\"wp-block-spacer\"><\/div>\n\n<section id=\"magnificat-link-multipli-pagina-block_6067b2a02f111\" class=\"wp-block-magnificat-link-multipli-pagina \">\n\n            \n        <picture><source type='image\/jpeg' srcset='https:\/\/comunitamagnificat.org\/wp-content\/uploads\/2021\/04\/scan0028.jpg 1735w, https:\/\/comunitamagnificat.org\/wp-content\/uploads\/2021\/04\/scan0028-300x205.jpg 300w, https:\/\/comunitamagnificat.org\/wp-content\/uploads\/2021\/04\/scan0028-1024x699.jpg 1024w, https:\/\/comunitamagnificat.org\/wp-content\/uploads\/2021\/04\/scan0028-768x525.jpg 768w, https:\/\/comunitamagnificat.org\/wp-content\/uploads\/2021\/04\/scan0028-1536x1049.jpg 1536w' sizes='(max-width: 1735px) 100vw, 1735px' \/><img loading=\"lazy\" decoding=\"async\" width=\"1735\" height=\"1185\" src=\"https:\/\/comunitamagnificat.org\/wp-content\/uploads\/2021\/04\/scan0028.jpg\" class=\"attachment-cover-parallax-background size-cover-parallax-background\" alt=\"\" tcimage-skip=\"true\"  sizes=\"auto, (max-width: 1735px) 100vw, 1735px\" \/><\/picture>        \n        \n            <div class=\"accordion-link-page\">\n                        \n            <div class=\"tab\">\n\n                    <input type=\"radio\" id=\"chck-1\"   name=\"rd\">\n                    <label class=\"tab-label\" for=\"chck-1\">Spre exterior<\/label>\n\n                <div class=\"content\">\n                                            <a href=\"https:\/\/comunitamagnificat.org\/ro\/rugaciunea-carismatica-a-comunitatii\/\">\n                            Rug\u0103ciunea carismatica a comunit\u0103\u021bii                            <br \/>\n                            <span class=\"text\">merge\u021bi la pagin\u0103<\/span>\n                        <\/a>\n                                            <a href=\"https:\/\/comunitamagnificat.org\/ro\/seminar-de-viata-noua-in-duhul-sfant\/\">\n                            Seminar de via\u021b\u0103 nou\u0103 \u00een Duhul Sf\u00e2nt                            <br \/>\n                            <span class=\"text\">merge\u021bi la pagin\u0103<\/span>\n                        <\/a>\n                                            <a href=\"https:\/\/comunitamagnificat.org\/ro\/post-efuziune-si-ucenicie\/\">\n                            Post-efuziune \u0219i ucenicie                            <br \/>\n                            <span class=\"text\">merge\u021bi la pagin\u0103<\/span>\n                        <\/a>\n                                            <a href=\"https:\/\/comunitamagnificat.org\/ro\/seminarii-de-vindecare-interioara\/\">\n                            Seminarii de vindecare interioar\u0103                            <br \/>\n                            <span class=\"text\">merge\u021bi la pagin\u0103<\/span>\n                        <\/a>\n                                            <a href=\"https:\/\/comunitamagnificat.org\/ro\/seminarii-pentru-cupluri-casatorite\/\">\n                            Seminarii pentru cupluri c\u0103s\u0103torite                            <br \/>\n                            <span class=\"text\">merge\u021bi la pagin\u0103<\/span>\n                        <\/a>\n                                            <a href=\"https:\/\/comunitamagnificat.org\/ro\/evanghelizare-pentru-tineri\/\">\n                            Evanghelizare pentru tineri                            <br \/>\n                            <span class=\"text\">merge\u021bi la pagin\u0103<\/span>\n                        <\/a>\n                                            <a href=\"https:\/\/comunitamagnificat.org\/ro\/misiuni-parohiale\/\">\n                            Misiuni parohiale                            <br \/>\n                            <span class=\"text\">merge\u021bi la pagin\u0103<\/span>\n                        <\/a>\n                                            <a href=\"https:\/\/comunitamagnificat.org\/ro\/evanghelizarea-arata\/\">\n                            Evanghelizarea arat\u0103                            <br \/>\n                            <span class=\"text\">merge\u021bi la pagin\u0103<\/span>\n                        <\/a>\n                                    <\/div>\n\n            <\/div>\n\n                        \n            <div class=\"tab\">\n\n                    <input type=\"radio\" id=\"chck-2\"   name=\"rd\">\n                    <label class=\"tab-label\" for=\"chck-2\">\u00cen interior<\/label>\n\n                <div class=\"content\">\n                                            <a href=\"https:\/\/comunitamagnificat.org\/ro\/scoala-comunitara\/\">\n                            \u0218coala comunitar\u0103                            <br \/>\n                            <span class=\"text\">merge\u021bi la pagin\u0103<\/span>\n                        <\/a>\n                                            <a href=\"https:\/\/comunitamagnificat.org\/ro\/noviciat\/\">\n                            Calea de admitere la Alian\u021b\u0103                            <br \/>\n                            <span class=\"text\">merge\u021bi la pagin\u0103<\/span>\n                        <\/a>\n                                            <a href=\"https:\/\/comunitamagnificat.org\/ro\/formare-profesionala\/\">\n                            Formare profesional\u0103                            <br \/>\n                            <span class=\"text\">merge\u021bi la pagin\u0103<\/span>\n                        <\/a>\n                                    <\/div>\n\n            <\/div>\n\n                    <\/div>\n    \n<\/section>\n<div style=\"height:50px\" aria-hidden=\"true\" class=\"wp-block-spacer\"><\/div>\n","protected":false},"excerpt":{"rendered":"<p>Comunitatea Magnificat, dorind s\u0103 tr\u0103iasc\u0103 \u00een slujba Bisericii pentru construirea \u00cemp\u0103r\u0103\u021biei lui Dumnezeu, a dezvoltat \u0219i a tr\u0103it de-a lungul istoriei sale diferite experien\u021be de rug\u0103ciune, activit\u0103\u021bi de evanghelizare \u0219i formare cre\u0219tin\u0103. Acestea sunt orientate \u00een dou\u0103 direc\u021bii: spre exterior (pentru evanghelizare \u0219i formare cre\u0219tin\u0103) \u0219i spre interior (pentru aprofundarea voca\u021biei comunit\u0103\u021bii \u0219i formarea \u00een [&hellip;]<\/p>\n","protected":false},"author":3,"featured_media":11010,"parent":0,"menu_order":0,"comment_status":"closed","ping_status":"closed","template":"","meta":{"om_disable_all_campaigns":false,"_monsterinsights_skip_tracking":false,"_monsterinsights_sitenote_active":false,"_monsterinsights_sitenote_note":"","_monsterinsights_sitenote_category":0,"_uf_show_specific_survey":0,"_uf_disable_surveys":false,"footnotes":""},"class_list":["post-19233","page","type-page","status-publish","has-post-thumbnail","hentry"],"aioseo_notices":[],"_links":{"self":[{"href":"https:\/\/comunitamagnificat.org\/ro\/wp-json\/wp\/v2\/pages\/19233","targetHints":{"allow":["GET"]}}],"collection":[{"href":"https:\/\/comunitamagnificat.org\/ro\/wp-json\/wp\/v2\/pages"}],"about":[{"href":"https:\/\/comunitamagnificat.org\/ro\/wp-json\/wp\/v2\/types\/page"}],"author":[{"embeddable":true,"href":"https:\/\/comunitamagnificat.org\/ro\/wp-json\/wp\/v2\/users\/3"}],"replies":[{"embeddable":true,"href":"https:\/\/comunitamagnificat.org\/ro\/wp-json\/wp\/v2\/comments?post=19233"}],"version-history":[{"count":2,"href":"https:\/\/comunitamagnificat.org\/ro\/wp-json\/wp\/v2\/pages\/19233\/revisions"}],"predecessor-version":[{"id":22709,"href":"https:\/\/comunitamagnificat.org\/ro\/wp-json\/wp\/v2\/pages\/19233\/revisions\/22709"}],"wp:featuredmedia":[{"embeddable":true,"href":"https:\/\/comunitamagnificat.org\/ro\/wp-json\/wp\/v2\/media\/11010"}],"wp:attachment":[{"href":"https:\/\/comunitamagnificat.org\/ro\/wp-json\/wp\/v2\/media?parent=19233"}],"curies":[{"name":"wp","href":"https:\/\/api.w.org\/{rel}","templated":true}]}}