{"id":19236,"date":"2024-08-23T00:44:17","date_gmt":"2024-08-22T22:44:17","guid":{"rendered":"https:\/\/comunitamagnificat.org\/rugaciunea-carismatica-a-comunitatii\/"},"modified":"2024-08-23T00:44:29","modified_gmt":"2024-08-22T22:44:29","slug":"rugaciunea-carismatica-a-comunitatii","status":"publish","type":"page","link":"https:\/\/comunitamagnificat.org\/ro\/rugaciunea-carismatica-a-comunitatii\/","title":{"rendered":"Rug\u0103ciunea carismatica a comunit\u0103\u021bii"},"content":{"rendered":"\n<div style=\"height:30px\" aria-hidden=\"true\" class=\"wp-block-spacer\"><\/div>\n\n<blockquote class=\"wp-block-quote is-layout-flow wp-block-quote-is-layout-flow\"><p><em><strong>C\u00e2nd v\u0103 aduna\u021bi,<\/strong><\/em><br\/><em><strong>unul are un psalm,<\/strong><\/em><br\/><em><strong>altul are o \u00eenv\u0103\u021b\u0103tur\u0103;<\/strong><\/em><br\/><em><strong>unul are o revela\u021bie,<\/strong><\/em><br\/><em><strong>unul are darul limbilor,<\/strong><\/em><br\/><em><strong>alta este s\u0103 le interpret\u0103m:<\/strong><\/em><br\/><em><strong>totul se \u00eent\u00e2mpl\u0103 pentru edificare<\/strong><\/em><\/p><cite><em>1 Corinteni<\/em> 14:26<\/cite><\/blockquote>\n\n<div style=\"height:30px\" aria-hidden=\"true\" class=\"wp-block-spacer\"><\/div>\n\n<p>Fiecare fraternitate, \u00een fiecare s\u0103pt\u0103m\u00e2n\u0103, se adun\u0103 \u00een rug\u0103ciune \u00een jurul Domnului Isus pentru a asculta Cuv\u00e2ntul S\u0103u.<\/p>\n\n<div style=\"height:30px\" aria-hidden=\"true\" class=\"wp-block-spacer\"><\/div>\n\n<p>De aici \u00ee\u0219i are originea, puterea \u0219i direc\u021bia \u00eentreaga via\u021b\u0103 a Fraternit\u0103\u021bii.<\/p>\n\n<div style=\"height:30px\" aria-hidden=\"true\" class=\"wp-block-spacer\"><\/div>\n\n<p>Un timp comunitar tr\u0103it \u00een prezen\u021ba lui Dumnezeu \u00een laud\u0103, \u00eenchin\u00e2ndu-se lui Dumnezeu, ascult\u00e2nd Cuv\u00e2ntul S\u0103u, r\u0103spunz\u00e2nd invita\u021biei Sale.<\/p>\n\n<div style=\"height:30px\" aria-hidden=\"true\" class=\"wp-block-spacer\"><\/div>\n\n<p>Rug\u0103ciunea, deschis\u0103 tuturor celor care doresc s\u0103 se al\u0103ture Fraternit\u0103\u021bii \u00een acel moment, are loc \u00eentr-un stil simplu \u0219i vesel, dup\u0103 stilul re\u00eennoirii carismatice catolice.\nEste un moment bogat \u00een c\u00e2ntece spirituale &#8211; de laud\u0103 sau de medita\u021bie -, Cuv\u00e2ntul lui Dumnezeu \u0219i vocea tuturor celor prezen\u021bi, at\u00e2t \u00een form\u0103 coral\u0103, c\u00e2t \u0219i personal\u0103. <\/p>\n\n<div style=\"height:30px\" aria-hidden=\"true\" class=\"wp-block-spacer\"><\/div>\n\n<p>Duhul Sf\u00e2nt este invocat pentru a ghida \u00eent\u00e2lnirea, astfel \u00eenc\u00e2t rug\u0103ciunea \u00een sine nu are niciodat\u0103 un model fix: se a\u0219teapt\u0103 ca Domnul s\u0103 ac\u021bioneze a\u0219a cum dore\u0219te El \u00een trupul fra\u021bilor \u0219i surorilor aduna\u021bi prin fiecare dintre ei, cu certitudinea c\u0103, prin rug\u0103ciunea spontan\u0103 \u0219i carisma profe\u021biei, se va dezvolta o &#8222;conversa\u021bie&#8221; \u00eentre adunarea reunit\u0103 \u0219i Domnul care a convocat-o.<\/p>\n\n<div style=\"height:30px\" aria-hidden=\"true\" class=\"wp-block-spacer\"><\/div>\n\n<p>Aceast\u0103 experien\u021b\u0103 \u00ee\u0219i g\u0103se\u0219te punctul de referin\u021b\u0103 \u00een cuvintele lui Pavel c\u0103tre corinteni: &#8222;<em>C\u00e2nd v\u0103 aduna\u021bi \u00eempreun\u0103, unul are un psalm, altul are o \u00eenv\u0103\u021b\u0103tur\u0103; unul are o revela\u021bie, unul are darul limbilor, altul are darul de a le interpreta: toate s\u0103 fie pentru edificare.\nC\u00e2nd cineva vorbe\u0219te cu darul limbilor, s\u0103 vorbeasc\u0103 doi, sau cel mult trei, unul c\u00e2te unul, \u0219i s\u0103 fie unul care s\u0103 interpreteze.\nDac\u0103 nu este nimeni care s\u0103 interpreteze, fiecare s\u0103 tac\u0103 \u00een adunare \u0219i s\u0103 vorbeasc\u0103 numai pentru sine \u0219i pentru Dumnezeu.\nDoi sau trei dintre profe\u021bi s\u0103 vorbeasc\u0103 \u0219i ceilal\u021bi s\u0103 judece.\nDar dac\u0103 unul dintre cei prezen\u021bi prime\u0219te o revela\u021bie, cel dint\u00e2i s\u0103 tac\u0103; pentru c\u0103, pe r\u00e2nd, to\u021bi pute\u021bi profe\u021bi, pentru ca to\u021bi s\u0103 \u00eenve\u021be \u0219i s\u0103 fie \u00eendemna\u021bi.\nInspira\u021biile profe\u021bilor sunt supuse profe\u021bilor, pentru c\u0103 Dumnezeu nu este un Dumnezeu al dezordinii, ci al p\u0103cii     <\/em>&#8221; (1 Corinteni 14: 26-33).<\/p>\n\n<div style=\"height:30px\" aria-hidden=\"true\" class=\"wp-block-spacer\"><\/div>\n\n<p>Depinde de liderii fraternit\u0103\u021bii s\u0103 se asigure c\u0103 \u00eent\u00e2lnirea se desf\u0103\u0219oar\u0103 \u00een mod ordonat \u0219i fructuos din punct de vedere spiritual pentru to\u021bi participan\u021bii.<\/p>\n\n<div style=\"height:30px\" aria-hidden=\"true\" class=\"wp-block-spacer\"><\/div>\n\n<p>Cuv\u00e2ntul lui Dumnezeu care caracterizeaz\u0103 \u00eent\u00e2lnirea, primit cu simplitate \u0219i citit \u00een succesiune pe parcursul s\u0103pt\u0103m\u00e2nilor, formeaz\u0103 nu de pu\u021bine ori un adev\u0103rat &#8222;discurs al lui Dumnezeu&#8221; adresat fraternit\u0103\u021bii, indic\u00e2nd punctul de convertire al comunit\u0103\u021bii sau prioritatea asupra c\u0103reia trebuie s\u0103 ne concentr\u0103m.\nExperien\u021ba a ar\u0103tat Comunit\u0103\u021bii cum \u00een astfel de momente Domnul se las\u0103 \u00eent\u00e2lnit, mai ales de cei care particip\u0103 pentru prima dat\u0103, sim\u021bind prezen\u021ba vie a lui Dumnezeu \u00een acea adunare, vorbind \u0219i ac\u021bion\u00e2nd.\nPrin urmare, \u00eent\u00e2lnirea s\u0103pt\u0103m\u00e2nal\u0103 de rug\u0103ciune carismatic\u0103 a comunit\u0103\u021bii este una dintre principalele modalit\u0103\u021bi pe care Fraternitatea le are la dispozi\u021bie pentru a evangheliza.  <\/p>\n\n<div style=\"height:50px\" aria-hidden=\"true\" class=\"wp-block-spacer\"><\/div>\n","protected":false},"excerpt":{"rendered":"<p>C\u00e2nd v\u0103 aduna\u021bi,unul are un psalm,altul are o \u00eenv\u0103\u021b\u0103tur\u0103;unul are o revela\u021bie,unul are darul limbilor,alta este s\u0103 le interpret\u0103m:totul se \u00eent\u00e2mpl\u0103 pentru edificare 1 Corinteni 14:26 Fiecare fraternitate, \u00een fiecare s\u0103pt\u0103m\u00e2n\u0103, se adun\u0103 \u00een rug\u0103ciune \u00een jurul Domnului Isus pentru a asculta Cuv\u00e2ntul S\u0103u. De aici \u00ee\u0219i are originea, puterea \u0219i direc\u021bia \u00eentreaga via\u021b\u0103 a [&hellip;]<\/p>\n","protected":false},"author":3,"featured_media":11014,"parent":0,"menu_order":0,"comment_status":"closed","ping_status":"closed","template":"","meta":{"om_disable_all_campaigns":false,"_monsterinsights_skip_tracking":false,"_monsterinsights_sitenote_active":false,"_monsterinsights_sitenote_note":"","_monsterinsights_sitenote_category":0,"_uf_show_specific_survey":0,"_uf_disable_surveys":false,"footnotes":""},"class_list":["post-19236","page","type-page","status-publish","has-post-thumbnail","hentry"],"aioseo_notices":[],"_links":{"self":[{"href":"https:\/\/comunitamagnificat.org\/ro\/wp-json\/wp\/v2\/pages\/19236","targetHints":{"allow":["GET"]}}],"collection":[{"href":"https:\/\/comunitamagnificat.org\/ro\/wp-json\/wp\/v2\/pages"}],"about":[{"href":"https:\/\/comunitamagnificat.org\/ro\/wp-json\/wp\/v2\/types\/page"}],"author":[{"embeddable":true,"href":"https:\/\/comunitamagnificat.org\/ro\/wp-json\/wp\/v2\/users\/3"}],"replies":[{"embeddable":true,"href":"https:\/\/comunitamagnificat.org\/ro\/wp-json\/wp\/v2\/comments?post=19236"}],"version-history":[{"count":1,"href":"https:\/\/comunitamagnificat.org\/ro\/wp-json\/wp\/v2\/pages\/19236\/revisions"}],"predecessor-version":[{"id":19238,"href":"https:\/\/comunitamagnificat.org\/ro\/wp-json\/wp\/v2\/pages\/19236\/revisions\/19238"}],"wp:featuredmedia":[{"embeddable":true,"href":"https:\/\/comunitamagnificat.org\/ro\/wp-json\/wp\/v2\/media\/11014"}],"wp:attachment":[{"href":"https:\/\/comunitamagnificat.org\/ro\/wp-json\/wp\/v2\/media?parent=19236"}],"curies":[{"name":"wp","href":"https:\/\/api.w.org\/{rel}","templated":true}]}}