{"id":19251,"date":"2024-08-23T07:40:16","date_gmt":"2024-08-23T05:40:16","guid":{"rendered":"https:\/\/comunitamagnificat.org\/seminarii-pentru-cupluri-casatorite\/"},"modified":"2024-08-23T07:40:34","modified_gmt":"2024-08-23T05:40:34","slug":"seminarii-pentru-cupluri-casatorite","status":"publish","type":"page","link":"https:\/\/comunitamagnificat.org\/ro\/seminarii-pentru-cupluri-casatorite\/","title":{"rendered":"Seminarii pentru cupluri c\u0103s\u0103torite"},"content":{"rendered":"\n<div style=\"height:30px\" aria-hidden=\"true\" class=\"wp-block-spacer\"><\/div>\n\n<blockquote class=\"wp-block-quote is-layout-flow wp-block-quote-is-layout-flow\"><p><em><strong>&#8230; b\u0103rbatul<\/strong><\/em><br\/><em><strong>\u00ee\u0219i va p\u0103r\u0103si tat\u0103l \u0219i mama<\/strong><\/em><br\/><em><strong>si se va lipi de sotia sa,<\/strong><\/em><br\/><em><strong>\u0219i cei doi vor fi un singur trup<\/strong><\/em><\/p><cite><em>Geneza<\/em> 2:24<\/cite><\/blockquote>\n\n<div style=\"height:30px\" aria-hidden=\"true\" class=\"wp-block-spacer\"><\/div>\n\n<p>Majoritatea cov\u00e2r\u0219itoare a alia\u021bilor Comunit\u0103\u021bii sunt so\u021bi, astfel \u00eenc\u00e2t \u00eengrijirea sacramentului conjugal este considerat\u0103 deosebit de important\u0103.\nPornind de la con\u0219tientizarea dificult\u0103\u021bilor inevitabile \u00eent\u00e2lnite \u00een c\u0103snicie, Comunitatea a \u00eenceput s\u0103 \u00eenfiin\u021beze seminarii \u00een care rela\u021bia dintre so\u021b \u0219i so\u021bie era pus\u0103 \u00een centrul aten\u021biei, \u00eentr-un context de rug\u0103ciune \u0219i credin\u021b\u0103. <\/p>\n\n<div style=\"height:30px\" aria-hidden=\"true\" class=\"wp-block-spacer\"><\/div>\n\n<p>Aceste experien\u021be, care se r\u0103sp\u00e2ndesc \u00een prezent \u00een diferitele fraternit\u0103\u021bi, se adreseaz\u0103 nu numai celor care apar\u021bin Comunit\u0103\u021bii, ci \u0219i celor din afar\u0103.\nNu de pu\u021bine ori, parohiile se adreseaz\u0103 Comunit\u0103\u021bii pentru ajutor \u00een preg\u0103tirea candida\u021bilor la c\u0103s\u0103torie, precum \u0219i pentru a sprijini familiile care se afl\u0103 \u00een dificultate \u00een realizarea voca\u021biei lor. <\/p>\n\n<div style=\"height:50px\" aria-hidden=\"true\" class=\"wp-block-spacer\"><\/div>\n","protected":false},"excerpt":{"rendered":"<p>&#8230; b\u0103rbatul\u00ee\u0219i va p\u0103r\u0103si tat\u0103l \u0219i mamasi se va lipi de sotia sa,\u0219i cei doi vor fi un singur trup Geneza 2:24 Majoritatea cov\u00e2r\u0219itoare a alia\u021bilor Comunit\u0103\u021bii sunt so\u021bi, astfel \u00eenc\u00e2t \u00eengrijirea sacramentului conjugal este considerat\u0103 deosebit de important\u0103. Pornind de la con\u0219tientizarea dificult\u0103\u021bilor inevitabile \u00eent\u00e2lnite \u00een c\u0103snicie, Comunitatea a \u00eenceput s\u0103 \u00eenfiin\u021beze seminarii \u00een [&hellip;]<\/p>\n","protected":false},"author":3,"featured_media":11034,"parent":0,"menu_order":0,"comment_status":"closed","ping_status":"closed","template":"","meta":{"om_disable_all_campaigns":false,"_monsterinsights_skip_tracking":false,"_monsterinsights_sitenote_active":false,"_monsterinsights_sitenote_note":"","_monsterinsights_sitenote_category":0,"_uf_show_specific_survey":0,"_uf_disable_surveys":false,"footnotes":""},"class_list":["post-19251","page","type-page","status-publish","has-post-thumbnail","hentry"],"aioseo_notices":[],"_links":{"self":[{"href":"https:\/\/comunitamagnificat.org\/ro\/wp-json\/wp\/v2\/pages\/19251","targetHints":{"allow":["GET"]}}],"collection":[{"href":"https:\/\/comunitamagnificat.org\/ro\/wp-json\/wp\/v2\/pages"}],"about":[{"href":"https:\/\/comunitamagnificat.org\/ro\/wp-json\/wp\/v2\/types\/page"}],"author":[{"embeddable":true,"href":"https:\/\/comunitamagnificat.org\/ro\/wp-json\/wp\/v2\/users\/3"}],"replies":[{"embeddable":true,"href":"https:\/\/comunitamagnificat.org\/ro\/wp-json\/wp\/v2\/comments?post=19251"}],"version-history":[{"count":1,"href":"https:\/\/comunitamagnificat.org\/ro\/wp-json\/wp\/v2\/pages\/19251\/revisions"}],"predecessor-version":[{"id":19253,"href":"https:\/\/comunitamagnificat.org\/ro\/wp-json\/wp\/v2\/pages\/19251\/revisions\/19253"}],"wp:featuredmedia":[{"embeddable":true,"href":"https:\/\/comunitamagnificat.org\/ro\/wp-json\/wp\/v2\/media\/11034"}],"wp:attachment":[{"href":"https:\/\/comunitamagnificat.org\/ro\/wp-json\/wp\/v2\/media?parent=19251"}],"curies":[{"name":"wp","href":"https:\/\/api.w.org\/{rel}","templated":true}]}}