{"id":19266,"date":"2024-08-23T07:40:44","date_gmt":"2024-08-23T05:40:44","guid":{"rendered":"https:\/\/comunitamagnificat.org\/post-efuziune-si-ucenicie\/"},"modified":"2024-08-23T07:40:48","modified_gmt":"2024-08-23T05:40:48","slug":"post-efuziune-si-ucenicie","status":"publish","type":"page","link":"https:\/\/comunitamagnificat.org\/ro\/post-efuziune-si-ucenicie\/","title":{"rendered":"Post-efuziune \u0219i ucenicie"},"content":{"rendered":"\n<div style=\"height:30px\" aria-hidden=\"true\" class=\"wp-block-spacer\"><\/div>\n\n<blockquote class=\"wp-block-quote is-layout-flow wp-block-quote-is-layout-flow\"><p><em><strong>&#8230; expuse<\/strong><\/em><br\/><em><strong>cu mai mult\u0103 acurate\u021be<\/strong><\/em><br\/><em><strong>calea lui Dumnezeu<\/strong><\/em><\/p><cite><em>Faptele apostolilor<\/em> 18, 26b<\/cite><\/blockquote>\n\n<div style=\"height:30px\" aria-hidden=\"true\" class=\"wp-block-spacer\"><\/div>\n\n<p>Celor care au avut experien\u021ba rev\u0103rs\u0103rii Duhului \u00eentr-un seminar animat de Comunitate li se cere &#8211; aproape \u00eentotdeauna &#8211; o perioad\u0103 de timp \u00een care s\u0103 devin\u0103 mai con\u0219tien\u021bi de noutatea pe care au \u00eent\u00e2lnit-o.<\/p>\n\n<div style=\"height:30px\" aria-hidden=\"true\" class=\"wp-block-spacer\"><\/div>\n\n<p>Adesea, ace\u0219tia sunt <em>neofiti<\/em>, adic\u0103 oameni care nu provin dintr-o via\u021b\u0103 de credin\u021b\u0103.\nPrin urmare, ace\u0219tia au nevoie s\u0103 fie \u00eenso\u021bi\u021bi, dac\u0103 doresc acest lucru, pe o cale de aprofundare a \u00een\u021belegerii cre\u0219tinismului care s\u0103 \u00eei ajute s\u0103 se \u00eenr\u0103d\u0103cineze \u00een Hristos. <\/p>\n\n<div style=\"height:30px\" aria-hidden=\"true\" class=\"wp-block-spacer\"><\/div>\n\n<p>Dup\u0103 mul\u021bi ani de experien\u021b\u0103 \u00een domeniu, Comunitatea a structurat trasee care sunt oferite la sf\u00e2r\u0219itul seminarului New Life.<\/p>\n\n<div style=\"height:30px\" aria-hidden=\"true\" class=\"wp-block-spacer\"><\/div>\n\n<p><strong>Post-efuziune<\/strong><\/p>\n\n<p>Aceast\u0103 prim\u0103 cale se nume\u0219te &#8222;Via\u021ba nou\u0103 \u00een Hristos&#8221; \u0219i dureaz\u0103 aproximativ trei-patru luni, timp \u00een care, cu ajutorul unor animatori, participan\u021bii primesc unele \u00eenv\u0103\u021b\u0103turi pornind de la citirea textelor unor minuni povestite de evangheli\u0219ti, care reprezint\u0103 icoane ale schimb\u0103rii de via\u021b\u0103 care are loc pentru oricine experimenteaz\u0103 iubirea lui Dumnezeu \u00een Isus Hristos.<\/p>\n\n<div style=\"height:30px\" aria-hidden=\"true\" class=\"wp-block-spacer\"><\/div>\n\n<p>Diferitele cateheze &#8211; \u0219i celelalte momente propuse \u00een aceste \u00eent\u00e2lniri post-efuziune &#8211; \u00eei ajut\u0103 pe fra\u021bi s\u0103 con\u0219tientizeze ceea ce s-a \u00eent\u00e2mplat \u00een ei \u00een timpul Seminarului de via\u021b\u0103 nou\u0103 \u00een Duh \u0219i mai ales dup\u0103 rug\u0103ciunea de efuziune.<\/p>\n\n<div style=\"height:30px\" aria-hidden=\"true\" class=\"wp-block-spacer\"><\/div>\n\n<p>\u00cen acela\u0219i timp, particularitatea Rug\u0103ciunii Charismatice Comunitare este, de asemenea, aprofundat\u0103, astfel \u00eenc\u00e2t s\u0103 poat\u0103 fi \u00een\u021beleas\u0103 \u0219i &#8211; dac\u0103 se dore\u0219te &#8211; tr\u0103it\u0103.<\/p>\n\n<div style=\"height:30px\" aria-hidden=\"true\" class=\"wp-block-spacer\"><\/div>\n\n<p>Obiectivele acestui traseu sunt urm\u0103toarele<\/p>\n\n<div style=\"height:30px\" aria-hidden=\"true\" class=\"wp-block-spacer\"><\/div>\n\n<p>&#8211; devin con\u0219tien\u021bi de ceea ce s-a \u00eent\u00e2mplat cu efuziunea;<\/p>\n\n<p>&#8211; \u00eencep s\u0103 &#8222;intre&#8221; \u00een spiritualitatea carismatic\u0103;<\/p>\n\n<p>&#8211; \u00eencep s\u0103 &#8222;exercite&#8221; carismele;<\/p>\n\n<p>&#8211; s\u0103 \u00eenceap\u0103 s\u0103 participe activ la rug\u0103ciunea carismatic comunitar\u0103;<\/p>\n\n<p>&#8211; devin treptat parte a vie\u021bii Fraternit\u0103\u021bii.<\/p>\n\n<div style=\"height:30px\" aria-hidden=\"true\" class=\"wp-block-spacer\"><\/div>\n\n<p><strong>Discipolat<\/strong><\/p>\n\n<p>Aceast\u0103 a doua cale &#8211; propus\u0103 celor care au tr\u0103it experien\u021ba efuziunii \u0219i a post-efuziunii &#8211; are o durat\u0103 mult mai lung\u0103, nu mai pu\u021bin de doi ani \u0219i jum\u0103tate, \u0219i este caracterizat\u0103 de patru etape, toate viz\u00e2nd o cunoa\u0219tere progresiv\u0103 a cre\u0219tinismului \u0219i inser\u021bia \u00een via\u021ba Bisericii, a comunit\u0103\u021bii cre\u0219tine \u0219i nu neap\u0103rat a Comunit\u0103\u021bii Magnificat.<\/p>\n\n<div style=\"height:30px\" aria-hidden=\"true\" class=\"wp-block-spacer\"><\/div>\n\n<p>Etapa I: <strong><em>Devenirea discipolilor Maestrului<\/em><\/strong><\/p>\n\n<p>\u00cen acest timp, sub \u00eendrumarea animatorilor comunitari, fra\u021bii \u0219i surorile sunt condu\u0219i spre un punct de cotitur\u0103 \u00een c\u0103l\u0103toria lor: dup\u0103 ce au f\u0103cut \u00eent\u00e2lnirea cu Hristos, pentru ei poate \u00eencepe ceea ce urmeaz\u0103.<\/p>\n\n<p>Prin urmare, \u00eentreaga etap\u0103 tinde spre un singur scop: \u00eencurajarea fra\u021bilor s\u0103 aleag\u0103 s\u0103 se \u00eenscrie \u00een \u0219coala lui Isus.\nToate \u00eent\u00e2lnirile din scen\u0103 sunt centrate pe frumuse\u021bea persoanei lui Isus care cheam\u0103 discipolii, \u00eendemn\u00e2ndu-i s\u0103 nu se team\u0103 \u00een fa\u021ba condi\u021biilor pe care le pune, pentru c\u0103 El este un maestru care nu dezam\u0103ge\u0219te \u0219i care r\u0103spl\u0103te\u0219te de o sut\u0103 de ori \u0219i mai mult fiecare renun\u021bare f\u0103cut\u0103 \u00een numele s\u0103u. <\/p>\n\n<div style=\"height:30px\" aria-hidden=\"true\" class=\"wp-block-spacer\"><\/div>\n\n<p>Etapa II: <strong><em>Evanghelia \u00cemp\u0103r\u0103\u021biei<\/em><\/strong><\/p>\n\n<p>Prin ascultarea Evangheliei \u0219i, \u00een special, a unora dintre parabolele pe care Iisus le-a spus mul\u021bimilor (explicate ulterior ucenicilor), este prezentat miezul \u00eenv\u0103\u021b\u0103turii lui Iisus despre m\u00e2ntuire.<\/p>\n\n<p>\u00centr-o atmosfer\u0103 care devine din ce \u00een ce mai fratern\u0103, grupul de discipoli \u00eenva\u021b\u0103 treptat s\u0103 creasc\u0103 \u00eempreun\u0103, s\u0103 \u00eemp\u0103rt\u0103\u0219easc\u0103 c\u0103l\u0103toria lor cu ceilal\u021bi.<\/p>\n\n<div style=\"height:30px\" aria-hidden=\"true\" class=\"wp-block-spacer\"><\/div>\n\n<p>Etapa III: <strong><em>Ucenicii Maestrului<\/em><\/strong><\/p>\n\n<p>\u00cen aceast\u0103 a treia etap\u0103, participan\u021bii fac cuno\u0219tin\u021b\u0103 cu unii dintre discipolii lui Iisus men\u021biona\u021bi \u00een Evanghelii: <em>Maria din Nazaret<\/em>, <em>Maria din Betania<\/em>, <em>Zaheu<\/em>, <em>Iosif din Arimateea<\/em>&#8230;<\/p>\n\n<p>Prin prezentarea acestor figuri, fra\u021bii \u0219i surorile sunt ajuta\u021bi s\u0103 ia \u00een considerare r\u0103spunsul pe care aceste figuri l-au dat la chemarea Domnului, pentru a primi inspira\u021bie, m\u0103rturie \u0219i \u00eencurajare.\n\u00cen fiecare figur\u0103 prezentat\u0103, este eviden\u021biat\u0103 o virtute cre\u0219tin\u0103, propus\u0103 ca punct de convertire pentru to\u021bi participan\u021bii. <\/p>\n\n<div style=\"height:30px\" aria-hidden=\"true\" class=\"wp-block-spacer\"><\/div>\n\n<p>Etapa IV: <strong><em>Comunitatea de ucenici<\/em><\/strong><\/p>\n\n<p>Aceast\u0103 ultim\u0103 etap\u0103 reprezint\u0103 o schimbare de orizont pentru a le oferi discipolilor o nou\u0103 perspectiv\u0103, cea a fra\u021bilor \u0219i surorilor care fac aceea\u0219i c\u0103l\u0103torie cu ei.<\/p>\n\n<p>\u00cen aceast\u0103 etap\u0103, discipolul trebuie s\u0103 se \u00eentrebe: &#8222;Cine sunt ei pentru mine? Cine sunt eu pentru ei?&#8221;.\nEtapa r\u0103spunde la aceste \u00eentreb\u0103ri afirm\u00e2nd c\u0103 Biblia ne prezint\u0103 voin\u021ba lui Dumnezeu pentru oamenii care au acceptat credin\u021ba \u00een Isus, \u0219i anume, s\u0103 fac\u0103 din ei <em>un singur trup<\/em>, cel al lui Isus. <\/p>\n\n<p>Etapa este caracterizat\u0103 de o introducere general\u0103 privind chemarea de a tr\u0103i \u00een Biseric\u0103 \u0219i de o aprofundare a specificului celor patru piloni pe care se bazeaz\u0103 via\u021ba comunitar\u0103 cre\u0219tin\u0103: comuniunea fratern\u0103, Euharistia, ascultarea Cuv\u00e2ntului lui Dumnezeu \u0219i rug\u0103ciunea.<\/p>\n\n<div style=\"height:30px\" aria-hidden=\"true\" class=\"wp-block-spacer\"><\/div>\n\n<p><strong>\u00cen Biseric\u0103<\/strong> La sf\u00e2r\u0219itul c\u0103l\u0103toriei uceniciei, fra\u021bii \u0219i surorile care au parcurs-o sunt invita\u021bi s\u0103 decid\u0103 acum s\u0103 se implice activ \u00een comunitatea cre\u0219tin\u0103 \u00een care se simt chema\u021bi de Domnul s\u0103 \u00ee\u0219i aduc\u0103 contribu\u021bia ca <em>persoane noi<\/em>, con\u0219tien\u021bi c\u0103 au<em>&#8222;o manifestare special\u0103 a Duhului pentru binele comun<\/em>&#8222;<em>(1 Corinteni<\/em> 12:7) de oferit Bisericii.<\/p>\n\n<div style=\"height:50px\" aria-hidden=\"true\" class=\"wp-block-spacer\"><\/div>\n\n<p><\/p>\n","protected":false},"excerpt":{"rendered":"<p>&#8230; expusecu mai mult\u0103 acurate\u021becalea lui Dumnezeu Faptele apostolilor 18, 26b Celor care au avut experien\u021ba rev\u0103rs\u0103rii Duhului \u00eentr-un seminar animat de Comunitate li se cere &#8211; aproape \u00eentotdeauna &#8211; o perioad\u0103 de timp \u00een care s\u0103 devin\u0103 mai con\u0219tien\u021bi de noutatea pe care au \u00eent\u00e2lnit-o. Adesea, ace\u0219tia sunt neofiti, adic\u0103 oameni care nu provin [&hellip;]<\/p>\n","protected":false},"author":3,"featured_media":11026,"parent":0,"menu_order":0,"comment_status":"closed","ping_status":"closed","template":"","meta":{"om_disable_all_campaigns":false,"_monsterinsights_skip_tracking":false,"_monsterinsights_sitenote_active":false,"_monsterinsights_sitenote_note":"","_monsterinsights_sitenote_category":0,"_uf_show_specific_survey":0,"_uf_disable_surveys":false,"footnotes":""},"class_list":["post-19266","page","type-page","status-publish","has-post-thumbnail","hentry"],"aioseo_notices":[],"_links":{"self":[{"href":"https:\/\/comunitamagnificat.org\/ro\/wp-json\/wp\/v2\/pages\/19266","targetHints":{"allow":["GET"]}}],"collection":[{"href":"https:\/\/comunitamagnificat.org\/ro\/wp-json\/wp\/v2\/pages"}],"about":[{"href":"https:\/\/comunitamagnificat.org\/ro\/wp-json\/wp\/v2\/types\/page"}],"author":[{"embeddable":true,"href":"https:\/\/comunitamagnificat.org\/ro\/wp-json\/wp\/v2\/users\/3"}],"replies":[{"embeddable":true,"href":"https:\/\/comunitamagnificat.org\/ro\/wp-json\/wp\/v2\/comments?post=19266"}],"version-history":[{"count":1,"href":"https:\/\/comunitamagnificat.org\/ro\/wp-json\/wp\/v2\/pages\/19266\/revisions"}],"predecessor-version":[{"id":19267,"href":"https:\/\/comunitamagnificat.org\/ro\/wp-json\/wp\/v2\/pages\/19266\/revisions\/19267"}],"wp:featuredmedia":[{"embeddable":true,"href":"https:\/\/comunitamagnificat.org\/ro\/wp-json\/wp\/v2\/media\/11026"}],"wp:attachment":[{"href":"https:\/\/comunitamagnificat.org\/ro\/wp-json\/wp\/v2\/media?parent=19266"}],"curies":[{"name":"wp","href":"https:\/\/api.w.org\/{rel}","templated":true}]}}