{"id":19268,"date":"2024-08-23T07:40:51","date_gmt":"2024-08-23T05:40:51","guid":{"rendered":"https:\/\/comunitamagnificat.org\/statutul-intre-2013-si-2023\/"},"modified":"2024-08-23T07:41:19","modified_gmt":"2024-08-23T05:41:19","slug":"statutul-intre-2013-si-2023","status":"publish","type":"page","link":"https:\/\/comunitamagnificat.org\/ro\/statutul-intre-2013-si-2023\/","title":{"rendered":"Statutul \u00eentre 2013 \u0219i 2023"},"content":{"rendered":"\n<div style=\"height:30px\" aria-hidden=\"true\" class=\"wp-block-spacer\"><\/div>\n\n<blockquote class=\"wp-block-quote is-layout-flow wp-block-quote-is-layout-flow\">\n<p><em><strong>C\u00e2t despre mine \u0219i casa mea<\/strong><\/em><br\/><em><strong>vom sluji Domnului<\/strong><\/em><\/p>\n<cite><em>Iosua<\/em> 24, 15<\/cite><\/blockquote>\n\n<div style=\"height:30px\" aria-hidden=\"true\" class=\"wp-block-spacer\"><\/div>\n\n<p><strong>\u00centre 2013 \u0219i 2020<\/strong>, Comunitatea, datorit\u0103 cre\u0219terii \u0219i interna\u021bionaliz\u0103rii sale, la \u00eendemnul Monseniorului Gualtiero Bassetti, Arhiepiscop de Perugia, a \u00eenceput <strong>un dialog cu <em>Consiliul Pontifical pentru Laici<\/em>, pentru a fi recunoscut\u0103 mai degrab\u0103 de Vatican dec\u00e2t de un organism diecezan.<\/strong><\/p>\n\n<div style=\"height:30px\" aria-hidden=\"true\" class=\"wp-block-spacer\"><\/div>\n\n<p>O nou\u0103 comisie a fost \u00eenfiin\u021bat\u0103 pentru a lucra pe scar\u0103 larg\u0103 \u0219i cu implicarea tuturor alia\u021bilor.\nLa sf\u00e2r\u0219itul acestui lung proces de reflec\u021bie, \u00een toamna anului <strong>2020<\/strong>, <strong>Comunitatea a \u00eenaintat un text de statut spre aprobare de c\u0103tre <em>Dicasterul pentru Laici, Familie \u0219i Via\u021b\u0103<\/em><\/strong>, care a \u00eenlocuit fostul <em>Consiliu Pontifical<\/em>. <\/p>\n\n<div style=\"height:30px\" aria-hidden=\"true\" class=\"wp-block-spacer\"><\/div>\n\n<p>\u00cen <strong>2021<\/strong>, a fost stabilit un dialog \u00eentre Comunitate \u0219i <em>Dicaster <\/em>pentru aprobarea final\u0103 a Comunit\u0103\u021bii \u0219i a statutului s\u0103u.<\/p>\n\n<div style=\"height:30px\" aria-hidden=\"true\" class=\"wp-block-spacer\"><\/div>\n\n<p>\u00cen <strong>mai 2023<\/strong>, cardinalul Kevin J. Farrell, prefectul <em>Dicasterului pentru Laici, Familie \u0219i Via\u021b\u0103<\/em>, a anun\u021bat c\u0103<strong> proiectul de statut <\/strong>examinat de <em>Dicasterul pentru Doctrina Credin\u021bei<\/em> <strong>nu a relevat nicio problem\u0103 doctrinar\u0103<\/strong>.<\/p>\n\n<div style=\"height:30px\" aria-hidden=\"true\" class=\"wp-block-spacer\"><\/div>\n\n<p>La <strong>19 octombrie 2023<\/strong>, cardinalul Farrell, \u00eentr-o scrisoare adresat\u0103 moderatoarei generale Maria Rita Castellani, a informat Comunitatea c\u0103<strong> Dicasterul pe care \u00eel prezida a decis s\u0103 procedeze la recunoa\u0219terea Comunit\u0103\u021bii Magnificat ca asocia\u021bie interna\u021bional\u0103 a credincio\u0219ilor<\/strong>, <strong>aprob\u00e2ndu-i statutele<\/strong>, <em>ad experimentum<\/em>, pentru cinci ani.<\/p>\n\n<div style=\"height:30px\" aria-hidden=\"true\" class=\"wp-block-spacer\"><\/div>\n\n<div class=\"wp-block-columns is-layout-flex wp-container-core-columns-is-layout-9d6595d7 wp-block-columns-is-layout-flex\">\n<div class=\"wp-block-column is-layout-flow wp-block-column-is-layout-flow\">\n<figure class=\"wp-block-embed is-type-video is-provider-youtube wp-block-embed-youtube wp-embed-aspect-16-9 wp-has-aspect-ratio\"><div class=\"wp-block-embed__wrapper\"> \n<iframe loading=\"lazy\" title=\"Positivamente concluso l&#039;iter di approvazione dello Statuto della Comunit\u00e0!\" width=\"500\" height=\"281\" src=\"https:\/\/www.youtube.com\/embed\/H5K0gZ0H3Wo?feature=oembed\" frameborder=\"0\" allow=\"accelerometer; autoplay; clipboard-write; encrypted-media; gyroscope; picture-in-picture; web-share\" referrerpolicy=\"strict-origin-when-cross-origin\" allowfullscreen><\/iframe>\n <\/div><\/figure>\n<\/div>\n<\/div>\n\n<div style=\"height:30px\" aria-hidden=\"true\" class=\"wp-block-spacer\"><\/div>\n\n<p>\u00cen Solemnitatea Imaculatei Concep\u021bii a Sfintei Fecioare Maria, <strong>8 decembrie 2023<\/strong>, <strong>Decretul de aprobare a fost semnat<\/strong> de Cardinalul Kevin Farrell, Prefect al <em>Dicasterului pentru Laici, Familie \u0219i Via\u021b\u0103<\/em>.<\/p>\n\n<div style=\"height:30px\" aria-hidden=\"true\" class=\"wp-block-spacer\"><\/div>\n<div class=\"wp-block-image\">\n<figure class=\"aligncenter size-full\"><picture data-lightbox=\"\"><img decoding=\"async\" src=\"https:\/\/comunitamagnificat.org\/wp-content\/uploads\/2024\/01\/Farrell.jpeg\" alt=\"\" class=\"wp-image-10130\"\/><\/picture><figcaption class=\"wp-element-caption\">Eminen\u021ba Sa, Cardinalul Kevin J. Farrell, Prefect al <em>Dicasterului pentru Laici, Familie \u0219i Via\u021b\u0103<\/em>.<\/figcaption><\/figure>\n<\/div>\n<p class=\"has-text-align-center has-text-color has-link-color wp-elements-17dddadf5c8a9c975c6693d206a80d33\" style=\"color:#950c0c\"><\/p>\n\n<div style=\"height:50px\" aria-hidden=\"true\" class=\"wp-block-spacer\"><\/div>\n\n<p><\/p>\n","protected":false},"excerpt":{"rendered":"<p>C\u00e2t despre mine \u0219i casa meavom sluji Domnului Iosua 24, 15 \u00centre 2013 \u0219i 2020, Comunitatea, datorit\u0103 cre\u0219terii \u0219i interna\u021bionaliz\u0103rii sale, la \u00eendemnul Monseniorului Gualtiero Bassetti, Arhiepiscop de Perugia, a \u00eenceput un dialog cu Consiliul Pontifical pentru Laici, pentru a fi recunoscut\u0103 mai degrab\u0103 de Vatican dec\u00e2t de un organism diecezan. O nou\u0103 comisie a [&hellip;]<\/p>\n","protected":false},"author":3,"featured_media":11306,"parent":0,"menu_order":0,"comment_status":"closed","ping_status":"closed","template":"","meta":{"om_disable_all_campaigns":false,"_monsterinsights_skip_tracking":false,"_monsterinsights_sitenote_active":false,"_monsterinsights_sitenote_note":"","_monsterinsights_sitenote_category":0,"_uf_show_specific_survey":0,"_uf_disable_surveys":false,"footnotes":""},"class_list":["post-19268","page","type-page","status-publish","has-post-thumbnail","hentry"],"aioseo_notices":[],"_links":{"self":[{"href":"https:\/\/comunitamagnificat.org\/ro\/wp-json\/wp\/v2\/pages\/19268","targetHints":{"allow":["GET"]}}],"collection":[{"href":"https:\/\/comunitamagnificat.org\/ro\/wp-json\/wp\/v2\/pages"}],"about":[{"href":"https:\/\/comunitamagnificat.org\/ro\/wp-json\/wp\/v2\/types\/page"}],"author":[{"embeddable":true,"href":"https:\/\/comunitamagnificat.org\/ro\/wp-json\/wp\/v2\/users\/3"}],"replies":[{"embeddable":true,"href":"https:\/\/comunitamagnificat.org\/ro\/wp-json\/wp\/v2\/comments?post=19268"}],"version-history":[{"count":1,"href":"https:\/\/comunitamagnificat.org\/ro\/wp-json\/wp\/v2\/pages\/19268\/revisions"}],"predecessor-version":[{"id":19270,"href":"https:\/\/comunitamagnificat.org\/ro\/wp-json\/wp\/v2\/pages\/19268\/revisions\/19270"}],"wp:featuredmedia":[{"embeddable":true,"href":"https:\/\/comunitamagnificat.org\/ro\/wp-json\/wp\/v2\/media\/11306"}],"wp:attachment":[{"href":"https:\/\/comunitamagnificat.org\/ro\/wp-json\/wp\/v2\/media?parent=19268"}],"curies":[{"name":"wp","href":"https:\/\/api.w.org\/{rel}","templated":true}]}}