{"id":19281,"date":"2024-08-23T07:41:17","date_gmt":"2024-08-23T05:41:17","guid":{"rendered":"https:\/\/comunitamagnificat.org\/regula-de-viata-din-2004\/"},"modified":"2024-08-23T07:41:20","modified_gmt":"2024-08-23T05:41:20","slug":"regula-de-viata-din-2004","status":"publish","type":"page","link":"https:\/\/comunitamagnificat.org\/ro\/regula-de-viata-din-2004\/","title":{"rendered":"Regula de via\u021b\u0103 din 2004"},"content":{"rendered":"\n<div style=\"height:30px\" aria-hidden=\"true\" class=\"wp-block-spacer\"><\/div>\n\n<blockquote class=\"wp-block-quote is-layout-flow wp-block-quote-is-layout-flow\"><p><em><strong>Nu spune: &#8222;Sunt t\u00e2n\u0103r.<\/strong><\/em><br\/><em><strong>S\u0103 te duci la to\u021bi cei la care te trimit eu<\/strong><\/em><br\/><em><strong>\u0218i s\u0103 spui tot ce-\u021bi poruncesc<\/strong><\/em><\/p><cite><em>Ieremia<\/em> 1, 7<\/cite><\/blockquote>\n\n<div style=\"height:30px\" aria-hidden=\"true\" class=\"wp-block-spacer\"><\/div>\n\n<div class=\"wp-block-image\"><figure class=\"aligncenter size-large is-resized\"><picture data-lightbox=\"https:\/\/comunitamagnificat.org\/wp-content\/uploads\/2021\/04\/2003.jpg\"><source type='image\/jpeg' srcset='https:\/\/comunitamagnificat.org\/wp-content\/uploads\/2021\/04\/2003.jpg 1748w, https:\/\/comunitamagnificat.org\/wp-content\/uploads\/2021\/04\/2003-211x300.jpg 211w, https:\/\/comunitamagnificat.org\/wp-content\/uploads\/2021\/04\/2003-722x1024.jpg 722w, https:\/\/comunitamagnificat.org\/wp-content\/uploads\/2021\/04\/2003-768x1090.jpg 768w, https:\/\/comunitamagnificat.org\/wp-content\/uploads\/2021\/04\/2003-1083x1536.jpg 1083w, https:\/\/comunitamagnificat.org\/wp-content\/uploads\/2021\/04\/2003-1444x2048.jpg 1444w' sizes='(max-width: 1748px) 100vw, 1748px' \/><img loading=\"lazy\" decoding=\"async\" src=\"https:\/\/comunitamagnificat.org\/wp-content\/uploads\/2021\/04\/2003-722x1024.jpg\" alt=\"\" class=\"wp-image-740\" width=\"418\" height=\"593\"\/><\/picture><figcaption><em>Decretul de aprobare al Monseniorului Chiaretti<\/em><\/figcaption><\/figure><\/div>\n\n<div style=\"height:30px\" aria-hidden=\"true\" class=\"wp-block-spacer\"><\/div>\n\n<p>\u00cen 2003, arhiepiscopul Giuseppe Chiaretti de Perugia a \u00eenfiin\u021bat o nou\u0103 comisie de revizuire a statutului.\nLa 24 decembrie 2004, activitatea de revizuire &#8211; \u00een ciuda numeroaselor dificult\u0103\u021bi care au cauzat, de asemenea, separarea unui domeniu &#8211; s-a \u00eencheiat cu aprobarea oficial\u0103 a noului text. <\/p>\n\n<div style=\"height:30px\" aria-hidden=\"true\" class=\"wp-block-spacer\"><\/div>\n\n<p>Aici este fi\u0219ierul pdf al Regulii de via\u021b\u0103 aprobate de Monseniorul Chiaretti:<\/p>\n\n<div style=\"height:30px\" aria-hidden=\"true\" class=\"wp-block-spacer\"><\/div>\n\n<div class=\"wp-block-file aligncenter\"><a href=\"https:\/\/comunitamagnificat.org\/wp-content\/uploads\/2021\/04\/Regola-di-Vita-24-dicembre-2003.pdf\"><strong>Regula vie\u021bii &#8211; 24 decembrie 2003<\/strong><\/a><a href=\"https:\/\/comunitamagnificat.org\/wp-content\/uploads\/2021\/04\/Regola-di-Vita-24-dicembre-2003.pdf\" class=\"wp-block-file__button\" download=\"\">Desc\u0103rcare<\/a><\/div>\n\n<div style=\"height:30px\" aria-hidden=\"true\" class=\"wp-block-spacer\"><\/div>\n\n<p>Aceasta este \u00eenregistrarea audio a discursului pe care l-a rostit \u00een fa\u021ba comunit\u0103\u021bii reunite la Conven\u021bia general\u0103 de la Montesilvano \u00een ianuarie anul urm\u0103tor, c\u00e2nd a \u00eenm\u00e2nat noul statut:<\/p>\n\n<div style=\"height:30px\" aria-hidden=\"true\" class=\"wp-block-spacer\"><\/div>\n\n<div class=\"wp-block-columns is-layout-flex wp-container-core-columns-is-layout-9d6595d7 wp-block-columns-is-layout-flex\">\n<div class=\"wp-block-column is-layout-flow wp-block-column-is-layout-flow\" style=\"flex-basis:15%\"><\/div>\n\n\n\n<div class=\"wp-block-column is-layout-flow wp-block-column-is-layout-flow\">\n<figure class=\"wp-block-audio\"><audio controls=\"\" src=\"https:\/\/comunitamagnificat.org\/wp-content\/uploads\/2021\/04\/Monsignor-Giuseppe-Chiaretti-alla-Comunita-4-gennaio-2005.mp3\"><\/audio><\/figure>\n<\/div>\n\n\n\n<div class=\"wp-block-column is-layout-flow wp-block-column-is-layout-flow\" style=\"flex-basis:15%\"><\/div>\n<\/div>\n\n<div style=\"height:50px\" aria-hidden=\"true\" class=\"wp-block-spacer\"><\/div>\n\n<p><\/p>\n","protected":false},"excerpt":{"rendered":"<p>Nu spune: &#8222;Sunt t\u00e2n\u0103r.S\u0103 te duci la to\u021bi cei la care te trimit eu\u0218i s\u0103 spui tot ce-\u021bi poruncesc Ieremia 1, 7 \u00cen 2003, arhiepiscopul Giuseppe Chiaretti de Perugia a \u00eenfiin\u021bat o nou\u0103 comisie de revizuire a statutului. La 24 decembrie 2004, activitatea de revizuire &#8211; \u00een ciuda numeroaselor dificult\u0103\u021bi care au cauzat, de asemenea, [&hellip;]<\/p>\n","protected":false},"author":3,"featured_media":10930,"parent":0,"menu_order":0,"comment_status":"closed","ping_status":"closed","template":"","meta":{"om_disable_all_campaigns":false,"_monsterinsights_skip_tracking":false,"_monsterinsights_sitenote_active":false,"_monsterinsights_sitenote_note":"","_monsterinsights_sitenote_category":0,"_uf_show_specific_survey":0,"_uf_disable_surveys":false,"footnotes":""},"class_list":["post-19281","page","type-page","status-publish","has-post-thumbnail","hentry"],"aioseo_notices":[],"_links":{"self":[{"href":"https:\/\/comunitamagnificat.org\/ro\/wp-json\/wp\/v2\/pages\/19281","targetHints":{"allow":["GET"]}}],"collection":[{"href":"https:\/\/comunitamagnificat.org\/ro\/wp-json\/wp\/v2\/pages"}],"about":[{"href":"https:\/\/comunitamagnificat.org\/ro\/wp-json\/wp\/v2\/types\/page"}],"author":[{"embeddable":true,"href":"https:\/\/comunitamagnificat.org\/ro\/wp-json\/wp\/v2\/users\/3"}],"replies":[{"embeddable":true,"href":"https:\/\/comunitamagnificat.org\/ro\/wp-json\/wp\/v2\/comments?post=19281"}],"version-history":[{"count":1,"href":"https:\/\/comunitamagnificat.org\/ro\/wp-json\/wp\/v2\/pages\/19281\/revisions"}],"predecessor-version":[{"id":19283,"href":"https:\/\/comunitamagnificat.org\/ro\/wp-json\/wp\/v2\/pages\/19281\/revisions\/19283"}],"wp:featuredmedia":[{"embeddable":true,"href":"https:\/\/comunitamagnificat.org\/ro\/wp-json\/wp\/v2\/media\/10930"}],"wp:attachment":[{"href":"https:\/\/comunitamagnificat.org\/ro\/wp-json\/wp\/v2\/media?parent=19281"}],"curies":[{"name":"wp","href":"https:\/\/api.w.org\/{rel}","templated":true}]}}