{"id":19284,"date":"2024-08-23T07:41:22","date_gmt":"2024-08-23T05:41:22","guid":{"rendered":"https:\/\/comunitamagnificat.org\/seminar-de-viata-noua-in-duhul-sfant\/"},"modified":"2024-08-23T07:41:35","modified_gmt":"2024-08-23T05:41:35","slug":"seminar-de-viata-noua-in-duhul-sfant","status":"publish","type":"page","link":"https:\/\/comunitamagnificat.org\/ro\/seminar-de-viata-noua-in-duhul-sfant\/","title":{"rendered":"Seminar de via\u021b\u0103 nou\u0103 \u00een Duhul Sf\u00e2nt"},"content":{"rendered":"\n<div style=\"height:30px\" aria-hidden=\"true\" class=\"wp-block-spacer\"><\/div>\n\n<blockquote class=\"wp-block-quote is-layout-flow wp-block-quote-is-layout-flow\"><p><em><strong>Petru \u00eenc\u0103 spunea aceste lucruri,<\/strong><\/em><br\/><em><strong>c\u00e2nd Duhul Sf\u00e2nt<\/strong><\/em><br\/><em><strong>s-a pogor\u00e2t peste to\u021bi cei<\/strong><\/em><br\/><em><strong>care ascultau Cuv\u00e2ntul<\/strong><\/em><\/p><cite><em>Faptele apostolilor<\/em> 10, 44<\/cite><\/blockquote>\n\n<div style=\"height:30px\" aria-hidden=\"true\" class=\"wp-block-spacer\"><\/div>\n\n<p>Comunitatea Magnificat, \u00een propria sa experien\u021b\u0103 de evanghelizare, a v\u0103zut scene care s-au repetat de multe ori, cum ar fi cea care a avut loc \u00een casa lui Corneliu \u00een prezen\u021ba lui Petru care predica<em>(Fapte<\/em> 10:34-48) sau cea care a avut loc dup\u0103 proclamarea lui Pavel \u00een Efes<em>(Fapte<\/em> 19:1-7), c\u00e2nd Duhul Sf\u00e2nt s-a cobor\u00e2t \u00eentr-un mod vizibil peste cei care ascultau Cuv\u00e2ntul.<\/p>\n\n<div style=\"height:30px\" aria-hidden=\"true\" class=\"wp-block-spacer\"><\/div>\n\n<p>Tocmai <em>Seminarul Vie\u021bii Noi \u00een Duhul Sf\u00e2nt<\/em> este cel care, \u00een marea majoritate a cazurilor, permite Domnului s\u0103 \u00ce\u0219i reverse dragostea asupra celor care particip\u0103 la el.<\/p>\n\n<div style=\"height:30px\" aria-hidden=\"true\" class=\"wp-block-spacer\"><\/div>\n\n<p>Seminarul este un timp \u00een care Dumnezeu face o lucrare minunat\u0103 de rena\u0219tere pentru at\u00e2t de mul\u021bi fra\u021bi \u0219i surori.<\/p>\n\n<div style=\"height:30px\" aria-hidden=\"true\" class=\"wp-block-spacer\"><\/div>\n\n<p>Isus, vorbind cu Nicodim \u00een noaptea \u00een care s-au \u00eent\u00e2lnit, la \u00eentrebarea acestuia: &#8222;Cum se poate na\u0219te un om c\u00e2nd este b\u0103tr\u00e2n?&#8221;, a r\u0103spuns: &#8222;Adev\u0103rat, adev\u0103rat \u00ee\u021bi spun, dac\u0103 cineva nu se na\u0219te din ap\u0103 \u0219i din Duh, nu poate intra \u00een \u00cemp\u0103r\u0103\u021bia lui Dumnezeu&#8221; (cf. <em>Ioan<\/em> 3: 4-8).<\/p>\n\n<div style=\"height:30px\" aria-hidden=\"true\" class=\"wp-block-spacer\"><\/div>\n\n<p>\u00cennoirea carismatic\u0103, de la apari\u021bia sa \u00een Biserica Catolic\u0103, a devenit, \u00eentr-un fel, o m\u0103rturie privilegiat\u0103 a acestei noi na\u0219teri, pe care Dumnezeu o realizeaz\u0103 printr-un instrument simplu, pus \u00een m\u00e2inile unor oameni s\u0103raci, \u00eenzestra\u021bi cu o caracteristic\u0103 indispensabil\u0103, care au tr\u0103it aceea\u0219i experien\u021b\u0103.\nInstrumentul este <em>Seminarul de via\u021b\u0103 nou\u0103 \u00een Duhul Sf\u00e2nt<\/em>, s\u0103racii sunt \u0219i membrii comunit\u0103\u021bii, experien\u021ba este aceea de a fi cople\u0219it de \u00eens\u0103\u0219i iubirea lui Dumnezeu: Duhul Sf\u00e2nt. <\/p>\n\n<div style=\"height:30px\" aria-hidden=\"true\" class=\"wp-block-spacer\"><\/div>\n\n<p>Experien\u021ba rev\u0103rs\u0103rii Duhului Sf\u00e2nt este o condi\u021bie indispensabil\u0103 pentru a face parte din Comunitatea Magnificat.<\/p>\n\n<div style=\"height:30px\" aria-hidden=\"true\" class=\"wp-block-spacer\"><\/div>\n\n<p><strong>Structura <\/strong><strong><em>seminar<\/em><\/strong><strong><\/strong><\/p>\n\n<p>De-a lungul multor ani, Comunitatea a creat sute \u0219i sute de seminarii, folosind multe formule diferite, de la cursul s\u0103pt\u0103m\u00e2nal care dureaz\u0103 aproximativ trei luni la cele reziden\u021biale de trei zile, dar ceea ce o diferen\u021biaz\u0103 cu adev\u0103rat este structura sa fundamental\u0103: o proclamare fundamental\u0103 a credin\u021bei \u0219i o rug\u0103ciune pentru ca oamenii s\u0103 primeasc\u0103 rev\u0103rsarea Duhului.<\/p>\n\n<div style=\"height:30px\" aria-hidden=\"true\" class=\"wp-block-spacer\"><\/div>\n\n<p>Temele care sunt anun\u021bate \u00eentr-un mod simplu \u0219i vesel sunt cele ale <em>kerygma<\/em>:<\/p>\n\n<p>1. Dumnezeu te iube\u0219te<\/p>\n\n<p>2. P\u0103catul \u0219i consecin\u021bele sale<\/p>\n\n<p>3. Isus este m\u00e2ntuirea<\/p>\n\n<p>4. Iisus Hristos este Domnul<\/p>\n\n<p>5. Promisiunea Duhului<\/p>\n\n<div style=\"height:30px\" aria-hidden=\"true\" class=\"wp-block-spacer\"><\/div>\n\n<p>Aceste anun\u021buri kerygmatice &#8211; date \u00een \u00eent\u00e2lniri animate de membrii Comunit\u0103\u021bii prin catehez\u0103 &#8211; sunt flancate de dou\u0103 \u00eent\u00e2lniri experien\u021biale, oferite participan\u021bilor \u00eenainte ca ace\u0219tia s\u0103 vin\u0103 la momentul de rug\u0103ciune pentru a primi rev\u0103rsarea.<\/p>\n\n<p>Prima, intitulat\u0103 <em>Eliminarea obstacolelor<\/em>, este menit\u0103 s\u0103 ajute participan\u021bii la seminar s\u0103 \u00eenfrunte \u0219i s\u0103 elimine acele obstacole care pot \u00eempiedica ac\u021biunea Duhului: neiertarea (fa\u021b\u0103 de sine sau fa\u021b\u0103 de al\u021bii), idolatria (recurgerea la practici magice sau la lumea ocultului), o via\u021b\u0103 sexual\u0103 dezordonat\u0103, dependen\u021ba de substan\u021be sau situa\u021bii&#8230;<\/p>\n\n<p>Cel de-al doilea, intitulat &#8221; <em>Crede \u0219i converte\u0219te-te<\/em>&#8222;, este tr\u0103it \u00een cadrul unei liturghii peniten\u021biale, \u00een care, dup\u0103 catehez\u0103 \u0219i o examinare aprofundat\u0103 a con\u0219tiin\u021bei, participan\u021bilor li se ofer\u0103 posibilitatea de a face un act de credin\u021b\u0103 \u00een mila lui Dumnezeu, tr\u0103ind <em>Sacramentul Reconcilierii<\/em>.<\/p>\n\n<div style=\"height:30px\" aria-hidden=\"true\" class=\"wp-block-spacer\"><\/div>\n\n<p><strong>Rug\u0103ciune rev\u0103rsat\u0103<\/strong><\/p>\n\n<p>La sf\u00e2r\u0219itul proclama\u021biei kerygmatice, se roste\u0219te o rug\u0103ciune asupra tuturor participan\u021bilor la seminar care doresc s\u0103 primeasc\u0103 rev\u0103rsarea Duhului Sf\u00e2nt, \u00een care &#8211; pentru persoanele care o primesc &#8211; se \u00eent\u00e2mpl\u0103 o infinitate de lucruri diferite, at\u00e2tea c\u00e2te persoane exist\u0103 ele \u00eensele.\nDar &#8211; pentru fiecare persoan\u0103 &#8211; exist\u0103 o certitudine: &#8222;Dumnezeu este acolo \u0219i m\u0103 iube\u0219te!&#8221;. <\/p>\n\n<div style=\"height:30px\" aria-hidden=\"true\" class=\"wp-block-spacer\"><\/div>\n\n<p><strong>Fundamente teologice<\/strong><\/p>\n\n<p>Pentru a \u00een\u021belege natura teologic\u0103 a <em>Seminarului de via\u021b\u0103 nou\u0103 \u00een Duhul Sf\u00e2nt<\/em> \u0219i experien\u021ba <em>rev\u0103rs\u0103rii Duhului <\/em>, oferim aici dou\u0103 documente ale p\u0103rintelui Raniero Cantalamessa: textul uneia dintre \u00eenv\u0103\u021b\u0103turile sale pe aceast\u0103 tem\u0103, dat\u00e2nd din anii 1980, \u0219i o catehez\u0103 pe care a adresat-o Casei Pontificale \u00een Postul Mare 2021.<\/p>\n\n<div style=\"height:30px\" aria-hidden=\"true\" class=\"wp-block-spacer\"><\/div>\n\n<div class=\"wp-block-file aligncenter\"><a id=\"wp-block-file--media-a06ef66b-4800-42d3-94fa-45ca800a6305\" href=\"https:\/\/comunitamagnificat.org\/wp-content\/uploads\/2021\/04\/Riflessioni-Teologiche-sulleffusione-padre-Raniero-Cantalamessa.pdf\"><strong>Reflec\u021bii teologice despre efuziune &#8211; P\u0103rintele Raniero Cantalamessa<\/strong><\/a><a href=\"https:\/\/comunitamagnificat.org\/wp-content\/uploads\/2021\/04\/Riflessioni-Teologiche-sulleffusione-padre-Raniero-Cantalamessa.pdf\" class=\"wp-block-file__button\" download=\"\" aria-describedby=\"wp-block-file--media-a06ef66b-4800-42d3-94fa-45ca800a6305\">Desc\u0103rcare<\/a><\/div>\n\n<div style=\"height:30px\" aria-hidden=\"true\" class=\"wp-block-spacer\"><\/div>\n\n<div class=\"wp-block-columns is-layout-flex wp-container-core-columns-is-layout-9d6595d7 wp-block-columns-is-layout-flex\">\n<div class=\"wp-block-column is-layout-flow wp-block-column-is-layout-flow\" style=\"flex-basis:15%\"><\/div>\n\n\n\n<div class=\"wp-block-column is-layout-flow wp-block-column-is-layout-flow\" style=\"flex-basis:60%\">\n<figure class=\"wp-block-embed is-type-video is-provider-youtube wp-block-embed-youtube wp-embed-aspect-16-9 wp-has-aspect-ratio\"><div class=\"wp-block-embed__wrapper\"> \n<iframe loading=\"lazy\" title=\"Prima predica per la Quaresima del Card. Raniero Cantalamessa (26 febbraio 2021)\" width=\"500\" height=\"281\" src=\"https:\/\/www.youtube.com\/embed\/V93vCiATct4?feature=oembed\" frameborder=\"0\" allow=\"accelerometer; autoplay; clipboard-write; encrypted-media; gyroscope; picture-in-picture; web-share\" referrerpolicy=\"strict-origin-when-cross-origin\" allowfullscreen><\/iframe>\n <\/div><figcaption>p.\nRaniero vorbe\u0219te la Casa Papal\u0103 despre rev\u0103rsarea Duhului Sf\u00e2nt <\/figcaption><\/figure>\n<\/div>\n\n\n\n<div class=\"wp-block-column is-layout-flow wp-block-column-is-layout-flow\" style=\"flex-basis:15%\"><\/div>\n<\/div>\n\n<div style=\"height:50px\" aria-hidden=\"true\" class=\"wp-block-spacer\"><\/div>\n\n<p><\/p>\n","protected":false},"excerpt":{"rendered":"<p>Petru \u00eenc\u0103 spunea aceste lucruri,c\u00e2nd Duhul Sf\u00e2nts-a pogor\u00e2t peste to\u021bi ceicare ascultau Cuv\u00e2ntul Faptele apostolilor 10, 44 Comunitatea Magnificat, \u00een propria sa experien\u021b\u0103 de evanghelizare, a v\u0103zut scene care s-au repetat de multe ori, cum ar fi cea care a avut loc \u00een casa lui Corneliu \u00een prezen\u021ba lui Petru care predica(Fapte 10:34-48) sau cea [&hellip;]<\/p>\n","protected":false},"author":3,"featured_media":11022,"parent":0,"menu_order":0,"comment_status":"closed","ping_status":"closed","template":"","meta":{"om_disable_all_campaigns":false,"_monsterinsights_skip_tracking":false,"_monsterinsights_sitenote_active":false,"_monsterinsights_sitenote_note":"","_monsterinsights_sitenote_category":0,"_uf_show_specific_survey":0,"_uf_disable_surveys":false,"footnotes":""},"class_list":["post-19284","page","type-page","status-publish","has-post-thumbnail","hentry"],"aioseo_notices":[],"_links":{"self":[{"href":"https:\/\/comunitamagnificat.org\/ro\/wp-json\/wp\/v2\/pages\/19284","targetHints":{"allow":["GET"]}}],"collection":[{"href":"https:\/\/comunitamagnificat.org\/ro\/wp-json\/wp\/v2\/pages"}],"about":[{"href":"https:\/\/comunitamagnificat.org\/ro\/wp-json\/wp\/v2\/types\/page"}],"author":[{"embeddable":true,"href":"https:\/\/comunitamagnificat.org\/ro\/wp-json\/wp\/v2\/users\/3"}],"replies":[{"embeddable":true,"href":"https:\/\/comunitamagnificat.org\/ro\/wp-json\/wp\/v2\/comments?post=19284"}],"version-history":[{"count":1,"href":"https:\/\/comunitamagnificat.org\/ro\/wp-json\/wp\/v2\/pages\/19284\/revisions"}],"predecessor-version":[{"id":19285,"href":"https:\/\/comunitamagnificat.org\/ro\/wp-json\/wp\/v2\/pages\/19284\/revisions\/19285"}],"wp:featuredmedia":[{"embeddable":true,"href":"https:\/\/comunitamagnificat.org\/ro\/wp-json\/wp\/v2\/media\/11022"}],"wp:attachment":[{"href":"https:\/\/comunitamagnificat.org\/ro\/wp-json\/wp\/v2\/media?parent=19284"}],"curies":[{"name":"wp","href":"https:\/\/api.w.org\/{rel}","templated":true}]}}