{"id":19300,"date":"2024-08-23T07:41:51","date_gmt":"2024-08-23T05:41:51","guid":{"rendered":"https:\/\/comunitamagnificat.org\/statutul-din-1979\/"},"modified":"2025-02-06T17:44:36","modified_gmt":"2025-02-06T16:44:36","slug":"statutul-din-1979","status":"publish","type":"page","link":"https:\/\/comunitamagnificat.org\/ro\/statutul-din-1979\/","title":{"rendered":"Statutul din 1979"},"content":{"rendered":"\n<div style=\"height:30px\" aria-hidden=\"true\" class=\"wp-block-spacer\"><\/div>\n\n<blockquote class=\"wp-block-quote is-layout-flow wp-block-quote-is-layout-flow\"><p><em><strong>Pe tine m-am sprijinit<\/strong><\/em><br\/><em><strong>din p\u00e2ntecele mamei mele,<\/strong><\/em><br\/><em><strong>din p\u00e2ntecele mamei mele<\/strong><\/em><br\/><em><strong>tu e\u0219ti sprijinul meu:<\/strong><\/em><br\/><em><strong>La tine lauda mea nesf\u00e2r\u0219it\u0103<\/strong><\/em><\/p><cite><em>Psalmi<\/em> 70, 6<\/cite><\/blockquote>\n\n<div style=\"height:30px\" aria-hidden=\"true\" class=\"wp-block-spacer\"><\/div>\n\n<div class=\"wp-block-image\"><figure class=\"aligncenter size-large is-resized\"><picture data-lightbox=\"https:\/\/comunitamagnificat.org\/wp-content\/uploads\/2021\/04\/1979.jpg\"><source type='image\/jpeg' srcset='https:\/\/comunitamagnificat.org\/wp-content\/uploads\/2021\/04\/1979.jpg 1748w, https:\/\/comunitamagnificat.org\/wp-content\/uploads\/2021\/04\/1979-211x300.jpg 211w, https:\/\/comunitamagnificat.org\/wp-content\/uploads\/2021\/04\/1979-722x1024.jpg 722w, https:\/\/comunitamagnificat.org\/wp-content\/uploads\/2021\/04\/1979-768x1090.jpg 768w, https:\/\/comunitamagnificat.org\/wp-content\/uploads\/2021\/04\/1979-1083x1536.jpg 1083w, https:\/\/comunitamagnificat.org\/wp-content\/uploads\/2021\/04\/1979-1444x2048.jpg 1444w' sizes='(max-width: 1748px) 100vw, 1748px' \/><img loading=\"lazy\" decoding=\"async\" src=\"https:\/\/comunitamagnificat.org\/wp-content\/uploads\/2021\/04\/1979-722x1024.jpg\" alt=\"\" class=\"wp-image-710\" width=\"379\" height=\"538\"\/><\/picture><figcaption><em>Frontispiciul primului Statut aprobat<\/em><\/figcaption><\/figure><\/div>\n\n<div style=\"height:30px\" aria-hidden=\"true\" class=\"wp-block-spacer\"><\/div>\n\n<p>Nu trecuse un an de c\u00e2nd primii fra\u021bi \u0219i surori \u201ep\u0103r\u0103siser\u0103\u201d Comunit\u00e0 Maria, c\u00e2nd arhiepiscopul de Perugia, monseniorul Ferdinando Lambruschini, a semnat primul Statut. Era foarte scurt, dar deja plin \u00een esen\u021b\u0103 de ceea ce Domnul dezv\u0103luise p\u00e2n\u0103 \u00een acel moment. Era februarie 1979.  <\/p>\n\n<div style=\"height:30px\" aria-hidden=\"true\" class=\"wp-block-spacer\"><\/div>\n\n<p>Aici este pdf-ul textului respectiv:<\/p>\n\n<div class=\"wp-block-file aligncenter\"><a href=\"https:\/\/comunitamagnificat.org\/wp-content\/uploads\/2021\/04\/Statuto-22-febbraio-1979.pdf\"><strong>Statut &#8211; 22 februarie 1979<\/strong><\/a><a href=\"https:\/\/comunitamagnificat.org\/wp-content\/uploads\/2021\/04\/Statuto-22-febbraio-1979.pdf\" class=\"wp-block-file__button\" download=\"\">Desc\u0103rcare<\/a><\/div>\n\n<p><\/p>\n","protected":false},"excerpt":{"rendered":"<p>Pe tine m-am sprijinitdin p\u00e2ntecele mamei mele,din p\u00e2ntecele mamei meletu e\u0219ti sprijinul meu:La tine lauda mea nesf\u00e2r\u0219it\u0103 Psalmi 70, 6 Nu trecuse un an de c\u00e2nd primii fra\u021bi \u0219i surori \u201ep\u0103r\u0103siser\u0103\u201d Comunit\u00e0 Maria, c\u00e2nd arhiepiscopul de Perugia, monseniorul Ferdinando Lambruschini, a semnat primul Statut. Era foarte scurt, dar deja plin \u00een esen\u021b\u0103 de ceea ce [&hellip;]<\/p>\n","protected":false},"author":3,"featured_media":11298,"parent":0,"menu_order":0,"comment_status":"closed","ping_status":"closed","template":"","meta":{"om_disable_all_campaigns":false,"_monsterinsights_skip_tracking":false,"_monsterinsights_sitenote_active":false,"_monsterinsights_sitenote_note":"","_monsterinsights_sitenote_category":0,"_uf_show_specific_survey":0,"_uf_disable_surveys":false,"footnotes":""},"class_list":["post-19300","page","type-page","status-publish","has-post-thumbnail","hentry"],"aioseo_notices":[],"_links":{"self":[{"href":"https:\/\/comunitamagnificat.org\/ro\/wp-json\/wp\/v2\/pages\/19300","targetHints":{"allow":["GET"]}}],"collection":[{"href":"https:\/\/comunitamagnificat.org\/ro\/wp-json\/wp\/v2\/pages"}],"about":[{"href":"https:\/\/comunitamagnificat.org\/ro\/wp-json\/wp\/v2\/types\/page"}],"author":[{"embeddable":true,"href":"https:\/\/comunitamagnificat.org\/ro\/wp-json\/wp\/v2\/users\/3"}],"replies":[{"embeddable":true,"href":"https:\/\/comunitamagnificat.org\/ro\/wp-json\/wp\/v2\/comments?post=19300"}],"version-history":[{"count":3,"href":"https:\/\/comunitamagnificat.org\/ro\/wp-json\/wp\/v2\/pages\/19300\/revisions"}],"predecessor-version":[{"id":22872,"href":"https:\/\/comunitamagnificat.org\/ro\/wp-json\/wp\/v2\/pages\/19300\/revisions\/22872"}],"wp:featuredmedia":[{"embeddable":true,"href":"https:\/\/comunitamagnificat.org\/ro\/wp-json\/wp\/v2\/media\/11298"}],"wp:attachment":[{"href":"https:\/\/comunitamagnificat.org\/ro\/wp-json\/wp\/v2\/media?parent=19300"}],"curies":[{"name":"wp","href":"https:\/\/api.w.org\/{rel}","templated":true}]}}