{"id":19303,"date":"2024-08-23T07:41:56","date_gmt":"2024-08-23T05:41:56","guid":{"rendered":"https:\/\/comunitamagnificat.org\/regula-de-viata-din-1995\/"},"modified":"2024-08-23T07:42:00","modified_gmt":"2024-08-23T05:42:00","slug":"regula-de-viata-din-1995","status":"publish","type":"page","link":"https:\/\/comunitamagnificat.org\/ro\/regula-de-viata-din-1995\/","title":{"rendered":"Regula de via\u021b\u0103 din 1995"},"content":{"rendered":"\n<div style=\"height:30px\" aria-hidden=\"true\" class=\"wp-block-spacer\"><\/div>\n\n<blockquote class=\"wp-block-quote is-layout-flow wp-block-quote-is-layout-flow\"><p><em><strong>C\u00e2nd Israel era un copil<\/strong><\/em><br\/><em><strong>l-am iubit<\/strong><\/em><br\/><em><strong>\u0219i din Egipt l-am chemat pe fiul meu<\/strong><\/em><\/p><cite><em>Osea<\/em> 11, 1<\/cite><\/blockquote>\n\n<div style=\"height:30px\" aria-hidden=\"true\" class=\"wp-block-spacer\"><\/div>\n\n<div class=\"wp-block-image\"><figure class=\"aligncenter size-large is-resized\"><picture data-lightbox=\"https:\/\/comunitamagnificat.org\/wp-content\/uploads\/2021\/04\/1995.jpg\"><source type='image\/jpeg' srcset='https:\/\/comunitamagnificat.org\/wp-content\/uploads\/2021\/04\/1995.jpg 1748w, https:\/\/comunitamagnificat.org\/wp-content\/uploads\/2021\/04\/1995-211x300.jpg 211w, https:\/\/comunitamagnificat.org\/wp-content\/uploads\/2021\/04\/1995-722x1024.jpg 722w, https:\/\/comunitamagnificat.org\/wp-content\/uploads\/2021\/04\/1995-768x1090.jpg 768w, https:\/\/comunitamagnificat.org\/wp-content\/uploads\/2021\/04\/1995-1083x1536.jpg 1083w, https:\/\/comunitamagnificat.org\/wp-content\/uploads\/2021\/04\/1995-1444x2048.jpg 1444w' sizes='(max-width: 1748px) 100vw, 1748px' \/><img loading=\"lazy\" decoding=\"async\" src=\"https:\/\/comunitamagnificat.org\/wp-content\/uploads\/2021\/04\/1995-722x1024.jpg\" alt=\"\" class=\"wp-image-736\" width=\"370\" height=\"524\"\/><\/picture><figcaption>Pagina de titlu a &#8222;Regulii de via\u021b\u0103&#8221; din 1995<\/figcaption><\/figure><\/div>\n\n<div style=\"height:30px\" aria-hidden=\"true\" class=\"wp-block-spacer\"><\/div>\n\n<p>Dup\u0103 mai mult de cincisprezece ani de via\u021b\u0103 comunitar\u0103 &#8211; \u00een urma discern\u0103m\u00e2ntului de a deveni o realitate comunitar\u0103 unic\u0103 \u00een loc de o colec\u021bie de &#8222;comunit\u0103\u021bi surori&#8221; &#8211; arhiepiscopul de Perugia, Monseniorul Ennio Antonelli, a fost cel care<em>a contribuit la<\/em> scrierea unui text de reglementare care s\u0103 ofere Comunit\u0103\u021bii unitate \u0219i stabilitate.<\/p>\n\n<div style=\"height:30px\" aria-hidden=\"true\" class=\"wp-block-spacer\"><\/div>\n\n<p>Prin urmare, \u00een ianuarie 1994, el a \u00eenfiin\u021bat o comisie format\u0103 din membri ai Comunit\u0103\u021bii pentru a elabora un statut.<\/p>\n\n<div style=\"height:30px\" aria-hidden=\"true\" class=\"wp-block-spacer\"><\/div>\n\n<p>La sf\u00e2r\u0219itul acestei activit\u0103\u021bi, la 15 octombrie 1995, Arhiepiscopul a recunoscut oficial Comunitatea Magnificat ca <em>Asocia\u021bie privat\u0103 a credincio\u0219ilor laici<\/em> \u00een conformitate cu <em>Codul de Drept Canonic<\/em> \u0219i, \u00een acela\u0219i timp, a aprobat <em>Statutul<\/em> acesteia, numit \u0219i considerat de membrii Comunit\u0103\u021bii ca <em>Regula de via\u021b\u0103<\/em>.<\/p>\n\n<div style=\"height:30px\" aria-hidden=\"true\" class=\"wp-block-spacer\"><\/div>\n\n<p>Iat\u0103 textul:<\/p>\n\n<div class=\"wp-block-file aligncenter\"><a href=\"https:\/\/comunitamagnificat.org\/wp-content\/uploads\/2021\/04\/Regola-di-Vita-15-ottobre-1995.pdf\"><strong>Regula de via\u021b\u0103 &#8211; 15 octombrie 1995<\/strong><\/a><a href=\"https:\/\/comunitamagnificat.org\/wp-content\/uploads\/2021\/04\/Regola-di-Vita-15-ottobre-1995.pdf\" class=\"wp-block-file__button\" download=\"\">Desc\u0103rcare<\/a><\/div>\n\n<div style=\"height:50px\" aria-hidden=\"true\" class=\"wp-block-spacer\"><\/div>\n","protected":false},"excerpt":{"rendered":"<p>C\u00e2nd Israel era un copill-am iubit\u0219i din Egipt l-am chemat pe fiul meu Osea 11, 1 Dup\u0103 mai mult de cincisprezece ani de via\u021b\u0103 comunitar\u0103 &#8211; \u00een urma discern\u0103m\u00e2ntului de a deveni o realitate comunitar\u0103 unic\u0103 \u00een loc de o colec\u021bie de &#8222;comunit\u0103\u021bi surori&#8221; &#8211; arhiepiscopul de Perugia, Monseniorul Ennio Antonelli, a fost cel carea [&hellip;]<\/p>\n","protected":false},"author":3,"featured_media":0,"parent":0,"menu_order":0,"comment_status":"closed","ping_status":"closed","template":"","meta":{"om_disable_all_campaigns":false,"_monsterinsights_skip_tracking":false,"_monsterinsights_sitenote_active":false,"_monsterinsights_sitenote_note":"","_monsterinsights_sitenote_category":0,"_uf_show_specific_survey":0,"_uf_disable_surveys":false,"footnotes":""},"class_list":["post-19303","page","type-page","status-publish","hentry"],"aioseo_notices":[],"_links":{"self":[{"href":"https:\/\/comunitamagnificat.org\/ro\/wp-json\/wp\/v2\/pages\/19303","targetHints":{"allow":["GET"]}}],"collection":[{"href":"https:\/\/comunitamagnificat.org\/ro\/wp-json\/wp\/v2\/pages"}],"about":[{"href":"https:\/\/comunitamagnificat.org\/ro\/wp-json\/wp\/v2\/types\/page"}],"author":[{"embeddable":true,"href":"https:\/\/comunitamagnificat.org\/ro\/wp-json\/wp\/v2\/users\/3"}],"replies":[{"embeddable":true,"href":"https:\/\/comunitamagnificat.org\/ro\/wp-json\/wp\/v2\/comments?post=19303"}],"version-history":[{"count":1,"href":"https:\/\/comunitamagnificat.org\/ro\/wp-json\/wp\/v2\/pages\/19303\/revisions"}],"predecessor-version":[{"id":19305,"href":"https:\/\/comunitamagnificat.org\/ro\/wp-json\/wp\/v2\/pages\/19303\/revisions\/19305"}],"wp:attachment":[{"href":"https:\/\/comunitamagnificat.org\/ro\/wp-json\/wp\/v2\/media?parent=19303"}],"curies":[{"name":"wp","href":"https:\/\/api.w.org\/{rel}","templated":true}]}}