{"id":19312,"date":"2024-08-23T07:42:09","date_gmt":"2024-08-23T05:42:09","guid":{"rendered":"https:\/\/comunitamagnificat.org\/management-trezorerie-generala-si-secretariat\/"},"modified":"2025-01-22T19:19:56","modified_gmt":"2025-01-22T18:19:56","slug":"management-trezorerie-generala-si-secretariat","status":"publish","type":"page","link":"https:\/\/comunitamagnificat.org\/ro\/management-trezorerie-generala-si-secretariat\/","title":{"rendered":"Management, Trezorerie general\u0103 \u0219i Secretariat"},"content":{"rendered":"\n<div style=\"height:30px\" aria-hidden=\"true\" class=\"wp-block-spacer\"><\/div>\n\n<blockquote class=\"wp-block-quote is-layout-flow wp-block-quote-is-layout-flow\">\n<p><em><strong>Persevereaz\u0103 \u00een angajamentul t\u0103u<\/strong><\/em><br\/><em><strong>\u0219i dedica\u021bi-v\u0103 acesteia,<\/strong><\/em><br\/><em><strong>\u00eemb\u0103tr\u00e2ni\u021bi f\u0103c\u00e2ndu-v\u0103 munca<\/strong><\/em><\/p>\n<cite><em>Sirah<\/em> 11, 20<\/cite><\/blockquote>\n\n<div style=\"height:30px\" aria-hidden=\"true\" class=\"wp-block-spacer\"><\/div>\n\n<p>\u00cen anii \u00een care Comunitatea a cunoscut o dezvoltare important\u0103 at\u00e2t \u00een Italia, c\u00e2t \u0219i \u00een alte \u021b\u0103ri, a fost indispensabil\u0103 dotarea acesteia cu anumite structuri la nivel general.<\/p>\n\n<div style=\"height:30px\" aria-hidden=\"true\" class=\"wp-block-spacer\"><\/div>\n\n<p>Primul &#8211; \u00een ordinea timpului &#8211; care a fost oficializat a fost Trezoreria, prin introducerea unei func\u021bii, cea de <strong><em>trezorierul general<\/em><\/strong>\u00een persoana lui Giorgio Brustenga, care &#8211; datorit\u0103 competen\u021bei \u0219i dedic\u0103rii sale &#8211; continu\u0103 de mul\u021bi ani s\u0103 asigure gestionarea adecvat\u0103 a \u00eentregului aspect administrativ comunitar.<\/p>\n\n<div style=\"height:30px\" aria-hidden=\"true\" class=\"wp-block-spacer\"><\/div>\n\n<p>Aproape \u00een acela\u0219i timp, un <strong><em>secretariat<\/em><\/strong> care serve\u0219te pentru toate nevoile de comunicare \u0219i gestionare a arhivei, precum \u0219i pentru organizarea de evenimente comunitare.<\/p>\n\n<div style=\"height:30px\" aria-hidden=\"true\" class=\"wp-block-spacer\"><\/div>\n\n<p>Elementul final al acestei organiza\u021bii a fost recrutarea unui <strong><em>director general executiv<\/em><\/strong>\u00een persoana lui Pier Giovanni Duranti, care &#8211; \u00een str\u00e2ns\u0103 colaborare cu directorii generali &#8211; asigur\u0103 tot ceea ce este necesar pentru gestionarea administrativ\u0103, fiscal\u0103, managerial\u0103 \u0219i organizatoric\u0103 a Comunit\u0103\u021bii Magnificat, acum foarte complex\u0103.<\/p>\n\n<div style=\"height:30px\" aria-hidden=\"true\" class=\"wp-block-spacer\"><\/div>\n\n<p>Sediul opera\u021bional unde \u00ee\u0219i au birourile directorul, trezorierul \u0219i secretariatul este complexul San Manno, \u00een centrul Comunit\u0103\u021bii, chiar l\u00e2ng\u0103 bisericu\u021ba unde, zi \u0219i noapte, Iisus este adorat \u00een sacramentul Euharistiei.<\/p>\n\n<div style=\"height:50px\" aria-hidden=\"true\" class=\"wp-block-spacer\"><\/div>\n\n<p><\/p>\n","protected":false},"excerpt":{"rendered":"<p>Persevereaz\u0103 \u00een angajamentul t\u0103u\u0219i dedica\u021bi-v\u0103 acesteia,\u00eemb\u0103tr\u00e2ni\u021bi f\u0103c\u00e2ndu-v\u0103 munca Sirah 11, 20 \u00cen anii \u00een care Comunitatea a cunoscut o dezvoltare important\u0103 at\u00e2t \u00een Italia, c\u00e2t \u0219i \u00een alte \u021b\u0103ri, a fost indispensabil\u0103 dotarea acesteia cu anumite structuri la nivel general. Primul &#8211; \u00een ordinea timpului &#8211; care a fost oficializat a fost Trezoreria, prin introducerea [&hellip;]<\/p>\n","protected":false},"author":3,"featured_media":10966,"parent":0,"menu_order":0,"comment_status":"closed","ping_status":"closed","template":"","meta":{"om_disable_all_campaigns":false,"_monsterinsights_skip_tracking":false,"_monsterinsights_sitenote_active":false,"_monsterinsights_sitenote_note":"","_monsterinsights_sitenote_category":0,"_uf_show_specific_survey":0,"_uf_disable_surveys":false,"footnotes":""},"class_list":["post-19312","page","type-page","status-publish","has-post-thumbnail","hentry"],"aioseo_notices":[],"_links":{"self":[{"href":"https:\/\/comunitamagnificat.org\/ro\/wp-json\/wp\/v2\/pages\/19312","targetHints":{"allow":["GET"]}}],"collection":[{"href":"https:\/\/comunitamagnificat.org\/ro\/wp-json\/wp\/v2\/pages"}],"about":[{"href":"https:\/\/comunitamagnificat.org\/ro\/wp-json\/wp\/v2\/types\/page"}],"author":[{"embeddable":true,"href":"https:\/\/comunitamagnificat.org\/ro\/wp-json\/wp\/v2\/users\/3"}],"replies":[{"embeddable":true,"href":"https:\/\/comunitamagnificat.org\/ro\/wp-json\/wp\/v2\/comments?post=19312"}],"version-history":[{"count":2,"href":"https:\/\/comunitamagnificat.org\/ro\/wp-json\/wp\/v2\/pages\/19312\/revisions"}],"predecessor-version":[{"id":22678,"href":"https:\/\/comunitamagnificat.org\/ro\/wp-json\/wp\/v2\/pages\/19312\/revisions\/22678"}],"wp:featuredmedia":[{"embeddable":true,"href":"https:\/\/comunitamagnificat.org\/ro\/wp-json\/wp\/v2\/media\/10966"}],"wp:attachment":[{"href":"https:\/\/comunitamagnificat.org\/ro\/wp-json\/wp\/v2\/media?parent=19312"}],"curies":[{"name":"wp","href":"https:\/\/api.w.org\/{rel}","templated":true}]}}