{"id":19316,"date":"2024-08-23T07:42:14","date_gmt":"2024-08-23T05:42:14","guid":{"rendered":"https:\/\/comunitamagnificat.org\/aprobari-ecleziastice\/"},"modified":"2024-10-19T16:12:55","modified_gmt":"2024-10-19T14:12:55","slug":"aprobari-ecleziastice","status":"publish","type":"page","link":"https:\/\/comunitamagnificat.org\/ro\/aprobari-ecleziastice\/","title":{"rendered":"Aprob\u0103ri ecleziastice"},"content":{"rendered":"\n<div style=\"height:30px\" aria-hidden=\"true\" class=\"wp-block-spacer\"><\/div>\n\n<p>Aceast\u0103 pagin\u0103 ofer\u0103 acces la cronica, \u00eemp\u0103r\u021bit\u0103 \u00een episoade, a rela\u021biei fructuoase \u0219i binecuv\u00e2ntate dintre Comunitatea Magnificat \u0219i pastorii s\u0103i, de la \u00eenceputurile sale p\u00e2n\u0103 \u00een prezent.<\/p>\n\n<div style=\"height:30px\" aria-hidden=\"true\" class=\"wp-block-spacer\"><\/div>\n\n<p><strong><span class=\"has-inline-color has-vivid-red-color\"><a href=\"https:\/\/comunitamagnificat.org\/ro\/statutul-din-1979\/\" data-type=\"page\" data-id=\"706\"><em>Statutul<\/em> din 1979<\/a><\/span><\/strong><\/p>\n\n<div style=\"height:30px\" aria-hidden=\"true\" class=\"wp-block-spacer\"><\/div>\n\n<p><strong><span class=\"has-inline-color has-vivid-red-color\"><a href=\"https:\/\/comunitamagnificat.org\/ro\/regula-de-viata-din-1995\/\" data-type=\"page\" data-id=\"722\"><em>Regula de via\u021b\u0103 din<\/em> 1995<\/a><\/span><\/strong><\/p>\n\n<div style=\"height:30px\" aria-hidden=\"true\" class=\"wp-block-spacer\"><\/div>\n\n<p><strong><span class=\"has-inline-color has-vivid-red-color\"><a href=\"https:\/\/comunitamagnificat.org\/la-regola-di-vita-del-2003\/\" data-type=\"page\" data-id=\"739\"><em>Statutul<\/em> din 2003<\/a><\/span><\/strong><\/p>\n\n<div style=\"height:30px\" aria-hidden=\"true\" class=\"wp-block-spacer\"><\/div>\n\n<p><strong><span class=\"has-inline-color has-vivid-red-color\"><a href=\"https:\/\/comunitamagnificat.org\/lo-statuto-del-2021\/\" data-type=\"page\" data-id=\"751\"><em>Statutul din<\/em> 2021&#8230;<\/a><\/span><\/strong><\/p>\n\n<div style=\"height:50px\" aria-hidden=\"true\" class=\"wp-block-spacer\"><\/div>\n","protected":false},"excerpt":{"rendered":"<p>Aceast\u0103 pagin\u0103 ofer\u0103 acces la cronica, \u00eemp\u0103r\u021bit\u0103 \u00een episoade, a rela\u021biei fructuoase \u0219i binecuv\u00e2ntate dintre Comunitatea Magnificat \u0219i pastorii s\u0103i, de la \u00eenceputurile sale p\u00e2n\u0103 \u00een prezent. Statutul din 1979 Regula de via\u021b\u0103 din 1995 Statutul din 2003 Statutul din 2021&#8230;<\/p>\n","protected":false},"author":3,"featured_media":10970,"parent":0,"menu_order":0,"comment_status":"closed","ping_status":"closed","template":"","meta":{"om_disable_all_campaigns":false,"_monsterinsights_skip_tracking":false,"_monsterinsights_sitenote_active":false,"_monsterinsights_sitenote_note":"","_monsterinsights_sitenote_category":0,"_uf_show_specific_survey":0,"_uf_disable_surveys":false,"footnotes":""},"class_list":["post-19316","page","type-page","status-publish","has-post-thumbnail","hentry"],"aioseo_notices":[],"_links":{"self":[{"href":"https:\/\/comunitamagnificat.org\/ro\/wp-json\/wp\/v2\/pages\/19316","targetHints":{"allow":["GET"]}}],"collection":[{"href":"https:\/\/comunitamagnificat.org\/ro\/wp-json\/wp\/v2\/pages"}],"about":[{"href":"https:\/\/comunitamagnificat.org\/ro\/wp-json\/wp\/v2\/types\/page"}],"author":[{"embeddable":true,"href":"https:\/\/comunitamagnificat.org\/ro\/wp-json\/wp\/v2\/users\/3"}],"replies":[{"embeddable":true,"href":"https:\/\/comunitamagnificat.org\/ro\/wp-json\/wp\/v2\/comments?post=19316"}],"version-history":[{"count":3,"href":"https:\/\/comunitamagnificat.org\/ro\/wp-json\/wp\/v2\/pages\/19316\/revisions"}],"predecessor-version":[{"id":21543,"href":"https:\/\/comunitamagnificat.org\/ro\/wp-json\/wp\/v2\/pages\/19316\/revisions\/21543"}],"wp:featuredmedia":[{"embeddable":true,"href":"https:\/\/comunitamagnificat.org\/ro\/wp-json\/wp\/v2\/media\/10970"}],"wp:attachment":[{"href":"https:\/\/comunitamagnificat.org\/ro\/wp-json\/wp\/v2\/media?parent=19316"}],"curies":[{"name":"wp","href":"https:\/\/api.w.org\/{rel}","templated":true}]}}