{"id":19327,"date":"2024-08-23T07:42:32","date_gmt":"2024-08-23T05:42:32","guid":{"rendered":"https:\/\/comunitamagnificat.org\/misiuni\/"},"modified":"2024-08-23T07:42:52","modified_gmt":"2024-08-23T05:42:52","slug":"misiuni","status":"publish","type":"page","link":"https:\/\/comunitamagnificat.org\/ro\/misiuni\/","title":{"rendered":"Misiuni"},"content":{"rendered":"\n<div style=\"height:30px\" aria-hidden=\"true\" class=\"wp-block-spacer\"><\/div>\n\n<blockquote class=\"wp-block-quote is-layout-flow wp-block-quote-is-layout-flow\"><p><em><strong>Ei au r\u0103mas \u00eempreun\u0103<\/strong><\/em><br\/><em><strong>un an \u00eentreg \u00een acea biseric\u0103<\/strong><\/em><br\/><em><strong>\u0219i au instruit mul\u021bi oameni<\/strong><\/em><\/p><cite><em>Faptele apostolilor<\/em> 11, 26<\/cite><\/blockquote>\n\n<div style=\"height:30px\" aria-hidden=\"true\" class=\"wp-block-spacer\"><\/div>\n\n<p>Realitatea Comunit\u0103\u021bii Magnificat s-a r\u0103sp\u00e2ndit treptat, a\u0219a cum Duhul Sf\u00e2nt a inspirat \u0219i a permis, prin m\u0103rturia experien\u021bei comunitare \u00een locuri unde Comunitatea nu era \u00eenc\u0103 prezent\u0103.<\/p>\n\n<div style=\"height:30px\" aria-hidden=\"true\" class=\"wp-block-spacer\"><\/div>\n\n<p>Aceast\u0103 &#8222;mi\u0219care&#8221; continu\u0103 \u0219i, acolo unde exist\u0103 un interes pentru crearea unei noi Fraternit\u0103\u021bi, Comunitatea ini\u021biaz\u0103 o &#8222;misiune&#8221;.\nDe\u0219i aceasta se poate desf\u0103\u0219ura \u00een moduri diferite, \u00een func\u021bie de nevoile locale, \u00een mod normal, misiunea implic\u0103 un <em>Seminar de via\u021b\u0103 nou\u0103 \u00een Duhul Sf\u00e2nt<\/em>, urmat de un curs de formare cre\u0219tin\u0103 de baz\u0103 &#8211; <em>ucenicie<\/em> &#8211; \u0219i apoi o <em>\u0218coal\u0103 a comunit\u0103\u021bii<\/em> cu invita\u021bia de a \u00eencepe discern\u0103m\u00e2ntul pentru a deveni parte a Comunit\u0103\u021bii. <\/p>\n\n<div style=\"height:30px\" aria-hidden=\"true\" class=\"wp-block-spacer\"><\/div>\n\n<p>Misiunea este \u00eencredin\u021bat\u0103 de cei responsabili unei echipe de alia\u021bi care \u00eencep s\u0103 lucreze al\u0103turi de noua realitate, s\u0103 o serveasc\u0103 \u0219i s\u0103 verifice validitatea posibilei voca\u021bii comunitare.<\/p>\n\n<div style=\"height:50px\" aria-hidden=\"true\" class=\"wp-block-spacer\"><\/div>\n","protected":false},"excerpt":{"rendered":"<p>Ei au r\u0103mas \u00eempreun\u0103un an \u00eentreg \u00een acea biseric\u0103\u0219i au instruit mul\u021bi oameni Faptele apostolilor 11, 26 Realitatea Comunit\u0103\u021bii Magnificat s-a r\u0103sp\u00e2ndit treptat, a\u0219a cum Duhul Sf\u00e2nt a inspirat \u0219i a permis, prin m\u0103rturia experien\u021bei comunitare \u00een locuri unde Comunitatea nu era \u00eenc\u0103 prezent\u0103. Aceast\u0103 &#8222;mi\u0219care&#8221; continu\u0103 \u0219i, acolo unde exist\u0103 un interes pentru crearea [&hellip;]<\/p>\n","protected":false},"author":3,"featured_media":10962,"parent":0,"menu_order":0,"comment_status":"closed","ping_status":"closed","template":"","meta":{"om_disable_all_campaigns":false,"_monsterinsights_skip_tracking":false,"_monsterinsights_sitenote_active":false,"_monsterinsights_sitenote_note":"","_monsterinsights_sitenote_category":0,"_uf_show_specific_survey":0,"_uf_disable_surveys":false,"footnotes":""},"class_list":["post-19327","page","type-page","status-publish","has-post-thumbnail","hentry"],"aioseo_notices":[],"_links":{"self":[{"href":"https:\/\/comunitamagnificat.org\/ro\/wp-json\/wp\/v2\/pages\/19327","targetHints":{"allow":["GET"]}}],"collection":[{"href":"https:\/\/comunitamagnificat.org\/ro\/wp-json\/wp\/v2\/pages"}],"about":[{"href":"https:\/\/comunitamagnificat.org\/ro\/wp-json\/wp\/v2\/types\/page"}],"author":[{"embeddable":true,"href":"https:\/\/comunitamagnificat.org\/ro\/wp-json\/wp\/v2\/users\/3"}],"replies":[{"embeddable":true,"href":"https:\/\/comunitamagnificat.org\/ro\/wp-json\/wp\/v2\/comments?post=19327"}],"version-history":[{"count":1,"href":"https:\/\/comunitamagnificat.org\/ro\/wp-json\/wp\/v2\/pages\/19327\/revisions"}],"predecessor-version":[{"id":19329,"href":"https:\/\/comunitamagnificat.org\/ro\/wp-json\/wp\/v2\/pages\/19327\/revisions\/19329"}],"wp:featuredmedia":[{"embeddable":true,"href":"https:\/\/comunitamagnificat.org\/ro\/wp-json\/wp\/v2\/media\/10962"}],"wp:attachment":[{"href":"https:\/\/comunitamagnificat.org\/ro\/wp-json\/wp\/v2\/media?parent=19327"}],"curies":[{"name":"wp","href":"https:\/\/api.w.org\/{rel}","templated":true}]}}