{"id":19332,"date":"2024-08-23T07:42:37","date_gmt":"2024-08-23T05:42:37","guid":{"rendered":"https:\/\/comunitamagnificat.org\/persoanele-in-varsta-si-profetia\/"},"modified":"2025-01-22T18:24:59","modified_gmt":"2025-01-22T17:24:59","slug":"persoanele-in-varsta-si-profetia","status":"publish","type":"page","link":"https:\/\/comunitamagnificat.org\/ro\/persoanele-in-varsta-si-profetia\/","title":{"rendered":"B\u0103tr\u00e2nii si profe\u021bia"},"content":{"rendered":"\n<div style=\"height:30px\" aria-hidden=\"true\" class=\"wp-block-spacer\"><\/div>\n\n<blockquote class=\"wp-block-quote is-layout-flow wp-block-quote-is-layout-flow\">\n<p><strong><em>Deschide-mi ochii<\/em><\/strong><strong><em> ca s\u0103 v\u0103d faptele<\/em><\/strong><strong><em> minunate ale legii<\/em><\/strong> tale!<\/p>\n<cite><em>Psalmi <\/em>119, 18<\/cite><\/blockquote>\n\n<div style=\"height:30px\" aria-hidden=\"true\" class=\"wp-block-spacer\"><\/div>\n\n<p>\u00cen 1986, \u00een timpul unor zile comunitare, a fost proclamat\u0103 o profe\u021bie, confirmat\u0103 \u0219i de o persoan\u0103 care \u2013 de\u0219i nu fusese prezent\u0103 la acea \u00eent\u00e2lnire \u2013 avusese aceea\u0219i intui\u021bie: Domnul dorea ca \u00een centrul Comunit\u0103\u021bii \u201es\u0103 bat\u0103 o inim\u0103\u201d, un trup de fra\u021bi \u0219i surori, care s\u0103 stea \u00eenintea lui Dumnezeu pentru a da profe\u021bia \u00eentregii Comunit\u0103\u021bi. Pentru a folosi o imagine, Tarcisio Mezzetti a evocat-o odat\u0103 pe aceea a <em>Fontana maggiore<\/em> din Pia\u021ba principal\u0103 din Perugia, unde, de la o f\u00e2nt\u00e2n\u0103 central\u0103, apa ajunge \u00een fiecare parte a f\u00e2nt\u00e2nii \u00eense\u0219i, prin numeroase guri: o f\u00e2nt\u00e2n\u0103 a vie\u021bii \u0219i a unit\u0103\u021bii. <\/p>\n\n<div style=\"height:30px\" aria-hidden=\"true\" class=\"wp-block-spacer\"><\/div>\n\n<p>\u00cen confirmarea profetic\u0103 a persoanei care nu a fost prezent\u0103 la acele zile comunitare \u2013 este vorba de Agnese Mezzetti \u2013 acest corp de fra\u021bi ar fi trebuit s\u0103 se numeasc\u0103 \u201econsiliul b\u0103tr\u00e2nilor\u201d.<\/p>\n\n<div style=\"height:30px\" aria-hidden=\"true\" class=\"wp-block-spacer\"><\/div>\n\n<p>De atunci, \u00een cursul istoriei Comunit\u0103\u021bii, a existat o dezvoltare tulbure a acestei profe\u021bii, trec\u00e2nd de la ideea c\u0103 ei ar trebui s\u0103 conduc\u0103 Comunitatea \u00een roluri de guvernare \u00eenapoi la intui\u021bia ini\u021bial\u0103, a\u0219a cum este definit\u0103 de Statutul aprobat de <em>Dicasterul pentru Laici, Familie \u0219i Via\u021b\u0103<\/em>.<\/p>\n\n<div style=\"height:30px\" aria-hidden=\"true\" class=\"wp-block-spacer\"><\/div>\n\n<p>Dintre membrii alia\u021bi, unii sunt recunoscu\u021bi ca B\u0103tr\u00e2ni pentru o anumit\u0103 carism\u0103 profetic\u0103 de a p\u0103zi \u0219i dezvolta patrimoniul spiritual al Comunit\u0103\u021bii. Ace\u0219tia sunt ale\u0219i la fiecare \u0219ase ani de c\u0103tre Adunarea general\u0103, la propunerea liderilor fraternit\u0103\u021bii. B\u0103tr\u00e2nii se reunesc cel pu\u021bin o dat\u0103 pe an pentru a se ruga \u0219i a reflecta asupra vie\u021bii \u0219i misiunii comunit\u0103\u021bii. Ace\u0219tia particip\u0103, de asemenea, la reuniunile Adun\u0103rii Generale, reprezent\u00e2nd cel mult o treime din num\u0103rul total de membri.<\/p>\n\n<div style=\"height:50px\" aria-hidden=\"true\" class=\"wp-block-spacer\"><\/div>\n\n<p><\/p>\n","protected":false},"excerpt":{"rendered":"<p>Deschide-mi ochii ca s\u0103 v\u0103d faptele minunate ale legii tale! Psalmi 119, 18 \u00cen 1986, \u00een timpul unor zile comunitare, a fost proclamat\u0103 o profe\u021bie, confirmat\u0103 \u0219i de o persoan\u0103 care \u2013 de\u0219i nu fusese prezent\u0103 la acea \u00eent\u00e2lnire \u2013 avusese aceea\u0219i intui\u021bie: Domnul dorea ca \u00een centrul Comunit\u0103\u021bii \u201es\u0103 bat\u0103 o inim\u0103\u201d, un trup [&hellip;]<\/p>\n","protected":false},"author":3,"featured_media":11294,"parent":0,"menu_order":0,"comment_status":"closed","ping_status":"closed","template":"","meta":{"om_disable_all_campaigns":false,"_monsterinsights_skip_tracking":false,"_monsterinsights_sitenote_active":false,"_monsterinsights_sitenote_note":"","_monsterinsights_sitenote_category":0,"_uf_show_specific_survey":0,"_uf_disable_surveys":false,"footnotes":""},"class_list":["post-19332","page","type-page","status-publish","has-post-thumbnail","hentry"],"aioseo_notices":[],"_links":{"self":[{"href":"https:\/\/comunitamagnificat.org\/ro\/wp-json\/wp\/v2\/pages\/19332","targetHints":{"allow":["GET"]}}],"collection":[{"href":"https:\/\/comunitamagnificat.org\/ro\/wp-json\/wp\/v2\/pages"}],"about":[{"href":"https:\/\/comunitamagnificat.org\/ro\/wp-json\/wp\/v2\/types\/page"}],"author":[{"embeddable":true,"href":"https:\/\/comunitamagnificat.org\/ro\/wp-json\/wp\/v2\/users\/3"}],"replies":[{"embeddable":true,"href":"https:\/\/comunitamagnificat.org\/ro\/wp-json\/wp\/v2\/comments?post=19332"}],"version-history":[{"count":4,"href":"https:\/\/comunitamagnificat.org\/ro\/wp-json\/wp\/v2\/pages\/19332\/revisions"}],"predecessor-version":[{"id":22658,"href":"https:\/\/comunitamagnificat.org\/ro\/wp-json\/wp\/v2\/pages\/19332\/revisions\/22658"}],"wp:featuredmedia":[{"embeddable":true,"href":"https:\/\/comunitamagnificat.org\/ro\/wp-json\/wp\/v2\/media\/11294"}],"wp:attachment":[{"href":"https:\/\/comunitamagnificat.org\/ro\/wp-json\/wp\/v2\/media?parent=19332"}],"curies":[{"name":"wp","href":"https:\/\/api.w.org\/{rel}","templated":true}]}}