{"id":19342,"date":"2024-08-23T07:42:49","date_gmt":"2024-08-23T05:42:49","guid":{"rendered":"https:\/\/comunitamagnificat.org\/fundatia-magnificat-e-t-s\/"},"modified":"2025-01-09T20:32:53","modified_gmt":"2025-01-09T19:32:53","slug":"fundatia-magnificat-e-t-s","status":"publish","type":"page","link":"https:\/\/comunitamagnificat.org\/ro\/fundatia-magnificat-e-t-s\/","title":{"rendered":"Funda\u021bia Magnificat E.T.S."},"content":{"rendered":"\n<div style=\"height:30px\" aria-hidden=\"true\" class=\"wp-block-spacer\"><\/div>\n\n<blockquote class=\"wp-block-quote is-layout-flow wp-block-quote-is-layout-flow\">\n<p><strong><em>\u2026 sluji\u0163i-v\u0103 prin iubire<\/em><\/strong><strong><em> unii pe al\u0163ii!<\/em><\/strong><\/p>\n<cite><em>Galateni<\/em> 5, 13<\/cite><\/blockquote>\n\n<div style=\"height:30px\" aria-hidden=\"true\" class=\"wp-block-spacer\"><\/div>\n\n<p>Funda\u021bia Magnificat E.T.S. cuprinde mai multe proiecte \u0219i lucr\u0103ri caritabile ini\u021biate de Comunitatea Magnificat.<\/p>\n\n<div style=\"height:30px\" aria-hidden=\"true\" class=\"wp-block-spacer\"><\/div>\n\n<p>R\u0103spunsul incredibil de solidar din partea at\u00e2tor binef\u0103c\u0103tori a f\u0103cut necesar\u0103 crearea unei entit\u0103\u021bi &#8222;f\u0103r\u0103 scop lucrativ&#8221; pentru a oferi corectitudine juridic\u0103 \u0219i transparen\u021b\u0103 a ceea ce devenea un proiect major care opera \u00een diferite \u021b\u0103ri din \u00eentreaga lume.<\/p>\n\n<div style=\"height:30px\" aria-hidden=\"true\" class=\"wp-block-spacer\"><\/div>\n\n<p>Ast\u0103zi, misionarii \u0219i lucr\u0103torii Comunit\u0103\u021bii Magnificat, cu ajutorul institu\u021bional al Funda\u021biei Magnificat, se ocup\u0103 personal de fiecare proiect \u0219i \u00eel \u00eenso\u021besc de la \u00eenceput p\u00e2n\u0103 la finalizare.<\/p>\n\n<div style=\"height:30px\" aria-hidden=\"true\" class=\"wp-block-spacer\"><\/div>\n\n<p>Funda\u021bia urm\u0103re\u0219te, \u00eentr-un spirit profund cre\u0219tin, \u00een conformitate cu mesajul Evangheliei \u0219i cu \u00eenv\u0103\u021b\u0103turile Bisericii Catolice, protec\u021bia drepturilor civile \u00een scopul exclusiv al solidarit\u0103\u021bii sociale, \u00een beneficiul: persoanelor dezavantajate din cauza condi\u021biilor fizice, psihice, economice, sociale \u0219i familiale, \u00een special al minorilor; membrilor comunit\u0103\u021bilor str\u0103ine limitate la ajutor umanitar, astfel cum se prevede la art.\n10 alineatul (2) lit.\na) \u0219i\nb) Decretul legislativ\n460\/97.    <\/p>\n\n<div style=\"height:30px\" aria-hidden=\"true\" class=\"wp-block-spacer\"><\/div>\n\n<p>Pe pagina web a Funda\u021biei pute\u021bi g\u0103si o mul\u021bime de informa\u021bii despre activit\u0103\u021bile caritabile ale Comunit\u0103\u021bii.<\/p>\n\n<div style=\"height:30px\" aria-hidden=\"true\" class=\"wp-block-spacer\"><\/div>\n\n<p><a href=\"http:\/\/www.fondazionemagnificat.org\"><\/a><a href=\"http:\/\/www.fondazionemagnificat.org\">www.fondazionemagnificat.org<\/a><\/p>\n\n<div style=\"height:50px\" aria-hidden=\"true\" class=\"wp-block-spacer\"><\/div>\n\n<p><\/p>\n","protected":false},"excerpt":{"rendered":"<p>\u2026 sluji\u0163i-v\u0103 prin iubire unii pe al\u0163ii! Galateni 5, 13 Funda\u021bia Magnificat E.T.S. cuprinde mai multe proiecte \u0219i lucr\u0103ri caritabile ini\u021biate de Comunitatea Magnificat. R\u0103spunsul incredibil de solidar din partea at\u00e2tor binef\u0103c\u0103tori a f\u0103cut necesar\u0103 crearea unei entit\u0103\u021bi &#8222;f\u0103r\u0103 scop lucrativ&#8221; pentru a oferi corectitudine juridic\u0103 \u0219i transparen\u021b\u0103 a ceea ce devenea un proiect major [&hellip;]<\/p>\n","protected":false},"author":3,"featured_media":10958,"parent":0,"menu_order":0,"comment_status":"closed","ping_status":"closed","template":"","meta":{"om_disable_all_campaigns":false,"_monsterinsights_skip_tracking":false,"_monsterinsights_sitenote_active":false,"_monsterinsights_sitenote_note":"","_monsterinsights_sitenote_category":0,"_uf_show_specific_survey":0,"_uf_disable_surveys":false,"footnotes":""},"class_list":["post-19342","page","type-page","status-publish","has-post-thumbnail","hentry"],"aioseo_notices":[],"_links":{"self":[{"href":"https:\/\/comunitamagnificat.org\/ro\/wp-json\/wp\/v2\/pages\/19342","targetHints":{"allow":["GET"]}}],"collection":[{"href":"https:\/\/comunitamagnificat.org\/ro\/wp-json\/wp\/v2\/pages"}],"about":[{"href":"https:\/\/comunitamagnificat.org\/ro\/wp-json\/wp\/v2\/types\/page"}],"author":[{"embeddable":true,"href":"https:\/\/comunitamagnificat.org\/ro\/wp-json\/wp\/v2\/users\/3"}],"replies":[{"embeddable":true,"href":"https:\/\/comunitamagnificat.org\/ro\/wp-json\/wp\/v2\/comments?post=19342"}],"version-history":[{"count":3,"href":"https:\/\/comunitamagnificat.org\/ro\/wp-json\/wp\/v2\/pages\/19342\/revisions"}],"predecessor-version":[{"id":22422,"href":"https:\/\/comunitamagnificat.org\/ro\/wp-json\/wp\/v2\/pages\/19342\/revisions\/22422"}],"wp:featuredmedia":[{"embeddable":true,"href":"https:\/\/comunitamagnificat.org\/ro\/wp-json\/wp\/v2\/media\/10958"}],"wp:attachment":[{"href":"https:\/\/comunitamagnificat.org\/ro\/wp-json\/wp\/v2\/media?parent=19342"}],"curies":[{"name":"wp","href":"https:\/\/api.w.org\/{rel}","templated":true}]}}