{"id":19347,"date":"2024-08-23T07:43:05","date_gmt":"2024-08-23T05:43:05","guid":{"rendered":"https:\/\/comunitamagnificat.org\/comunitate-a\/"},"modified":"2026-02-21T19:47:12","modified_gmt":"2026-02-21T18:47:12","slug":"comunitate-a","status":"publish","type":"page","link":"https:\/\/comunitamagnificat.org\/ro\/comunitate-a\/","title":{"rendered":"Comunitatea una"},"content":{"rendered":"\n<div style=\"height:30px\" aria-hidden=\"true\" class=\"wp-block-spacer\"><\/div>\n\n<blockquote class=\"wp-block-quote is-layout-flow wp-block-quote-is-layout-flow\">\n<p><strong><em>Ele vor asculta glasul meu \u015fi va fi o singur\u0103 turm\u0103 \u015fi un singur p\u0103stor<\/em><\/strong><\/p>\n<cite><em>Ioan<\/em> 10, 16<\/cite><\/blockquote>\n\n<div style=\"height:30px\" aria-hidden=\"true\" class=\"wp-block-spacer\"><\/div>\n\n<p>\u00cen primii ani nu se vorbea de &#8222;o&#8221; Comunitate Magnificat, ci de &#8222;multe&#8221; Comunit\u0103\u021bi Magnificat. Fiecare realitate care a ap\u0103rut \u00een diferite locuri, \u00eencep\u00e2nd de la Perugia, a tr\u0103it pe cont propriu \u0219i, de\u0219i \u00eemp\u0103rt\u0103\u0219ea aceea\u0219i voca\u021bie \u0219i multe lucruri cu celelalte, nu avea o unitate formal\u0103 cu acestea, care a ap\u0103rut abia \u00een 1991, c\u00e2nd patru fra\u021bi \u00een v\u00e2rst\u0103 au fost ale\u0219i ca lideri, ca semn al unit\u0103\u021bii comunit\u0103\u021bii; aceast\u0103 prim\u0103 ini\u021biativ\u0103, \u00eens\u0103, a e\u0219uat. <\/p>\n\n<div style=\"height:30px\" aria-hidden=\"true\" class=\"wp-block-spacer\"><\/div>\n\n<p>Lipsea \u00eenc\u0103 un Statut care s\u0103 dea substan\u021b\u0103 acestui nou mod de a merge \u00eempreun\u0103, iar \u00een 1995, sub atenta \u00eendrumare a monseniorului Ennio Antonelli, Comunitatea a primit at\u00e2t recunoa\u0219terea ca <em>asocia\u021bie privat\u0103 a credincio\u0219ilor laici<\/em>, c\u00e2t \u0219i aprobarea <em>statutului<\/em>, iar apoi au fost ale\u0219i primii cinci <em>responsabili generali<\/em>. De atunci, Comunitatea recunoa\u0219te acest organism ca un semn al unit\u0103\u021bii \u00eentregii Comunit\u0103\u021bi Magnificat. <\/p>\n\n<div style=\"height:30px\" aria-hidden=\"true\" class=\"wp-block-spacer\"><\/div>\n\n<p>Ei sunt principalii responsabili pentru aceste sarcini:<\/p>\n\n<div style=\"height:30px\" aria-hidden=\"true\" class=\"wp-block-spacer\"><\/div>\n\n<ul class=\"wp-block-list\">\n<li><em>s\u0103 stabileasc\u0103 ini\u021biative menite s\u0103 urm\u0103reasc\u0103 obiectivele Comunit\u0103\u021bii prin transmiterea patrimoniului s\u0103u spiritual;<\/em><\/li>\n\n\n\n<li><em>s\u0103 preg\u0103teasc\u0103 drumul anual de cre\u0219tere;<\/em><\/li>\n\n\n\n<li><em>s\u0103 elaboreze toate actele de administra\u021bie ordinare \u0219i extraordinare necesare pentru realizarea obiectivelor Comunit\u0103\u021bii;<\/em><\/li>\n\n\n\n<li><em>s\u0103 decid\u0103 cu privire la \u00eenfiin\u021barea sau suprimarea Fraternit\u0103\u021biilor \u0219i a Fraternit\u0103\u021biilor \u00een formare.<\/em><\/li>\n<\/ul>\n\n<div style=\"height:30px\" aria-hidden=\"true\" class=\"wp-block-spacer\"><\/div>\n\n<p>Directorii generali ac\u021bioneaz\u0103 \u00een conformitate cu directivele care decurg din Statut \u0219i din ceea ce Adunarea general\u0103 &#8211; compus\u0103 din directorii generali \u00een\u0219i\u0219i, moderatorii tuturor fraternit\u0103\u021bilor, trezorierul general \u0219i, pentru o treime, b\u0103tr\u00e2nii &#8211; stabile\u0219te ca orient\u0103ri generale de urmat.<\/p>\n\n<p>Pentru a asista directorii generali, exist\u0103 alte organisme generale care deservesc \u00eentreaga Comunitate:<\/p>\n\n<div style=\"height:30px\" aria-hidden=\"true\" class=\"wp-block-spacer\"><\/div>\n\n<ul class=\"wp-block-list\">\n<li><em>Colegiul consultan\u021bilor<\/em><\/li>\n\n\n\n<li><em>Consilierul spiritual general<\/em><\/li>\n\n\n\n<li><em>Servicii generale<\/em>: Echipa de tineret, \u00censo\u021bire spiritual\u0103, Alia\u021bii Agnus Dei, Discipolat, Formarea \u00een leg\u0103m\u00e2nt, Koinonia, Misiuni, Muzic\u0103 \u0219i c\u00e2ntece<\/li>\n<\/ul>\n\n<div style=\"height:60px\" aria-hidden=\"true\" class=\"wp-block-spacer\"><\/div>\n","protected":false},"excerpt":{"rendered":"<p>Ele vor asculta glasul meu \u015fi va fi o singur\u0103 turm\u0103 \u015fi un singur p\u0103stor Ioan 10, 16 \u00cen primii ani nu se vorbea de &#8222;o&#8221; Comunitate Magnificat, ci de &#8222;multe&#8221; Comunit\u0103\u021bi Magnificat. Fiecare realitate care a ap\u0103rut \u00een diferite locuri, \u00eencep\u00e2nd de la Perugia, a tr\u0103it pe cont propriu \u0219i, de\u0219i \u00eemp\u0103rt\u0103\u0219ea aceea\u0219i voca\u021bie [&hellip;]<\/p>\n","protected":false},"author":3,"featured_media":10942,"parent":0,"menu_order":0,"comment_status":"closed","ping_status":"closed","template":"","meta":{"om_disable_all_campaigns":false,"_monsterinsights_skip_tracking":false,"_monsterinsights_sitenote_active":false,"_monsterinsights_sitenote_note":"","_monsterinsights_sitenote_category":0,"_uf_show_specific_survey":0,"_uf_disable_surveys":false,"footnotes":""},"class_list":["post-19347","page","type-page","status-publish","has-post-thumbnail","hentry"],"aioseo_notices":[],"_links":{"self":[{"href":"https:\/\/comunitamagnificat.org\/ro\/wp-json\/wp\/v2\/pages\/19347","targetHints":{"allow":["GET"]}}],"collection":[{"href":"https:\/\/comunitamagnificat.org\/ro\/wp-json\/wp\/v2\/pages"}],"about":[{"href":"https:\/\/comunitamagnificat.org\/ro\/wp-json\/wp\/v2\/types\/page"}],"author":[{"embeddable":true,"href":"https:\/\/comunitamagnificat.org\/ro\/wp-json\/wp\/v2\/users\/3"}],"replies":[{"embeddable":true,"href":"https:\/\/comunitamagnificat.org\/ro\/wp-json\/wp\/v2\/comments?post=19347"}],"version-history":[{"count":9,"href":"https:\/\/comunitamagnificat.org\/ro\/wp-json\/wp\/v2\/pages\/19347\/revisions"}],"predecessor-version":[{"id":27242,"href":"https:\/\/comunitamagnificat.org\/ro\/wp-json\/wp\/v2\/pages\/19347\/revisions\/27242"}],"wp:featuredmedia":[{"embeddable":true,"href":"https:\/\/comunitamagnificat.org\/ro\/wp-json\/wp\/v2\/media\/10942"}],"wp:attachment":[{"href":"https:\/\/comunitamagnificat.org\/ro\/wp-json\/wp\/v2\/media?parent=19347"}],"curies":[{"name":"wp","href":"https:\/\/api.w.org\/{rel}","templated":true}]}}